{"id":10130,"date":"2022-03-07T14:21:48","date_gmt":"2022-03-07T12:21:48","guid":{"rendered":"https:\/\/bonis-avibus.fi\/bonis-avibus\/?page_id=10130"},"modified":"2026-03-24T19:29:54","modified_gmt":"2026-03-24T17:29:54","slug":"han-halasi-merenrannan-kivea","status":"publish","type":"page","link":"https:\/\/bonis-avibus.fi\/bonis-avibus\/han-halasi-merenrannan-kivea\/","title":{"rendered":"H\u00e4n halasi merenrannan kive\u00e4"},"content":{"rendered":"\n<figure class=\"wp-block-image\"><img decoding=\"async\" src=\"https:\/\/bonis-avibus.fi\/bonis-avibus\/wp-content\/uploads\/2022\/03\/M\u00e4nty-juurineen....jpg\" alt=\"\"\/><\/figure>\n\n\n\n<figure class=\"wp-block-image\"><img decoding=\"async\" src=\"https:\/\/bonis-avibus.fi\/bonis-avibus\/wp-content\/uploads\/2022\/03\/20220224_192058-Pienenn\u00f6s-1024x768.jpg\" alt=\"\"\/><\/figure>\n\n\n\n<p><br><\/p>\n\n\n\n<p>&#8221;H\u00e4n halasi merenrannan kive\u00e4&#8221; on runo, joka syntyi, kun l\u00f6ysin mielt\u00e4ni inspiroivia m\u00e4nnyn juurakkoja. Niiden rihmastot synnyttiv\u00e4t teoksia, joihin kudoin ja liitin miniryijyj\u00e4..<\/p>\n\n\n\n<p><div class=\"compact_audio_player_wrapper\"><div class=\"sc_player_container1\"><input type=\"button\" id=\"btnplay_69eb8ddad12832.76738602\" class=\"myButton_play\" onClick=\"play_mp3('play','69eb8ddad12832.76738602','https:\/\/bonis-avibus.fi\/bonis-avibus\/wp-content\/uploads\/2022\/03\/Inkerin-runo-2xkompress.mp3','80','false');show_hide('play','69eb8ddad12832.76738602');\" \/><input type=\"button\"  id=\"btnstop_69eb8ddad12832.76738602\" style=\"display:none\" class=\"myButton_stop\" onClick=\"play_mp3('stop','69eb8ddad12832.76738602','','80','false');show_hide('stop','69eb8ddad12832.76738602');\" \/><div id=\"sm2-container\"><!-- flash movie ends up here --><\/div><\/div><\/div> Klikkaa ensin t\u00e4st\u00e4 kuulumaan runoni ja sitten alta musiikki. Kun runo p\u00e4\u00e4ttyy, kuuntele viel\u00e4 kerran musiikki juuria katsellen.<\/p>\n\n\n\n<figure class=\"wp-block-embed\"><div class=\"wp-block-embed__wrapper\">\n<iframe loading=\"lazy\" title=\"Largo\" width=\"500\" height=\"375\" src=\"https:\/\/www.youtube.com\/embed\/-AYk8SS68HY?feature=oembed\" frameborder=\"0\" allow=\"accelerometer; autoplay; clipboard-write; encrypted-media; gyroscope; picture-in-picture; web-share\" referrerpolicy=\"strict-origin-when-cross-origin\" allowfullscreen><\/iframe>\n<\/div><\/figure>\n\n\n\r\n\t\t<div class=\"magee-expand \" id=\"\" data-less-icon=\"fa-arrow-circle-up\" data-less-icon-color=\"#002a8e\" data-less-text=\"Piilota\" data-more-icon=\"fa-arrow-circle-down\" data-more-icon-color=\"#002a8e\" data-more-text=\"Napsauttamalla t\u00e4t\u00e4 l\u00f6ytyy runoni kirjallinen versio\">\r\n            <div class=\"expand-control control-r2egov\"><i class=\"fa fa-arrow-circle-down\" style=\"color:#002a8e;\"><\/i> Napsauttamalla t\u00e4t\u00e4 l\u00f6ytyy runoni kirjallinen versio<\/div>\r\n\t\t\t\t<div class=\"expand-content\" style=\"display:none;\">\r\n\t\t\t\t\t<\/p>\n<p align=\"left\">H\u00e4n halasi merenrannan kive\u00e4 ,<\/p>\n<p align=\"left\">kasvatti sen ymp\u00e4rille juuret,<\/p>\n<p align=\"left\">kohotti kohti taivasta rungon ja oksat,<\/p>\n<p align=\"left\">kukoisti kurotellen oksiansa el\u00e4m\u00e4\u00e4 ja vapautta kohti.<\/p>\n<p align=\"left\">H\u00e4n oppi tuntemaan tuulet,<\/p>\n<p align=\"left\">haistoi tuoksut,<\/p>\n<p align=\"left\">taipuili myrskyiss\u00e4,<\/p>\n<p align=\"left\">lumen ja j\u00e4\u00e4n painosta,<\/p>\n<p align=\"left\">kouristeli kylm\u00e4st\u00e4,<\/p>\n<p align=\"left\">sitkistyi.<\/p>\n<p align=\"left\">Kuori koveni,<\/p>\n<p align=\"left\">syd\u00e4n v\u00e4syi.<\/p>\n<p align=\"left\">Kun sen ontto varsi lopulta katkaistiin,<\/p>\n<p align=\"left\">j\u00e4i rannalle kanto,<\/p>\n<p align=\"left\">jonka juuret,<\/p>\n<p align=\"left\">kuin k\u00e4det,<\/p>\n<p align=\"left\">viel\u00e4 halasivat kive\u00e4.<\/p>\n<p align=\"left\">Min\u00e4 tunsin niiden voiman<\/p>\n<p align=\"left\">ja itkin.<\/p>\n<div class=\" divider magee-divider magee-shortcode divider-rygceh divider-shadow\" id=\"\"><div class=\"divider-inner divider-border\"><\/div><\/div>\u00a0\r\n\t\t\t\t<\/div>\r\n\t\t\t<\/div>\n\n\n\n<figure class=\"wp-block-image\"><img decoding=\"async\" src=\"https:\/\/bonis-avibus.fi\/bonis-avibus\/wp-content\/uploads\/2022\/03\/IMG-20220307-WA0004-1024x459.jpg\" alt=\"\"\/><\/figure>\n\n\n\n<figure class=\"wp-block-image\"><img decoding=\"async\" src=\"https:\/\/bonis-avibus.fi\/bonis-avibus\/wp-content\/uploads\/2022\/03\/Inkeri_Karkkainen_Rihmastoja_Vihti_web_juliste-kompess-724x1024.jpg\" alt=\"\"\/><\/figure>\n\n\n\n<p><br><\/p>\n\n\n\n<h1 class=\"wp-block-heading\"><b>T\u00e4st\u00e4 p\u00e4\u00e4set kaiken alkuun: <a href=\"https:\/\/bonis-avibus.fi\/\" target=\"_blank\" rel=\"noopener\"><em>www.bonis-avibus.fi<\/em><\/a><\/b><\/h1>\n","protected":false},"excerpt":{"rendered":"<p>&#8221;H\u00e4n halasi merenrannan kive\u00e4&#8221; on runo, joka syntyi, kun l\u00f6ysin mielt\u00e4ni inspiroivia m\u00e4nnyn juurakkoja. Niiden rihmastot synnyttiv\u00e4t teoksia, joihin kudoin ja liitin miniryijyj\u00e4.. Klikkaa ensin t\u00e4st\u00e4 kuulumaan runoni ja sitten alta musiikki. Kun runo p\u00e4\u00e4ttyy, kuuntele viel\u00e4 kerran musiikki juuria katsellen. T\u00e4st\u00e4 p\u00e4\u00e4set kaiken alkuun: www.bonis-avibus.fi<\/p>\n","protected":false},"author":1,"featured_media":0,"parent":0,"menu_order":0,"comment_status":"closed","ping_status":"closed","template":"","meta":{"footnotes":""},"class_list":["post-10130","page","type-page","status-publish","hentry"],"_links":{"self":[{"href":"https:\/\/bonis-avibus.fi\/bonis-avibus\/wp-json\/wp\/v2\/pages\/10130","targetHints":{"allow":["GET"]}}],"collection":[{"href":"https:\/\/bonis-avibus.fi\/bonis-avibus\/wp-json\/wp\/v2\/pages"}],"about":[{"href":"https:\/\/bonis-avibus.fi\/bonis-avibus\/wp-json\/wp\/v2\/types\/page"}],"author":[{"embeddable":true,"href":"https:\/\/bonis-avibus.fi\/bonis-avibus\/wp-json\/wp\/v2\/users\/1"}],"replies":[{"embeddable":true,"href":"https:\/\/bonis-avibus.fi\/bonis-avibus\/wp-json\/wp\/v2\/comments?post=10130"}],"version-history":[{"count":13,"href":"https:\/\/bonis-avibus.fi\/bonis-avibus\/wp-json\/wp\/v2\/pages\/10130\/revisions"}],"predecessor-version":[{"id":18934,"href":"https:\/\/bonis-avibus.fi\/bonis-avibus\/wp-json\/wp\/v2\/pages\/10130\/revisions\/18934"}],"wp:attachment":[{"href":"https:\/\/bonis-avibus.fi\/bonis-avibus\/wp-json\/wp\/v2\/media?parent=10130"}],"curies":[{"name":"wp","href":"https:\/\/api.w.org\/{rel}","templated":true}]}}