{"id":10187,"date":"2022-03-11T05:50:15","date_gmt":"2022-03-11T03:50:15","guid":{"rendered":"https:\/\/bonis-avibus.fi\/bonis-avibus\/?page_id=10187"},"modified":"2023-08-13T19:25:20","modified_gmt":"2023-08-13T16:25:20","slug":"kaikista-tarkein-jai-minulta-kertomatta-2","status":"publish","type":"page","link":"https:\/\/bonis-avibus.fi\/bonis-avibus\/kaikista-tarkein-jai-minulta-kertomatta-2\/","title":{"rendered":"Kaikista t\u00e4rkein j\u00e4i minulta kertomatta&#8230;"},"content":{"rendered":"<p><img decoding=\"async\" width=\"903\" height=\"600\" src=\"https:\/\/bonis-avibus.fi\/bonis-avibus\/wp-content\/uploads\/2017\/06\/Kaunialan-sairaala.jpg\" alt=\"\" loading=\"lazy\" srcset=\"https:\/\/bonis-avibus.fi\/bonis-avibus\/wp-content\/uploads\/2017\/06\/Kaunialan-sairaala.jpg 903w, https:\/\/bonis-avibus.fi\/bonis-avibus\/wp-content\/uploads\/2017\/06\/Kaunialan-sairaala-300x199.jpg 300w, https:\/\/bonis-avibus.fi\/bonis-avibus\/wp-content\/uploads\/2017\/06\/Kaunialan-sairaala-768x510.jpg 768w, https:\/\/bonis-avibus.fi\/bonis-avibus\/wp-content\/uploads\/2017\/06\/Kaunialan-sairaala-800x532.jpg 800w, https:\/\/bonis-avibus.fi\/bonis-avibus\/wp-content\/uploads\/2017\/06\/Kaunialan-sairaala-272x182.jpg 272w\" sizes=\"auto, (max-width: 903px) 100vw, 903px\" \/>\t\t\t\t\t\t\t\t\t\t\t\t\t\t\t<\/p>\n<p style=\"text-align: center;\">Kaunialan sotavammasairaala.<\/p>\n<p>T\u00e4m\u00e4n runon, &#8221;Kaikista t\u00e4rkein j\u00e4i minulta kertomatta.&#8221;, syntyprosessi oli merkillinen? Ensimm\u00e4inen versio siit\u00e4 syntyi ennen Ven\u00e4j\u00e4n hy\u00f6kk\u00e4yst\u00e4 Ukrainaan. Oli kulunut kolme p\u00e4iv\u00e4\u00e4 haastattelusta, joka taltioitiin Kulttuurikeskus Sofiassa 7.2.2022. Silloin sanat runoon alkoivat virrata. Kassilan Teemu pyysi minua mukaan Pentik\u00e4isen Juhan kanssa Kohtaamisten sarjaan. K\u00e4vimme dialogia sodasta, siit\u00e4 aiheutuneista traumoista ja niist\u00e4 selviytymisist\u00e4. Haastatteluun liittyi\u00a0Juha Pentik\u00e4iselt\u00e4 julkaistu sotaa k\u00e4sittelev\u00e4 kirja.\u00a0<\/p>\n<p>Klikkaa ensin musiikki soimaan taustalle ja sitten runoesitys audiona.\u00a0<\/p>\n<p>https:\/\/www.youtube.com\/watch?v=lY2K9Beueuk<\/p>\n<p style=\"text-align: left;\"><strong>T\u00e4st\u00e4 voit klikata kuulumaan runoni &#8221;Kaikista t\u00e4rkein j\u00e4i kertomatta&#8221;.<\/strong><\/p>\n<div class=\"compact_audio_player_wrapper\"><div class=\"sc_player_container1\"><input type=\"button\" id=\"btnplay_69eb7a25477ed2.63331013\" class=\"myButton_play\" onClick=\"play_mp3('play','69eb7a25477ed2.63331013','https:\/\/bonis-avibus.fi\/bonis-avibus\/wp-content\/uploads\/2022\/03\/Kaikista-t\u00e4rkein-j\u00e4i...18.3.2022-3-X-kompress.mp3','80','false');show_hide('play','69eb7a25477ed2.63331013');\" \/><input type=\"button\"  id=\"btnstop_69eb7a25477ed2.63331013\" style=\"display:none\" class=\"myButton_stop\" onClick=\"play_mp3('stop','69eb7a25477ed2.63331013','','80','false');show_hide('stop','69eb7a25477ed2.63331013');\" \/><div id=\"sm2-container\"><!-- flash movie ends up here --><\/div><\/div><\/div>\n<p>\t\t\t\t\t\t\t\t\t\t\t\t\t\t\t\t<a href=\"https:\/\/www.vaylakirjat.fi\/product\/juha-pentikainen-synnyin-talvisotaan-muistamia-kolmesta-sodasta-1939-1945\/\" target=\"_blank\" rel=\"noopener\"><br \/>\n\t\t\t\t\t\t\t<img decoding=\"async\" width=\"639\" height=\"855\" src=\"https:\/\/bonis-avibus.fi\/bonis-avibus\/wp-content\/uploads\/2022\/03\/Synnyin-talvisotaan.jpg\" alt=\"\" loading=\"lazy\" srcset=\"https:\/\/bonis-avibus.fi\/bonis-avibus\/wp-content\/uploads\/2022\/03\/Synnyin-talvisotaan.jpg 639w, https:\/\/bonis-avibus.fi\/bonis-avibus\/wp-content\/uploads\/2022\/03\/Synnyin-talvisotaan-224x300.jpg 224w\" sizes=\"auto, (max-width: 639px) 100vw, 639px\" \/>\t\t\t\t\t\t\t\t<\/a><\/p>\n<p>Klikkaa kuvaa, niin n\u00e4et kirjasta infosivun.<\/p>\n<p>Kun kerroin yll\u00e4, ett\u00e4 runon syntyprosessi oli merkillinen, niin siihen kytkeytyi t\u00e4m\u00e4 alla olevasta toisesta haastattelusta 8.3.2022\u00a0 Kulttuurikeskus Sofiassa tehty taltiointi. Ensimm\u00e4isest\u00e4 taltioinnista, joka tehtiin ennen Ven\u00e4j\u00e4n hy\u00f6kk\u00e4yssotaa, oli tuhoutunut yksi \u00e4\u00e4niraidoista. Runoni kannalta t\u00e4ll\u00e4 ensimm\u00e4isen taltioinnin tuhoutumisella oli mielest\u00e4ni t\u00e4rke\u00e4 my\u00f6nteinen merkitys. Nyt kantaesit\u00e4n sen t\u00e4ss\u00e4 haastattelussa.<\/p>\n<p>https:\/\/www.youtube.com\/watch?v=nkSO4OygGOo<\/p>\n<p>Se, miksi Kassilan Teemu pyysi my\u00f6s minua Pentik\u00e4isen Juhan lis\u00e4ksi ohjelmaan mukaan, johtui siit\u00e4, ett\u00e4 itsell\u00e4ni on vahva kokemus sodan vaikutuksista, eli niin kutsutusta ylisukupolvisesta traumasta.\u00a0<\/p>\n<p>Vuonna 1989, ollessani kolmekymment\u00e4nelj\u00e4 vuotias perheen is\u00e4, avautui lapsuuteni trauma. Mielet\u00f6n m\u00e4\u00e4r\u00e4 tuskaa alkoi purkautua tuhansina ja taas tuhansina runoina. Silloin viel\u00e4 Suomen naapurina oli, niinkuin sit\u00e4 nimitettiin; &#8221;suuri ja mahtava Neuvostoliitto&#8221;! Nyt sitten Ven\u00e4j\u00e4? Miten syv\u00e4lle minuun sy\u00f6pyik\u00e4\u00e4n lapsuudessa sodan ja ven\u00e4l\u00e4isten pelko, kun aivoihin haavoittunut is\u00e4ni taisteli vihollisten haamuja vastaan kodissamme. Ja vaikka sota oli, minun synnytty\u00e4, loppunut jo vuosikymmen aiemmin, niin is\u00e4ni haavoittuneen mielenrintamalla hy\u00f6kk\u00e4ykset vain jatkuivat.<\/p>\n<p>Ja millainen on tilanne t\u00e4n\u00e4 kev\u00e4\u00e4n\u00e4 2022, kun Ven\u00e4j\u00e4 hy\u00f6kk\u00e4\u00e4 pyrkien valloittamaan Ukrainan. Kummallakin puolen rintamalinjoja on IHMISI\u00c4, miehi\u00e4, lasten isi\u00e4, omien \u00e4itiens\u00e4 poikia, sisarusten velji\u00e4. Ja ket\u00e4 on panssareiden ja ohjusten siviilikohteissa&#8230; IHMISI\u00c4, tuntevia, pelk\u00e4\u00e4vi\u00e4, haavoittuvia, kuolevia&#8230; Aikoinaan Stalin teki diktaattorina j\u00e4rkytt\u00e4v\u00e4\u00e4 tuhoa ja nyt sit\u00e4 tekee Putin. Ja miten pitk\u00e4lle sodan traumat kulkevatkaan; sukupolvelta toiselle, kolmannelle, nelj\u00e4nnelle, seitsem\u00e4nteenk\u00f6 polveen asti?<\/p>\n<p>T\u00e4m\u00e4n sivun alussa on kuva Kaunialan sotavammasairaalasta. Siell\u00e4 is\u00e4ni oli usein hoidettavana. V\u00e4lill\u00e4 h\u00e4n oli my\u00f6s Aivovammaisten Hoito- ja Tutkimuslaitoksella. T\u00e4ss\u00e4 alla ote raportista, jossa kerrotaan is\u00e4ni taisteluista. Rakas is\u00e4ni\u00a0<span class=\"sce_emoji-heart\" title=\"heart\"><\/span>\u00a0Sota se rikkoi sinut! Kunpa kansamme varjeltuisi niin, ettei Suomi joutuisi en\u00e4\u00e4 koskaan sotaan, ei ikin\u00e4!<\/p>\n<p>\t\t\t\t\t\t\t\t\t\t\t\t\t\t\t<img decoding=\"async\" width=\"1024\" height=\"594\" src=\"https:\/\/bonis-avibus.fi\/bonis-avibus\/wp-content\/uploads\/2017\/11\/00000000001a1a5x5h8b-1024x594.jpg\" alt=\"\" loading=\"lazy\" srcset=\"https:\/\/bonis-avibus.fi\/bonis-avibus\/wp-content\/uploads\/2017\/11\/00000000001a1a5x5h8b-1024x594.jpg 1024w, https:\/\/bonis-avibus.fi\/bonis-avibus\/wp-content\/uploads\/2017\/11\/00000000001a1a5x5h8b-300x174.jpg 300w, https:\/\/bonis-avibus.fi\/bonis-avibus\/wp-content\/uploads\/2017\/11\/00000000001a1a5x5h8b-768x445.jpg 768w, https:\/\/bonis-avibus.fi\/bonis-avibus\/wp-content\/uploads\/2017\/11\/00000000001a1a5x5h8b-800x464.jpg 800w, https:\/\/bonis-avibus.fi\/bonis-avibus\/wp-content\/uploads\/2017\/11\/00000000001a1a5x5h8b.jpg 1099w\" sizes=\"auto, (max-width: 1024px) 100vw, 1024px\" \/>\t\t\t\t\t\t\t\t\t\t\t\t\t\t\t<\/p>\n<p>Kun &#8221;<a href=\"https:\/\/areena.yle.fi\/1-1325099\" target=\"_blank\" rel=\"noopener\"><em><strong>Isien sota<\/strong><\/em><\/a>&#8221; dokumenttisarja julkaistiin ensi kerran vuonna 2011, koin siit\u00e4 ankaraa, henkist\u00e4 krapulaa. Ajattelin silloin, ett\u00e4 nyt kyll\u00e4 meni loputkin &#8221;kasvot&#8221;. H\u00e4pesin itse\u00e4ni ja sit\u00e4, ett\u00e4 tulikin avattua julkisesti sodasta perint\u00f6n\u00e4 tulleita haavojani. Ohjelman l\u00e4hetyksen j\u00e4lkeen aloin saamaan ihmisilt\u00e4 viestej\u00e4; &#8221;Kiitos ett\u00e4 kerroit tarinaasi! Se auttoi ymm\u00e4rt\u00e4m\u00e4\u00e4n itse\u00e4ni&#8230; Kiitos! Tarinasi avasi oman surun padon. T\u00e4m\u00e4 oli kansallisen trauman t\u00e4rke\u00e4 avaaminen&#8221;.\u00a0<\/p>\n<p>Itse katsoin dokumentin ilmestytty\u00e4 sen moneen kertaan. Aina alkoivat kyyneleeni virrata. &#8221;Isien sota&#8221; mahdollisti kosketuksen lapsuuteni maailmaan. Onneksi siell\u00e4 oli my\u00f6s paljon iloa, hyv\u00e4\u00e4 ja levollista aikaa. Kun sotavammat eiv\u00e4t suistaneet is\u00e4\u00e4 kohtauksiin, oli h\u00e4n ihana, huumorintajuinen, rakastava ja lempe\u00e4 is\u00e4. H\u00e4n talvisin tervasi j\u00e4niksenk\u00e4p\u00e4l\u00e4ll\u00e4 sukseni ja kes\u00e4isin opetti saunavastojen teon. K\u00e4vimme ongella ja pidimme pakkasella verkkoja j\u00e4\u00e4n alla.\u00a0<span class=\"sce_emoji-heart\" title=\"heart\"><\/span><\/p>\n<p>Minulla on ihania, Suomessa asuvia ven\u00e4laissyntyisi\u00e4 l\u00e4heisi\u00e4 yst\u00e4vi\u00e4. Arvostan, kunnioitan ja rakastan heit\u00e4 suuresti. Miten t\u00e4rke\u00e4\u00e4 on t\u00e4n\u00e4 aikana olla tietoinen my\u00f6s siit\u00e4, ettei Ven\u00e4j\u00e4n kansa ole yksiomaan paha. Siell\u00e4 on paljon ihmisi\u00e4, jotka eiv\u00e4t todellakaan tahdo sotaa. On miljoonia ja miljoonia ja miljoonia niit\u00e4, jotka haluavat rauhaa ja toivovat voivansa el\u00e4\u00e4 kaikkia rakastaen.<\/p>\n<p>Sota on j\u00e4rkytt\u00e4vint\u00e4 ja kaikista hulluinta maailmassa. Se j\u00e4tt\u00e4\u00e4 sukupolvelta toiselle ulottuvat haavat. Tunnen syv\u00e4\u00e4 my\u00f6t\u00e4tuntoa ukrainalaisia kohtaa. Samoin, kuin is\u00e4ni taisteli ep\u00e4inhimillisen suurta hy\u00f6kk\u00e4\u00e4j\u00e4\u00e4 vastaan, niin tekev\u00e4t he nyt siell\u00e4 kotimaataan ja rakkaitaan puolusten.\u00a0<\/p>\n<p>Ensimm\u00e4isen, helmikuun alussa tehdyn haastattelun j\u00e4lkeen, avautui muisto el\u00e4m\u00e4ni yhdest\u00e4 vahvimmasta surun virtauksesta. Sis\u00e4ll\u00e4ni olleen j\u00e4\u00e4vuoren sulaminen tapahtui alla n\u00e4kyv\u00e4ss\u00e4 tuvassa Teemun pit\u00e4m\u00e4ll\u00e4 Miesten viikonlopulla. En muista, oliko se runossani kuvaama viikonloppu juuri t\u00e4m\u00e4, mist\u00e4 kyseinen kuva on?\u00a0<\/p>\n<p>\t\t\t\t\t\t\t\t\t\t\t\t\t\t\t<img decoding=\"async\" width=\"1024\" height=\"746\" src=\"https:\/\/bonis-avibus.fi\/bonis-avibus\/wp-content\/uploads\/2022\/02\/Ukko-miesten-viikonlopussa-Teemu-Syrj\u00e4l\u00e4--1024x746.jpg\" alt=\"\" loading=\"lazy\" srcset=\"https:\/\/bonis-avibus.fi\/bonis-avibus\/wp-content\/uploads\/2022\/02\/Ukko-miesten-viikonlopussa-Teemu-Syrj\u00e4l\u00e4--1024x746.jpg 1024w, https:\/\/bonis-avibus.fi\/bonis-avibus\/wp-content\/uploads\/2022\/02\/Ukko-miesten-viikonlopussa-Teemu-Syrj\u00e4l\u00e4--300x219.jpg 300w, https:\/\/bonis-avibus.fi\/bonis-avibus\/wp-content\/uploads\/2022\/02\/Ukko-miesten-viikonlopussa-Teemu-Syrj\u00e4l\u00e4--768x560.jpg 768w, https:\/\/bonis-avibus.fi\/bonis-avibus\/wp-content\/uploads\/2022\/02\/Ukko-miesten-viikonlopussa-Teemu-Syrj\u00e4l\u00e4--800x583.jpg 800w, https:\/\/bonis-avibus.fi\/bonis-avibus\/wp-content\/uploads\/2022\/02\/Ukko-miesten-viikonlopussa-Teemu-Syrj\u00e4l\u00e4-.jpg 1154w\" sizes=\"auto, (max-width: 1024px) 100vw, 1024px\" \/><br \/>\n\t\t\t\t\t\t\t\t\t\t\t\t\t\t\t<img decoding=\"async\" width=\"925\" height=\"694\" src=\"https:\/\/bonis-avibus.fi\/bonis-avibus\/wp-content\/uploads\/2022\/03\/Valosyd\u00e4n-k\u00f6ynn\u00f6s-pienenn\u00f6s.jpg\" alt=\"\" loading=\"lazy\" srcset=\"https:\/\/bonis-avibus.fi\/bonis-avibus\/wp-content\/uploads\/2022\/03\/Valosyd\u00e4n-k\u00f6ynn\u00f6s-pienenn\u00f6s.jpg 925w, https:\/\/bonis-avibus.fi\/bonis-avibus\/wp-content\/uploads\/2022\/03\/Valosyd\u00e4n-k\u00f6ynn\u00f6s-pienenn\u00f6s-300x225.jpg 300w, https:\/\/bonis-avibus.fi\/bonis-avibus\/wp-content\/uploads\/2022\/03\/Valosyd\u00e4n-k\u00f6ynn\u00f6s-pienenn\u00f6s-768x576.jpg 768w, https:\/\/bonis-avibus.fi\/bonis-avibus\/wp-content\/uploads\/2022\/03\/Valosyd\u00e4n-k\u00f6ynn\u00f6s-pienenn\u00f6s-800x600.jpg 800w, https:\/\/bonis-avibus.fi\/bonis-avibus\/wp-content\/uploads\/2022\/03\/Valosyd\u00e4n-k\u00f6ynn\u00f6s-pienenn\u00f6s-400x300.jpg 400w\" sizes=\"auto, (max-width: 925px) 100vw, 925px\" \/>\t\t\t\t\t\t\t\t\t\t\t\t\t\t\t<\/p>\n<p>Pyydet\u00e4\u00e4n, rukoillaan, meditoidaan ja toimitaan kukin erikseen ja yhdess\u00e4 niin, ett\u00e4 rauha palaisi. Itse pyyd\u00e4n yll\u00e4 n\u00e4kyv\u00e4\u00e4 Valosyd\u00e4nt\u00e4 katsellessani maailmaan rauhaa ja rakkautta\u00a0<span class=\"sce_emoji-heart\" title=\"heart\"><\/span>\u00a0 Se on minun pyynt\u00f6ni t\u00e4ll\u00e4, niin ihanalla planeetallamme.<\/p>\n<p>Ja miten monet ovatkaan konkreettisesti auttaneet sodan keskell\u00e4 el\u00e4vi\u00e4 ja sielt\u00e4 paenneita.<\/p>\n<p>T\u00e4m\u00e4n sivun lopussa on arvostamalleni Syrj\u00e4l\u00e4n Teemu-yst\u00e4v\u00e4lle &#8221;syntt\u00e4rilahja&#8221;! Runoni liittyi juuri Teemun vet\u00e4miin Miesten viikonloppuihin.<\/p>\n<p>\t\t\t\t\t\t\t\t\t\t\t\t\t\t\t<img decoding=\"async\" width=\"1024\" height=\"768\" src=\"https:\/\/bonis-avibus.fi\/bonis-avibus\/wp-content\/uploads\/2021\/12\/elama-022.jpg\" alt=\"\" loading=\"lazy\" srcset=\"https:\/\/bonis-avibus.fi\/bonis-avibus\/wp-content\/uploads\/2021\/12\/elama-022.jpg 1024w, https:\/\/bonis-avibus.fi\/bonis-avibus\/wp-content\/uploads\/2021\/12\/elama-022-300x225.jpg 300w, https:\/\/bonis-avibus.fi\/bonis-avibus\/wp-content\/uploads\/2021\/12\/elama-022-768x576.jpg 768w, https:\/\/bonis-avibus.fi\/bonis-avibus\/wp-content\/uploads\/2021\/12\/elama-022-800x600.jpg 800w, https:\/\/bonis-avibus.fi\/bonis-avibus\/wp-content\/uploads\/2021\/12\/elama-022-400x300.jpg 400w\" sizes=\"auto, (max-width: 1024px) 100vw, 1024px\" \/>\t\t\t\t\t\t\t\t\t\t\t\t\t\t\t<\/p>\n<p>T\u00e4ll\u00e4 sivulla haluan Onnitella sinua rakas heimoveli, yst\u00e4v\u00e4ni, 40 v. t\u00e4ytt\u00e4nyt Syrj\u00e4l\u00e4n Teemu <span class=\"sce_emoji-heart\" title=\"heart\"><\/span><\/p>\n<p>Omistan yll\u00e4olevan runon juuri Sinulle.<\/p>\n<p>On ollut suuri ilo saada tehd\u00e4 ty\u00f6t\u00e4 kanssasi tuntevien miesten maailmankaikkeudessa.<\/p>\n<p>Olet Teemu luonut ainutlaatuisen konseptin. Miesten viikonlopuissa jo monilla on ollut mahdollisuus l\u00f6yt\u00e4\u00e4 sis\u00e4lt\u00e4\u00e4n eettisen rakkauden soturi ja pieni poika. Heimopiiriss\u00e4 on voinut tulla n\u00e4hdyiksi, kuulluksi ja tunteissaan vastaanotetuiksi. Se on lahja, joka my\u00f6s kulkee sukupolvelta toiselle. Tunteiden ilmaisu ja oman tarinansa avaaminen my\u00f6t\u00e4tunnon ymp\u00e4r\u00f6im\u00e4n\u00e4, on hoitanut miesten piireihin osallistujien kipeit\u00e4kin haavoja. Ja miten koskettavaa onkaan ollut n\u00e4hd\u00e4, miten heimon l\u00e4mp\u00f6 on sulattanut miesten surun. Niiss\u00e4 hetkiss\u00e4 on tapahtunut tranformaatio, kun j\u00e4hmettynyt suru on muuttunut kyyneliksi. Voimaantuessaan ilolla, on jokaisella mahdollista katkaista niit\u00e4 satuttavia vihanketjuja, joilla on ollut omaan menneisyyteens\u00e4 sidottuna.<\/p>\n<p>Rakkaus parantaa, synnytt\u00e4\u00e4 tulevaisuuden toivoa ja mahdollistaa hetkess\u00e4 el\u00e4mist\u00e4<\/p>\n<p>Kiitollisena Ukko&nbsp;<\/p>\n<p>\t\t\t\t\t\t\t\t\t\t\t\t\t\t\t<img decoding=\"async\" width=\"950\" height=\"707\" src=\"https:\/\/bonis-avibus.fi\/bonis-avibus\/wp-content\/uploads\/2017\/10\/Miesten-viikonloppu-1.jpg\" alt=\"\" loading=\"lazy\" srcset=\"https:\/\/bonis-avibus.fi\/bonis-avibus\/wp-content\/uploads\/2017\/10\/Miesten-viikonloppu-1.jpg 950w, https:\/\/bonis-avibus.fi\/bonis-avibus\/wp-content\/uploads\/2017\/10\/Miesten-viikonloppu-1-300x223.jpg 300w, https:\/\/bonis-avibus.fi\/bonis-avibus\/wp-content\/uploads\/2017\/10\/Miesten-viikonloppu-1-768x572.jpg 768w, https:\/\/bonis-avibus.fi\/bonis-avibus\/wp-content\/uploads\/2017\/10\/Miesten-viikonloppu-1-800x595.jpg 800w\" sizes=\"auto, (max-width: 950px) 100vw, 950px\" \/><br \/>\n\t\t\t\t\t\t\t\t\t\t\t\t\t\t\t<img decoding=\"async\" width=\"992\" height=\"573\" src=\"https:\/\/bonis-avibus.fi\/bonis-avibus\/wp-content\/uploads\/2017\/10\/Miesten-viikonloppu-2.jpg\" alt=\"\" loading=\"lazy\" srcset=\"https:\/\/bonis-avibus.fi\/bonis-avibus\/wp-content\/uploads\/2017\/10\/Miesten-viikonloppu-2.jpg 992w, https:\/\/bonis-avibus.fi\/bonis-avibus\/wp-content\/uploads\/2017\/10\/Miesten-viikonloppu-2-300x173.jpg 300w, https:\/\/bonis-avibus.fi\/bonis-avibus\/wp-content\/uploads\/2017\/10\/Miesten-viikonloppu-2-768x444.jpg 768w, https:\/\/bonis-avibus.fi\/bonis-avibus\/wp-content\/uploads\/2017\/10\/Miesten-viikonloppu-2-800x462.jpg 800w\" sizes=\"auto, (max-width: 992px) 100vw, 992px\" \/>\t\t\t\t\t\t\t\t\t\t\t\t\t\t\t<\/p>\n<p>Tarvitaan tunneilmastonmuutosta <span class=\"sce_emoji-heart\" title=\"heart\"><\/span><\/p>\n<p><strong>Olen juuri&nbsp;<\/strong><strong style=\"font-size: 1rem;\">p\u00e4ivitt\u00e4nyt uusiksi kotisivujani (v.<\/strong><strong style=\"font-size: 1rem;\">&nbsp;2022). K\u00e4y kurkkaamassa, mit\u00e4 sinne viimeaikoina on ilmestynyt. Klikkaa:<\/strong><a style=\"font-size: 1rem;\" href=\"https:\/\/bonis-avibus.fi\/\" target=\"_blank\" rel=\"noopener\"><em><strong> Sivujeni alkuun<\/strong><\/em><\/a>.&nbsp;&nbsp;<\/p>\n<p>\t\t\t\t\t\t\t\t\t\t\t\t\t\t\t<img decoding=\"async\" width=\"1024\" height=\"768\" src=\"https:\/\/bonis-avibus.fi\/bonis-avibus\/wp-content\/uploads\/2022\/02\/Ukko-K\u00e4rkk\u00e4inen-105.jpg\" alt=\"\" loading=\"lazy\" srcset=\"https:\/\/bonis-avibus.fi\/bonis-avibus\/wp-content\/uploads\/2022\/02\/Ukko-K\u00e4rkk\u00e4inen-105.jpg 1024w, https:\/\/bonis-avibus.fi\/bonis-avibus\/wp-content\/uploads\/2022\/02\/Ukko-K\u00e4rkk\u00e4inen-105-300x225.jpg 300w, https:\/\/bonis-avibus.fi\/bonis-avibus\/wp-content\/uploads\/2022\/02\/Ukko-K\u00e4rkk\u00e4inen-105-768x576.jpg 768w, https:\/\/bonis-avibus.fi\/bonis-avibus\/wp-content\/uploads\/2022\/02\/Ukko-K\u00e4rkk\u00e4inen-105-800x600.jpg 800w, https:\/\/bonis-avibus.fi\/bonis-avibus\/wp-content\/uploads\/2022\/02\/Ukko-K\u00e4rkk\u00e4inen-105-400x300.jpg 400w\" sizes=\"auto, (max-width: 1024px) 100vw, 1024px\" \/><\/p>\n","protected":false},"excerpt":{"rendered":"<p>Kaunialan sotavammasairaala. T\u00e4m\u00e4n runon, &#8221;Kaikista t\u00e4rkein j\u00e4i minulta kertomatta.&#8221;, syntyprosessi oli merkillinen? Ensimm\u00e4inen versio siit\u00e4 syntyi ennen Ven\u00e4j\u00e4n hy\u00f6kk\u00e4yst\u00e4 Ukrainaan. Oli kulunut kolme p\u00e4iv\u00e4\u00e4 haastattelusta, joka taltioitiin Kulttuurikeskus Sofiassa 7.2.2022. Silloin sanat runoon alkoivat virrata. Kassilan Teemu pyysi minua mukaan Pentik\u00e4isen Juhan kanssa Kohtaamisten sarjaan. K\u00e4vimme dialogia sodasta, siit\u00e4 aiheutuneista traumoista ja niist\u00e4 selviytymisist\u00e4. Haastatteluun liittyi\u00a0Juha Pentik\u00e4iselt\u00e4 julkaistu sotaa k\u00e4sittelev\u00e4<\/p>\n<p><a class=\"more-link\" href=\"https:\/\/bonis-avibus.fi\/bonis-avibus\/kaikista-tarkein-jai-minulta-kertomatta-2\/\">Read More<\/a><\/p>\n","protected":false},"author":1,"featured_media":0,"parent":0,"menu_order":0,"comment_status":"closed","ping_status":"closed","template":"","meta":{"footnotes":""},"class_list":["post-10187","page","type-page","status-publish","hentry"],"_links":{"self":[{"href":"https:\/\/bonis-avibus.fi\/bonis-avibus\/wp-json\/wp\/v2\/pages\/10187","targetHints":{"allow":["GET"]}}],"collection":[{"href":"https:\/\/bonis-avibus.fi\/bonis-avibus\/wp-json\/wp\/v2\/pages"}],"about":[{"href":"https:\/\/bonis-avibus.fi\/bonis-avibus\/wp-json\/wp\/v2\/types\/page"}],"author":[{"embeddable":true,"href":"https:\/\/bonis-avibus.fi\/bonis-avibus\/wp-json\/wp\/v2\/users\/1"}],"replies":[{"embeddable":true,"href":"https:\/\/bonis-avibus.fi\/bonis-avibus\/wp-json\/wp\/v2\/comments?post=10187"}],"version-history":[{"count":23,"href":"https:\/\/bonis-avibus.fi\/bonis-avibus\/wp-json\/wp\/v2\/pages\/10187\/revisions"}],"predecessor-version":[{"id":11832,"href":"https:\/\/bonis-avibus.fi\/bonis-avibus\/wp-json\/wp\/v2\/pages\/10187\/revisions\/11832"}],"wp:attachment":[{"href":"https:\/\/bonis-avibus.fi\/bonis-avibus\/wp-json\/wp\/v2\/media?parent=10187"}],"curies":[{"name":"wp","href":"https:\/\/api.w.org\/{rel}","templated":true}]}}