{"id":10240,"date":"2022-04-14T11:02:23","date_gmt":"2022-04-14T08:02:23","guid":{"rendered":"https:\/\/bonis-avibus.fi\/bonis-avibus\/?page_id=10240"},"modified":"2022-04-14T11:07:46","modified_gmt":"2022-04-14T08:07:46","slug":"luontotestamenttini-lastenlapsilleni","status":"publish","type":"page","link":"https:\/\/bonis-avibus.fi\/bonis-avibus\/luontotestamenttini-lastenlapsilleni\/","title":{"rendered":"Luontotestamenttini lastenlapsilleni&#8230;"},"content":{"rendered":"<p><img loading=\"lazy\" decoding=\"async\" width=\"954\" height=\"681\" src=\"https:\/\/bonis-avibus.fi\/bonis-avibus\/wp-content\/uploads\/2022\/04\/Kasvi-Tammi-1.jpg\" alt=\"\" srcset=\"https:\/\/bonis-avibus.fi\/bonis-avibus\/wp-content\/uploads\/2022\/04\/Kasvi-Tammi-1.jpg 954w, https:\/\/bonis-avibus.fi\/bonis-avibus\/wp-content\/uploads\/2022\/04\/Kasvi-Tammi-1-300x214.jpg 300w, https:\/\/bonis-avibus.fi\/bonis-avibus\/wp-content\/uploads\/2022\/04\/Kasvi-Tammi-1-768x548.jpg 768w, https:\/\/bonis-avibus.fi\/bonis-avibus\/wp-content\/uploads\/2022\/04\/Kasvi-Tammi-1-800x571.jpg 800w\" sizes=\"auto, (max-width: 954px) 100vw, 954px\" \/>\t\t\t\t\t\t\t\t\t\t\t<\/p>\n<h3>Ukko K\u00e4rkk\u00e4inen 13.5.2017<\/h3>\n<h3>T\u00e4m\u00e4 runo on testamenttini rakkaille lapsilleni, lasteni lapsille ja heid\u00e4n lapsilleen ja heid\u00e4n&#8230;<\/h3>\n<h3>Kirjoitin &#8221;Pihkan tuoksun&#8221; pienelle Noemi Taiga Elianalle <img decoding=\"async\" role=\"img\" draggable=\"false\" src=\"https:\/\/s.w.org\/images\/core\/emoji\/12.0.0-1\/svg\/2764.svg\" alt=\"\u2764\ufe0f\" \/>.<\/h3>\n<h3>Kantaesitin runon lapsenlapseni kastejuhlissa Malmin kirkossa.<\/h3>\n<h3>Laita t\u00e4m\u00e4n runon lukemisen taustalle Yotube ikkunaa klikkaamalla ensin soimaan: Aine Minogue; At the Edge of the White Rock. Olen kirjoittanut sanani juuri t\u00e4h\u00e4n musiikkiin.<\/h3>\n<h3>N\u00e4m\u00e4 s\u00e4velet kantavat mukanaan sit\u00e4, mit\u00e4 koen\u00a0ajatellessani rakkaitani <img decoding=\"async\" role=\"img\" draggable=\"false\" src=\"https:\/\/s.w.org\/images\/core\/emoji\/12.0.0-1\/svg\/2764.svg\" alt=\"\u2764\ufe0f\" \/><\/h3>\n<h3>Musiikin \u00e4\u00e4nentasoa kannattaa s\u00e4\u00e4t\u00e4\u00e4 Youtube ikkunan alareunasta v\u00e4h\u00e4n pienemm\u00e4lle.<\/h3>\n<h3>Ota rento asento. Huomioi, ettet j\u00e4nnit\u00e4 hartioitasi. Kun aloitat kuuntelun, sulje silm\u00e4si, hengit\u00e4 muutama kerta rauhallisesti syv\u00e4\u00e4n ja ota kasvoillesi pieni hymy <span class=\"sce_emoji-mmm\" title=\"mmm\"><\/span>\u00a0<\/h3>\n<p>https:\/\/www.youtube.com\/watch?v=SBKh92cdN0o<\/p>\n<p>Alla olevaa painiketta klikkaamalla alkaa lausumani runo kuulua.<\/p>\n<div class=\"compact_audio_player_wrapper\"><div class=\"sc_player_container1\"><input type=\"button\" id=\"btnplay_69f5712c781d02.13959193\" class=\"myButton_play\" onClick=\"play_mp3('play','69f5712c781d02.13959193','http:\/\/bonis-avibus.fi\/bonis-avibus\/wp-content\/uploads\/2017\/10\/Pihkan-tuoksua.mp3','80','false');show_hide('play','69f5712c781d02.13959193');\" \/><input type=\"button\"  id=\"btnstop_69f5712c781d02.13959193\" style=\"display:none\" class=\"myButton_stop\" onClick=\"play_mp3('stop','69f5712c781d02.13959193','','80','false');show_hide('stop','69f5712c781d02.13959193');\" \/><div id=\"sm2-container\"><!-- flash movie ends up here --><\/div><\/div><\/div>\n<div class=\" divider magee-divider magee-shortcode divider-i7c2j8 divider-shadow\" id=\"\"><div class=\"divider-inner divider-border\"><\/div><\/div>\n\r\n\t\t<div class=\"magee-expand \" id=\"\" data-less-icon=\"fa-arrow-circle-up\" data-less-icon-color=\"#002a8e\" data-less-text=\"Piilota\" data-more-icon=\"fa-arrow-circle-down\" data-more-icon-color=\"#002a8e\" data-more-text=\"Napsauttamalla runoni kirjallinen versio\">\r\n            <div class=\"expand-control control-obcajm\"><i class=\"fa fa-arrow-circle-down\" style=\"color:#002a8e;\"><\/i> Napsauttamalla runoni kirjallinen versio<\/div>\r\n\t\t\t\t<div class=\"expand-content\" style=\"display:none;\">\r\n\t\t\t\t\t<\/p>\n<p>Sinulle rakas lapsenlapseni<br \/>min\u00e4 toivon sinivihre\u00e4n planeettamme aarteita metsiss\u00e4,<br \/>j\u00e4rvien rannoilla,<br \/>merten ulapoilla,<br \/>vuorien rinteill\u00e4,<br \/>viidakoitten k\u00e4tk\u00f6iss\u00e4.<\/p>\n<p>Toivon, ett\u00e4 saisit n\u00e4hd\u00e4, kuulla, aistia<br \/>ja kokea kaikkea hyv\u00e4\u00e4 t\u00e4m\u00e4n ihanan aurinkoa kiert\u00e4v\u00e4n Telluksen p\u00e4\u00e4ll\u00e4&#8230;<\/p>\n<p>Sinulle min\u00e4 toivon her\u00e4\u00e4v\u00e4n aamun valkovuokkoja,<br \/>mustarastaan nuotteja el\u00e4m\u00e4si viivastolle <img decoding=\"async\" role=\"img\" draggable=\"false\" src=\"https:\/\/s.w.org\/images\/core\/emoji\/12.0.0-1\/svg\/1f3b6.svg\" alt=\"\ud83c\udfb6\" \/>,<br \/>sinirintojen ja punakuirien konsertteja tuntureiden maassa<br \/>ja haavoja parantavan m\u00e4nnyn pihkan tuoksua.<\/p>\n<p>Toivon leirinuotioiden valoa h\u00e4m\u00e4rtyviin iltoihisi<br \/>ja siniy\u00f6k\u00f6nlehden kuisketta t\u00e4htien syttyess\u00e4 taivaan kaarelle.<\/p>\n<p>Pyyd\u00e4n,<br \/>ett\u00e4 rakas \u00c4itimaa saisi ruokkia sinua puhtailla antimillaan koko el\u00e4m\u00e4si ajan<br \/>ja ett\u00e4 sinulla olisi mahdollisuus poimia metsien ja soiden aarteita el\u00e4m\u00e4si herkuiksi.<\/p>\n<p>Toivon,<br \/>ett\u00e4 saisit istuttaa l\u00e4mpim\u00e4n kuohkeaan maahan luovuutesi kukkasia ja tehd\u00e4 el\u00e4m\u00e4ss\u00e4si juuri sit\u00e4,<br \/>mit\u00e4 syd\u00e4mess\u00e4si rakastat, mik\u00e4 saa sielusi laulamaan <img decoding=\"async\" role=\"img\" draggable=\"false\" src=\"https:\/\/s.w.org\/images\/core\/emoji\/12.0.0-1\/svg\/1f3b6.svg\" alt=\"\ud83c\udfb6\" \/><\/p>\n<p>Minulla on Unelma luonnon s\u00e4ilymisest\u00e4 sinulle<br \/>ja lastemme kaikille lapsille ja heid\u00e4n lapsilleen.<\/p>\n<p>Minulla on Unelma,<br \/>ett\u00e4 el\u00e4m\u00e4ss\u00e4 t\u00e4rkein, kaikkein arvokkain&#8230;<br \/>rakkaus,<br \/>voisi kulkea sukupolvelta toiselle.<\/p>\n<p>Unelma,<br \/>ett\u00e4 toinen toisemme kunnioitus siirtyess\u00e4\u00e4n is\u00e4lt\u00e4 ja \u00e4idilt\u00e4 lapsille aina vain kasvaisi ja kukoistaisi.<\/p>\n<p>Sit\u00e4 toivon,<br \/>ett\u00e4 ihmisen arvo voisi olla sen t\u00e4ydess\u00e4 mitassa jokaista meit\u00e4 ohjaava nuotti t\u00e4ss\u00e4 ihmiskunnan<br \/>upeassa sinfoniassa.<\/p>\n<p>Kuin muurahaiset,<br \/>jokainen omaa korttaan kuljettaen,<br \/>me voimme rakentaa yhteist\u00e4,<br \/>ihmiselt\u00e4 ihmiselle linkittyv\u00e4\u00e4 turvallista kotipes\u00e4\u00e4&#8230;<\/p>\n<p>Me jokainen kannamme sis\u00e4ll\u00e4mme el\u00e4m\u00e4n salaisuutta ja kauneutta.<br \/>Rakastamalla toinen toistamme,<br \/>s\u00e4ilytt\u00e4m\u00e4ll\u00e4 my\u00f6t\u00e4tunnon ihmisyytt\u00e4 uudistavan voiman,<br \/>me synnyt\u00e4mme uudenlaisen maailman rauhaa.<\/p>\n<p>Min\u00e4 toivon rakas lapsenlapseni,<br \/>ett\u00e4 saisit ihailla silkkiuikkujen grafiikkaa tyynen veden pinnalla,<br \/>ihailla kotkan liitoa jylhien vuorien pilvien reunoilla,<br \/>aistia herkimm\u00e4n valkolehdokin tuoksua<br \/>ja kuunnella rauhassa hyvien yst\u00e4viesi seurassa varpusten tirskuttelua kaupunkien vihreiss\u00e4<br \/>puutarhakuppiloissa&#8230;<\/p>\n<p>Toivon,<br \/>ett\u00e4 luonto voisi s\u00e4ily\u00e4 kauas sukupolvien taakse,<br \/>ett\u00e4 saisit ihailla isoksi kasvaessasi vaikkapa Borneon saaren rannalla nyt uhanalaisten<br \/>iravadindelfiinien riemua&#8230;<\/p>\n<p>Paistakoon aurinko el\u00e4m\u00e4si p\u00e4iviin,<br \/>antakoon sade kasvullesi alkuvoimansa,<br \/>puhaltakoon lempe\u00e4 kes\u00e4tuuli silkkiset hiukset kasvoiltasi,<br \/>jotta jokainen voisi n\u00e4hd\u00e4, miten ihanasti hymysi loistaa ja tuo valoa kaikille <img decoding=\"async\" role=\"img\" draggable=\"false\" src=\"https:\/\/s.w.org\/images\/core\/emoji\/12.0.0-1\/svg\/2764.svg\" alt=\"\u2764\" \/><\/p>\n<p>L\u00e4mm\u00f6ll\u00e4 ukkiUkko<\/p>\n<div class=\" divider magee-divider magee-shortcode divider-cbvamf divider-shadow\" id=\"\"><div class=\"divider-inner divider-border\"><\/div><\/div>\n<p>\r\n\t\t\t\t<\/div>\r\n\t\t\t<\/div>\n","protected":false},"excerpt":{"rendered":"<p>Ukko K\u00e4rkk\u00e4inen 13.5.2017 T\u00e4m\u00e4 runo on testamenttini rakkaille lapsilleni, lasteni lapsille ja heid\u00e4n lapsilleen ja heid\u00e4n&#8230; Kirjoitin &#8221;Pihkan tuoksun&#8221; pienelle Noemi Taiga Elianalle . Kantaesitin runon lapsenlapseni kastejuhlissa Malmin kirkossa. Laita t\u00e4m\u00e4n runon lukemisen taustalle Yotube ikkunaa klikkaamalla ensin soimaan: Aine Minogue; At the Edge of the White Rock. Olen kirjoittanut sanani juuri t\u00e4h\u00e4n musiikkiin. N\u00e4m\u00e4 s\u00e4velet kantavat mukanaan sit\u00e4,<\/p>\n<p><a class=\"more-link\" href=\"https:\/\/bonis-avibus.fi\/bonis-avibus\/luontotestamenttini-lastenlapsilleni\/\">Read More<\/a><\/p>\n","protected":false},"author":1,"featured_media":0,"parent":0,"menu_order":0,"comment_status":"closed","ping_status":"closed","template":"","meta":{"footnotes":""},"class_list":["post-10240","page","type-page","status-publish","hentry"],"_links":{"self":[{"href":"https:\/\/bonis-avibus.fi\/bonis-avibus\/wp-json\/wp\/v2\/pages\/10240","targetHints":{"allow":["GET"]}}],"collection":[{"href":"https:\/\/bonis-avibus.fi\/bonis-avibus\/wp-json\/wp\/v2\/pages"}],"about":[{"href":"https:\/\/bonis-avibus.fi\/bonis-avibus\/wp-json\/wp\/v2\/types\/page"}],"author":[{"embeddable":true,"href":"https:\/\/bonis-avibus.fi\/bonis-avibus\/wp-json\/wp\/v2\/users\/1"}],"replies":[{"embeddable":true,"href":"https:\/\/bonis-avibus.fi\/bonis-avibus\/wp-json\/wp\/v2\/comments?post=10240"}],"version-history":[{"count":2,"href":"https:\/\/bonis-avibus.fi\/bonis-avibus\/wp-json\/wp\/v2\/pages\/10240\/revisions"}],"predecessor-version":[{"id":10243,"href":"https:\/\/bonis-avibus.fi\/bonis-avibus\/wp-json\/wp\/v2\/pages\/10240\/revisions\/10243"}],"wp:attachment":[{"href":"https:\/\/bonis-avibus.fi\/bonis-avibus\/wp-json\/wp\/v2\/media?parent=10240"}],"curies":[{"name":"wp","href":"https:\/\/api.w.org\/{rel}","templated":true}]}}