{"id":10298,"date":"2022-05-15T08:03:37","date_gmt":"2022-05-15T05:03:37","guid":{"rendered":"https:\/\/bonis-avibus.fi\/bonis-avibus\/?page_id=10298"},"modified":"2026-01-17T16:11:19","modified_gmt":"2026-01-17T14:11:19","slug":"isani-minun-rakas-isani","status":"publish","type":"page","link":"https:\/\/bonis-avibus.fi\/bonis-avibus\/isani-minun-rakas-isani\/","title":{"rendered":"Is\u00e4ni&#8230; minun rakas is\u00e4ni"},"content":{"rendered":"<p><img loading=\"lazy\" decoding=\"async\" width=\"1014\" height=\"501\" src=\"https:\/\/bonis-avibus.fi\/bonis-avibus\/wp-content\/uploads\/2022\/05\/Is\u00e4ni...-minun-rakas-is\u00e4ni.jpg\" alt=\"\" srcset=\"https:\/\/bonis-avibus.fi\/bonis-avibus\/wp-content\/uploads\/2022\/05\/Is\u00e4ni...-minun-rakas-is\u00e4ni.jpg 1014w, https:\/\/bonis-avibus.fi\/bonis-avibus\/wp-content\/uploads\/2022\/05\/Is\u00e4ni...-minun-rakas-is\u00e4ni-300x148.jpg 300w, https:\/\/bonis-avibus.fi\/bonis-avibus\/wp-content\/uploads\/2022\/05\/Is\u00e4ni...-minun-rakas-is\u00e4ni-768x379.jpg 768w, https:\/\/bonis-avibus.fi\/bonis-avibus\/wp-content\/uploads\/2022\/05\/Is\u00e4ni...-minun-rakas-is\u00e4ni-800x395.jpg 800w\" sizes=\"auto, (max-width: 1014px) 100vw, 1014px\" \/>\t\t\t\t\t\t\t\t\t\t\t\t\t\t\t<\/p>\n<h1><strong>T\u00e4m\u00e4n alla olevan runon &#8221;Is\u00e4ni&#8230; minun rakas is\u00e4ni&#8221;, kirjoitin helmikuun ensimm\u00e4isen\u00e4, vuonna 2019. K<\/strong><strong style=\"font-size: 1.5rem;\">antaesitin sen Syrj\u00e4l\u00e4n Teemun vet\u00e4m\u00e4ll\u00e4 <\/strong><strong style=\"font-size: 1.5rem;\">Miesten viikonlopulla Joutsassa viikko runon kirjaamisen j\u00e4lkeen. Kun nyt p<\/strong><strong style=\"font-size: 1.5rem;\">\u00e4ivit\u00e4n t\u00e4t\u00e4 sivua, on kulunut l\u00e4hes seitsem\u00e4n vuotta runon syntym\u00e4st\u00e4. <\/strong><\/h1>\n<h1><strong style=\"font-size: 1.5rem;\">Linkit\u00e4n runoesityksen alle tarinaani uunituoreen v\u00e4it\u00f6ksen. Saat lukea lis\u00e4\u00e4 taakkasiirtymien katkaisusta taiteen keinoilla.<\/strong><\/h1>\n<h1><strong style=\"font-size: 1.5rem;\">Klikkaan musiikki ensin soimaan ja heti sen j\u00e4lkeen runo. Saat kuunnella minuutin verran musiikkia ja halutessasi katsoa Youtube videon maisemia. Sitten kannattaa sulkea silm\u00e4t, kun \u00e4\u00e4neni alkaa kuulua.\u00a0<\/strong><\/h1>\n<p>https:\/\/www.youtube.com\/watch?v=4_GDDrUD5Ho<\/p>\n<p><div class=\"compact_audio_player_wrapper\"><div class=\"sc_player_container1\"><input type=\"button\" id=\"btnplay_69eb78d8480954.65599763\" class=\"myButton_play\" onClick=\"play_mp3('play','69eb78d8480954.65599763','https:\/\/bonis-avibus.fi\/bonis-avibus\/wp-content\/uploads\/2022\/05\/Is\u00e4ni...-minun-rakas-is\u00e4ni-3x-kompres.mp3','80','false');show_hide('play','69eb78d8480954.65599763');\" \/><input type=\"button\"  id=\"btnstop_69eb78d8480954.65599763\" style=\"display:none\" class=\"myButton_stop\" onClick=\"play_mp3('stop','69eb78d8480954.65599763','','80','false');show_hide('stop','69eb78d8480954.65599763');\" \/><div id=\"sm2-container\"><!-- flash movie ends up here --><\/div><\/div><\/div> T\u00e4st\u00e4 voit kuunnella esitykseni. Alussa on minuutin verran hiljaisuutta ja sitten alkaa kuulua runoni.<\/p>\n\r\n\t\t<div class=\"magee-expand \" id=\"\" data-less-icon=\"fa-arrow-circle-up\" data-less-icon-color=\"#002a8e\" data-less-text=\"Piilota\" data-more-icon=\"fa-arrow-circle-down\" data-more-icon-color=\"#002a8e\" data-more-text=\"Napsauttamalla t\u00e4t\u00e4 l\u00f6ytyy runoni kirjallinen versio\">\r\n            <div class=\"expand-control control-rwctz1\"><i class=\"fa fa-arrow-circle-down\" style=\"color:#002a8e;\"><\/i> Napsauttamalla t\u00e4t\u00e4 l\u00f6ytyy runoni kirjallinen versio<\/div>\r\n\t\t\t\t<div class=\"expand-content\" style=\"display:none;\">\r\n\t\t\t\t\t<\/p>\n<p>Se oli lokakuun alku,<\/p>\n<p>kolmekymment\u00e4 yhdeks\u00e4n.<\/p>\n<p>Liikekannallepano.<\/p>\n<p>Olit pellolla, kun toivat kutsun.<\/p>\n<p>J\u00e4tit kuokan siihen mets\u00e4n reunaan,<\/p>\n<p>pakkasit repun, l\u00e4mmint\u00e4 mukaan, ev\u00e4\u00e4t ja l\u00e4hdit.<\/p>\n<p>Kokonainen pieni kansakunta varautui pahimpaan.<\/p>\n<p>Marraskuun kolmaskymmenes alkoi tykkien jyly<\/p>\n<p>ja Helsinkia pommitettiin ilman sodanjulistusta.<\/p>\n<p>Joulukuussa se sitten tapahtui.<\/p>\n<p>Joukkueesi lopen v\u00e4syneen\u00e4,<\/p>\n<p>y\u00f6t\u00e4p\u00e4iv\u00e4\u00e4 taistelleena.<\/p>\n<p>Silloin sinuun osui,<\/p>\n<p>is\u00e4ni,<\/p>\n<p>minun rakas is\u00e4ni.<\/p>\n<p>Ruhtinaanm\u00e4elle ampuivat kranaattikeskityksen<\/p>\n<p>ja sirpale se oli, joka veti p\u00e4\u00e4h\u00e4si syv\u00e4n uurteen!<\/p>\n<p>Haava muutti tarinasi,<\/p>\n<p>se muutti minunkin tarinani,<\/p>\n<p>sinulla el\u00e4m\u00e4si pituinen kivun helvetti.<\/p>\n<p>Minulla l\u00e4hes el\u00e4m\u00e4ni pituinen ahdistuksen ja kauhun helvetti.<\/p>\n<p>Mutta sen min\u00e4 sinusta aistin:<\/p>\n<p>Et tahtonut kellekk\u00e4\u00e4n pahaa.<\/p>\n<p>Sin\u00e4 se olit is\u00e4ni, joka oman rikkin\u00e4isyytesi l\u00e4vitse halusit rakastaa\u2026<\/p>\n<p>Mutta kun ne vaan tulivat,<\/p>\n<p>lupaa kysym\u00e4tt\u00e4,<\/p>\n<p>sinuun sodasta asumaan j\u00e4\u00e4neet viholliset,<\/p>\n<p>ne ampuivat kovilla,<\/p>\n<p>hy\u00f6kk\u00e4siv\u00e4t unestasi kotiimme<\/p>\n<p>ja keitti\u00f6, olo- ja makuuhuone muuttuivat taistelutantereiksi.<\/p>\n<p>Ja sin\u00e4 kiroten hakkasit nyrkeill\u00e4si seini\u00e4 ja hy\u00f6kk\u00e4sit ikkunoiden l\u00e4vitse.<\/p>\n<p>V\u00e4lill\u00e4 et meit\u00e4 pieni\u00e4si tuntenut,<\/p>\n<p>ja minun \u00e4itini,<\/p>\n<p>vaimosi,<\/p>\n<p>n\u00e4kyi sinulle lottana, rintaman naisena.<\/p>\n<p>Kerrankin \u00e4itini oli sinua tuskissasi keinutuolissa aamuy\u00f6lle tuudittanut<\/p>\n<p>ja kun sotapainajaisesta olit her\u00e4nnyt,<\/p>\n<p>otit minut synnytt\u00e4neen \u00e4itiseni syliisi,<\/p>\n<p>kuiskasit \u201dSin\u00e4k\u00f6 se olet rakas.\u201d<\/p>\n<p>T\u00e4\u00e4ll\u00e4 vain ollut lotta ja ryss\u00e4n lapsia,<\/p>\n<p>mutta vaikka ne on vihollisen,<\/p>\n<p>en tahdo heille pahaan\u2026<\/p>\n<p>Is\u00e4ni, minun rakas is\u00e4ni.<\/p>\n<p>Siin\u00e4 me kaikki kolme,<\/p>\n<p>sinun omaa lastasi sotasi unessa.<\/p>\n<p>Vuosikymmenten j\u00e4\u00e4 sulaa&#8230;<\/p>\n<p>Nyt vihdoin kaikki kaipauksen padot ovat auenneet<\/p>\n<p>ja minussa, lapsessasi ne virtaavat vapaina.<\/p>\n<p>Annan kyyneleitteni tulla.<\/p>\n<p>Ja min\u00e4 kastelen n\u00e4ill\u00e4 t\u00e4m\u00e4n tunteista hajalle ammutun maan,<\/p>\n<p>raivaan t\u00e4nne palasen el\u00e4m\u00e4ni peltoa<\/p>\n<p>ja min\u00e4 peittelen syd\u00e4meni multaan kasvamaan niin paljon rakkautta,<\/p>\n<p>ett\u00e4 se ulottuu sukupolvelta toiselle\u2026<\/p>\n<p>Kiitos is\u00e4ni.<\/p>\n<p>Olit minulle olemassa, s\u00e4rkyneen\u00e4kin rakastit &lt;3<\/p>\n<div class=\" divider magee-divider magee-shortcode divider-ruv0jm divider-shadow\" id=\"\"><div class=\"divider-inner divider-border\"><\/div><\/div> \r\n\t\t\t\t<\/div>\r\n\t\t\t<\/div>\n<p>\t\t\t\t\t\t\t\t\t\t\t\t\t\t\t<img loading=\"lazy\" decoding=\"async\" width=\"768\" height=\"1024\" src=\"https:\/\/bonis-avibus.fi\/bonis-avibus\/wp-content\/uploads\/2017\/06\/Is\u00e4ni-sirpaleet-768x1024.jpg\" alt=\"\" srcset=\"https:\/\/bonis-avibus.fi\/bonis-avibus\/wp-content\/uploads\/2017\/06\/Is\u00e4ni-sirpaleet.jpg 768w, https:\/\/bonis-avibus.fi\/bonis-avibus\/wp-content\/uploads\/2017\/06\/Is\u00e4ni-sirpaleet-225x300.jpg 225w\" sizes=\"auto, (max-width: 768px) 100vw, 768px\" \/>\t\t\t\t\t\t\t\t\t\t\t\t\t\t\t<\/p>\n<h1><strong>T\u00e4ss\u00e4 alla Kaunialan sotavammasairaalan arkistossa ollut epikriisi is\u00e4st\u00e4ni. Itse synnyin perheemme historiassa kaikista pahimpaan hetkeen. Silloin is\u00e4n kotona ollessa sotapsykoosit veiv\u00e4t koko perheen is\u00e4n rintamalla kokemiin kranaattikeskityksiin!\u00a0<\/strong><\/h1>\n<p>\t\t\t\t\t\t\t\t\t\t\t\t\t\t\t<img loading=\"lazy\" decoding=\"async\" width=\"1024\" height=\"594\" src=\"https:\/\/bonis-avibus.fi\/bonis-avibus\/wp-content\/uploads\/2017\/11\/00000000001a1a5x5h8b-1024x594.jpg\" alt=\"\" srcset=\"https:\/\/bonis-avibus.fi\/bonis-avibus\/wp-content\/uploads\/2017\/11\/00000000001a1a5x5h8b-1024x594.jpg 1024w, https:\/\/bonis-avibus.fi\/bonis-avibus\/wp-content\/uploads\/2017\/11\/00000000001a1a5x5h8b-300x174.jpg 300w, https:\/\/bonis-avibus.fi\/bonis-avibus\/wp-content\/uploads\/2017\/11\/00000000001a1a5x5h8b-768x445.jpg 768w, https:\/\/bonis-avibus.fi\/bonis-avibus\/wp-content\/uploads\/2017\/11\/00000000001a1a5x5h8b-800x464.jpg 800w, https:\/\/bonis-avibus.fi\/bonis-avibus\/wp-content\/uploads\/2017\/11\/00000000001a1a5x5h8b.jpg 1099w\" sizes=\"auto, (max-width: 1024px) 100vw, 1024px\" \/>\t\t\t\t\t\t\t\t\t\t\t\t\t\t\t<\/p>\n<h1><strong>Kun kolmekymment\u00e4kuusi vuotta sitten vuotta sitten aloin mietti\u00e4, mist\u00e4 oman rikkoutuneisuuteni palat ovat kotoisin, oli pakko katsoa lapsuudessa identiteetti\u00e4ni heijastaneisiin peileihin.<\/strong><\/h1>\n<h1><strong>T\u00e4st\u00e4 prosessista syntyi ylemp\u00e4n\u00e4 n\u00e4kyv\u00e4 teos<\/strong><strong>\u00a0&#8221;Is\u00e4, lapsuuteni peili&#8221;.<\/strong><\/h1>\n<h1><strong>Jos vanhempi on syyst\u00e4 tai toisesta s\u00e4rkynyt, joutuu h\u00e4nen lapsensa kokoamaan omaa minuuttaan erisuuntiin heijastavista palasista. Pahimmillaan lapsen tulee yht\u00e4 sirpaleinen, kuin mit\u00e4 vanhempi on ollut. Onneksi kaikille ei k\u00e4y niin.<\/strong><\/h1>\n<h1><strong>Kehoonsa tai mieleens\u00e4 haavoittuneen lapsen tarina j\u00e4\u00e4 el\u00e4m\u00e4\u00e4n ja toistamaan kokemuksiaan h\u00e4nen psyyken sis\u00e4lle. Oman itsen, ymp\u00e4rill\u00e4 olevien ja koko maailman kannalta, kaikista t\u00e4rkeint\u00e4 on saada purettua kokemansa traumat. Erilaiset tunnety\u00f6skentelyt auttavat siin\u00e4 prosessissa. Itsell\u00e4ni\u00a0 matka kesti kauan. Etsin vuosikymmeni\u00e4 erilaisia keinoja, mill\u00e4 voisin selviyty\u00e4 ja p\u00e4\u00e4st\u00e4 irti niist\u00e4 j\u00e4rkytt\u00e4vist\u00e4 kauhun ja pelon tunteista.<\/strong><\/h1>\n<h1><strong>T\u00e4ss\u00e4 alla kokeilemiani tunteiden &#8221;ty\u00f6kaluja&#8221;.\u00a0<\/strong><\/h1>\n<p>\t\t\t\t\t\t\t\t\t\t\t\t\t\t\t<img loading=\"lazy\" decoding=\"async\" width=\"843\" height=\"823\" src=\"https:\/\/bonis-avibus.fi\/bonis-avibus\/wp-content\/uploads\/2025\/11\/menetelmat.jpg\" alt=\"\" srcset=\"https:\/\/bonis-avibus.fi\/bonis-avibus\/wp-content\/uploads\/2025\/11\/menetelmat.jpg 843w, https:\/\/bonis-avibus.fi\/bonis-avibus\/wp-content\/uploads\/2025\/11\/menetelmat-300x293.jpg 300w, https:\/\/bonis-avibus.fi\/bonis-avibus\/wp-content\/uploads\/2025\/11\/menetelmat-768x750.jpg 768w, https:\/\/bonis-avibus.fi\/bonis-avibus\/wp-content\/uploads\/2025\/11\/menetelmat-800x781.jpg 800w\" sizes=\"auto, (max-width: 843px) 100vw, 843px\" \/>\t\t\t\t\t\t\t\t\t\t\t\t\t\t\t<\/p>\n<h1><strong> Olin kirjannut jo vuodesta 1989 l\u00e4htien tunteitani runomuotoon. T\u00e4ll\u00e4 hetkell\u00e4 runoja on syntynyt 20000-30000 v\u00e4lill\u00e4.\u00a0<\/strong><strong>Tarkkaa lukua en tied\u00e4, en ole laskenut? <\/strong><\/h1>\n<h1><strong>Entis\u00f6im\u00e4ss\u00e4ni matka-arkussa on k\u00e4sinkirjoitettuja runovihkoja vuosilta 1989-2012. Niiden j\u00e4lkeen tekstej\u00e4 on syntynyt eninm\u00e4kseen tietokoneella.<\/strong><\/h1>\n<p>\t\t\t\t\t\t\t\t\t\t\t\t\t\t\t<img loading=\"lazy\" decoding=\"async\" width=\"734\" height=\"1024\" src=\"https:\/\/bonis-avibus.fi\/bonis-avibus\/wp-content\/uploads\/2026\/01\/Nayttokuva-2026-01-17-kello-15.01.15-734x1024.png\" alt=\"\" srcset=\"https:\/\/bonis-avibus.fi\/bonis-avibus\/wp-content\/uploads\/2026\/01\/Nayttokuva-2026-01-17-kello-15.01.15-734x1024.png 734w, https:\/\/bonis-avibus.fi\/bonis-avibus\/wp-content\/uploads\/2026\/01\/Nayttokuva-2026-01-17-kello-15.01.15-215x300.png 215w, https:\/\/bonis-avibus.fi\/bonis-avibus\/wp-content\/uploads\/2026\/01\/Nayttokuva-2026-01-17-kello-15.01.15-768x1071.png 768w, https:\/\/bonis-avibus.fi\/bonis-avibus\/wp-content\/uploads\/2026\/01\/Nayttokuva-2026-01-17-kello-15.01.15-1102x1536.png 1102w, https:\/\/bonis-avibus.fi\/bonis-avibus\/wp-content\/uploads\/2026\/01\/Nayttokuva-2026-01-17-kello-15.01.15-800x1116.png 800w, https:\/\/bonis-avibus.fi\/bonis-avibus\/wp-content\/uploads\/2026\/01\/Nayttokuva-2026-01-17-kello-15.01.15.png 1321w\" sizes=\"auto, (max-width: 734px) 100vw, 734px\" \/>\t\t\t\t\t\t\t\t\t\t\t\t\t\t\t<\/p>\n<h1><strong>Aloin <\/strong><strong>1990 luvun alussa, lepp\u00e4virralle muutettuamme, my\u00f6s hahmottaa ja kuvata lapsuuteni, sodantoisen sukupolven kokemuksiani kuvataiteen ja veistamisen keinoin. Alla teokseni &#8221;Is\u00e4\u00e4 etsim\u00e4ss\u00e4&#8221;.<\/strong><strong>\u00a0<\/strong><\/h1>\n<p>\t\t\t\t\t\t\t\t\t\t\t\t\t\t\t<img loading=\"lazy\" decoding=\"async\" width=\"768\" height=\"1024\" src=\"https:\/\/bonis-avibus.fi\/bonis-avibus\/wp-content\/uploads\/2017\/10\/Ukko-K\u00e4rkk\u00e4inen-Vihelt\u00e4\u00e4-r\u00e4j\u00e4hti...-768x1024.jpg\" alt=\"\" srcset=\"https:\/\/bonis-avibus.fi\/bonis-avibus\/wp-content\/uploads\/2017\/10\/Ukko-K\u00e4rkk\u00e4inen-Vihelt\u00e4\u00e4-r\u00e4j\u00e4hti....jpg 768w, https:\/\/bonis-avibus.fi\/bonis-avibus\/wp-content\/uploads\/2017\/10\/Ukko-K\u00e4rkk\u00e4inen-Vihelt\u00e4\u00e4-r\u00e4j\u00e4hti...-225x300.jpg 225w\" sizes=\"auto, (max-width: 768px) 100vw, 768px\" \/>\t\t\t\t\t\t\t\t\t\t\t\t\t\t\t<\/p>\n<h1><strong>Syvimm\u00e4t sis\u00e4iset, traumoista tulleet kivut n\u00e4kyv\u00e4t teoksessani &#8221;Rikottu lapsuus&#8221;.<\/strong><\/h1>\n<h1><strong>Is\u00e4ni p\u00e4\u00e4h\u00e4n oli talvisodassa, Ruhtinaanm\u00e4en taisteluissa, tehnyt uurteen kranaatinsirpale. Teosinstallaatiossa takanani on musta Kuoleman koura, joka on puristanut minua lapsena.<\/strong><strong>\u00a0<\/strong><\/h1>\n<p>\t\t\t\t\t\t\t\t\t\t\t\t\t\t\t<img loading=\"lazy\" decoding=\"async\" width=\"418\" height=\"1015\" src=\"https:\/\/bonis-avibus.fi\/bonis-avibus\/wp-content\/uploads\/2017\/10\/Ukko-K\u00e4rkk\u00e4inen-rikottu-lapuus-2.jpg\" alt=\"\" srcset=\"https:\/\/bonis-avibus.fi\/bonis-avibus\/wp-content\/uploads\/2017\/10\/Ukko-K\u00e4rkk\u00e4inen-rikottu-lapuus-2.jpg 418w, https:\/\/bonis-avibus.fi\/bonis-avibus\/wp-content\/uploads\/2017\/10\/Ukko-K\u00e4rkk\u00e4inen-rikottu-lapuus-2-124x300.jpg 124w\" sizes=\"auto, (max-width: 418px) 100vw, 418px\" \/>\t\t\t\t\t\t\t\t\t\t\t\t\t\t\t<\/p>\n<h1><strong>Alla vaatteista, pellavakuisusta ja piikkilangasta tekem\u00e4ni tekstiiliveistos &#8221;\u00c4l\u00e4 ly\u00f6&#8221;.<\/strong><strong>\u00a0<\/strong><\/h1>\n<p>\t\t\t\t\t\t\t\t\t\t\t\t\t\t\t<img loading=\"lazy\" decoding=\"async\" width=\"1024\" height=\"768\" src=\"https:\/\/bonis-avibus.fi\/bonis-avibus\/wp-content\/uploads\/2017\/06\/barona-34-1024x768.jpg\" alt=\"\" srcset=\"https:\/\/bonis-avibus.fi\/bonis-avibus\/wp-content\/uploads\/2017\/06\/barona-34.jpg 1024w, https:\/\/bonis-avibus.fi\/bonis-avibus\/wp-content\/uploads\/2017\/06\/barona-34-300x225.jpg 300w, https:\/\/bonis-avibus.fi\/bonis-avibus\/wp-content\/uploads\/2017\/06\/barona-34-768x576.jpg 768w, https:\/\/bonis-avibus.fi\/bonis-avibus\/wp-content\/uploads\/2017\/06\/barona-34-800x600.jpg 800w, https:\/\/bonis-avibus.fi\/bonis-avibus\/wp-content\/uploads\/2017\/06\/barona-34-400x300.jpg 400w\" sizes=\"auto, (max-width: 1024px) 100vw, 1024px\" \/>\t\t\t\t\t\t\t\t\t\t\t\t\t\t\t<\/p>\n<h1><strong>El\u00e4m\u00e4n pimeimm\u00e4ss\u00e4 kohdassa syntyi maalaus &#8221;Kuoleman reunalla&#8221;.<\/strong><\/h1>\n<p>\t\t\t\t\t\t\t\t\t\t\t\t\t\t\t<img loading=\"lazy\" decoding=\"async\" width=\"960\" height=\"701\" src=\"https:\/\/bonis-avibus.fi\/bonis-avibus\/wp-content\/uploads\/2022\/11\/Masennus-traumateokset-2.jpg\" alt=\"\" srcset=\"https:\/\/bonis-avibus.fi\/bonis-avibus\/wp-content\/uploads\/2022\/11\/Masennus-traumateokset-2.jpg 960w, https:\/\/bonis-avibus.fi\/bonis-avibus\/wp-content\/uploads\/2022\/11\/Masennus-traumateokset-2-300x219.jpg 300w, https:\/\/bonis-avibus.fi\/bonis-avibus\/wp-content\/uploads\/2022\/11\/Masennus-traumateokset-2-768x561.jpg 768w, https:\/\/bonis-avibus.fi\/bonis-avibus\/wp-content\/uploads\/2022\/11\/Masennus-traumateokset-2-800x584.jpg 800w\" sizes=\"auto, (max-width: 960px) 100vw, 960px\" \/>\t\t\t\t\t\t\t\t\t\t\t\t\t\t\t<\/p>\n<h1><strong>T\u00e4m\u00e4 loppupuoli on viel\u00e4 kesken.<\/strong><\/h1>\n<p>\t\t\t\t\t\t\t\t\t\t\t\t\t\t\t<img loading=\"lazy\" decoding=\"async\" width=\"1024\" height=\"768\" src=\"https:\/\/bonis-avibus.fi\/bonis-avibus\/wp-content\/uploads\/2020\/02\/00000000001a1a5x35d6-1024x768.jpg\" alt=\"\" srcset=\"https:\/\/bonis-avibus.fi\/bonis-avibus\/wp-content\/uploads\/2020\/02\/00000000001a1a5x35d6.jpg 1024w, https:\/\/bonis-avibus.fi\/bonis-avibus\/wp-content\/uploads\/2020\/02\/00000000001a1a5x35d6-300x225.jpg 300w, https:\/\/bonis-avibus.fi\/bonis-avibus\/wp-content\/uploads\/2020\/02\/00000000001a1a5x35d6-768x576.jpg 768w, https:\/\/bonis-avibus.fi\/bonis-avibus\/wp-content\/uploads\/2020\/02\/00000000001a1a5x35d6-800x600.jpg 800w, https:\/\/bonis-avibus.fi\/bonis-avibus\/wp-content\/uploads\/2020\/02\/00000000001a1a5x35d6-400x300.jpg 400w\" sizes=\"auto, (max-width: 1024px) 100vw, 1024px\" \/>\t\t\t\t\t\t\t\t\t\t\t\t\t\t\t<\/p>\n<h1><strong> Turvallisesti vihaamalla saa tehty\u00e4 sis\u00e4iset miinansa vaarattomiksi. Suremalla tapahtuu ihmeit\u00e4, k\u00e4sien avautuminen traumoista ja anteeksi antamalla p\u00e4\u00e4see lopullisesti vapaaksi. Eheytymisprosessin lopputuloksena saa kokea ihanaa my\u00f6t\u00e4tuntoa itse\u00e4 ja toisia kohtaan, sek\u00e4 syv\u00e4\u00e4 rakkautta kaikkeuteen.\u00a0<\/strong><\/h1>\n<h1>\u00a0<\/h1>\n<p><strong>\u00a0<\/strong><\/p>\n<h1><strong>Parisen p\u00e4iv\u00e4\u00e4 sitten l\u00f6ysin linkin lapsuudenkaverini, Kailan Erkin, tekem\u00e4\u00e4 v\u00e4it\u00f6skirjaan.<\/strong><\/h1>\n<h1><strong>Ks. <a href=\"https:\/\/lauda.ulapland.fi\/handle\/10024\/67012\" target=\"_blank\" rel=\"noopener\"><em>Kaksitoista kuvaa is\u00e4st\u00e4. Sadan vuoden sairaskertomus.<\/em><\/a><\/strong><\/h1>\n<h1><strong>Luin v\u00e4it\u00f6ksen v\u00e4litt\u00f6m\u00e4sti. Vaikuttava, paljon ajtuksia ja tunteita her\u00e4tt\u00e4v\u00e4. Taiteellisella ty\u00f6skentelyll\u00e4 on mahdollista katkaista sukupolvelta toiselle muuten niin v\u00e4\u00e4j\u00e4\u00e4m\u00e4tt\u00f6m\u00e4sti kulkeutuva taakkasiirtym\u00e4.<\/strong><\/h1>\n<h1>\u00a0<\/h1>\n<h1><strong>T\u00e4m\u00e4n matkan omassa itsess\u00e4\u00e4n tehnyt ihminen ei halua koskaan, ei milloinkaan tehd\u00e4 v\u00e4\u00e4ryytt\u00e4 ja pahaa toisille, eik\u00e4 t\u00e4lle arvokkaalle \u00c4itimaalle, sinivihre\u00e4lle planeetallemme.<\/strong><\/h1>\n<h1><strong>Trauman purkaneesta tulee todellinen rauhan rakentaja <span class=\"sce_emoji-heart\" title=\"heart\"><\/span><\/strong><\/h1>\n<h1><strong>Onneksi turvallisen el\u00e4m\u00e4n kokeneita rauhanrakentajia on meid\u00e4n rikkoutuneiden rinnalla t\u00e4\u00e4ll\u00e4 yh\u00e4 enenmm\u00e4n.<\/strong><\/h1>\n<p><strong>\u00a0<\/strong><br \/>\n\t\t\t\t\t\t\t\t\t\t\t\t\t\t\t<img loading=\"lazy\" decoding=\"async\" width=\"768\" height=\"1024\" src=\"https:\/\/bonis-avibus.fi\/bonis-avibus\/wp-content\/uploads\/2022\/02\/Pikkupaavo-768x1024.jpg\" alt=\"\" srcset=\"https:\/\/bonis-avibus.fi\/bonis-avibus\/wp-content\/uploads\/2022\/02\/Pikkupaavo-768x1024.jpg 768w, https:\/\/bonis-avibus.fi\/bonis-avibus\/wp-content\/uploads\/2022\/02\/Pikkupaavo-225x300.jpg 225w, https:\/\/bonis-avibus.fi\/bonis-avibus\/wp-content\/uploads\/2022\/02\/Pikkupaavo-800x1067.jpg 800w, https:\/\/bonis-avibus.fi\/bonis-avibus\/wp-content\/uploads\/2022\/02\/Pikkupaavo.jpg 867w\" sizes=\"auto, (max-width: 768px) 100vw, 768px\" \/>\t\t\t\t\t\t\t\t\t\t\t\t\t\t\t<\/p>\n<h1><strong>T\u00e4\u00e4lt\u00e4 p\u00e4\u00e4set Inkerin ja minun kotisivuillemme. Voit hyp\u00e4t\u00e4 katsomaan tekstiilitaidetta tai saat tulla ihmettelem\u00e4\u00e4n minun l\u00f6yt\u00e4mi\u00e4ni sanojen ja el\u00e4m\u00e4n merkillisyyksien aarteita.<\/strong><\/h1>\n<h1><strong>Ks. <a href=\"https:\/\/bonis-avibus.fi\/\" target=\"_blank\" rel=\"noopener\">bonis-avibus.fi<\/a><\/strong><\/h1>\n","protected":false},"excerpt":{"rendered":"<p>T\u00e4m\u00e4n alla olevan runon &#8221;Is\u00e4ni&#8230; minun rakas is\u00e4ni&#8221;, kirjoitin helmikuun ensimm\u00e4isen\u00e4, vuonna 2019. Kantaesitin sen Syrj\u00e4l\u00e4n Teemun vet\u00e4m\u00e4ll\u00e4 Miesten viikonlopulla Joutsassa viikko runon kirjaamisen j\u00e4lkeen. Kun nyt p\u00e4ivit\u00e4n t\u00e4t\u00e4 sivua, on kulunut l\u00e4hes seitsem\u00e4n vuotta runon syntym\u00e4st\u00e4. Linkit\u00e4n runoesityksen alle tarinaani uunituoreen v\u00e4it\u00f6ksen. Saat lukea lis\u00e4\u00e4 taakkasiirtymien katkaisusta taiteen keinoilla. Klikkaan musiikki ensin soimaan ja heti sen j\u00e4lkeen runo. Saat<\/p>\n<p><a class=\"more-link\" href=\"https:\/\/bonis-avibus.fi\/bonis-avibus\/isani-minun-rakas-isani\/\">Read More<\/a><\/p>\n","protected":false},"author":1,"featured_media":0,"parent":0,"menu_order":0,"comment_status":"closed","ping_status":"closed","template":"","meta":{"footnotes":""},"class_list":["post-10298","page","type-page","status-publish","hentry"],"_links":{"self":[{"href":"https:\/\/bonis-avibus.fi\/bonis-avibus\/wp-json\/wp\/v2\/pages\/10298","targetHints":{"allow":["GET"]}}],"collection":[{"href":"https:\/\/bonis-avibus.fi\/bonis-avibus\/wp-json\/wp\/v2\/pages"}],"about":[{"href":"https:\/\/bonis-avibus.fi\/bonis-avibus\/wp-json\/wp\/v2\/types\/page"}],"author":[{"embeddable":true,"href":"https:\/\/bonis-avibus.fi\/bonis-avibus\/wp-json\/wp\/v2\/users\/1"}],"replies":[{"embeddable":true,"href":"https:\/\/bonis-avibus.fi\/bonis-avibus\/wp-json\/wp\/v2\/comments?post=10298"}],"version-history":[{"count":28,"href":"https:\/\/bonis-avibus.fi\/bonis-avibus\/wp-json\/wp\/v2\/pages\/10298\/revisions"}],"predecessor-version":[{"id":18808,"href":"https:\/\/bonis-avibus.fi\/bonis-avibus\/wp-json\/wp\/v2\/pages\/10298\/revisions\/18808"}],"wp:attachment":[{"href":"https:\/\/bonis-avibus.fi\/bonis-avibus\/wp-json\/wp\/v2\/media?parent=10298"}],"curies":[{"name":"wp","href":"https:\/\/api.w.org\/{rel}","templated":true}]}}