{"id":10427,"date":"2022-10-15T19:53:22","date_gmt":"2022-10-15T16:53:22","guid":{"rendered":"https:\/\/bonis-avibus.fi\/bonis-avibus\/?page_id=10427"},"modified":"2024-02-12T15:07:35","modified_gmt":"2024-02-12T13:07:35","slug":"antti-50-v","status":"publish","type":"page","link":"https:\/\/bonis-avibus.fi\/bonis-avibus\/antti-50-v\/","title":{"rendered":"Antti 50 v."},"content":{"rendered":"<p><img loading=\"lazy\" decoding=\"async\" width=\"1024\" height=\"526\" src=\"https:\/\/bonis-avibus.fi\/bonis-avibus\/wp-content\/uploads\/2022\/10\/Antti-Norjassa.jpg\" alt=\"\" srcset=\"https:\/\/bonis-avibus.fi\/bonis-avibus\/wp-content\/uploads\/2022\/10\/Antti-Norjassa.jpg 1024w, https:\/\/bonis-avibus.fi\/bonis-avibus\/wp-content\/uploads\/2022\/10\/Antti-Norjassa-300x154.jpg 300w, https:\/\/bonis-avibus.fi\/bonis-avibus\/wp-content\/uploads\/2022\/10\/Antti-Norjassa-768x395.jpg 768w, https:\/\/bonis-avibus.fi\/bonis-avibus\/wp-content\/uploads\/2022\/10\/Antti-Norjassa-800x411.jpg 800w\" sizes=\"auto, (max-width: 1024px) 100vw, 1024px\" \/>\t\t\t\t\t\t\t\t\t\t\t\t\t<\/p>\n<h1><strong>Onnea sinulle, Antti yst\u00e4v\u00e4ni, 50 auringonkiertoa t\u00e4m\u00e4n Telluksen mukana oltuasi <\/strong><strong><span class=\"sce_emoji-heart\" title=\"heart\"><\/span><\/strong><\/h1>\n<h1><strong>T\u00e4lt\u00e4 sivulta l\u00f6yd\u00e4t sen runoni, joka sai kantaesityksen juhlissasi Lauttasaaren kirkossa pejantaina 14.10.2022. <\/strong><\/h1>\n<h1><strong>Kiitos, ett\u00e4 saan k\u00e4ytt\u00e4\u00e4 kuva-arkistosi upeita aarteita t\u00e4ll\u00e4 sivulla. <\/strong><\/h1>\n<h1><strong>Oi, miten kirkas voikaan olla vuorten vesi.<\/strong><\/h1>\n<p>\t\t\t\t\t\t\t\t\t\t\t\t\t<img loading=\"lazy\" decoding=\"async\" width=\"1024\" height=\"542\" src=\"https:\/\/bonis-avibus.fi\/bonis-avibus\/wp-content\/uploads\/2022\/10\/Antti-vuorilla.jpg\" alt=\"\" srcset=\"https:\/\/bonis-avibus.fi\/bonis-avibus\/wp-content\/uploads\/2022\/10\/Antti-vuorilla.jpg 1024w, https:\/\/bonis-avibus.fi\/bonis-avibus\/wp-content\/uploads\/2022\/10\/Antti-vuorilla-300x159.jpg 300w, https:\/\/bonis-avibus.fi\/bonis-avibus\/wp-content\/uploads\/2022\/10\/Antti-vuorilla-768x407.jpg 768w, https:\/\/bonis-avibus.fi\/bonis-avibus\/wp-content\/uploads\/2022\/10\/Antti-vuorilla-800x423.jpg 800w\" sizes=\"auto, (max-width: 1024px) 100vw, 1024px\" \/>\t\t\t\t\t\t\t\t\t\t\t\t\t<\/p>\n<h1><strong>L\u00e4hett\u00e4mist\u00e4si kuvista t\u00e4m\u00e4 alla oleva her\u00e4tti muiston. Siit\u00e4 on aikaa jo vuosia. Asuimme silloin Laukassa, Valkolan kyl\u00e4ll\u00e4. Muistan, kun Areenasta tuli, taisi olla viisiosainen sarja, Etel\u00e4-Afrikan rotusorrosta ja sen p\u00e4\u00e4ttymisest\u00e4. Se sarja kosketti todella syv\u00e4lle. Katsoin kahteen kertaan. Erityisherk\u00e4ll\u00e4 kyyneleet virtasivat, varsinkin ilosta, ett\u00e4 lopultakin sorretut ihmiset saivat vapauden el\u00e4\u00e4.\u00a0<\/strong><\/h1>\n<h1><strong> Desmond Tutun kirja, Anteeksiantaminen -tie tulevaisuuteen, oli minulle merkitt\u00e4v\u00e4. Kun t\u00e4t\u00e4 sivua tehdess\u00e4ni \u00e4sken selailin kirjaa uudelleen, olin alleviivannut monia kohtia. T\u00e4m\u00e4 on yksi niist\u00e4: &#8221;<em>Armahduksen ja hyvityksen tie on se, jonka kansamme valitsi matkallaan kohti lupausta paremmasta tulevaisuudesta.<\/em>&#8221;<\/strong><\/h1>\n<p>\t\t\t\t\t\t\t\t\t\t\t\t\t<img loading=\"lazy\" decoding=\"async\" width=\"1024\" height=\"683\" src=\"https:\/\/bonis-avibus.fi\/bonis-avibus\/wp-content\/uploads\/2022\/10\/Antti-ja-Tutu.jpg\" alt=\"\" srcset=\"https:\/\/bonis-avibus.fi\/bonis-avibus\/wp-content\/uploads\/2022\/10\/Antti-ja-Tutu.jpg 1024w, https:\/\/bonis-avibus.fi\/bonis-avibus\/wp-content\/uploads\/2022\/10\/Antti-ja-Tutu-300x200.jpg 300w, https:\/\/bonis-avibus.fi\/bonis-avibus\/wp-content\/uploads\/2022\/10\/Antti-ja-Tutu-768x512.jpg 768w, https:\/\/bonis-avibus.fi\/bonis-avibus\/wp-content\/uploads\/2022\/10\/Antti-ja-Tutu-800x534.jpg 800w, https:\/\/bonis-avibus.fi\/bonis-avibus\/wp-content\/uploads\/2022\/10\/Antti-ja-Tutu-272x182.jpg 272w\" sizes=\"auto, (max-width: 1024px) 100vw, 1024px\" \/>\t\t\t\t\t\t\t\t\t\t\t\t\t<\/p>\n<h1><strong>Antti\u00a0<\/strong><strong><span class=\"sce_emoji-heart\" title=\"heart\"><\/span><\/strong><\/h1>\n<h1><strong>Sinulle runon kirjoittamisprosessini kulki omia polkujaan. Se kohta, jossa kerrot sovintoprosessin jaetusta unelmasta, alkoi minussa synnytt\u00e4\u00e4 ajatuksen mielikuvaharjoituksesta. Idea syntyi yhten\u00e4 y\u00f6n\u00e4 el\u00e4m\u00e4nteht\u00e4v\u00e4\u00e4si pohtiessani. Makoilin tuvan riippumatossa runon taustamusiikkia kuunnellen. Miten t\u00e4rke\u00e4\u00e4 onkaan sovinto ihmisten v\u00e4lill\u00e4. Ja rakkaus, kaikista merkitt\u00e4vint\u00e4, mit\u00e4 meill\u00e4 t\u00e4\u00e4ll\u00e4 on.<\/strong><\/h1>\n<h1><strong>Klikkaa ensin alla oleva musiikki soimaan taustalle ja sen j\u00e4lkeen klikkaa play -napista runoni.<\/strong><\/h1>\n<h1><strong>Mik\u00e4li musiikkiupotuksessa lukee &#8221;Video ei ole k\u00e4ytett\u00e4viss\u00e4&#8221;, lataa runoni uudestaan. Silloin, ainakin minulla, upea kappale Shivaratri (<\/strong><strong style=\"font-size: 1.5rem;\">Benjy Wertheimer &amp; John De Kadt)\u00a0<\/strong><strong>aukeaa kuunneltavaksi.<\/strong><\/h1>\n<p>https:\/\/youtu.be\/QqVJxYlm4MY<\/p>\n<h2><div class=\"compact_audio_player_wrapper\"><div class=\"sc_player_container1\"><input type=\"button\" id=\"btnplay_69eb78f2ada9c1.81872224\" class=\"myButton_play\" onClick=\"play_mp3('play','69eb78f2ada9c1.81872224','https:\/\/bonis-avibus.fi\/bonis-avibus\/wp-content\/uploads\/2022\/10\/Antille-runo.mp3','80','false');show_hide('play','69eb78f2ada9c1.81872224');\" \/><input type=\"button\"  id=\"btnstop_69eb78f2ada9c1.81872224\" style=\"display:none\" class=\"myButton_stop\" onClick=\"play_mp3('stop','69eb78f2ada9c1.81872224','','80','false');show_hide('stop','69eb78f2ada9c1.81872224');\" \/><div id=\"sm2-container\"><!-- flash movie ends up here --><\/div><\/div><\/div> <strong>T\u00e4t\u00e4 painiketta klikkaamalla voit kuunnella runoesitykseni. <\/strong><\/h2>\n<h2><strong>Hengit\u00e4 syv\u00e4\u00e4n muutama kerta. Ett\u00e4 p\u00e4\u00e4sisit runon tunnelmaan, on alussa on pitk\u00e4hk\u00f6 hetki vain musiikkia. Sitten audiorunonikin alkaa kuulumaan. Anna s\u00e4velten avata tiet\u00e4 sanojen tulla syd\u00e4meesi <span class=\"sce_emoji-heart\" title=\"heart\"><\/span><\/strong><\/h2>\n<h2><strong>Jos haluat, voit sulkea jo t\u00e4ss\u00e4 vaiheessa silm\u00e4si.\u00a0<\/strong><\/h2>\n\r\n\t\t<div class=\"magee-expand \" id=\"\" data-less-icon=\"fa-arrow-circle-up\" data-less-icon-color=\"#002a8e\" data-less-text=\"Piilota\" data-more-icon=\"fa-arrow-circle-down\" data-more-icon-color=\"#002a8e\" data-more-text=\"Napsauttamalla t\u00e4t\u00e4 l\u00f6ytyy runoni kirjallinen versio\">\r\n            <div class=\"expand-control control-tkni9i\"><i class=\"fa fa-arrow-circle-down\" style=\"color:#002a8e;\"><\/i> Napsauttamalla t\u00e4t\u00e4 l\u00f6ytyy runoni kirjallinen versio<\/div>\r\n\t\t\t\t<div class=\"expand-content\" style=\"display:none;\">\r\n\t\t\t\t\t<\/p>\n<p>Her\u00e4sin.<\/p>\n<p>T\u00e4m\u00e4 hetki y\u00f6st\u00e4, kaikista pimein,<\/p>\n<p>kuin kohta ihmiskunnan tarinaa.\u00a0<\/p>\n<p>Ei viel\u00e4 mit\u00e4\u00e4n tietoa,<\/p>\n<p>ei tulevasta kirjoitettua historiaa.\u00a0<\/p>\n<p>Niin monet pelk\u00e4\u00e4v\u00e4t! Nyt, jos koska, kaivataan rauhaa.<\/p>\n<p>Her\u00e4sin kesken unen,<\/p>\n<p>tulin tuvan p\u00f6yd\u00e4n \u00e4\u00e4reen ja sytytin tuikun.<\/p>\n<p>Laitoin sen syd\u00e4men sis\u00e4\u00e4n.<\/p>\n<p>Nostin Valon pohjoisesta sinun tuomasi kiven p\u00e4\u00e4lle.<\/p>\n<p>Siit\u00e4 minua katsoivat lukemattomat kasvot.<\/p>\n<p>Kiven v\u00e4ri,\u00a0<\/p>\n<p>valkoinen,\u00a0<\/p>\n<p>kuin Nelson Mandelan sinulle aikoinaan antaman. Sen saamasi sin\u00e4 ojensit eteenp\u00e4in saamenmaan ihmiselle, arvostamallesi.<\/p>\n<p>Ne tuomasi kivet ovat merkityksellisi\u00e4 minulle, t\u00e4rkeit\u00e4. Yksi niist\u00e4 on Yyke\u00e4n vuonolta, Lassagammin rannalta. Siell\u00e4 h\u00e4n, minuun syv\u00e4sti vaikuttanut runoilija, Valkeap\u00e4\u00e4n Ailu eli viimeiset aikansa.<\/p>\n<p>Antti,<\/p>\n<p>Sinun polkusi t\u00e4ss\u00e4 maailmankaikkeudessa,\u00a0<\/p>\n<p>matka satutettujen,\u00a0<\/p>\n<p>k\u00e4rsivien ihmisten luokse.<\/p>\n<p>Kuinka monta kertaa oletkaan ollut rauhan rakentajana.<\/p>\n<p>Valmistanut ensin syd\u00e4nten maaper\u00e4\u00e4 otolliseksi,\u00a0<\/p>\n<p>sulattanut sanoillasi routaa.\u00a0<\/p>\n<p>Antti!<\/p>\n<p>Mist\u00e4 tulee se l\u00e4mp\u00f6 ja lempeys, joka sinusta heijastuu? Ent\u00e4 kuka on avannut sinulle viisauden l\u00e4hteens\u00e4?<\/p>\n<p>Ja mist\u00e4 on kotoisin se rauha, armollisuus, syv\u00e4 l\u00e4sn\u00e4olo ja l\u00e4sn\u00e4ilo, jonka sinusta aistin.<\/p>\n<p>Ovatko n\u00e4m\u00e4 kaikki tulleet sielt\u00e4 ihan varhaisuudesta asti vai my\u00f6hemmin kirkkaitten pulppuavien l\u00e4hteiden ja virtaavien vesien \u00e4\u00e4relt\u00e4, er\u00e4maan hiljaisuudesta.\u00a0<\/p>\n<p>Ja ketk\u00e4 ovat olleet opettajiasi; vanhempasiko vaiko \u00c4itimaa, maariank\u00e4mmek\u00e4t, punakuirit, haukat, korpit, rakastamasi joutsenet vai ajattoman viisausperinteen kantajat, Siperian shamaanit. Kaikkiko he el\u00e4m\u00e4n kanssa ovat tehneet sinusta juuri sinut?<\/p>\n<p>Ent\u00e4 mik\u00e4 merkitys onkaan ollut takassa r\u00e4iskyv\u00e4ll\u00e4 tulella tai kairoihin sytytetyll\u00e4. Mit\u00e4 tarinoita nuotiot ovat sinulle kertoneet?<\/p>\n<p>Kiitos Antti syd\u00e4mell\u00e4 kuuntelustasi. Olet pys\u00e4htynyt vierelleni, antanut tilaa minun, monessa sodassa haavoittuneen kyyneleille. Parantava henkesi on saanut hell\u00e4si hoitaa satutettua, kipuun eksynytt\u00e4.<\/p>\n<p>Tied\u00e4n, ett\u00e4 sinulla on unelma,<\/p>\n<p>ihmiselt\u00e4 ihmiselle ulottuva sovinnon tie, syd\u00e4mest\u00e4 syd\u00e4meen kulkeva anteeksianto ja kaiken pohjalla rakkaus.<\/p>\n<p>Sinulla on unelma,<\/p>\n<p>ett\u00e4 meiss\u00e4 rauha voisi tulla todeksi, n\u00e4kyv\u00e4ksi.<\/p>\n<p>Antti.<\/p>\n<p>Sin\u00e4 kerroit n\u00e4in yhdess\u00e4 artikkelissa:<\/p>\n<p>&#8221;T\u00e4rkeint\u00e4 nyt on, jos voin auttaa ihmisi\u00e4 muistamaan, ett\u00e4 sopiminen on mahdollista.&#8221;<\/p>\n<p>Ja sitten viel\u00e4 syvensit toivettasi:<\/p>\n<p>&#8221;Jokaisen sovintoprosessin syd\u00e4mess\u00e4 on yksitt\u00e4isi\u00e4 ihmisi\u00e4, joiden kautta unelma sovinnosta syntyy. Prosessin k\u00e4ynnistymisen kannalta olennaista on tehd\u00e4 siit\u00e4 jaettu unelma.\u201d<\/p>\n<p>Annetaanko jo t\u00e4n\u00e4\u00e4n tulla sovinnosta jaettu unelma?<\/p>\n<p>Voisimmeko oikeasti nyt t\u00e4\u00e4ll\u00e4, me jokainen, Sinun juhlasi kunniaksi, aloittaa sovinnonteon?<\/p>\n<p>Juuri te ja me, siell\u00e4 kukin omalla paikallanne istuvat. Jos haluatte?<\/p>\n<p>Sulkekaa ensin hetkeksi silm\u00e4nne.<\/p>\n<p>T\u00e4\u00e4ll\u00e4 olemme kaikki hyv\u00e4ss\u00e4 turvassa, rakastavan heimon keskell\u00e4.<\/p>\n<p>Hengitt\u00e4k\u00e4\u00e4 syv\u00e4\u00e4n.\u00a0<\/p>\n<p>Hyv\u00e4&#8230; juuri noin.<\/p>\n<p>T\u00e4m\u00e4 on pelosta vapaa vy\u00f6hyke. Aistikaa hetki el\u00e4m\u00e4nne tarinaa. Antakaa sielt\u00e4 nousta mieleenne h\u00e4net tai heid\u00e4t, jotka ovat teit\u00e4 haavoittaneet, viel\u00e4 el\u00e4v\u00e4t tai jo edesmenneet. N\u00e4hk\u00e4\u00e4 heid\u00e4t edess\u00e4nne.\u00a0<\/p>\n<p>Antakaa rakkauden sulattaa j\u00e4it\u00e4 v\u00e4lilt\u00e4nne. Huomaatteko, miten syd\u00e4menne kohdalla alkaa tuntua l\u00e4mp\u00f6\u00e4.<\/p>\n<p>Avatkaa sitten k\u00e4ttenne. P\u00e4\u00e4st\u00e4k\u00e4\u00e4 varovasti irti siit\u00e4, mit\u00e4 kipe\u00e4\u00e4 olette joutuneet kantamaan mukananne.<\/p>\n<p>Antakaa anteeksi.<\/p>\n<p>Tehk\u00e4\u00e4 sitten viel\u00e4 toinen osa sovinnosta. Kuvitelkaa eteenne h\u00e4net tai heid\u00e4t, joita te itse olette haavoittaneet matkanne varrella.<\/p>\n<p>Avatkaa k\u00e4mmenenne rauhan merkiksi ja pyyt\u00e4k\u00e4\u00e4 h\u00e4nelt\u00e4 tai heilt\u00e4 anteeksi.<\/p>\n<p>Hengitt\u00e4k\u00e4\u00e4 syv\u00e4\u00e4n my\u00f6t\u00e4tuntoa ja rakkautta.<\/p>\n<p>Palatkaa sitten t\u00e4h\u00e4n hetkeen.\u00a0<\/p>\n<p>Avatkaa silm\u00e4nne.<\/p>\n<p>Kiitos Antti yst\u00e4vyydest\u00e4si, kiitos siit\u00e4 Valosta, jota olet tuonut el\u00e4m\u00e4si aikana niin monelle, h\u00e4m\u00e4r\u00e4n reunoilla hapuilevalle. Aivan jokaisella on sielunsa pime\u00e4 y\u00f6 jossain vaiheessa el\u00e4m\u00e4\u00e4, omann\u00e4k\u00f6inen. Ja se on ihme, ett\u00e4 juuri<\/p>\n<p>pimein aika muuttuukin suurimman kasvun kirkkaimmaksi l\u00e4hteeksi, Valoksi.<\/p>\n<p>Antti!<\/p>\n<p>Sinun sanasi j\u00e4\u00e4k\u00f6\u00f6n el\u00e4m\u00e4\u00e4n,\u00a0<\/p>\n<p>kuin testamenttina,<\/p>\n<p>sukupolvelta toiselle:<\/p>\n<p>&#8221;Sovinto on se aarre, joka mahdollistaa pysyv\u00e4n rauhan.&#8221;<\/p>\n<p>Kiitos Antti\u00a0<\/p>\n<p>Kiitos\u00a0<\/p>\n<p>Onnea ja intiaanikansojen kutsuman Suuren Hengen siunausta.<\/p>\n<p>L\u00e4mm\u00f6ll\u00e4 sielunveljesi Ukko<\/p>\n<div class=\" divider magee-divider magee-shortcode divider-j388wm divider-shadow\" id=\"\"><div class=\"divider-inner divider-border\"><\/div><\/div> \r\n\t\t\t\t<\/div>\r\n\t\t\t<\/div>\n<p>\t\t\t\t\t\t\t\t\t\t\t\t\t<img loading=\"lazy\" decoding=\"async\" width=\"768\" height=\"1024\" src=\"https:\/\/bonis-avibus.fi\/bonis-avibus\/wp-content\/uploads\/2022\/10\/Tunturipuro.jpg\" alt=\"\" srcset=\"https:\/\/bonis-avibus.fi\/bonis-avibus\/wp-content\/uploads\/2022\/10\/Tunturipuro.jpg 768w, https:\/\/bonis-avibus.fi\/bonis-avibus\/wp-content\/uploads\/2022\/10\/Tunturipuro-225x300.jpg 225w\" sizes=\"auto, (max-width: 768px) 100vw, 768px\" \/>\t\t\t\t\t\t\t\t\t\t\t\t\t<\/p>\n<h1><strong>Antti <\/strong><strong><span class=\"sce_emoji-heart\" title=\"heart\"><\/span><\/strong><\/h1>\n<h1><strong>Sinun <\/strong><strong style=\"font-size: 1.5rem;\">ottamastasi, y<\/strong><strong style=\"font-size: 1.5rem;\">ll\u00e4 olevasta<\/strong><strong style=\"font-size: 1.5rem;\"> kuvasta, tulee mieleen yksi runoni. Se liittyy kirkkaisiin vesiin.\u00a0<\/strong><\/h1>\n<h1><strong style=\"font-size: 1.5rem;\">T\u00e4st\u00e4 voit klikata &#8221;<em><a href=\"https:\/\/bonis-avibus.fi\/bonis-avibus\/tunturipurojen-viisaus\/\" target=\"_blank\" rel=\"noopener\">Tunturipurojen viisaus<\/a><\/em>&#8221; runoni.<\/strong><\/h1>\n<p>\t\t\t\t\t\t\t\t\t\t\t\t\t<img loading=\"lazy\" decoding=\"async\" width=\"889\" height=\"369\" src=\"https:\/\/bonis-avibus.fi\/bonis-avibus\/wp-content\/uploads\/2022\/10\/Joutsenet.jpg\" alt=\"\" srcset=\"https:\/\/bonis-avibus.fi\/bonis-avibus\/wp-content\/uploads\/2022\/10\/Joutsenet.jpg 889w, https:\/\/bonis-avibus.fi\/bonis-avibus\/wp-content\/uploads\/2022\/10\/Joutsenet-300x125.jpg 300w, https:\/\/bonis-avibus.fi\/bonis-avibus\/wp-content\/uploads\/2022\/10\/Joutsenet-768x319.jpg 768w, https:\/\/bonis-avibus.fi\/bonis-avibus\/wp-content\/uploads\/2022\/10\/Joutsenet-800x332.jpg 800w\" sizes=\"auto, (max-width: 889px) 100vw, 889px\" \/><\/p>\n","protected":false},"excerpt":{"rendered":"<p>Onnea sinulle, Antti yst\u00e4v\u00e4ni, 50 auringonkiertoa t\u00e4m\u00e4n Telluksen mukana oltuasi T\u00e4lt\u00e4 sivulta l\u00f6yd\u00e4t sen runoni, joka sai kantaesityksen juhlissasi Lauttasaaren kirkossa pejantaina 14.10.2022. Kiitos, ett\u00e4 saan k\u00e4ytt\u00e4\u00e4 kuva-arkistosi upeita aarteita t\u00e4ll\u00e4 sivulla. Oi, miten kirkas voikaan olla vuorten vesi. L\u00e4hett\u00e4mist\u00e4si kuvista t\u00e4m\u00e4 alla oleva her\u00e4tti muiston. Siit\u00e4 on aikaa jo vuosia. Asuimme silloin Laukassa, Valkolan kyl\u00e4ll\u00e4. Muistan, kun Areenasta tuli,<\/p>\n<p><a class=\"more-link\" href=\"https:\/\/bonis-avibus.fi\/bonis-avibus\/antti-50-v\/\">Read More<\/a><\/p>\n","protected":false},"author":1,"featured_media":0,"parent":0,"menu_order":0,"comment_status":"closed","ping_status":"closed","template":"","meta":{"footnotes":""},"class_list":["post-10427","page","type-page","status-publish","hentry"],"_links":{"self":[{"href":"https:\/\/bonis-avibus.fi\/bonis-avibus\/wp-json\/wp\/v2\/pages\/10427","targetHints":{"allow":["GET"]}}],"collection":[{"href":"https:\/\/bonis-avibus.fi\/bonis-avibus\/wp-json\/wp\/v2\/pages"}],"about":[{"href":"https:\/\/bonis-avibus.fi\/bonis-avibus\/wp-json\/wp\/v2\/types\/page"}],"author":[{"embeddable":true,"href":"https:\/\/bonis-avibus.fi\/bonis-avibus\/wp-json\/wp\/v2\/users\/1"}],"replies":[{"embeddable":true,"href":"https:\/\/bonis-avibus.fi\/bonis-avibus\/wp-json\/wp\/v2\/comments?post=10427"}],"version-history":[{"count":50,"href":"https:\/\/bonis-avibus.fi\/bonis-avibus\/wp-json\/wp\/v2\/pages\/10427\/revisions"}],"predecessor-version":[{"id":12611,"href":"https:\/\/bonis-avibus.fi\/bonis-avibus\/wp-json\/wp\/v2\/pages\/10427\/revisions\/12611"}],"wp:attachment":[{"href":"https:\/\/bonis-avibus.fi\/bonis-avibus\/wp-json\/wp\/v2\/media?parent=10427"}],"curies":[{"name":"wp","href":"https:\/\/api.w.org\/{rel}","templated":true}]}}