{"id":11834,"date":"2023-08-19T21:11:49","date_gmt":"2023-08-19T18:11:49","guid":{"rendered":"https:\/\/bonis-avibus.fi\/bonis-avibus\/?page_id=11834"},"modified":"2024-06-17T18:34:34","modified_gmt":"2024-06-17T15:34:34","slug":"runo-yrittajille-parastamohanke-2023-ukko-karkkainen","status":"publish","type":"page","link":"https:\/\/bonis-avibus.fi\/bonis-avibus\/runo-yrittajille-parastamohanke-2023-ukko-karkkainen\/","title":{"rendered":"Runo yritt\u00e4jille Parastamohanke 2023 (Ukko K\u00e4rkk\u00e4inen)"},"content":{"rendered":"<p><img loading=\"lazy\" decoding=\"async\" width=\"408\" height=\"779\" src=\"https:\/\/bonis-avibus.fi\/bonis-avibus\/wp-content\/uploads\/2023\/08\/PARASTOHENKKEEN-KUVA.jpg\" alt=\"\" srcset=\"https:\/\/bonis-avibus.fi\/bonis-avibus\/wp-content\/uploads\/2023\/08\/PARASTOHENKKEEN-KUVA.jpg 408w, https:\/\/bonis-avibus.fi\/bonis-avibus\/wp-content\/uploads\/2023\/08\/PARASTOHENKKEEN-KUVA-157x300.jpg 157w\" sizes=\"auto, (max-width: 408px) 100vw, 408px\" \/><br \/>\n\t\t\t\t\t\t\t\t\t\t\t\t\t<img loading=\"lazy\" decoding=\"async\" width=\"1024\" height=\"768\" src=\"https:\/\/bonis-avibus.fi\/bonis-avibus\/wp-content\/uploads\/2023\/08\/Langinkoski-1024x768.jpg\" alt=\"\" srcset=\"https:\/\/bonis-avibus.fi\/bonis-avibus\/wp-content\/uploads\/2023\/08\/Langinkoski-1024x768.jpg 1024w, https:\/\/bonis-avibus.fi\/bonis-avibus\/wp-content\/uploads\/2023\/08\/Langinkoski-300x225.jpg 300w, https:\/\/bonis-avibus.fi\/bonis-avibus\/wp-content\/uploads\/2023\/08\/Langinkoski-768x576.jpg 768w, https:\/\/bonis-avibus.fi\/bonis-avibus\/wp-content\/uploads\/2023\/08\/Langinkoski-800x600.jpg 800w, https:\/\/bonis-avibus.fi\/bonis-avibus\/wp-content\/uploads\/2023\/08\/Langinkoski-400x300.jpg 400w, https:\/\/bonis-avibus.fi\/bonis-avibus\/wp-content\/uploads\/2023\/08\/Langinkoski.jpg 1388w\" sizes=\"auto, (max-width: 1024px) 100vw, 1024px\" \/>\t\t\t\t\t\t\t\t\t\t\t\t\t<\/p>\n<h2><strong>Tervetuloa kuuntelemaan yritt\u00e4jille kirjoittamaani runoa. Klikkaa ensin alla olevaa musiikkilinkki\u00e4. Kappale on Eclipse (Re-Envisioned), s\u00e4velt\u00e4j\u00e4 Helen Jene Long, pianisti Zack Sottolano. Mik\u00e4li se ei avaudu, klikkaa runolinkki uudestaan. Joskus n\u00e4k\u00f6j\u00e4\u00e4n jostain syyst\u00e4 tarvitaan kaksi starttia?<\/strong><\/h2>\n<h2><strong>Sen j\u00e4lkeen klikkaamalla Youtube upotuksen alla olevaa audion nappulaa,\u00a0 saat runoesitykseni kuulumaan. Anna runoni kuulua musiikin taustalla. Suosittelen, ett\u00e4 kuuntelet silm\u00e4t suljettuina musiikkia ja runoani.<\/strong><\/h2>\n<h2><strong>Runon kuuntelemisen j\u00e4lkeen voit viel\u00e4 musiikin soidessa taustalla lukea tarinani t\u00e4st\u00e4 runostani.<\/strong><\/h2>\n<p>https:\/\/www.youtube.com\/watch?v=0CZ6Gpoogjg&#038;t=2s<\/p>\n<p><div class=\"compact_audio_player_wrapper\"><div class=\"sc_player_container1\"><input type=\"button\" id=\"btnplay_69eb7a3df39ab4.23182390\" class=\"myButton_play\" onClick=\"play_mp3('play','69eb7a3df39ab4.23182390','https:\/\/bonis-avibus.fi\/bonis-avibus\/wp-content\/uploads\/2023\/08\/Parastamolle-runo-64-kbs-2-komp.mp3','80','false');show_hide('play','69eb7a3df39ab4.23182390');\" \/><input type=\"button\"  id=\"btnstop_69eb7a3df39ab4.23182390\" style=\"display:none\" class=\"myButton_stop\" onClick=\"play_mp3('stop','69eb7a3df39ab4.23182390','','80','false');show_hide('stop','69eb7a3df39ab4.23182390');\" \/><div id=\"sm2-container\"><!-- flash movie ends up here --><\/div><\/div><\/div> <strong>T\u00e4t\u00e4 klikkaamalla voit kuunnella runoni.<\/strong><\/p>\n\r\n\t\t<div class=\"magee-expand \" id=\"\" data-less-icon=\"fa-arrow-circle-up\" data-less-icon-color=\"#002a8e\" data-less-text=\"Piilota\" data-more-icon=\"fa-arrow-circle-down\" data-more-icon-color=\"#002a8e\" data-more-text=\"Napsauttamalla t\u00e4t\u00e4 l\u00f6ytyy runoni kirjallinen versio\">\r\n            <div class=\"expand-control control-eh0zz3\"><i class=\"fa fa-arrow-circle-down\" style=\"color:#002a8e;\"><\/i> Napsauttamalla t\u00e4t\u00e4 l\u00f6ytyy runoni kirjallinen versio<\/div>\r\n\t\t\t\t<div class=\"expand-content\" style=\"display:none;\">\r\n\t\t\t\t\t<\/p>\n<p>Ett\u00e4 miksik\u00f6 yrit\u00e4n?<\/p>\n<p>T\u00e4m\u00e4h\u00e4n on juuri sit\u00e4,<\/p>\n<p>jota haluan tehd\u00e4.<\/p>\n<p>T\u00e4\u00e4 on oikeesti mun juttuni.<\/p>\n<p>Aika usein kyll\u00e4 mietin,<\/p>\n<p>miten sovitan kaikki n\u00e4m\u00e4 liikkuvat osat yhteen,<\/p>\n<p>miten pid\u00e4n kasassa el\u00e4m\u00e4ni n\u00e4k\u00f6isen palapelin.<\/p>\n<p>Niin paljon asioita!<\/p>\n<p>Asiakassuhteet t\u00e4rke\u00e4\u00e4 hoitaa huolella.<\/p>\n<p>Olenko nyt varmasti muistanut tarvittavat,<\/p>\n<p>alvit jo maksoinkin<\/p>\n<p>ja my\u00f6s ne ylim\u00e4\u00e4r\u00e4iset.<\/p>\n<p>On se kyll\u00e4 v\u00e4lill\u00e4 merkillinen tuo raha,<\/p>\n<p>varsinkin silloin, kun sit\u00e4 on v\u00e4h\u00e4n!<\/p>\n<p>K\u00e4sitt\u00e4m\u00e4tt\u00f6m\u00e4n paljon voimia viev\u00e4.<\/p>\n<p>Mutta onneksi tilill\u00e4 on viel\u00e4<\/p>\n<p>ja kortit laulaa kotiin p\u00e4in.<\/p>\n<p>Moni puhuu kiireest\u00e4!<\/p>\n<p>Joku kertoi, ett\u00e4 nopeuden kasvaessa maailma katoaa ymp\u00e4rilt\u00e4.<\/p>\n<p>Onkohan minulle k\u00e4ym\u00e4ss\u00e4 niin?<\/p>\n<p>Miten saisin aikani itselleni takaisin, omaan hallintaani?<\/p>\n<p>Viime viikollakin meni monia tunteja somessa,<\/p>\n<p>aivan huomaamatta.<\/p>\n<p>Kyll\u00e4h\u00e4n siell\u00e4 joskus jotain kiinnostavaa<\/p>\n<p>ja omille postauksille kavereitten peukutukset ja syd\u00e4met tuntuvat hyv\u00e4lt\u00e4.<\/p>\n<p>Ja yritt\u00e4misess\u00e4 netist\u00e4 on ollut kyll\u00e4 hy\u00f6ty\u00e4.<\/p>\n<p>Mutta mik\u00e4 ihme siin\u00e4 on,<\/p>\n<p>ett\u00e4 kun v\u00e4lill\u00e4 erehtyy tarkistamaan, siis ihan pienesti jotain k\u00e4nnyk\u00e4lt\u00e4,<\/p>\n<p>niin miten helposti sit\u00e4 eksyy selaamaan vaan kaikenlaista turhaa<\/p>\n<p>ja tunti toisensa j\u00e4lkeen vilahtaa aivan hukkaan yritt\u00e4miselt\u00e4, ihmissuhteilta ja varsinkin el\u00e4m\u00e4lt\u00e4.<\/p>\n<p>T\u00e4ss\u00e4 taannoin tapasin pitk\u00e4st\u00e4 aikaa yst\u00e4v\u00e4ni, yritt\u00e4j\u00e4n.<\/p>\n<p>H\u00e4n kertoi, miten vaikea p\u00e4\u00e4t\u00f6s olikaan ollut lopettaa,<\/p>\n<p>avata k\u00e4det siit\u00e4, mik\u00e4 ei en\u00e4\u00e4 tuonut iloa, eik\u00e4 kunnollista toimeentuloa.<\/p>\n<p>Vaikka h\u00e4nelt\u00e4 innostus siihen yritt\u00e4miseen oli kadonnut,<\/p>\n<p>niin jokin sis\u00e4inen jumi, pakko, vaati vain jatkamaan.<\/p>\n<p>Ennen kuin yritt\u00e4j\u00e4 oli p\u00e4\u00e4st\u00e4nyt hehkunsa kadottaneesta, puuduttavasta toiminnasta irti,<\/p>\n<p>oli h\u00e4n ottanut itselleen aikaa. Yritt\u00e4j\u00e4 oli miettinyt, kuka h\u00e4n ihmisen\u00e4 oikeastaan on<\/p>\n<p>ja millaisia unelmia h\u00e4nell\u00e4 on sis\u00e4ll\u00e4\u00e4n viel\u00e4 avautumatta?<\/p>\n<p>Silloin alkoi tapahtua h\u00e4nelle jotain merkillist\u00e4?<\/p>\n<p>Yst\u00e4v\u00e4ni olikin l\u00f6yt\u00e4nyt yll\u00e4tt\u00e4en aivan uudenlaisen yritysidea, vaalean vihre\u00e4n verson.<\/p>\n<p>Siin\u00e4 kahvip\u00f6yd\u00e4n \u00e4\u00e4ress\u00e4 istuessa huomasin, miten t\u00e4m\u00e4n ihmisen kanssa oli helppo olla.<\/p>\n<p>H\u00e4nest\u00e4 v\u00e4littyi my\u00f6t\u00e4tunto, jokin mystinen itsens\u00e4 ja teht\u00e4v\u00e4ns\u00e4 l\u00f6yt\u00e4neen l\u00e4mp\u00f6.<\/p>\n<p>Yst\u00e4v\u00e4 kysyi, haluaisinko alkaa tekem\u00e4\u00e4n h\u00e4nen kanssaan kokonaan uutta liiketoimintaa?<\/p>\n<p>Lupasin mietti\u00e4. Kotiin kulkiessa pohdin omaa yritt\u00e4j\u00e4n polkuani.<\/p>\n<p>Onko t\u00e4m\u00e4 ty\u00f6ni sit\u00e4, mit\u00e4 todella tahdon tehd\u00e4? Se kipin\u00e4, josta syttyi t\u00e4m\u00e4 tekeminen,<\/p>\n<p>jossa innostukseni hehkui. Juuri seh\u00e4n oli ollut minun juttuni. L\u00e4mmittik\u00f6 se viel\u00e4 syd\u00e4nt\u00e4ni?<\/p>\n<p>Mietin, l\u00e4htisink\u00f6 mukaan h\u00e4nen kutsumalle ja minuakin kiinnostavalle polulle?<\/p>\n<p>Onneksi oli t\u00e4m\u00e4 yritt\u00e4jille suunnattu hanke.<\/p>\n<p>Se vahvisti minun omaa polkuani.<\/p>\n<p>Muista olleeni ajoittain aika hukassa.<\/p>\n<p>En voinut kuvitella,<\/p>\n<p>miten t\u00e4rkeit\u00e4 n\u00e4m\u00e4 tapaamiset olivatkaan minulle,<\/p>\n<p>yksin asioita pohtivalle!<\/p>\n<p>Minua auttoivat paljon monet asiantuntijat ja hankety\u00f6ntekij\u00e4t.<\/p>\n<p>Heilt\u00e4 sain arvokkaita vinkkej\u00e4 markkinointiin, palvelumuotoiluun ja moneen muuhunkin.<\/p>\n<p>Moni asia selvisi. Ty\u00f6nohjauksessa sain katsoa omaa yritt\u00e4mist\u00e4ni kannustavasta peilist\u00e4.<\/p>\n<p>Ja se, mik\u00e4 tuntui erityisen hyv\u00e4lt\u00e4,<\/p>\n<p>oli saada v\u00e4lill\u00e4 tavata ja olla yhteydess\u00e4 muihin yritt\u00e4jiin,<\/p>\n<p>jotka ymm\u00e4rsiv\u00e4t moninaisuudessa kamppailevan tilanteeni.<\/p>\n<p>Oli yritt\u00e4ji\u00e4, joilla kotona ty\u00f6p\u00e4iv\u00e4 jatkui,<\/p>\n<p>ruokaa perheelle, tiskit koneeseen, pyykit.<\/p>\n<p>Niin paljon hoidettava asioita yritt\u00e4misen lis\u00e4ksi.<\/p>\n<p>Oli oltava yhteydess\u00e4 p\u00e4iv\u00e4hoitoon, kouluun. Ja mietitytti oma is\u00e4 ja \u00e4iti, jotka vanhenivat.<\/p>\n<p>Ja t\u00e4rkeimm\u00e4n ihmissuhteen hoitoon oli liian v\u00e4h\u00e4n kahdenkeskeist\u00e4 aikaa.<\/p>\n<p>Tuntui hyv\u00e4lt\u00e4 kohdata ihmisi\u00e4,<\/p>\n<p>jotka v\u00e4littiv\u00e4t, antoivat tilaa ja aikaa minulle.<\/p>\n<p>Oli niin hyv\u00e4\u00e4 tekev\u00e4\u00e4 olla vertaisryhm\u00e4ss\u00e4 ja asiantuntijatkin olivat kuin ty\u00f6kavereilta.<\/p>\n<p>Sain olla tarvitseva. Sain toivoa tulevaisuuteen.<\/p>\n<p>Pystyin my\u00f6s itse jakamaan omaa hiljaista tietoani. Joku kertoi saaneensa minulta hyvi\u00e4 vinkkej\u00e4.<\/p>\n<p>Sen yritt\u00e4j\u00e4yst\u00e4v\u00e4ni kohtaamisen j\u00e4lkeen tein omasta toiminnastani inventaarion. Pohdin, ovatko asiat t\u00e4ss\u00e4 nykyisess\u00e4 tekemisess\u00e4ni tasapainossa?<\/p>\n<p>Mietin yritykseni tulevaisuusmuotoilua! Millaiselta n\u00e4ytt\u00e4\u00e4 teht\u00e4v\u00e4ni vuosien p\u00e4\u00e4st\u00e4?<\/p>\n<p>Pit\u00e4\u00e4k\u00f6 jotain toimintaa muuttaa, ehk\u00e4 v\u00e4hent\u00e4\u00e4 vai onko hyv\u00e4 nyt avata todellakin jokin uusi ikkuna t\u00e4h\u00e4n omaan yritt\u00e4miseeni?<\/p>\n<p>Yst\u00e4v\u00e4n pyynt\u00f6 yhdess\u00e4 tekemisest\u00e4 osui johonkin yksin p\u00e4rj\u00e4\u00e4misen kipukohtaani.<\/p>\n<p>Tunnistin turvattomuuden tunteen, joka saavutti minut, varsinkin kriisin hetkiss\u00e4. L\u00e4heisetk\u00e4\u00e4n eiv\u00e4t v\u00e4ltt\u00e4m\u00e4tt\u00e4 n\u00e4hneet sis\u00e4ll\u00e4ni sit\u00e4 pient\u00e4 avutonta lasta, jota niin monet asiat pelottivat.<\/p>\n<p>Tein p\u00e4\u00e4t\u00f6ksen, etten l\u00e4hde kuitenkaan yst\u00e4v\u00e4ni mukaan.<\/p>\n<p>Otin aikaa ja mietin, miten voisin paremmin pit\u00e4\u00e4 huolta itsest\u00e4ni ja jatkaa omaa yksin yritt\u00e4mist\u00e4.<\/p>\n<p>Ensin katsoin ymp\u00e4rilleni,<\/p>\n<p>ett\u00e4 mitk\u00e4 asiat siell\u00e4 kuormittivat minua, pohdin,<\/p>\n<p>miten veist\u00e4n tulevaisuuteen oman n\u00e4k\u00f6iseni, syd\u00e4meni muotoisen yrityksen.<\/p>\n<p>Tunnistin kuormittuvani my\u00f6s t\u00e4m\u00e4n pelkojen ja sodan marinoiman aikakauden painosta.<\/p>\n<p>Taasko tapahtunut jotain kamalaa.<\/p>\n<p>Otsikot huusivat pahaa oloa ja ep\u00e4varmuutta jokaisessa kassajonossa.<\/p>\n<p>Harkitsin, auttaisikohan, jos pit\u00e4isin uutistauon, jota tutut olivat mielenrauhan hyvin tuloksin jo kokeilleet. Mit\u00e4 minulle tapahtuisi, jos en seuraisikaan hetkeen maailmanmenoa?<\/p>\n<p>Joku kertoi, ett\u00e4 h\u00e4nt\u00e4 on auttanut kiitollisuusk\u00e4vely, jolloin ei py\u00f6rit\u00e4 p\u00e4\u00e4ss\u00e4\u00e4n huolia, vaan joka askeleella vain kiitt\u00e4\u00e4. Joku kertoi aloittavansa jokaisen p\u00e4iv\u00e4n pienell\u00e4 hymyll\u00e4. H\u00e4n kertoi, ett\u00e4 sit\u00e4 kantaessa hymy levi\u00e4\u00e4 kaikkialle, miss\u00e4 sitten kuljetkaan.<\/p>\n<p>Ahdistus oli opettanut minua aiemmin. Se oli aina ollut muistutus:<\/p>\n<p>Nyt on aika l\u00e4hte\u00e4 lenkille,<\/p>\n<p>aika menn\u00e4 mets\u00e4\u00e4n,<\/p>\n<p>aika kulkea rannalle.<\/p>\n<p>On istuttava alas, annettava itselle aikaa,<\/p>\n<p>pys\u00e4hdytt\u00e4v\u00e4,<\/p>\n<p>hengitett\u00e4v\u00e4 syv\u00e4\u00e4n,<\/p>\n<p>kuunneltava kiireisen h\u00e4lyn kaikottua omaa syd\u00e4nt\u00e4.<\/p>\n<p>Niiss\u00e4 yksinolon hetkiss\u00e4, kuin sieluni olisi palannut takaisin itseeni, kotiin.<\/p>\n<p>Ja miten t\u00e4rke\u00e4\u00e4 olikaan pys\u00e4htymisen j\u00e4lkeen my\u00f6s se,<\/p>\n<p>ett\u00e4 otti v\u00e4lill\u00e4 aktiivisesti yhteytt\u00e4 ymp\u00e4rilleen, n\u00e4ki yst\u00e4vi\u00e4,<\/p>\n<p>oikeasti, kasvoista kasvoihin, ilman k\u00e4nnykk\u00e4\u00e4.<\/p>\n<p>Helpotti, kun sai puhua vaikeistakin asioista.<\/p>\n<p>Kaikkea meid\u00e4n ei tarvitse kantaa yksin ja yhdess\u00e4 jakaen taakka kevenee.<\/p>\n<p>Eik\u00e4 huonoja fiiliksi\u00e4 kannata h\u00e4vet\u00e4.<\/p>\n<p>Niiss\u00e4 kohtaamisissa voi antaa tunteitten virrata,<\/p>\n<p>sallia v\u00e4lill\u00e4 itkunkin tulla.<\/p>\n<p>Kyyneleet puhdistavat ep\u00e4varmuutta t\u00e4ynn\u00e4 olevaa mielt\u00e4.<\/p>\n<p>Miten syv\u00e4lle ja kauas huolien er\u00e4maahan sit\u00e4 yksin v\u00e4lill\u00e4 eksyyk\u00e4\u00e4n<\/p>\n<p>ja kuinka ihanaa sielt\u00e4 on palata toisten luokse.<\/p>\n<p>Olla olemassa ensin itselle, rakastaa sit\u00e4 ihmist\u00e4, jolla on nimesi.<\/p>\n<p>Ja jos on perhett\u00e4, niin olla olemassa heille, rakastaa rinnalla kulkijaa, rakastaa lapsiaan, lastenlapsia, jos heit\u00e4 on, rakastaan l\u00e4heisi\u00e4\u00e4n, omia vanhempiaan, lapsuuden perhett\u00e4\u00e4n, yst\u00e4vi\u00e4\u00e4n.<\/p>\n<p>Antaa anteeksi itselle oman riitt\u00e4m\u00e4tt\u00f6myytens\u00e4, rakentaa ja muotoilla yritt\u00e4jyydest\u00e4 ihmisen kokoista ja n\u00e4k\u00f6ist\u00e4, lempe\u00e4n turvallista, l\u00e4sn\u00e4olevaa, tulevaisuuden toivoa, iloa ja rakkautta synnytt\u00e4v\u00e4\u00e4.<\/p>\n<p>Her\u00e4\u00e4n runosta t\u00e4h\u00e4n hetkeen,<\/p>\n<p>avaan silm\u00e4ni.<\/p>\n<p>Oi, miten ihanaa onkaan t\u00e4n\u00e4\u00e4n kokea t\u00e4m\u00e4 hetki.<\/p>\n<p>Kiitos teille mukana olleille,<\/p>\n<p>kiitos asiantuntijoille,<\/p>\n<p>kiitos el\u00e4m\u00e4lle,<\/p>\n<p>kiitos kaikelle,<\/p>\n<p>kiitos..<\/p>\n<p>kiitos..<\/p>\n<div class=\" divider magee-divider magee-shortcode divider-vehrnz divider-shadow\" id=\"\"><div class=\"divider-inner divider-border\"><\/div><\/div>\u00a0\r\n\t\t\t\t<\/div>\r\n\t\t\t<\/div>\n<p><strong>:<\/strong><\/p>\n<p>\t\t\t\t\t\t\t\t\t\t\t\t\t<img loading=\"lazy\" decoding=\"async\" width=\"554\" height=\"716\" src=\"https:\/\/bonis-avibus.fi\/bonis-avibus\/wp-content\/uploads\/2023\/03\/IMG-20220928-WA0023.jpg\" alt=\"\" srcset=\"https:\/\/bonis-avibus.fi\/bonis-avibus\/wp-content\/uploads\/2023\/03\/IMG-20220928-WA0023.jpg 554w, https:\/\/bonis-avibus.fi\/bonis-avibus\/wp-content\/uploads\/2023\/03\/IMG-20220928-WA0023-232x300.jpg 232w\" sizes=\"auto, (max-width: 554px) 100vw, 554px\" \/>\t\t\t\t\t\t\t\t\t\t\t\t\t<\/p>\n<h1><strong>Kuvan t\u00e4m\u00e4n runon kirjoittajasta otti rakas yst\u00e4v\u00e4mme, <a href=\"https:\/\/www.sisulab.com\/\" target=\"_blank\" rel=\"noopener\"><em>Elisabet Lahti<\/em><\/a>. Sisusta v\u00e4itellytt\u00e4 Elisabetti\u00e4, my\u00f6nteisen tulevaisuuden n\u00e4kij\u00e4\u00e4, suosittelen syd\u00e4men l\u00e4mm\u00f6ll\u00e4 erilaisiin koulutushankkeisiin (klikkaa Elisabetin nime\u00e4).<\/strong><\/h1>\n<h2><strong>Runon tarina: Muutimme taiteilijapuolisoni kanssa huhtikuun lopulla, vuonna 2023 t\u00e4nne Kotkaan. T\u00e4m\u00e4 puistojenp\u00e4\u00e4kaupunki on hurmannut kauneudellaan meid\u00e4t, taiteilijasielut. Ja meri, aivan uskomattoman ihana elementti. Sen kauneus ja maisemallinen monimuotoisuus on <\/strong><strong>synnytt\u00e4nyt meiss\u00e4 paljon iloa ja sis\u00e4isen luovuuden vapautta.\u00a0<\/strong><\/h2>\n<h2><strong>Koskaan ei tied\u00e4, mitk\u00e4 kohtaamiset synnytt\u00e4v\u00e4t sanojen virran? Yksi paikka, joka on ollut meille merkitt\u00e4v\u00e4, on t\u00e4m\u00e4n sivuston alussa n\u00e4kyv\u00e4 Langinkoski. Kosken rannalla olemme usein viett\u00e4neet yrttitee hetki\u00e4. Itse olen pohjoisesta ja kiert\u00e4nyt vuosikausia Lapissa, tunturipurojen rantoja.<\/strong><\/h2>\n<h2><strong>T\u00e4m\u00e4n yritt\u00e4jille kirjoittamani runoidean alkumetrit luotiin Langinkosken rannalla. Tapasin yhdell\u00e4 reissulla Parastamohankkeessa ty\u00f6skennelleen Paajasen Annen. Siit\u00e4 kohtaamisesta syntyi tapahtumasarja, jonka tulos on t\u00e4m\u00e4 runo.<\/strong><\/h2>\n<h2><strong>Pikkuisen taustaa: Olen K\u00e4rkk\u00e4isen Ukko, runoilija. Toimin viel\u00e4kin yritt\u00e4j\u00e4n\u00e4 ja t\u00e4t\u00e4 teen todenn\u00e4k\u00f6isesti el\u00e4m\u00e4ni loppuun asti. Rakastan ty\u00f6t\u00e4ni. En koe en\u00e4\u00e4, seitsem\u00e4\u00e4kymment\u00e4 l\u00e4hestyv\u00e4n\u00e4, olevani ty\u00f6narkomaani. <\/strong><strong>Aikoinaan, geofysiikan puolella toimiessani, olin kyll\u00e4 vakavasti addiktoitunut supermielenkiintoisesta ty\u00f6st\u00e4ni. Suorittamisesta tuli saldona minulle kolme pohjakoulutusta, eli k\u00e4vin kolme kertaa pohjilla. V\u00e4lill\u00e4 jouduin avaamaan k\u00e4teni, p\u00e4\u00e4st\u00e4m\u00e4\u00e4n irti my\u00f6s yritt\u00e4misest\u00e4. Olin kymmenen vuotta 2000 luvun alusta ty\u00f6hyvinvointikouluttajana. On se merkillist\u00e4, ett\u00e4 miten usein suutarin lapset kulkevatkaan paljainjaloin? Omassa burnoutissa oli pakko yritt\u00e4\u00e4 selvit\u00e4 jotenkin hengiss\u00e4. Yritt\u00e4mist\u00e4 sekin \ud83d\ude42 Se oli minulle paras yritt\u00e4misen korkea- tai oikeammin ojanpohjakoulu.\u00a0<\/strong><\/h2>\n<h2><strong>Olen t\u00e4ll\u00e4 hetkell\u00e4 toiminimell\u00e4 yritt\u00e4v\u00e4. Runoilemisen lis\u00e4ksi toimin hyvinvoinnin koutsina. Ty\u00f6skentelen asiakkaitteni kanssa tunnevalmentajana hy\u00f6dynt\u00e4en nelj\u00e4nkymmenen vuoden aikana saamaani kokemusta. T\u00e4ll\u00e4 hetkell\u00e4 k\u00e4sikirjoitan my\u00f6s ensimm\u00e4ist\u00e4 romaania masennuksesta selvi\u00e4misest\u00e4, tietoisuuden merkityksest\u00e4 omassa kasvussa, sek\u00e4 tieteellisen paradigman murroksen vaikutuksesta planeettamme tulevaisuuteen.<\/strong><\/h2>\n<h2><strong>Olen kulkenut polkuni sodassa haavoittuneen is\u00e4ni siirtotaakkojen alta mielen vapauteen ja iloon. Arvostan yritt\u00e4jyytt\u00e4, sill\u00e4 se mahdollistaa vapaat k\u00e4det uuden, rakastavamman ja my\u00f6t\u00e4tuntoisemman tulevaisuuden muotoiluun. <\/strong><\/h2>\n<h2><strong>Ks: <a href=\"https:\/\/bonis-avibus.fi\/bonis-avibus\/ukon-osaaminen-ja-yhteystiedot\/\" target=\"_blank\" rel=\"noopener\"><em>Minun yritt\u00e4jyyteni.<\/em><\/a><\/strong><\/h2>\n<p>\t\t\t\t\t\t\t\t\t\t\t\t\t<img loading=\"lazy\" decoding=\"async\" width=\"960\" height=\"720\" src=\"https:\/\/bonis-avibus.fi\/bonis-avibus\/wp-content\/uploads\/2017\/11\/syd\u00e4n-...-cobweb-1949778_960_720-Karl-Heinz-Letz.jpg\" alt=\"\" srcset=\"https:\/\/bonis-avibus.fi\/bonis-avibus\/wp-content\/uploads\/2017\/11\/syd\u00e4n-...-cobweb-1949778_960_720-Karl-Heinz-Letz.jpg 960w, https:\/\/bonis-avibus.fi\/bonis-avibus\/wp-content\/uploads\/2017\/11\/syd\u00e4n-...-cobweb-1949778_960_720-Karl-Heinz-Letz-300x225.jpg 300w, https:\/\/bonis-avibus.fi\/bonis-avibus\/wp-content\/uploads\/2017\/11\/syd\u00e4n-...-cobweb-1949778_960_720-Karl-Heinz-Letz-768x576.jpg 768w, https:\/\/bonis-avibus.fi\/bonis-avibus\/wp-content\/uploads\/2017\/11\/syd\u00e4n-...-cobweb-1949778_960_720-Karl-Heinz-Letz-800x600.jpg 800w, https:\/\/bonis-avibus.fi\/bonis-avibus\/wp-content\/uploads\/2017\/11\/syd\u00e4n-...-cobweb-1949778_960_720-Karl-Heinz-Letz-400x300.jpg 400w\" sizes=\"auto, (max-width: 960px) 100vw, 960px\" \/><br \/>\n\t\t\t\t\t\t\t\t\t\t\t\t\t<img loading=\"lazy\" decoding=\"async\" width=\"1024\" height=\"729\" src=\"https:\/\/bonis-avibus.fi\/bonis-avibus\/wp-content\/uploads\/2022\/02\/Syd\u00e4mi\u00e4-ja-paljon-1024x729.jpg\" alt=\"\" srcset=\"https:\/\/bonis-avibus.fi\/bonis-avibus\/wp-content\/uploads\/2022\/02\/Syd\u00e4mi\u00e4-ja-paljon-1024x729.jpg 1024w, https:\/\/bonis-avibus.fi\/bonis-avibus\/wp-content\/uploads\/2022\/02\/Syd\u00e4mi\u00e4-ja-paljon-300x214.jpg 300w, https:\/\/bonis-avibus.fi\/bonis-avibus\/wp-content\/uploads\/2022\/02\/Syd\u00e4mi\u00e4-ja-paljon-768x547.jpg 768w, https:\/\/bonis-avibus.fi\/bonis-avibus\/wp-content\/uploads\/2022\/02\/Syd\u00e4mi\u00e4-ja-paljon-800x570.jpg 800w, https:\/\/bonis-avibus.fi\/bonis-avibus\/wp-content\/uploads\/2022\/02\/Syd\u00e4mi\u00e4-ja-paljon.jpg 1160w\" sizes=\"auto, (max-width: 1024px) 100vw, 1024px\" \/><br \/>\n\t\t\t\t\t\t\t\t\t\t\t\t\t<img loading=\"lazy\" decoding=\"async\" width=\"960\" height=\"496\" src=\"https:\/\/bonis-avibus.fi\/bonis-avibus\/wp-content\/uploads\/2017\/11\/syd\u00e4n-the-heart-of-1777715_960_720-Pixabay-Ellen26.jpg\" alt=\"\" srcset=\"https:\/\/bonis-avibus.fi\/bonis-avibus\/wp-content\/uploads\/2017\/11\/syd\u00e4n-the-heart-of-1777715_960_720-Pixabay-Ellen26.jpg 960w, https:\/\/bonis-avibus.fi\/bonis-avibus\/wp-content\/uploads\/2017\/11\/syd\u00e4n-the-heart-of-1777715_960_720-Pixabay-Ellen26-300x155.jpg 300w, https:\/\/bonis-avibus.fi\/bonis-avibus\/wp-content\/uploads\/2017\/11\/syd\u00e4n-the-heart-of-1777715_960_720-Pixabay-Ellen26-768x397.jpg 768w, https:\/\/bonis-avibus.fi\/bonis-avibus\/wp-content\/uploads\/2017\/11\/syd\u00e4n-the-heart-of-1777715_960_720-Pixabay-Ellen26-800x413.jpg 800w\" sizes=\"auto, (max-width: 960px) 100vw, 960px\" \/>\t\t\t\t\t\t\t\t\t\t\t\t\t<\/p>\n<h2><strong>Viel\u00e4 t\u00e4h\u00e4n loppuun pari vinkki\u00e4. Runossani mainitsen aamuisen hymyn. Se kannattaa vet\u00e4\u00e4 kasvoille, vaikka sitten j\u00e4it\u00e4 sataisi. Aikoinaan keino helpotti minua tuskatiloissani. Hymyilless\u00e4 kasvolihasten reseptorit l\u00e4hett\u00e4v\u00e4t hyv\u00e4nolon informaation aivoille ja kertovat, ettei oo mitt\u00e4\u00e4n h\u00e4tt\u00e4\u00e4 <\/strong><strong><span class=\"sce_emoji-heart\" title=\"heart\"><\/span>\u00a0<\/strong><\/h2>\n<h2><strong>Ja kun kulkee hymyillen, huomaa monen vastaatulijan alkavan hymyill\u00e4 takaisin \ud83d\ude42 \ud83d\ude42 \ud83d\ude42 \ud83d\ude42<\/strong><\/h2>\n<h2><strong>Toinen, jo vuodesta 2009, l\u00e4hes p\u00e4ivitt\u00e4in k\u00e4ytt\u00e4m\u00e4ni ja merkitt\u00e4v\u00e4sti hyvinvointia lis\u00e4\u00e4v\u00e4 mahdollisuus, on &#8221;kiitollisuusk\u00e4vely meditaatio&#8221;. Se oikeasti toimii! Kokeile seuraava viikko, niin huomaat kyll\u00e4. Meditaatio on varsin simppeli; jokaisella askeleella puoli kiitet\u00e4\u00e4n, siis\u00a0 kii&#8230; tos&#8230; kii&#8230;tos&#8230; kii&#8230;tos kii&#8230;tos &#8230;<\/strong><\/h2>\n<h2><strong>Kerran, kouluttaessani toimitusjohtajaryhm\u00e4\u00e4, kerroin p\u00e4iv\u00e4n lopussa, yksinkertaisena hyv\u00e4\u00e4 oloa lis\u00e4\u00e4v\u00e4n\u00e4 vinkkin\u00e4 t\u00e4m\u00e4n. K\u00e4velin edestakaisin ryhm\u00e4n edess\u00e4 ja kiitin \u00e4\u00e4neen. Normaalisti meditaatiota tehdess\u00e4 toistetaan kii&#8230;.tos:ta vain mieless\u00e4.<\/strong><\/h2>\n<h2><strong>Kun k\u00e4velless\u00e4 vilkaisin sivusilm\u00e4ll\u00e4 ryhm\u00e4\u00e4, huomasin paljon puhuvia ilmeit\u00e4: &#8221;hoh-hoijaa&#8230; taitaa remmi tuolla luistaa ja ei kyll\u00e4 ole kaikki muumit tuvassa&#8221;. Kerroin, ett\u00e4 suurin osa ihmisi\u00e4 tekee t\u00e4t\u00e4 meditaatiota l\u00e4hes koko ajan, mutta erilaisella mantralla. T\u00e4ll\u00e4 hetkell\u00e4 sis\u00e4lt\u00f6 saattaa olla vaikka: &#8221;Mit\u00e4, jos sota laajenee? Kyll\u00e4 on niin \u00e4rsytt\u00e4vi\u00e4 nuo politikot! Mist\u00e4 ihmeest\u00e4 saisin rahaa n\u00e4iden maksamiseen? Ei h\u00e4n varmaan rakasta minua! Kyll\u00e4 sitten satutti, kun se sano niin pahasti.. jne, jne&#8230; loputon luuppi huolia.<\/strong><\/h2>\n<h2><strong>Yksinkertainen lainalaisuus on:<\/strong><\/h2>\n<h2><strong>Jos ajattelee negatiivista, se lis\u00e4\u00e4ntyy!<\/strong><\/h2>\n<h2><strong>Jos taas ajattelee positiivista, sekin lis\u00e4\u00e4ntyy.<\/strong><\/h2>\n<h1><strong>Siis,<\/strong><\/h1>\n<h1><strong>kii&#8230;tos kii&#8230;tos kii..tos <\/strong><strong>kii&#8230;tos kii&#8230;tos kii..tos<\/strong><strong>kii&#8230;tos kii&#8230;tos kii..tos <\/strong><strong>kii&#8230;tos kii&#8230;tos kii..tos\u00a0<\/strong><strong>kii&#8230;tos kii&#8230;tos kii..tos <\/strong><strong>kii&#8230;tos kii&#8230;tos kii..tos\u00a0<\/strong><strong>kii&#8230;tos kii&#8230;tos kii..tos <\/strong><strong>kii&#8230;tos kii&#8230;tos kii&#8230;tos &#8230; <span class=\"sce_emoji-heart\" title=\"heart\"><\/span> <span class=\"sce_emoji-heart\" title=\"heart\"><\/span> <span class=\"sce_emoji-heart\" title=\"heart\"><\/span>\u00a0<\/strong><\/h1>\n<p>\t\t\t\t\t\t\t\t\t\t\t\t\t<img loading=\"lazy\" decoding=\"async\" width=\"768\" height=\"1024\" src=\"https:\/\/bonis-avibus.fi\/bonis-avibus\/wp-content\/uploads\/2023\/08\/yx000000001a4a9-\u2013-kopio1.jpg\" alt=\"\" srcset=\"https:\/\/bonis-avibus.fi\/bonis-avibus\/wp-content\/uploads\/2023\/08\/yx000000001a4a9-\u2013-kopio1.jpg 768w, https:\/\/bonis-avibus.fi\/bonis-avibus\/wp-content\/uploads\/2023\/08\/yx000000001a4a9-\u2013-kopio1-225x300.jpg 225w\" sizes=\"auto, (max-width: 768px) 100vw, 768px\" \/><\/p>\n","protected":false},"excerpt":{"rendered":"<p>Tervetuloa kuuntelemaan yritt\u00e4jille kirjoittamaani runoa. Klikkaa ensin alla olevaa musiikkilinkki\u00e4. Kappale on Eclipse (Re-Envisioned), s\u00e4velt\u00e4j\u00e4 Helen Jene Long, pianisti Zack Sottolano. Mik\u00e4li se ei avaudu, klikkaa runolinkki uudestaan. Joskus n\u00e4k\u00f6j\u00e4\u00e4n jostain syyst\u00e4 tarvitaan kaksi starttia? Sen j\u00e4lkeen klikkaamalla Youtube upotuksen alla olevaa audion nappulaa,\u00a0 saat runoesitykseni kuulumaan. Anna runoni kuulua musiikin taustalla. Suosittelen, ett\u00e4 kuuntelet silm\u00e4t suljettuina musiikkia ja runoani.<\/p>\n<p><a class=\"more-link\" href=\"https:\/\/bonis-avibus.fi\/bonis-avibus\/runo-yrittajille-parastamohanke-2023-ukko-karkkainen\/\">Read More<\/a><\/p>\n","protected":false},"author":1,"featured_media":0,"parent":0,"menu_order":0,"comment_status":"closed","ping_status":"closed","template":"","meta":{"footnotes":""},"class_list":["post-11834","page","type-page","status-publish","hentry"],"_links":{"self":[{"href":"https:\/\/bonis-avibus.fi\/bonis-avibus\/wp-json\/wp\/v2\/pages\/11834","targetHints":{"allow":["GET"]}}],"collection":[{"href":"https:\/\/bonis-avibus.fi\/bonis-avibus\/wp-json\/wp\/v2\/pages"}],"about":[{"href":"https:\/\/bonis-avibus.fi\/bonis-avibus\/wp-json\/wp\/v2\/types\/page"}],"author":[{"embeddable":true,"href":"https:\/\/bonis-avibus.fi\/bonis-avibus\/wp-json\/wp\/v2\/users\/1"}],"replies":[{"embeddable":true,"href":"https:\/\/bonis-avibus.fi\/bonis-avibus\/wp-json\/wp\/v2\/comments?post=11834"}],"version-history":[{"count":120,"href":"https:\/\/bonis-avibus.fi\/bonis-avibus\/wp-json\/wp\/v2\/pages\/11834\/revisions"}],"predecessor-version":[{"id":13599,"href":"https:\/\/bonis-avibus.fi\/bonis-avibus\/wp-json\/wp\/v2\/pages\/11834\/revisions\/13599"}],"wp:attachment":[{"href":"https:\/\/bonis-avibus.fi\/bonis-avibus\/wp-json\/wp\/v2\/media?parent=11834"}],"curies":[{"name":"wp","href":"https:\/\/api.w.org\/{rel}","templated":true}]}}