{"id":12881,"date":"2024-05-05T21:49:05","date_gmt":"2024-05-05T18:49:05","guid":{"rendered":"https:\/\/bonis-avibus.fi\/bonis-avibus\/?page_id=12881"},"modified":"2026-03-24T18:54:11","modified_gmt":"2026-03-24T16:54:11","slug":"juurilta-taidenayttely","status":"publish","type":"page","link":"https:\/\/bonis-avibus.fi\/bonis-avibus\/juurilta-taidenayttely\/","title":{"rendered":"Juurilta taiden\u00e4yttely"},"content":{"rendered":"\n<figure class=\"wp-block-image\"><img decoding=\"async\" src=\"https:\/\/bonis-avibus.fi\/bonis-avibus\/wp-content\/uploads\/2024\/05\/Screenshot_20240505_193931_Samsung-Internet.jpg\" alt=\"\"\/><\/figure>\n\n\n\n<figure class=\"wp-block-image\"><img decoding=\"async\" src=\"https:\/\/bonis-avibus.fi\/bonis-avibus\/wp-content\/uploads\/2024\/05\/Avauskuva-1024x732.jpg\" alt=\"\"\/><\/figure>\n\n\n\n<figure class=\"wp-block-image\"><img decoding=\"async\" src=\"https:\/\/bonis-avibus.fi\/bonis-avibus\/wp-content\/uploads\/2024\/05\/Screenshot_20240504_143357_Samsung-Internet.jpg\" alt=\"\"\/><\/figure>\n\n\n\n<p><br><br><\/p>\n\n\n\n<h2 class=\"wp-block-heading\"><strong>Alla taiteilijat: Anna, Ratamo, Maria ja Inkeri<\/strong><\/h2>\n\n\n\n<figure class=\"wp-block-image\"><img decoding=\"async\" src=\"https:\/\/bonis-avibus.fi\/bonis-avibus\/wp-content\/uploads\/2024\/05\/20240503_194607-1024x768.jpg\" alt=\"\"\/><\/figure>\n\n\n\n<p><\/p>\n\n\n\n<h2 class=\"wp-block-heading\">Alla: Unia ja unelmia Pajapet\u00e4j\u00e4n juurelta, Inkeri K\u00e4rkk\u00e4inen | 2024 |<br>Ruostev\u00e4rj\u00e4tty puuvillaharso | hinta 400 \u20ac x 5 kpl, kasvoin 550 \u20ac 1 kpl (pit. 5-6 m)<\/h2>\n\n\n\n<figure class=\"wp-block-image\"><img decoding=\"async\" src=\"https:\/\/bonis-avibus.fi\/bonis-avibus\/wp-content\/uploads\/2024\/05\/20240504_135044-768x1024.jpg\" alt=\"\"\/><\/figure>\n\n\n\n<div style=\"height:33px\" aria-hidden=\"true\" class=\"wp-block-spacer\"><\/div>\n\n\n\n<figure class=\"wp-block-image\"><img decoding=\"async\" src=\"https:\/\/bonis-avibus.fi\/bonis-avibus\/wp-content\/uploads\/2024\/05\/IMG-20240507-WA0016.jpg\" alt=\"\"\/><\/figure>\n\n\n\n<p><br><\/p>\n\n\n<div class=\"compact_audio_player_wrapper\"><div class=\"sc_player_container1\"><input type=\"button\" id=\"btnplay_69eb77c308c7f3.81876127\" class=\"myButton_play\" onClick=\"play_mp3('play','69eb77c308c7f3.81876127','https:\/\/bonis-avibus.fi\/bonis-avibus\/wp-content\/uploads\/2024\/05\/Annan-runo-aidille.mp3','80','false');show_hide('play','69eb77c308c7f3.81876127');\" \/><input type=\"button\"  id=\"btnstop_69eb77c308c7f3.81876127\" style=\"display:none\" class=\"myButton_stop\" onClick=\"play_mp3('stop','69eb77c308c7f3.81876127','','80','false');show_hide('stop','69eb77c308c7f3.81876127');\" \/><div id=\"sm2-container\"><!-- flash movie ends up here --><\/div><\/div><\/div>\n\n\n\n<p>T\u00e4st\u00e4 yll\u00e4olevasta painikkeesta voit klikata kuulumaan Anna tytt\u00e4ren n\u00e4yttelyn avajaisissa esitt\u00e4m\u00e4n runon Inkeri \u00e4idilleen <span class=\"sce_emoji-heart\" title=\"heart\"><\/span><\/p>\n\n\n\n<figure class=\"wp-block-image\"><img decoding=\"async\" src=\"https:\/\/bonis-avibus.fi\/bonis-avibus\/wp-content\/uploads\/2024\/05\/Screenshot_20240505_220123_Gallery-1024x566.jpg\" alt=\"\"\/><\/figure>\n\n\n\n<div style=\"height:28px\" aria-hidden=\"true\" class=\"wp-block-spacer\"><\/div>\n\n\n\n<figure class=\"wp-block-image\"><img decoding=\"async\" src=\"https:\/\/bonis-avibus.fi\/bonis-avibus\/wp-content\/uploads\/2024\/05\/IMG-20240504-WA0022-02.jpg\" alt=\"\"\/><\/figure>\n\n\n\n<p><br><\/p>\n\n\n\r\n\t\t<div class=\"magee-expand \" id=\"\" data-less-icon=\"fa-arrow-circle-up\" data-less-icon-color=\"#002a8e\" data-less-text=\"Piilota\" data-more-icon=\"fa-arrow-circle-down\" data-more-icon-color=\"#002a8e\" data-more-text=\"Napsauttamalla t\u00e4t\u00e4 l\u00f6ytyy Annan runon kirjallinen versio\">\r\n            <div class=\"expand-control control-6mgggq\"><i class=\"fa fa-arrow-circle-down\" style=\"color:#002a8e;\"><\/i> Napsauttamalla t\u00e4t\u00e4 l\u00f6ytyy Annan runon kirjallinen versio<\/div>\r\n\t\t\t\t<div class=\"expand-content\" style=\"display:none;\">\r\n\t\t\t\t\t<\/p>\n<p>\u00c4iti! Min\u00e4 sulan t\u00e4h\u00e4n kev\u00e4\u00e4n l\u00e4mp\u00f6\u00f6n.<\/p>\n<p>Niinkuin l\u00e4mm\u00f6st\u00e4 notkahtavat penkat min\u00e4kin olen notkahtanut<\/p>\n<p>ja olen saanut painaa p\u00e4\u00e4ni rinnallesi aina uudelleen.<\/p>\n<p>Et ole seisonut j\u00e4rkkym\u00e4tt\u00e4. Olet j\u00e4rkkynyt huutanut ja haljennut kyyneliin ja olen n\u00e4hnyt ett\u00e4 pimeimm\u00e4nkin tiheik\u00f6n l\u00e4pi s\u00e4ilyy tieto el\u00e4m\u00e4st\u00e4 joka murtumisen j\u00e4lkeen tekee kohdan uudelle kasvulle.<\/p>\n<p>\u00c4iti! Minun herkk\u00e4 ja vahva \u00e4iti.<\/p>\n<p>Sin\u00e4 maan viljelij\u00e4n tyt\u00e4r.<\/p>\n<p>Sin\u00e4 olet syntynyt silloin kun mahla alkaa liikahtaa ja aurinko l\u00e4mmitt\u00e4\u00e4,<\/p>\n<p>Juusi silloin kun maailma syntyy joka vuosi uudeksi.<\/p>\n<p>Kaikki se muutos \u00e4iti pelottaa minua toisinaan. Silloin tahdon kauneuden syliin. Sen kauneuden jota olet auttanut n\u00e4kem\u00e4\u00e4n t\u00e4ss\u00e4 maailmassa.<\/p>\n<p>Min\u00e4 olen taiteilijan lapsi. Sinun lapsesi. Min\u00e4 olen syntynyt sinusta.<\/p>\n<p>Min\u00e4kin kasvan ja laajenen ..verson saman auringon valossa.<\/p>\n<p>Sin\u00e4 olit ensimm\u00e4inen kasvualustani \u00e4iti.<\/p>\n<p>Se on h\u00e4tk\u00e4hdytt\u00e4v\u00e4\u00e4 miten kehomme muodostuu t\u00e4nne.<\/p>\n<p>Samassa hiirenkorvatuulessa olen katsonut kasvojesi ilmeit\u00e4, oppien.<\/p>\n<p>Mist\u00e4 tuleekaan meihin kaikki mit\u00e4 tavoitamme. Sielt\u00e4 ja t\u00e4\u00e4lt\u00e4.T\u00e4st\u00e4 ja tuolta.<\/p>\n<p>Kiehtova el\u00e4m\u00e4n mysteeri!<\/p>\n<p>Muistan lapsuudesta sen ulkoilman ja mets\u00e4n tuoksun joka tulvahti mukanasi tuvan ovesta,<\/p>\n<p>tuulen sivelem\u00e4 ihosi silmiesi loiste kun tulit l\u00f6yt\u00f6 retkilt\u00e4si luonnosta.<\/p>\n<p>Tarjoilit meille ymp\u00e4rill\u00e4 pulputtaville kekseli\u00e4\u00e4sti liiveihisi poimimiasi ja hein\u00e4nkorteen pujoteltuja<\/p>\n<p>mets\u00e4n ja pientareen marjoja ja n\u00e4ytit l\u00f6yt\u00e4mi\u00e4si aarteita k\u00e4mmeniesi kuperasta sormillasi silitit naavan nukkaa, hellimmin kuin pienen poskea.<\/p>\n<p>Tulkaa lapset katsomaan riemuitsit ja kerroit ja ihmettelit aina uudelleen miten herkk\u00e4 ja kaunis maailma onkaan!<\/p>\n<p>Kiitit luojaasi.<\/p>\n<p>Oi lapseni n\u00e4ettek\u00f6 miten kaunis el\u00e4m\u00e4 onkaan niin t\u00e4ynn\u00e4 kauneutta t\u00e4m\u00e4 taianomaisesti s\u00e4ken\u00f6iv\u00e4 luomakunta!<\/p>\n<p>Oi miten herkk\u00e4\u00e4 ja kaunista se \u00e4iti todentotta onkaan!<\/p>\n<p>Olemme yht\u00e4 lailla t\u00e4ydelliset vaikka sanat j\u00e4isiv\u00e4t kesken.<\/p>\n<p>Kulttuuriemme eroavaisuuksien alla sama maa yhteen punoutuva juurakko.<\/p>\n<p>Sanattomat lauseet tuntuvat. Jotkin suhteet eiv\u00e4t tarvitse rakennettuja siltoja maailmojen v\u00e4lisiin yhteyksiin.<\/p>\n<p>Enemm\u00e4nkin meid\u00e4n t\u00e4ytyy purkaa niit\u00e4 v\u00e4lilt\u00e4mme ollaksemme vapaat.<\/p>\n<p>Vapaat tuntemaan juurista latvuksiin saakka kokonaisina.<\/p>\n<p>T\u00e4ss\u00e4 luen sanoja jotka olen asettanut sinulle \u00e4iti-Inkeri. Sanat, monitulkintaisetkin kyh\u00e4elm\u00e4t, yritykset viesti\u00e4 yhdeksi. Riidan, sovun ja ymm\u00e4rryksen ty\u00f6kaluja.<\/p>\n<p>Sidoksia sovinnallisia solmuja materiaalien v\u00e4liss\u00e4. Lauseet eiv\u00e4t useinkaan asetu muotoon miss\u00e4 el\u00e4m\u00e4 tapahtuu mutta me asetumme aina. El\u00e4m\u00e4 tapahtuu lauseitta.<\/p>\n<p>Vaikka joskus niiden lausumisen kautta ymm\u00e4rr\u00e4mme pys\u00e4hty\u00e4 tuntemaan. T\u00e4ydenn\u00e4mme k\u00e4siimme l\u00f6ytyneill\u00e4 materiaaleilla. Kuljetamme sormiemme lomassa sanatonta. Puristamme ja silit\u00e4mme muotoon. Sidomme paikalleen, erottelemme ja liit\u00e4mme.<\/p>\n<p>Sin\u00e4 olit minun ensimm\u00e4inen kasvualustani.<\/p>\n<p>Kuinka paljon olenkaan saanut niin arvokasta! Kuinka paljon oletkaan antanut.<\/p>\n<p>Miten kaunis oletkaan \u00e4iti. Rakas \u00e4itini.<\/p>\n<p>Jatketaan t\u00e4st\u00e4.<\/p>\n<p>Kiitos<\/p>\n<div class=\" divider magee-divider magee-shortcode divider-ok5dfd divider-shadow\" id=\"\"><div class=\"divider-inner divider-border\"><\/div><\/div>\u00a0\r\n\t\t\t\t<\/div>\r\n\t\t\t<\/div>\n\n\n\n<h2 class=\"wp-block-heading\">Alla:<\/h2>\n\n\n\n<h2 class=\"wp-block-heading\">Turvaverkko, Inkeri K\u00e4rkk\u00e4inen | 2012 | Kierr\u00e4tetty kuparilanka, ommeltu<br>hyttysverkolle puuvillalangalla, polttov\u00e4rj\u00e4ys | hinta 5000 \u20ac<\/h2>\n\n\n\n<figure class=\"wp-block-image\"><img decoding=\"async\" src=\"https:\/\/bonis-avibus.fi\/bonis-avibus\/wp-content\/uploads\/2024\/05\/20240504_142047.jpg\" alt=\"\"\/><\/figure>\n\n\n\n<p><\/p>\n\n\n\n<h2 class=\"wp-block-heading\">Yll\u00e4 olevan Inkerin teoksen nimi on Turvaverkko&#8221;. T\u00e4m\u00e4n teoksen luominen oli vaiherikas. Ensimm\u00e4inen vaihe oli kuparilankak\u00e4\u00e4mien purkaminen. Sitten Inkeri k\u00e4\u00e4ri langat sanomalehtipapereihin ja poltti ne. Siin\u00e4 prosessissa langat saivat kokonaan uusia s\u00e4vyj\u00e4. Kolmannessa vaiheessa Inkeri loi tihe\u00e4lle verkolle palaneista langoista teoksen.<\/h2>\n\n\n<div class=\"compact_audio_player_wrapper\"><div class=\"sc_player_container1\"><input type=\"button\" id=\"btnplay_69eb77c30c3556.69728909\" class=\"myButton_play\" onClick=\"play_mp3('play','69eb77c30c3556.69728909','https:\/\/bonis-avibus.fi\/bonis-avibus\/wp-content\/uploads\/2024\/05\/Turvaverkko-1-kompress.mp3','80','false');show_hide('play','69eb77c30c3556.69728909');\" \/><input type=\"button\"  id=\"btnstop_69eb77c30c3556.69728909\" style=\"display:none\" class=\"myButton_stop\" onClick=\"play_mp3('stop','69eb77c30c3556.69728909','','80','false');show_hide('stop','69eb77c30c3556.69728909');\" \/><div id=\"sm2-container\"><!-- flash movie ends up here --><\/div><\/div><\/div>\n\n\n\n<h2 class=\"wp-block-heading\">Yll\u00e4 painikkeesta klikkaamalla voit kuunnella Inkerin lausumana h\u00e4nen runonsa &#8221;Turvaverkko&#8221;.<\/h2>\n\n\n\r\n\t\t<div class=\"magee-expand \" id=\"\" data-less-icon=\"fa-arrow-circle-up\" data-less-icon-color=\"#002a8e\" data-less-text=\"Piilota\" data-more-icon=\"fa-arrow-circle-down\" data-more-icon-color=\"#002a8e\" data-more-text=\"Napsauttamalla t\u00e4t\u00e4 l\u00f6ytyy Inkerin runosta kirjallinen versio\">\r\n            <div class=\"expand-control control-pz0jjd\"><i class=\"fa fa-arrow-circle-down\" style=\"color:#002a8e;\"><\/i> Napsauttamalla t\u00e4t\u00e4 l\u00f6ytyy Inkerin runosta kirjallinen versio<\/div>\r\n\t\t\t\t<div class=\"expand-content\" style=\"display:none;\">\r\n\t\t\t\t\t<\/p>\n<p><b>TURVAVERKKO<\/b><\/p>\n<p>Mik\u00e4 materiaalimyrsky,<\/p>\n<p>vimmattu kaivaminen,<\/p>\n<p>kaikki lev\u00e4ll\u00e4\u00e4n!<\/p>\n<p>Sitten rauhallista purkamista&#8230;<\/p>\n<p>El\u00e4m\u00e4n kaapelit,<\/p>\n<p>puolat ja k\u00e4\u00e4mit,<\/p>\n<p>purettuna auki.<\/p>\n<p>Sotkua ja kaaosta,<br \/>\ntiukkoja takkuja,<\/p>\n<p>kuin \u00e4idin selvitt\u00e4miss\u00e4 hiuksissa lapsena.<\/p>\n<p>Tekee kipe\u00e4\u00e4.<\/p>\n<p>Huovutan kuin villaa noita el\u00e4m\u00e4ni kerroksia.<br \/>\nK\u00e4sieni liike, tuntuma sormenp\u00e4ist\u00e4 aivoihin.<\/p>\n<p>Kaikki takertuu lopulta verkostoksi<\/p>\n<p>ja hahmottuu kokonaisuudeksi.<\/p>\n<p>K\u00e4\u00e4rin muistot uutisiin,<\/p>\n<p>p\u00e4iv\u00e4nlehtiin,<\/p>\n<p>maailman tapahtumiin<\/p>\n<p>ja sytyt\u00e4n tuleen.<\/p>\n<p>Katson kuinka entinen muuttaa muotoaan.<\/p>\n<p>K\u00e4\u00e4ntelen k\u00e4\u00e4r\u00f6\u00e4, ett\u00e4 palaminen ei loppuisi kesken.<\/p>\n<p>Mik\u00e4 kaikki paloi pois?<\/p>\n<p>J\u00e4nnitt\u00e4v\u00e4\u00e4 purkaa k\u00e4\u00e4r\u00f6,<br \/>\navailla silmi\u00e4 aivan uusille v\u00e4reille.<\/p>\n<p>Antaa ravintoa pitk\u00e4n talven yli s\u00e4ilyneelle el\u00e4m\u00e4lle.<\/p>\n<p>Juuriverkostoja tunnustellen&#8230;<\/p>\n<div class=\" divider magee-divider magee-shortcode divider-0vrrya divider-shadow\" id=\"\"><div class=\"divider-inner divider-border\"><\/div><\/div>\u00a0\r\n\t\t\t\t<\/div>\r\n\t\t\t<\/div>\n\n\n\n<figure class=\"wp-block-image\"><img decoding=\"async\" src=\"https:\/\/bonis-avibus.fi\/bonis-avibus\/wp-content\/uploads\/2024\/05\/IMG-20240503-WA0065-1.jpg\" alt=\"\"\/><\/figure>\n\n\n\n<p><\/p>\n\n\n\n<h2 class=\"wp-block-heading\">N\u00e4yttelyn avajaisissa Ukko kantaesitti taiteilijoille runonsa &#8221;Luovuuden virta&#8221;.<\/h2>\n\n\n\n<h2 class=\"wp-block-heading\">Klikkaa ensin kuulumaan Lauri Wuolion teos &#8221;Kutsu&#8221; ja sitten klikkaa alta runon \u00e4\u00e4nitiedosto.&nbsp;<\/h2>\n\n\n\n<figure class=\"wp-block-embed is-type-video is-provider-youtube wp-block-embed-youtube wp-embed-aspect-16-9 wp-has-aspect-ratio\"><div class=\"wp-block-embed__wrapper\">\n<iframe loading=\"lazy\" title=\"Lauri Wuolio - Kutsu (Kumea Sound Live)\" width=\"500\" height=\"281\" src=\"https:\/\/www.youtube.com\/embed\/LMK6gBzuO7Q?feature=oembed\" frameborder=\"0\" allow=\"accelerometer; autoplay; clipboard-write; encrypted-media; gyroscope; picture-in-picture; web-share\" referrerpolicy=\"strict-origin-when-cross-origin\" allowfullscreen><\/iframe>\n<\/div><\/figure>\n\n\n\n<h2 class=\"wp-block-heading\"><div class=\"compact_audio_player_wrapper\"><div class=\"sc_player_container1\"><input type=\"button\" id=\"btnplay_69eb77c31037d9.82569812\" class=\"myButton_play\" onClick=\"play_mp3('play','69eb77c31037d9.82569812','https:\/\/bonis-avibus.fi\/bonis-avibus\/wp-content\/uploads\/2024\/05\/Luovuuden-virta-Kompress-2.mp3','80','false');show_hide('play','69eb77c31037d9.82569812');\" \/><input type=\"button\"  id=\"btnstop_69eb77c31037d9.82569812\" style=\"display:none\" class=\"myButton_stop\" onClick=\"play_mp3('stop','69eb77c31037d9.82569812','','80','false');show_hide('stop','69eb77c31037d9.82569812');\" \/><div id=\"sm2-container\"><!-- flash movie ends up here --><\/div><\/div><\/div> T\u00e4st\u00e4 klikkaamalla saat kuuluviin Ukon runon. Kannattaa sulkea silm\u00e4t runon kuuntelun ajaksi.<\/h2>\n\n\n\r\n\t\t<div class=\"magee-expand \" id=\"\" data-less-icon=\"fa-arrow-circle-up\" data-less-icon-color=\"#002a8e\" data-less-text=\"Piilota\" data-more-icon=\"fa-arrow-circle-down\" data-more-icon-color=\"#002a8e\" data-more-text=\"Napsauttamalla t\u00e4t\u00e4 l\u00f6ytyy runoni kirjallinen versio\">\r\n            <div class=\"expand-control control-op8gqe\"><i class=\"fa fa-arrow-circle-down\" style=\"color:#002a8e;\"><\/i> Napsauttamalla t\u00e4t\u00e4 l\u00f6ytyy runoni kirjallinen versio<\/div>\r\n\t\t\t\t<div class=\"expand-content\" style=\"display:none;\">\r\n\t\t\t\t\t<\/p>\n<p>Luovuuden virta,<\/p>\n<p>sukupolvelta toiselle,<\/p>\n<p>pulppuava,<\/p>\n<p>veden py\u00f6rteist\u00e4 taivaan sine\u00e4 heijastava,<\/p>\n<p>auringossa v\u00e4lkehtiv\u00e4.<\/p>\n<p>Antaa kuvien,<\/p>\n<p>muotojen,<\/p>\n<p>antaa v\u00e4rien,<\/p>\n<p>varjojen ja valojen soida el\u00e4m\u00e4n kankaalla.<\/p>\n<p>Kuunnella syd\u00e4mess\u00e4\u00e4n Universumin tuulten lempe\u00e4\u00e4 kuisketta.<\/p>\n<p>Aistia viestej\u00e4 jostain, jonkun kautta jollekin,<\/p>\n<p>teoksina,<\/p>\n<p>sinulle, minulle, meille kaikille.<\/p>\n<p>Kun taiteen parantava voima saapuu,<\/p>\n<p>tuntee sen, ei vaan mieless\u00e4,<\/p>\n<p>vaan koko kehossaan.<\/p>\n<p>Siin\u00e4 hetkess\u00e4,<\/p>\n<p>rakastavan ihmeen l\u00e4mm\u00f6ss\u00e4,<\/p>\n<p>tulee niin syv\u00e4lle sieluun kosketetuksi,<\/p>\n<p>ett\u00e4 silloin jokin meiss\u00e4 muuttuu.<\/p>\n<p>Alamme n\u00e4hd\u00e4.<\/p>\n<p>Toivo l\u00e4p\u00e4isee valollaan pimenev\u00e4n tulevaisuuden pelon.<\/p>\n<p>Sukupolvelta toiselle,<\/p>\n<p>kulkevat siirtotaakat maatuvat uuden kasvun pohjaksi.<\/p>\n<p>Se on my\u00f6t\u00e4tunto,<\/p>\n<p>se on my\u00f6t\u00e4ilo,<\/p>\n<p>se v\u00e4litt\u00e4misest\u00e4 mahdollistava l\u00e4mp\u00f6.<\/p>\n<p>Kun ne saapuvat ihmisyyden ytimeen,<\/p>\n<p>tunnistamme toinen toisissamme kaikista t\u00e4rkeimm\u00e4n,<\/p>\n<p>aistimme rakkauden.<\/p>\n<p>L\u00e4mpim\u00e4t onnittelut teille ihanat taiteilijat,<\/p>\n<p>Inkeri,<\/p>\n<p>Maria,<\/p>\n<p>Anna ja<\/p>\n<p>Ratamo.<\/p>\n<p>Kiitos luovuutenne virran esilletuonnista<\/p>\n<div class=\" divider magee-divider magee-shortcode divider-mdf5ow divider-shadow\" id=\"\"><div class=\"divider-inner divider-border\"><\/div><\/div>\u00a0\r\n\t\t\t\t<\/div>\r\n\t\t\t<\/div>\n\n\n\n<h2 class=\"wp-block-heading\">Alla vasemmalla kuvassa osa teoksesta Hauraasta versonnut, Inkeri K\u00e4rkk\u00e4inen | 1994 (muokattu 1998) |<br>Kaapelilanka, puuvilla, v\u00e4rj\u00e4tty paju, kudottu kangaspuissa | hinta 2100 \u20ac<\/h2>\n\n\n\n<h2 class=\"wp-block-heading\">Takasein\u00e4ll\u00e4:<\/h2>\n\n\n\n<h2 class=\"wp-block-heading\">H\u00e4m\u00e4r\u00e4n huoneen ihme, Maria K\u00e4rkk\u00e4inen | 2020 | pigmenttivedos Hahnem\u00fchle<br>Fine Art Agave, Dibond, kehystetty | 35 cm x 53 cm | editio 2\/5 + 1 AP | hinta 570 \u20ac<\/h2>\n\n\n\n<h2 class=\"wp-block-heading\">V\u00e4li(ss\u00e4)tila ja valo, Maria K\u00e4rkk\u00e4inen | 2020\u20132021 | installaatio, mattatarra 133 x 210<br>cm, puuvillakreppi, tuuletin | hinta tiedusteltaessa<\/h2>\n\n\n\n<figure class=\"wp-block-image\"><img decoding=\"async\" src=\"https:\/\/bonis-avibus.fi\/bonis-avibus\/wp-content\/uploads\/2024\/05\/IMG-20240507-WA0012.jpg\" alt=\"\"\/><\/figure>\n\n\n\n<figure class=\"wp-block-image\"><img decoding=\"async\" src=\"https:\/\/bonis-avibus.fi\/bonis-avibus\/wp-content\/uploads\/2024\/05\/IMG-20240507-WA0023-1024x651.jpg\" alt=\"\"\/><\/figure>\n\n\n\n<p><br><\/p>\n\n\n\n<h2 class=\"wp-block-heading\">Alla:<\/h2>\n\n\n\n<h2 class=\"wp-block-heading\">Keskusteluja Jupiterin kanssa, Maria K\u00e4rkk\u00e4inen | 2012\u20132013 | diasec | 100 cm x 150<br>cm | editio 9 + 1 AP | hinta 4500 \u20ac<\/h2>\n\n\n\n<figure class=\"wp-block-image\"><img decoding=\"async\" src=\"https:\/\/bonis-avibus.fi\/bonis-avibus\/wp-content\/uploads\/2024\/05\/IMG-20240507-WA0011.jpg\" alt=\"\"\/><\/figure>\n\n\n\n<p><\/p>\n\n\n\n<h2 class=\"wp-block-heading\">Vasemmalla alla Mie pi\u00e4n syvyydest\u00e4, Anna K\u00e4rkk\u00e4inen | mekko | tekij\u00e4n omistuksessa<\/h2>\n\n\n\n<h2 class=\"wp-block-heading\">Oikealla alla Mie pi\u00e4n \u00e4itiydest\u00e4 ja mie pi\u00e4n Ratamosta ja mie pi\u00e4n Valkeasta, Anna K\u00e4rkk\u00e4inen<br>| mekko ja kastemekot | tekij\u00e4n omistuksessa<\/h2>\n\n\n\n<figure class=\"wp-block-image\"><img decoding=\"async\" src=\"https:\/\/bonis-avibus.fi\/bonis-avibus\/wp-content\/uploads\/2024\/05\/20240504_143145.jpg\" alt=\"\"\/><\/figure>\n\n\n\n<p><\/p>\n\n\n\n<h2 class=\"wp-block-heading\">Alla:<\/h2>\n\n\n\n<h2 class=\"wp-block-heading\">Onnellista, Maria K\u00e4rkk\u00e4inen | 2008 | pigmenttivedos | 40 x 105 cm | editio 3\/7<br>yksityiskokoelma | editio 4\/7 + 2 AP | hinta 700 \u20ac (teetett\u00e4viss\u00e4)<\/h2>\n\n\n\n<h2 class=\"wp-block-heading\">Valokuvan alla:<\/h2>\n\n\n\n<h2 class=\"wp-block-heading\">Mie pian syyskes\u00e4n niityist\u00e4, Anna K\u00e4rkk\u00e4inen | mekko |&nbsp;installaatio ja hiili&nbsp;viiva<\/h2>\n\n\n\n<figure class=\"wp-block-image\"><img decoding=\"async\" src=\"https:\/\/bonis-avibus.fi\/bonis-avibus\/wp-content\/uploads\/2024\/05\/20240504_142820-768x1024.jpg\" alt=\"\"\/><\/figure>\n\n\n\n<p><\/p>\n\n\n\n<h2 class=\"wp-block-heading\">Alla:<\/h2>\n\n\n\n<h2 class=\"wp-block-heading\">Mie pi\u00e4n viileist\u00e4 pimeist\u00e4 syys\u00f6ist\u00e4, Anna K\u00e4rkk\u00e4inen | mekko | tekij\u00e4n<br>omistuksessa<\/h2>\n\n\n\n<h2 class=\"wp-block-heading\">#miepi\u00e4n, Anna K\u00e4rkk\u00e4inen | 2020\u2013 | videoteos | kesto 49:37 | hinta tiedusteltaessa<\/h2>\n\n\n\n<h2 class=\"wp-block-heading\">Videoteos on kooste @miepian instajulkaisuista. Leikkaus ja liimaus Sanna Nissinen..<\/h2>\n\n\n\n<figure class=\"wp-block-image\"><img decoding=\"async\" src=\"https:\/\/bonis-avibus.fi\/bonis-avibus\/wp-content\/uploads\/2024\/05\/20240515_153214.jpg\" alt=\"\"\/><\/figure>\n\n\n\n<figure class=\"wp-block-image\"><img decoding=\"async\" src=\"https:\/\/bonis-avibus.fi\/bonis-avibus\/wp-content\/uploads\/2024\/05\/20240515_153029.jpg\" alt=\"\"\/><\/figure>\n\n\n\n<p><br><\/p>\n\n\n\n<h2 class=\"wp-block-heading\">Alla:<\/h2>\n\n\n\n<h2 class=\"wp-block-heading\">Nimet\u00f6n (muotokuva), Ratamo Heikkil\u00e4 | 2024 | akryyli kankaalle | hinta<br>tiedusteltaessa<\/h2>\n\n\n\n<figure class=\"wp-block-image\"><img decoding=\"async\" src=\"https:\/\/bonis-avibus.fi\/bonis-avibus\/wp-content\/uploads\/2024\/05\/20240504_140525.jpg\" alt=\"\"\/><\/figure>\n\n\n\n<p><\/p>\n\n\n\n<h2 class=\"wp-block-heading\">Alla:<\/h2>\n\n\n\n<h2 class=\"wp-block-heading\">Merkkej\u00e4 II, Maria K\u00e4rkk\u00e4inen &amp; Ratamo Heikkil\u00e4 | 2024 | pigmenttivedos ja piirros |<br>220 \u20ac<\/h2>\n\n\n\n<figure class=\"wp-block-image\"><img decoding=\"async\" src=\"https:\/\/bonis-avibus.fi\/bonis-avibus\/wp-content\/uploads\/2024\/05\/IMG-20240507-WA0022.jpg\" alt=\"\"\/><\/figure>\n\n\n\n<p><\/p>\n\n\n\n<h2 class=\"wp-block-heading\">Alla:<\/h2>\n\n\n\n<h2 class=\"wp-block-heading\">\u00c4idin, is\u00e4n, mummin, ukin k\u00e4sist\u00e4, Maria K\u00e4rkk\u00e4inen &amp; Ratamo Heikkil\u00e4 |<br>2020\u20132024 | pigmenttivedos ja piirros | hinta tiedusteltaessa<\/h2>\n\n\n\n<figure class=\"wp-block-image\"><img decoding=\"async\" src=\"https:\/\/bonis-avibus.fi\/bonis-avibus\/wp-content\/uploads\/2024\/05\/20240504_140516-1024x631.jpg\" alt=\"\"\/><\/figure>\n\n\n\n<p><\/p>\n\n\n\n<h2 class=\"wp-block-heading\">Alla vasemmalla sein\u00e4ll\u00e4 alempi: Siipi, Inkeri K\u00e4rkk\u00e4inen | 2024 | M\u00e4nnynjuuri, silkki, villa, puuvilla, ryijytekniikka |<br>hinta 1100 \u20ac<br>Ylempi: Lento, Inkeri K\u00e4rkk\u00e4inen | 2024 | M\u00e4nnynjuuri, silkki, villa, puuvilla, ryijytekniikka | hinta 1100 \u20ac<\/h2>\n\n\n\n<h2 class=\"wp-block-heading\">Alimmaisena vasemmalla: Kasvu, Inkeri K\u00e4rkk\u00e4inen | 2022 | M\u00e4nnynjuuri, kaapelilankatupsu | hinta 300 \u20ac&nbsp;<\/h2>\n\n\n\n<h2 class=\"wp-block-heading\">Oikealla sein\u00e4\u00e4 vasten Meren tuomaa II, III IV, Inkeri K\u00e4rkk\u00e4inen | 2024 | Lev\u00e4t, paperi, liisteri, runkona<br>nime\u00e4m\u00e4t\u00f6n pensas | hinta 450 \u20ac kpl<\/h2>\n\n\n\n<figure class=\"wp-block-image\"><img decoding=\"async\" src=\"https:\/\/bonis-avibus.fi\/bonis-avibus\/wp-content\/uploads\/2024\/05\/20240503_194901-1024x768.jpg\" alt=\"\"\/><\/figure>\n\n\n\n<p><\/p>\n\n\n\n<h2 class=\"wp-block-heading\">Alla: Meren lahjat, Inkeri K\u00e4rkk\u00e4inen | 2024 | Maalattu puuvillaverkko,<br>simpukankuoret, kuparilanka | hinta 2500 \u20ac<\/h2>\n\n\n\n<figure class=\"wp-block-image\"><img decoding=\"async\" src=\"https:\/\/bonis-avibus.fi\/bonis-avibus\/wp-content\/uploads\/2024\/05\/20240504_134918.jpg\" alt=\"\"\/><\/figure>\n\n\n\n<p><\/p>\n\n\n\n<h2 class=\"wp-block-heading\">Alla vasemmalla sein\u00e4ll\u00e4:<\/h2>\n\n\n\n<h2 class=\"wp-block-heading\">Harkitut toistot (I\u2013VIII), (Sarjasta: Havaintoja virheiden tekemisen<br>kau\/h\/n\/eudesta), Maria K\u00e4rkk\u00e4inen | 2016 | Impossible Color Film (Polaroid 600) |<br>8,8 cm x 10,7 cm | kehys, 17 cm x 20 cm, tammivitriini + museolasi | hinta 370 \u20ac<\/h2>\n\n\n\n<h2 class=\"wp-block-heading\">Oikealla sein\u00e4ll\u00e4:<\/h2>\n\n\n\n<h2 class=\"wp-block-heading\">Tyrskyn syli, Inkeri K\u00e4rkk\u00e4inen | 1997 (muokattu 2012) | Kierr\u00e4tetty<br>kaapelilanka, puuvilla, pellava, lasihelmi, kudottu kangaspuissa, muotoiltu\/ hinta<br>6000 \u20ac<\/h2>\n\n\n\n<figure class=\"wp-block-image\"><img decoding=\"async\" src=\"https:\/\/bonis-avibus.fi\/bonis-avibus\/wp-content\/uploads\/2024\/05\/20240504_134950-2-1024x547.jpg\" alt=\"\"\/><\/figure>\n\n\n\n<p><\/p>\n\n\n\n<h2 class=\"wp-block-heading\">Alla vasemmalla: Meren tuomaa I, Inkeri K\u00e4rkk\u00e4inen | 2024 | Lev\u00e4t, paperi, liisteri-liimaseos, runkona<br>nime\u00e4m\u00e4t\u00f6n pensas | hinta 450 \u20ac<\/h2>\n\n\n\n<h2 class=\"wp-block-heading\">Oikealla: N\u00e4en ihmeit\u00e4, Inkeri K\u00e4rkk\u00e4inen | 2023 | Puuvilla, pitsi, juuri, v\u00e4rj\u00e4ys ruosteella ja<br>pajunkuorella, aplikointi | hinta 350 \u20ac<\/h2>\n\n\n\n<figure class=\"wp-block-image\"><img decoding=\"async\" src=\"https:\/\/bonis-avibus.fi\/bonis-avibus\/wp-content\/uploads\/2024\/05\/20240504_134849-768x1024.jpg\" alt=\"\"\/><\/figure>\n\n\n\n<p><\/p>\n\n\n\n<h2 class=\"wp-block-heading\"><a href=\"https:\/\/bonis-avibus.fi\/bonis-avibus\/wp-content\/uploads\/2024\/05\/VID-20240507-WA0020-1.mp4\" target=\"_blank\" rel=\"noopener\">Voit katsoa koko n\u00e4yttelytilan. Klikkaa <strong>video <\/strong><\/a><\/h2>\n\n\n\n<figure class=\"wp-block-image\"><img decoding=\"async\" src=\"https:\/\/bonis-avibus.fi\/bonis-avibus\/wp-content\/uploads\/2024\/05\/Turvaverkko-1024x460.jpg\" alt=\"\"\/><\/figure>\n\n\n\n<p><\/p>\n\n\n\n<h2 class=\"wp-block-heading\"><strong>T\u00e4\u00e4lt\u00e4 l\u00f6yd\u00e4t yhteiset kotisivumme: <a href=\"https:\/\/bonis-avibus.fi\/\" target=\"_blank\" rel=\"noopener\"><em>bonis-avibus.fi<\/em><\/a><\/strong><\/h2>\n\n\n\n<h2 class=\"wp-block-heading\"><strong>Inkerin teoksia l\u00f6ytyy lis\u00e4\u00e4 t\u00e4\u00e4lt\u00e4: <a href=\"http:\/\/bonis-avibus.fi\/inkerikarkkainen\/\" target=\"_blank\" rel=\"noopener\"><em>Taiteilija Inkeri K\u00e4rkk\u00e4inen<\/em><\/a><\/strong><\/h2>\n\n\n\n<h2 class=\"wp-block-heading\"><strong>Ukon runoihin p\u00e4\u00e4set t\u00e4\u00e4lt\u00e4 suoraan: <a href=\"https:\/\/bonis-avibus.fi\/bonis-avibus\/runojani-kuunneltavaksi\/\" target=\"_blank\" rel=\"noopener\"><em>Runojani kuunneltavaksi<\/em><\/a><\/strong><\/h2>\n","protected":false},"excerpt":{"rendered":"<p>Alla taiteilijat: Anna, Ratamo, Maria ja Inkeri Alla: Unia ja unelmia Pajapet\u00e4j\u00e4n juurelta, Inkeri K\u00e4rkk\u00e4inen | 2024 |Ruostev\u00e4rj\u00e4tty puuvillaharso | hinta 400 \u20ac x 5 kpl, kasvoin 550 \u20ac 1 kpl (pit. 5-6 m) T\u00e4st\u00e4 yll\u00e4olevasta painikkeesta voit klikata kuulumaan Anna tytt\u00e4ren n\u00e4yttelyn avajaisissa esitt\u00e4m\u00e4n runon Inkeri \u00e4idilleen Alla: Turvaverkko, Inkeri K\u00e4rkk\u00e4inen | 2012 | Kierr\u00e4tetty kuparilanka, ommeltuhyttysverkolle puuvillalangalla, polttov\u00e4rj\u00e4ys<\/p>\n<p><a class=\"more-link\" href=\"https:\/\/bonis-avibus.fi\/bonis-avibus\/juurilta-taidenayttely\/\">Read More<\/a><\/p>\n","protected":false},"author":1,"featured_media":0,"parent":0,"menu_order":0,"comment_status":"closed","ping_status":"closed","template":"","meta":{"footnotes":""},"class_list":["post-12881","page","type-page","status-publish","hentry"],"_links":{"self":[{"href":"https:\/\/bonis-avibus.fi\/bonis-avibus\/wp-json\/wp\/v2\/pages\/12881","targetHints":{"allow":["GET"]}}],"collection":[{"href":"https:\/\/bonis-avibus.fi\/bonis-avibus\/wp-json\/wp\/v2\/pages"}],"about":[{"href":"https:\/\/bonis-avibus.fi\/bonis-avibus\/wp-json\/wp\/v2\/types\/page"}],"author":[{"embeddable":true,"href":"https:\/\/bonis-avibus.fi\/bonis-avibus\/wp-json\/wp\/v2\/users\/1"}],"replies":[{"embeddable":true,"href":"https:\/\/bonis-avibus.fi\/bonis-avibus\/wp-json\/wp\/v2\/comments?post=12881"}],"version-history":[{"count":275,"href":"https:\/\/bonis-avibus.fi\/bonis-avibus\/wp-json\/wp\/v2\/pages\/12881\/revisions"}],"predecessor-version":[{"id":18922,"href":"https:\/\/bonis-avibus.fi\/bonis-avibus\/wp-json\/wp\/v2\/pages\/12881\/revisions\/18922"}],"wp:attachment":[{"href":"https:\/\/bonis-avibus.fi\/bonis-avibus\/wp-json\/wp\/v2\/media?parent=12881"}],"curies":[{"name":"wp","href":"https:\/\/api.w.org\/{rel}","templated":true}]}}