{"id":13703,"date":"2024-06-18T19:31:25","date_gmt":"2024-06-18T16:31:25","guid":{"rendered":"https:\/\/bonis-avibus.fi\/bonis-avibus\/?page_id=13703"},"modified":"2024-06-18T20:20:44","modified_gmt":"2024-06-18T17:20:44","slug":"helisee-rannat-uusi","status":"publish","type":"page","link":"https:\/\/bonis-avibus.fi\/bonis-avibus\/helisee-rannat-uusi\/","title":{"rendered":"Helisee rannat uusi"},"content":{"rendered":"<h3>Ukko\u00a0K\u00e4rkk\u00e4inen 1998<\/h3>\n<h2>Runoni taustaa:<\/h2>\n<p>Inkeri puolisoni pyysi minua kirjoittamaan h\u00e4nen veljens\u00e4 vaimon 60 v. juhliin runon. Kyseisell\u00e4 pariskunnalla on kes\u00e4m\u00f6kki Suvasveden Hautasaaressa. Mielikuvittelin, milt\u00e4 tuntuisi olla saaressa kev\u00e4inen vuoden kierto. Otin kyn\u00e4n k\u00e4teen ja niin syntyi t\u00e4llainen monien rakastama, jo klassikoksi noussut runoni. (T\u00e4m\u00e4n sivun alhaalta voit katsoa Youtube videon runosta.)<\/p>\n<p><div class=\"compact_audio_player_wrapper\"><div class=\"sc_player_container1\"><input type=\"button\" id=\"btnplay_69eb79ad1060e9.51368692\" class=\"myButton_play\" onClick=\"play_mp3('play','69eb79ad1060e9.51368692','http:\/\/bonis-avibus.fi\/bonis-avibus\/wp-content\/uploads\/2017\/05\/Helisee-Rannat.mp3','80','false');show_hide('play','69eb79ad1060e9.51368692');\" \/><input type=\"button\"  id=\"btnstop_69eb79ad1060e9.51368692\" style=\"display:none\" class=\"myButton_stop\" onClick=\"play_mp3('stop','69eb79ad1060e9.51368692','','80','false');show_hide('stop','69eb79ad1060e9.51368692');\" \/><div id=\"sm2-container\"><!-- flash movie ends up here --><\/div><\/div><\/div>\u00a0 \u00a0 Klikkaa audiotiedoston k\u00e4ynnistynappulaa ja laita silm\u00e4t kiinni.<\/p>\n<div class=\" divider magee-divider magee-shortcode divider-d26axv divider-shadow\" id=\"\"><div class=\"divider-inner divider-border\"><\/div><\/div>\n<p style=\"text-align: center;\">\r\n\t\t<div class=\"magee-expand \" id=\"\" data-less-icon=\"fa-arrow-circle-up\" data-less-icon-color=\"#002a8e\" data-less-text=\"Piilota\" data-more-icon=\"fa-arrow-circle-down\" data-more-icon-color=\"#002a8e\" data-more-text=\"Napsauttamalla runoni kirjallinen versio\">\r\n            <div class=\"expand-control control-h0rjch\"><i class=\"fa fa-arrow-circle-down\" style=\"color:#002a8e;\"><\/i> Napsauttamalla runoni kirjallinen versio<\/div>\r\n\t\t\t\t<div class=\"expand-content\" style=\"display:none;\">\r\n\t\t\t\t\t<\/p>\n<p style=\"text-align: left;\">Tammikuisen hiljainen saari.<\/p>\n<p style=\"text-align: left;\">Tuuli nietostanut lunta,<\/p>\n<p style=\"text-align: left;\">tuonut sel\u00e4n yli tullessaan.<\/p>\n<p style=\"text-align: left;\">Kuutamoinen pakkanen kyselee puilta ik\u00e4\u00e4,<\/p>\n<p style=\"text-align: left;\">availee oksien kohmettuneita k\u00e4si\u00e4<\/p>\n<p style=\"text-align: left;\">ja rantoja pitkin tekee yksin\u00e4inen kettu janaa.<\/p>\n<p style=\"text-align: left;\">Hiljaisuuden halkaisee railo,<\/p>\n<p style=\"text-align: left;\">paukahtaa yli j\u00e4rven<\/p>\n<p style=\"text-align: left;\">ja taas hiljenee selk\u00e4,<\/p>\n<p style=\"text-align: left;\">\u00e4\u00e4nett\u00f6myys ottaa vastaan aamunkajon.<\/p>\n<p style=\"text-align: left;\">Punainen ker\u00e4 muuttaa v\u00e4ri\u00e4\u00e4n keltaiseen,<\/p>\n<p style=\"text-align: left;\">rannan kuusikoissa havu l\u00e4mpenee<\/p>\n<p style=\"text-align: left;\">ja p\u00e4ivisin nuoskaa.<\/p>\n<p style=\"text-align: left;\">Asettunut vanhaan telk\u00e4np\u00f6ntt\u00f6\u00f6n,<\/p>\n<p style=\"text-align: left;\">tuo \u00f6inen puputtaja<\/p>\n<p style=\"text-align: left;\">ja h\u00e4m\u00e4r\u00e4ss\u00e4 kuuluu kauas: &#8221;pup, pup, pup, pup,pup&#8230;&#8221;<\/p>\n<p style=\"text-align: left;\">Luultiin ennen, arvailtiin \u00e4\u00e4nest\u00e4,<\/p>\n<p style=\"text-align: left;\">mutta mit\u00e4 sanookaan hangella j\u00e4nis?<\/p>\n<p style=\"text-align: left;\">Pel\u00e4styen hypp\u00e4\u00e4 sivulle<\/p>\n<p style=\"text-align: left;\">kuuntelee,<\/p>\n<p style=\"text-align: left;\">sitten rauhoittuu j\u00e4rsim\u00e4\u00e4n kuorta.<\/p>\n<p style=\"text-align: left;\">Ei kysele pakkanen en\u00e4\u00e4 ik\u00e4\u00e4,<\/p>\n<p style=\"text-align: left;\">ei tarinoi huuruinen.<\/p>\n<p style=\"text-align: left;\">Kuusikon kirkas tiuku,<\/p>\n<p style=\"text-align: left;\">on sill\u00e4 nyt asiaa rannan puille; &#8221;tjyyy, tjyyy, tjyyyyy, tjyyyyyy&#8230;&#8221;<\/p>\n<p style=\"text-align: left;\">Ovat olleet haavat pitk\u00e4\u00e4n paikoillaan, lep\u00e4t tulleet vasta my\u00f6hemmin<\/p>\n<p style=\"text-align: left;\">ja ne kullankeltaiset m\u00e4ntyjen kyljet,<\/p>\n<p style=\"text-align: left;\">ties kuinka kauan antaneet turvaa<\/p>\n<p style=\"text-align: left;\">ja aina ottaneet vieraansa vastaan, kantaneet varovasti.<\/p>\n<p style=\"text-align: left;\">Jo tummuu selk\u00e4, antaa kuitenkin viel\u00e4 kulkea pyyd\u00f6ille.<\/p>\n<p style=\"text-align: left;\">Niin on lahjoittanut ylitse talven aarteistaan,<\/p>\n<p style=\"text-align: left;\">jakanut viljaansa.<\/p>\n<p style=\"text-align: left;\">Helisee rannat, kuin urkupillit uivat j\u00e4iset<\/p>\n<p style=\"text-align: left;\">ja somasti, kuuletko, tunnetko s\u00e4velen.<\/p>\n<p style=\"text-align: left;\">Pitk\u00e4\u00e4n, viikkoja nokassaan kantanut tuo mainio harmaatakki,<\/p>\n<p style=\"text-align: left;\">oksa kerrallaan kyh\u00e4nnyt rakkaimmalleen<\/p>\n<p style=\"text-align: left;\">ja aamuisin, ennen lentoaan, riemuinnut kaikille onnestaan,<\/p>\n<p style=\"text-align: left;\">koko mets\u00e4 raikunut<\/p>\n<p style=\"text-align: left;\">ja ah, miten kaunista, kuunnelkaa: &#8221;kraaaak, kraaaaaak, kraaaaak, kraaaak&#8230;&#8221;<\/p>\n<p style=\"text-align: left;\">ja mets\u00e4 raikunut onnestaan.<\/p>\n<p style=\"text-align: left;\">Naapurissa, siin\u00e4 aivan l\u00e4hell\u00e4, tuskin kolmen heiton p\u00e4\u00e4ss\u00e4,<\/p>\n<p style=\"text-align: left;\">paikka.<\/p>\n<p style=\"text-align: left;\">Kuka lienee ensin valinnut, kuka olikaan se lyyrainen,<\/p>\n<p style=\"text-align: left;\">joka tuli ja kertoi:<\/p>\n<p style=\"text-align: left;\">on saari t\u00e4\u00e4 taistelon, tulkoot vain, ken uskaltaa;<\/p>\n<p style=\"text-align: left;\">&#8221;thsiuuuu, thsiuuuuu&#8230;&#8221;<\/p>\n<p style=\"text-align: left;\">Ja mitk\u00e4 mittel\u00f6t&#8230;<\/p>\n<p style=\"text-align: left;\">P\u00e4ivien kierto,<\/p>\n<p style=\"text-align: left;\">v\u00e4lkkyv\u00e4t vedet,<\/p>\n<p style=\"text-align: left;\">illan rauha ja kaukana nuottaveneiden tasaiset \u00e4\u00e4net.<\/p>\n<p style=\"text-align: left;\">Y\u00f6 on parasta t\u00e4\u00e4ll\u00e4, kes\u00e4y\u00f6.<\/p>\n<p style=\"text-align: left;\">Oletko koskaan kokenut,<\/p>\n<p style=\"text-align: left;\">istunut sel\u00e4n puolella ja vain ollut.<\/p>\n<p style=\"text-align: left;\">Lis\u00e4nnyt v\u00e4lill\u00e4 puita rannan nuotioon, istunut ja vain ollut.<\/p>\n<p style=\"text-align: left;\">Kai muistat, miten illalla lopetti rastas laulunsa<\/p>\n<p style=\"text-align: left;\">ja kun y\u00f6 koitti, alkoi vedenkuninkaitten sinfonia;<\/p>\n<p style=\"text-align: left;\">&#8221;Kuiiikka, kuuuuiiiiikka&#8230;&#8221;<\/p>\n<p style=\"text-align: left;\">ja vastasivat kallioiset saaret<\/p>\n<p style=\"text-align: left;\">kuiiikka, kuuuuiiiiikka&#8230;<\/p>\n<p style=\"text-align: left;\">Aamun sarastaessa, viel\u00e4 h\u00e4m\u00e4r\u00e4ss\u00e4,<\/p>\n<p style=\"text-align: left;\">her\u00e4si\u00a0 punarinta,<\/p>\n<p style=\"text-align: left;\">helkytti tiukuaan,<\/p>\n<p style=\"text-align: left;\">peippo ja monet muut,<\/p>\n<p style=\"text-align: left;\">koko mets\u00e4nv\u00e4ki alkoi soittaa.<\/p>\n<p style=\"text-align: left;\">Silloin se kuului,<\/p>\n<p style=\"text-align: left;\">kes\u00e4 lauloi,<\/p>\n<p style=\"text-align: left;\">tuolta ja tuolta,<\/p>\n<p style=\"text-align: left;\">saartenkin takaa; &#8221;kukuuu, kukuuu, kukuuuu, kukuuuu, kukuuuu&#8230;&#8221;<\/p>\n<p style=\"text-align: left;\">Y\u00f6, sammal, tyyni vesi ja aamuiset \u00e4\u00e4net, tuoksut,<\/p>\n<p style=\"text-align: left;\">oletkos kokenut&#8230;parasta t\u00e4\u00e4ll\u00e4.<\/p>\n<p style=\"text-align: center;\">\u00a0<div class=\" divider magee-divider magee-shortcode divider-d40qwd divider-shadow\" id=\"\"><div class=\"divider-inner divider-border\"><\/div><\/div>\n<p style=\"text-align: center;\">\r\n\t\t\t\t<\/div>\r\n\t\t\t<\/div><\/p>\n<p>\t\t\t\t\t\t\t\t\t\t\t\t\t<img loading=\"lazy\" decoding=\"async\" width=\"1024\" height=\"681\" src=\"https:\/\/bonis-avibus.fi\/bonis-avibus\/wp-content\/uploads\/2017\/10\/Ukko-K\u00e4rkk\u00e4inen-99-1024x681-1024x681.jpg\" alt=\"\" srcset=\"https:\/\/bonis-avibus.fi\/bonis-avibus\/wp-content\/uploads\/2017\/10\/Ukko-K\u00e4rkk\u00e4inen-99-1024x681.jpg 1024w, https:\/\/bonis-avibus.fi\/bonis-avibus\/wp-content\/uploads\/2017\/10\/Ukko-K\u00e4rkk\u00e4inen-99-1024x681-300x200.jpg 300w, https:\/\/bonis-avibus.fi\/bonis-avibus\/wp-content\/uploads\/2017\/10\/Ukko-K\u00e4rkk\u00e4inen-99-1024x681-768x511.jpg 768w, https:\/\/bonis-avibus.fi\/bonis-avibus\/wp-content\/uploads\/2017\/10\/Ukko-K\u00e4rkk\u00e4inen-99-1024x681-800x532.jpg 800w, https:\/\/bonis-avibus.fi\/bonis-avibus\/wp-content\/uploads\/2017\/10\/Ukko-K\u00e4rkk\u00e4inen-99-1024x681-272x182.jpg 272w\" sizes=\"auto, (max-width: 1024px) 100vw, 1024px\" \/>\t\t\t\t\t\t\t\t\t\t\t\t\t<\/p>\n<p>T\u00e4\u00e4lt\u00e4 voit katsoa koomisen tilanteen esityksest\u00e4ni. Minut kutsuttiin &#8221;Elossa &#8211; luonto ja el\u00e4v\u00e4 perint\u00f6&#8221; -seminaariin Suomen Kansallismuseolle esitt\u00e4m\u00e4\u00e4n &#8221;Helisee rannat&#8221; -runoni 9.11.2016.<\/p>\n<p>Ja kappas vaan! K\u00e4vi niin, ett\u00e4 kesken esityksen unohinkin, ett\u00e4 miten runo oikein menik\u00e4\u00e4n. Ihana blackout tallentui t\u00e4lle videolle \ud83d\ude42<\/p>\n<p>https:\/\/www.youtube.com\/watch?v=8ude6plgkXA<\/p>\n","protected":false},"excerpt":{"rendered":"<p>Ukko\u00a0K\u00e4rkk\u00e4inen 1998 Runoni taustaa: Inkeri puolisoni pyysi minua kirjoittamaan h\u00e4nen veljens\u00e4 vaimon 60 v. juhliin runon. Kyseisell\u00e4 pariskunnalla on kes\u00e4m\u00f6kki Suvasveden Hautasaaressa. Mielikuvittelin, milt\u00e4 tuntuisi olla saaressa kev\u00e4inen vuoden kierto. Otin kyn\u00e4n k\u00e4teen ja niin syntyi t\u00e4llainen monien rakastama, jo klassikoksi noussut runoni. (T\u00e4m\u00e4n sivun alhaalta voit katsoa Youtube videon runosta.) \u00a0 \u00a0 Klikkaa audiotiedoston k\u00e4ynnistynappulaa ja laita silm\u00e4t kiinni.<\/p>\n<p><a class=\"more-link\" href=\"https:\/\/bonis-avibus.fi\/bonis-avibus\/helisee-rannat-uusi\/\">Read More<\/a><\/p>\n","protected":false},"author":1,"featured_media":0,"parent":0,"menu_order":0,"comment_status":"closed","ping_status":"closed","template":"","meta":{"footnotes":""},"class_list":["post-13703","page","type-page","status-publish","hentry"],"_links":{"self":[{"href":"https:\/\/bonis-avibus.fi\/bonis-avibus\/wp-json\/wp\/v2\/pages\/13703","targetHints":{"allow":["GET"]}}],"collection":[{"href":"https:\/\/bonis-avibus.fi\/bonis-avibus\/wp-json\/wp\/v2\/pages"}],"about":[{"href":"https:\/\/bonis-avibus.fi\/bonis-avibus\/wp-json\/wp\/v2\/types\/page"}],"author":[{"embeddable":true,"href":"https:\/\/bonis-avibus.fi\/bonis-avibus\/wp-json\/wp\/v2\/users\/1"}],"replies":[{"embeddable":true,"href":"https:\/\/bonis-avibus.fi\/bonis-avibus\/wp-json\/wp\/v2\/comments?post=13703"}],"version-history":[{"count":9,"href":"https:\/\/bonis-avibus.fi\/bonis-avibus\/wp-json\/wp\/v2\/pages\/13703\/revisions"}],"predecessor-version":[{"id":13715,"href":"https:\/\/bonis-avibus.fi\/bonis-avibus\/wp-json\/wp\/v2\/pages\/13703\/revisions\/13715"}],"wp:attachment":[{"href":"https:\/\/bonis-avibus.fi\/bonis-avibus\/wp-json\/wp\/v2\/media?parent=13703"}],"curies":[{"name":"wp","href":"https:\/\/api.w.org\/{rel}","templated":true}]}}