{"id":14185,"date":"2024-07-14T16:43:50","date_gmt":"2024-07-14T13:43:50","guid":{"rendered":"https:\/\/bonis-avibus.fi\/bonis-avibus\/?page_id=14185"},"modified":"2026-03-24T19:41:08","modified_gmt":"2026-03-24T17:41:08","slug":"lasnaololta-tuoksuvaa-voidetta","status":"publish","type":"page","link":"https:\/\/bonis-avibus.fi\/bonis-avibus\/lasnaololta-tuoksuvaa-voidetta\/","title":{"rendered":"L\u00e4sn\u00e4ololta tuoksuvaa voidetta"},"content":{"rendered":"\n<figure class=\"wp-block-image\"><img decoding=\"async\" src=\"https:\/\/bonis-avibus.fi\/bonis-avibus\/wp-content\/uploads\/2024\/07\/Tuoksuva-voide.jpg\" alt=\"\"\/><\/figure>\n\n\n\n<p><\/p>\n\n\n\n<h2 class=\"wp-block-heading\"><strong>Olen omistanut t\u00e4ll\u00e4 sivulla kuuluvan ja n\u00e4kyv\u00e4n &#8221;L\u00e4sn\u00e4ololta tuokuvaa voidetta&#8221; runoni rakkaalle <\/strong><strong style=\"font-size: 1.28571rem;\">yst\u00e4v\u00e4lleni Iida M\u00e4kikallio<\/strong><strong style=\"font-size: 1.28571rem;\">lle. Kantaesitin runon Iidan syntt\u00e4reill\u00e4 huhtikuussa vuonna 2023.&nbsp;<\/strong><\/h2>\n\n\n\n<figure class=\"wp-block-image\"><img decoding=\"async\" src=\"https:\/\/bonis-avibus.fi\/bonis-avibus\/wp-content\/uploads\/2024\/07\/Screenshot_20240714_112931_Gallery-520x1024.jpg\" alt=\"\"\/><\/figure>\n\n\n\n<p><\/p>\n\n\n\n<h2 class=\"wp-block-heading\"><strong>Tein 30 -vuotissiirtym\u00e4riitin sek\u00e4 rummuttamalla, ett\u00e4 kotkansulalla valkosalvian savua leyhytt\u00e4en.&nbsp;<\/strong><\/h2>\n\n\n\n<figure class=\"wp-block-image\"><img decoding=\"async\" src=\"https:\/\/bonis-avibus.fi\/bonis-avibus\/wp-content\/uploads\/2024\/07\/Rummutus.jpg\" alt=\"\"\/><\/figure>\n\n\n\n<p><\/p>\n\n\n\n<h2 class=\"wp-block-heading\"><strong>Klikkaa ensin audiorunon taustaksi Youtube musiikkilinkki. Sen j\u00e4lkeen klikkaan kuulumaan runo &#8221;L\u00e4sn\u00e4ololta tuoksuvaa voidetta&#8221;.<\/strong><\/h2>\n\n\n\n<figure class=\"wp-block-embed is-type-video is-provider-youtube wp-block-embed-youtube wp-embed-aspect-4-3 wp-has-aspect-ratio\"><div class=\"wp-block-embed__wrapper\">\n<iframe loading=\"lazy\" title=\"Gli Uccelli: II. La Columba\" width=\"500\" height=\"375\" src=\"https:\/\/www.youtube.com\/embed\/VmJ7i_bf2z8?feature=oembed\" frameborder=\"0\" allow=\"accelerometer; autoplay; clipboard-write; encrypted-media; gyroscope; picture-in-picture; web-share\" referrerpolicy=\"strict-origin-when-cross-origin\" allowfullscreen><\/iframe>\n<\/div><\/figure>\n\n\n\n<p><div class=\"compact_audio_player_wrapper\"><div class=\"sc_player_container1\"><input type=\"button\" id=\"btnplay_69eb78d8e46998.94106033\" class=\"myButton_play\" onClick=\"play_mp3('play','69eb78d8e46998.94106033','https:\/\/bonis-avibus.fi\/bonis-avibus\/wp-content\/uploads\/2024\/07\/Lasnaololta-tuoksuvaa-voidetta-lopullinen-stereo-kompress-2.mp3','80','false');show_hide('play','69eb78d8e46998.94106033');\" \/><input type=\"button\"  id=\"btnstop_69eb78d8e46998.94106033\" style=\"display:none\" class=\"myButton_stop\" onClick=\"play_mp3('stop','69eb78d8e46998.94106033','','80','false');show_hide('stop','69eb78d8e46998.94106033');\" \/><div id=\"sm2-container\"><!-- flash movie ends up here --><\/div><\/div><\/div> T\u00e4st\u00e4 voit kuunnella tulkintani runosta<\/p>\n\n\n\r\n\t\t<div class=\"magee-expand \" id=\"\" data-less-icon=\"fa-arrow-circle-up\" data-less-icon-color=\"#002a8e\" data-less-text=\"Piilota\" data-more-icon=\"fa-arrow-circle-down\" data-more-icon-color=\"#002a8e\" data-more-text=\"Napsauttamalla t\u00e4t\u00e4 l\u00f6ytyy runoni kirjallinen versio\">\r\n            <div class=\"expand-control control-30fbbd\"><i class=\"fa fa-arrow-circle-down\" style=\"color:#002a8e;\"><\/i> Napsauttamalla t\u00e4t\u00e4 l\u00f6ytyy runoni kirjallinen versio<\/div>\r\n\t\t\t\t<div class=\"expand-content\" style=\"display:none;\">\r\n\t\t\t\t\t<\/p>\n<p>Iidalle\u00a0<img loading=\"lazy\" decoding=\"async\" draggable=\"false\" src=\"https:\/\/fonts.gstatic.com\/s\/e\/notoemoji\/15.0\/2764_fe0f\/72.png\" alt=\"\u2764\ufe0f\" width=\"30\" height=\"30\" data-emoji=\"\u2764\ufe0f\" aria-label=\"\u2764\ufe0f\" \/><\/p>\n<p>Musiikki: Gli Uccelli; II La Columba\u00a0<a href=\"https:\/\/open.spotify.com\/track\/2zoijVBnvdIEnkgRuAn5eo?si=OHOJ4eW_TSOzfEyqB38xLA\" target=\"_blank\" rel=\"noopener\" data-saferedirecturl=\"https:\/\/www.google.com\/url?q=https:\/\/open.spotify.com\/track\/2zoijVBnvdIEnkgRuAn5eo?si%3DOHOJ4eW_TSOzfEyqB38xLA&amp;source=gmail&amp;ust=1721112370959000&amp;usg=AOvVaw1nePqbmecgHxCInTvCNGfr\">https:\/\/open.spotify.com\/<wbr \/>track\/2zoijVBnvdIEnkgRuAn5eo?<wbr \/>si=OHOJ4eW_TSOzfEyqB38xLA<\/a>\u00a0Mit\u00e4 kantaa mukanaan h\u00e4n,joka soittaa kelloasi,h\u00e4n,\u00a0joka koputtaa ovellesi?\u00a0Ja mit\u00e4 otat vastaan,kun ihminen tulee luoksesi,\u00a0istuu tuolilleen?Mit\u00e4 aistit,mit\u00e4 kuulet,mit\u00e4 n\u00e4et?\u00a0Tunnetko itsess\u00e4sikin kivun kantajan kuorman, tarinan raskauden?\u00a0Sin\u00e4 tied\u00e4t aiheesta paljon lukeneena, mit\u00e4 tapahtuu lapselle, joka syntyy v\u00e4kivallan syliin. Olet kulkenut monien s\u00e4rkyneiden rinnalla.\u00a0Pelon kokemukset piiloutuvat,\u00a0pakenevat soluihin asti. Silloin on vaara eksy\u00e4 matkallaan tuskan tunteisiin. Turvattomuus, se on kaiken ahdistuksen pohjalla.\u00a0Jos sattuu niin paljon onnistamaan,\u00a0ett\u00e4 haavoitettu p\u00e4\u00e4seekin luoksesi.\u00a0Sielun pime\u00e4\u00e4 y\u00f6t\u00e4 on mahdollista katsoa yhdess\u00e4. Vuoropuhelussa,\u00a0kysymystesi valossa, voi l\u00f6yt\u00e4\u00e4\u00a0hiekkaan kivettyneet,pienten jalkojen j\u00e4ljet.\u00a0\u00a0Iida&#8230;\u00a0Millaista on olla l\u00e4sn\u00e4 kaikista kipeimm\u00e4ss\u00e4 kohdassa, kun silmiesi eteen avautuu ihmisel\u00e4m\u00e4n rikkonaisuuden ja rosouden koko kirjo.\u00a0Moniko luoksesi tullut,el\u00e4m\u00e4ns\u00e4 myrsky\u00e4v\u00e4ll\u00e4 merell\u00e4, pit\u00e4\u00e4 viimeisill\u00e4 voimillaan kiinni hajonneen purtensa laudankappaleista.\u00a0Voi miten monien rikottujen lasten, haavoitettujen nuorten, vanhemmat ovat itse s\u00e4rkyneit\u00e4.Silloin on vaikeaa antaa lapsilleen rakkautta ja turvaa, jos itse on joutunut kantamaan sukupolvelta toiselle kulkevia puhumattomuuden, sodan pelon tai raivoamisen taakkoja.\u00a0Kuka opettaisi k\u00e4sien avaamisen taitoa, kuka toisi haavoja parantavaa, l\u00e4sn\u00e4ololta tuoksuvaa voidetta.\u00a0Kuka johdattaisi antamaan anteeksi meit\u00e4 satuttaneille ja lopulta, antamaan anteeksi sis\u00e4ll\u00e4mme kaikuvalle vaativalle \u00e4\u00e4nelle, ankaralle itsellemme?\u00a0Me tarvitsemme lempeytt\u00e4 ja armollisuutta.\u00a0Sin\u00e4 Iida tied\u00e4t, ett\u00e4 menneest\u00e4 voi p\u00e4\u00e4st\u00e4\u00e4 irti hukkumatta. Olet n\u00e4hnyt sen ihmeen. Aaltojen ly\u00f6dess\u00e4 ylitse tarvitaan paljon rehellisyytt\u00e4 ja rohkeutta selailla oman historiansa kirjaa, tarvitaan toivoa, herkkyytt\u00e4 ja ylitsevuotavan rakastavaa my\u00f6t\u00e4tuntoa.\u00a0Monikohan, t\u00e4n\u00e4 levottomana aikana,pelk\u00e4\u00e4 ydinten sotaa, pelk\u00e4\u00e4 kuollakseen kuolemaa.\u00a0Mutta miksi niin harva ymm\u00e4rt\u00e4\u00e4, ettei kuolemaa ole, ettei henke\u00e4 voi kukaan koskaan riist\u00e4\u00e4 toiselta. Henke\u00e4\u00e4n ei voi menett\u00e4\u00e4, ei ikin\u00e4. Sielu jatkaa el\u00e4m\u00e4\u00e4 valtimon viimeisten sykkeidenkin j\u00e4lkeen.\u00a0Yh\u00e4 enemm\u00e4n tarvitsisimme alkuper\u00e4isheimojen perinteen kantajien viisautta, \u00c4itimaan todellisia suojelijoita. Heill\u00e4 ikiaikainen taito hakea hajonneen sielun sirpaleet takaisin kotiin ahdistuksen avaruudesta.\u00a0Iida!\u00a0Ja mit\u00e4 otat vastaan,kun ihminen tulee luoksesi,\u00a0istuu tuolilleen?Mit\u00e4 aistit,mit\u00e4 kuulet,mit\u00e4 n\u00e4et?\u00a0Tarvitaan ei-tiet\u00e4misen parantavaa tilaa, jossa kumpikin voi aistia rauhassa perhosen kotelon sis\u00e4lt\u00e4 kuuluvien siipien havinaa. Rakkauden l\u00e4mm\u00f6ss\u00e4 tapahtuu ihme. Tunteiden j\u00e4\u00e4t alkavat sulaa.\u00a0Kyyneleet ovat merkki kotiinpaluusta. Surun tunturipurot avaavat aikaikkunan. Silloin rikotun palaset, rakkauden kannattelemina, saapuvat haavoittuneen syd\u00e4men ovelle.Miten suloista onkaan toivottaa kotiinsa koputtava tervetulleeksi.\u00a0Se on suru, josta paluun tunnistaa, ne ovat kyyneleet, jotka parantavat, eheytt\u00e4v\u00e4t, hoitavat sinua, minua ja meit\u00e4 kaikkia\u00a0<img loading=\"lazy\" decoding=\"async\" draggable=\"false\" src=\"https:\/\/fonts.gstatic.com\/s\/e\/notoemoji\/15.0\/2764_fe0f\/72.png\" alt=\"\u2764\ufe0f\" width=\"26\" height=\"26\" data-emoji=\"\u2764\ufe0f\" aria-label=\"\u2764\ufe0f\" \/><img loading=\"lazy\" decoding=\"async\" draggable=\"false\" src=\"https:\/\/fonts.gstatic.com\/s\/e\/notoemoji\/15.0\/1f4a6\/72.png\" alt=\"\ud83d\udca6\" width=\"27\" height=\"27\" data-emoji=\"\ud83d\udca6\" aria-label=\"\ud83d\udca6\" \/>\u00a0Joka kerta, kun tunnet poskillasi kyyneleet, joka kerta, kun jokin koskettaa sinua niin syv\u00e4lt\u00e4 ja niin hell\u00e4sti, aivan ihmisen\u00e4 olemisen ytimeen asti, niin tied\u00e4:\u00a0Suru virtaa aina Rakkautta ja Iloa kohti\u00a0<img loading=\"lazy\" decoding=\"async\" draggable=\"false\" src=\"https:\/\/fonts.gstatic.com\/s\/e\/notoemoji\/15.0\/2764_fe0f\/72.png\" alt=\"\u2764\ufe0f\" width=\"26\" height=\"26\" data-emoji=\"\u2764\ufe0f\" aria-label=\"\u2764\ufe0f\" \/>Kyyneleet virrattavat mukanaan meille t\u00e4rke\u00e4\u00e4, arvokkainta. Juuri ne kantavat ainutlaatuisen kaunista el\u00e4m\u00e4\u00e4mme.\u00a0Iida\u00a0Sinulle kiitollisena\u00a0<img loading=\"lazy\" decoding=\"async\" draggable=\"false\" src=\"https:\/\/fonts.gstatic.com\/s\/e\/notoemoji\/15.0\/1f64f\/72.png\" alt=\"\ud83d\ude4f\" width=\"25\" height=\"25\" data-emoji=\"\ud83d\ude4f\" aria-label=\"\ud83d\ude4f\" \/>\u00a0L\u00e4mm\u00f6ll\u00e4 Ukko<\/p>\n<div class=\" divider magee-divider magee-shortcode divider-uat4m8 divider-shadow\" id=\"\"><div class=\"divider-inner divider-border\"><\/div><\/div>\u00a0\r\n\t\t\t\t<\/div>\r\n\t\t\t<\/div>\n\n\n\n<h2 class=\"wp-block-heading\">L\u00e4mpim\u00e4t Onnitteluni Iidalle <span class=\"sce_emoji-heart\" title=\"heart\"><\/span><\/h2>\n\n\n\n<figure class=\"wp-block-image\"><img decoding=\"async\" src=\"https:\/\/bonis-avibus.fi\/bonis-avibus\/wp-content\/uploads\/2024\/07\/Screenshot_20240714_145240_Gallery-820x1024.jpg\" alt=\"\"\/><\/figure>\n\n\n\n<p><\/p>\n\n\n\n<h2 class=\"wp-block-heading\"><strong style=\"font-size: 1.28571rem;\"><a href=\"https:\/\/www.iidamakikallio.com\/fi\/\" target=\"_blank\" rel=\"noopener\"><em>Iida M\u00e4kikallio<\/em><\/a>. <\/strong>(Klikkaamalla nime\u00e4 p\u00e4\u00e4set Iidan kotisivuille).<\/h2>\n\n\n\n<h2 class=\"wp-block-heading\"><strong>T\u00e4\u00e4lt\u00e4 alta:<\/strong><\/h2>\n\n\n\n<h2 class=\"wp-block-heading\"><a href=\"https:\/\/bonis-avibus.fi\/bonis-avibus\/ukon-osaaminen-ja-yhteystiedot\/\" target=\"_blank\" rel=\"noopener\"><em><strong>Ukon ihmettelyit\u00e4<\/strong><\/em><\/a><\/h2>\n\n\n\n<h2 class=\"wp-block-heading\"><strong>Ja t\u00e4\u00e4lt\u00e4 l\u00f6ytyy lis\u00e4\u00e4 runoja. Siell\u00e4 on my\u00f6s uusi p\u00e4ivitys ennen julkaisemattomista veistoksista ja maalauksiani.<\/strong><\/h2>\n\n\n\n<h2 class=\"wp-block-heading\"><a href=\"https:\/\/bonis-avibus.fi\/bonis-avibus\/runojani-kuunneltavaksi\/\" target=\"_blank\" rel=\"noopener\"><em><strong>Runojani kuunneltavaksi<\/strong><\/em><\/a><\/h2>\n\n\n\n<figure class=\"wp-block-image\"><img decoding=\"async\" src=\"https:\/\/bonis-avibus.fi\/bonis-avibus\/wp-content\/uploads\/2020\/04\/syd\u00e4n-...-family-2609525_960_720-\u2013-kopio.jpg\" alt=\"\"\/><\/figure>\n\n\n\n<p><\/p>\n","protected":false},"excerpt":{"rendered":"<p>Olen omistanut t\u00e4ll\u00e4 sivulla kuuluvan ja n\u00e4kyv\u00e4n &#8221;L\u00e4sn\u00e4ololta tuokuvaa voidetta&#8221; runoni rakkaalle yst\u00e4v\u00e4lleni Iida M\u00e4kikalliolle. Kantaesitin runon Iidan syntt\u00e4reill\u00e4 huhtikuussa vuonna 2023.&nbsp; Tein 30 -vuotissiirtym\u00e4riitin sek\u00e4 rummuttamalla, ett\u00e4 kotkansulalla valkosalvian savua leyhytt\u00e4en.&nbsp; Klikkaa ensin audiorunon taustaksi Youtube musiikkilinkki. Sen j\u00e4lkeen klikkaan kuulumaan runo &#8221;L\u00e4sn\u00e4ololta tuoksuvaa voidetta&#8221;. T\u00e4st\u00e4 voit kuunnella tulkintani runosta L\u00e4mpim\u00e4t Onnitteluni Iidalle Iida M\u00e4kikallio. (Klikkaamalla nime\u00e4 p\u00e4\u00e4set Iidan<\/p>\n<p><a class=\"more-link\" href=\"https:\/\/bonis-avibus.fi\/bonis-avibus\/lasnaololta-tuoksuvaa-voidetta\/\">Read More<\/a><\/p>\n","protected":false},"author":1,"featured_media":0,"parent":0,"menu_order":0,"comment_status":"closed","ping_status":"closed","template":"","meta":{"footnotes":""},"class_list":["post-14185","page","type-page","status-publish","hentry"],"_links":{"self":[{"href":"https:\/\/bonis-avibus.fi\/bonis-avibus\/wp-json\/wp\/v2\/pages\/14185","targetHints":{"allow":["GET"]}}],"collection":[{"href":"https:\/\/bonis-avibus.fi\/bonis-avibus\/wp-json\/wp\/v2\/pages"}],"about":[{"href":"https:\/\/bonis-avibus.fi\/bonis-avibus\/wp-json\/wp\/v2\/types\/page"}],"author":[{"embeddable":true,"href":"https:\/\/bonis-avibus.fi\/bonis-avibus\/wp-json\/wp\/v2\/users\/1"}],"replies":[{"embeddable":true,"href":"https:\/\/bonis-avibus.fi\/bonis-avibus\/wp-json\/wp\/v2\/comments?post=14185"}],"version-history":[{"count":98,"href":"https:\/\/bonis-avibus.fi\/bonis-avibus\/wp-json\/wp\/v2\/pages\/14185\/revisions"}],"predecessor-version":[{"id":18943,"href":"https:\/\/bonis-avibus.fi\/bonis-avibus\/wp-json\/wp\/v2\/pages\/14185\/revisions\/18943"}],"wp:attachment":[{"href":"https:\/\/bonis-avibus.fi\/bonis-avibus\/wp-json\/wp\/v2\/media?parent=14185"}],"curies":[{"name":"wp","href":"https:\/\/api.w.org\/{rel}","templated":true}]}}