{"id":14345,"date":"2024-08-06T12:54:22","date_gmt":"2024-08-06T09:54:22","guid":{"rendered":"https:\/\/bonis-avibus.fi\/bonis-avibus\/?page_id=14345"},"modified":"2024-08-07T09:29:25","modified_gmt":"2024-08-07T06:29:25","slug":"kuka-kertoisi","status":"publish","type":"page","link":"https:\/\/bonis-avibus.fi\/bonis-avibus\/kuka-kertoisi\/","title":{"rendered":"Kuka kertoisi"},"content":{"rendered":"<p><img loading=\"lazy\" decoding=\"async\" width=\"870\" height=\"776\" src=\"https:\/\/bonis-avibus.fi\/bonis-avibus\/wp-content\/uploads\/2024\/08\/20240721_163934.jpg\" alt=\"\" srcset=\"https:\/\/bonis-avibus.fi\/bonis-avibus\/wp-content\/uploads\/2024\/08\/20240721_163934.jpg 870w, https:\/\/bonis-avibus.fi\/bonis-avibus\/wp-content\/uploads\/2024\/08\/20240721_163934-300x268.jpg 300w, https:\/\/bonis-avibus.fi\/bonis-avibus\/wp-content\/uploads\/2024\/08\/20240721_163934-768x685.jpg 768w, https:\/\/bonis-avibus.fi\/bonis-avibus\/wp-content\/uploads\/2024\/08\/20240721_163934-800x714.jpg 800w\" sizes=\"auto, (max-width: 870px) 100vw, 870px\" \/>\t\t\t\t\t\t\t\t\t\t\t\t\t<\/p>\n<h2><strong>Historian ensimm\u00e4iset Pielisen Tiet\u00e4j\u00e4p\u00e4iv\u00e4t pidettiin t\u00e4n\u00e4 kes\u00e4n\u00e4 2024 Kolin kansallismaisemassa Kelv\u00e4nsaaressa. <\/strong>(Kuvat mm. Karhun Helena, K\u00e4rkk\u00e4isen Ukko\u00a0ja viimeinen kuva ilmaisesta kuvapankista).<\/h2>\n<p>\t\t\t\t\t\t\t\t\t\t\t\t\t<img loading=\"lazy\" decoding=\"async\" width=\"768\" height=\"1024\" src=\"https:\/\/bonis-avibus.fi\/bonis-avibus\/wp-content\/uploads\/2024\/08\/1000065443.jpg\" alt=\"\" srcset=\"https:\/\/bonis-avibus.fi\/bonis-avibus\/wp-content\/uploads\/2024\/08\/1000065443.jpg 768w, https:\/\/bonis-avibus.fi\/bonis-avibus\/wp-content\/uploads\/2024\/08\/1000065443-225x300.jpg 225w\" sizes=\"auto, (max-width: 768px) 100vw, 768px\" \/>\t\t\t\t\t\t\t\t\t\t\t\t\t<\/p>\n<h2><strong>Itselleni erityisen merkityksellinen ty\u00f6paja oli Jaana Kourin vet\u00e4m\u00e4 &#8221;Luonnon voima&#8221;. My\u00f6s Miika Vanhapihan &#8221;Tulen voima&#8221; innosti saamaan tulen sytyttym\u00e4\u00e4n ilman tulitikkuja. Jenni \u00d6rnin ty\u00f6paja &#8221;Yrtin voima&#8221; avasi uudelaisen, energeettisen n\u00e4k\u00f6kulman kasveihin.\u00a0 Lauantai-iltana shamaaniviulisti Tuomas Rounakarin esitys meni kyll\u00e4 todella upeilla leveleill\u00e4.\u00a0\u00a0<\/strong><\/h2>\n<p>\t\t\t\t\t\t\t\t\t\t\t\t\t<img loading=\"lazy\" decoding=\"async\" width=\"1024\" height=\"616\" src=\"https:\/\/bonis-avibus.fi\/bonis-avibus\/wp-content\/uploads\/2024\/08\/nimeton-1024x616.jpg\" alt=\"\" srcset=\"https:\/\/bonis-avibus.fi\/bonis-avibus\/wp-content\/uploads\/2024\/08\/nimeton-1024x616.jpg 1024w, https:\/\/bonis-avibus.fi\/bonis-avibus\/wp-content\/uploads\/2024\/08\/nimeton-300x181.jpg 300w, https:\/\/bonis-avibus.fi\/bonis-avibus\/wp-content\/uploads\/2024\/08\/nimeton-768x462.jpg 768w, https:\/\/bonis-avibus.fi\/bonis-avibus\/wp-content\/uploads\/2024\/08\/nimeton-800x481.jpg 800w, https:\/\/bonis-avibus.fi\/bonis-avibus\/wp-content\/uploads\/2024\/08\/nimeton.jpg 1090w\" sizes=\"auto, (max-width: 1024px) 100vw, 1024px\" \/>\t\t\t\t\t\t\t\t\t\t\t\t\t<\/p>\n<h2><strong>T\u00e4\u00e4lt\u00e4 alta voit kuunnella Tiet\u00e4j\u00e4p\u00e4iville kirjoittamani ja siell\u00e4 kantaesitt\u00e4m\u00e4ni runon &#8221;Kuka kertoisi&#8221;. Tuomas soitti runon taustalle viulullaan alla olevan kappaleensa.<\/strong><\/h2>\n<h2><strong>Klikkaa ensin teos &#8221;Kutsu&#8221;. Sen alta klikkaa sitten runo. Sen j\u00e4lkeen voit sulkea silm\u00e4si ja antaa s\u00e4velten kuljettaa sanojani.<\/strong><\/h2>\n<p>https:\/\/youtu.be\/2tql5Podg9w<\/p>\n<p><div class=\"compact_audio_player_wrapper\"><div class=\"sc_player_container1\"><input type=\"button\" id=\"btnplay_69df10c18d1e06.06359643\" class=\"myButton_play\" onClick=\"play_mp3('play','69df10c18d1e06.06359643','https:\/\/bonis-avibus.fi\/bonis-avibus\/wp-content\/uploads\/2024\/08\/Kuka-kertoisi.mp3','80','false');show_hide('play','69df10c18d1e06.06359643');\" \/><input type=\"button\"  id=\"btnstop_69df10c18d1e06.06359643\" style=\"display:none\" class=\"myButton_stop\" onClick=\"play_mp3('stop','69df10c18d1e06.06359643','','80','false');show_hide('stop','69df10c18d1e06.06359643');\" \/><div id=\"sm2-container\"><!-- flash movie ends up here --><\/div><\/div><\/div> <strong>T\u00e4t\u00e4 klikkaamalla voit kuunnella runoni &#8221;Kuka kertoisi&#8221;.<\/strong><\/p>\n\r\n\t\t<div class=\"magee-expand \" id=\"\" data-less-icon=\"fa-arrow-circle-up\" data-less-icon-color=\"#002a8e\" data-less-text=\"Piilota\" data-more-icon=\"fa-arrow-circle-down\" data-more-icon-color=\"#002a8e\" data-more-text=\"Napsauttamalla t\u00e4t\u00e4 l\u00f6ytyy runoni kirjallinen versio\">\r\n            <div class=\"expand-control control-9bcm94\"><i class=\"fa fa-arrow-circle-down\" style=\"color:#002a8e;\"><\/i> Napsauttamalla t\u00e4t\u00e4 l\u00f6ytyy runoni kirjallinen versio<\/div>\r\n\t\t\t\t<div class=\"expand-content\" style=\"display:none;\">\r\n\t\t\t\t\t<\/p>\n<p>Oi mist\u00e4 l\u00f6ytyyk\u00e4\u00e4n ne t\u00e4m\u00e4n ajan tiet\u00e4j\u00e4t,<\/p>\n<p>he, jotka kulkevat viestien viejin\u00e4 tuon- ja t\u00e4m\u00e4nilmaisen,<\/p>\n<p>t\u00e4m\u00e4n- ja tuoilmaisen v\u00e4li\u00e4.<\/p>\n<p>Miss\u00e4 he ovat, jotka sanoittavat ikiaikaisen viisauden valoksi t\u00e4m\u00e4n hetken h\u00e4m\u00e4rtyneen ymm\u00e4rryksen tielle.<\/p>\n<p>Ja kuka uskaltaa olla niin vanhanaikainen,<\/p>\n<p>ett\u00e4 puhuu \u00e4\u00e4neen sielun kielt\u00e4,<\/p>\n<p>kertoo n\u00e4kym\u00e4tt\u00f6m\u00e4st\u00e4,<\/p>\n<p>t\u00e4ss\u00e4 materialismin sokeuttamassa ajassa.<\/p>\n<p>Suuret lahjat tulevat usein yll\u00e4tt\u00e4viss\u00e4 muodoissa.<\/p>\n<p>Kun yht\u00e4kki\u00e4 joutuukin laskemaan p\u00e4iviens\u00e4 loppumetrej\u00e4,<\/p>\n<p>alkavat merkitykset l\u00e4vist\u00e4\u00e4 kaiken turhanp\u00e4iv\u00e4isen.<\/p>\n<p>Silloin nousee pohjasta pintaan kysymys,<\/p>\n<p>mik\u00e4 olikaan t\u00e4\u00e4ll\u00e4 el\u00e4ess\u00e4 t\u00e4rke\u00e4\u00e4?<\/p>\n<p>Kuka kertoisi siit\u00e4, ett\u00e4 kuolemassa,<\/p>\n<p>vain t\u00e4m\u00e4 kehoksi kutsutun,\u00a0<\/p>\n<p>minussa,<\/p>\n<p>aistieni kautta tuntuvan<\/p>\n<p>ja sinulle n\u00e4kyv\u00e4n ja kuuluvan aika p\u00e4\u00e4ttyy.<\/p>\n<p>Hengitys lakkaa, veri ei en\u00e4\u00e4 kierr\u00e4, ruumis kylmenee.<\/p>\n<p>Kaiken yll\u00e4 tietoisuus, sieluksi ja hengeksikin nimitetty,<\/p>\n<p>katsoo purkamista odottavaa maallista majaansa.<\/p>\n<p>Siin\u00e4 sielu vaelsi sekunneiksi, minuuteiksi, tunneiksi, p\u00e4iviksi, kuukausiksi, vuosiksi, kymmeniksi, ehk\u00e4 joillakin sadaksikin nimetyn ajan.<\/p>\n<p>Olla t\u00e4n\u00e4\u00e4n t\u00e4ss\u00e4 ja nyt t\u00e4ll\u00e4 saarella.<\/p>\n<p>Katsoa ymp\u00e4rilleen.\u00a0<\/p>\n<p>Aistia.<\/p>\n<p>Tuntea.<\/p>\n<p>Hengitt\u00e4\u00e4 el\u00e4v\u00e4ll\u00e4 kehollaan.\u00a0<\/p>\n<p>Olla l\u00e4sn\u00e4 t\u00e4ss\u00e4 yhteisess\u00e4 kohtaamisessa<\/p>\n<p>ja olla ytimi\u00e4\u00e4n my\u00f6ten vahvasti tietoinen siit\u00e4,<\/p>\n<p>ett\u00e4 t\u00e4\u00e4ll\u00e4 el\u00e4m\u00e4ss\u00e4,<\/p>\n<p>kaikista t\u00e4rkeint\u00e4 on rakkaus.<\/p>\n<p>Juuri se osa meist\u00e4 siirtyy matkamme t\u00e4\u00e4ll\u00e4 p\u00e4\u00e4ttyess\u00e4 tuonilmaisiin.<\/p>\n<p>Kiitos lahjoistasi El\u00e4m\u00e4,<\/p>\n<p>Kiitos.<\/p>\n<div class=\" divider magee-divider magee-shortcode divider-ywwaga divider-shadow\" id=\"\"><div class=\"divider-inner divider-border\"><\/div><\/div>\u00a0\r\n\t\t\t\t<\/div>\r\n\t\t\t<\/div>\n<p>\t\t\t\t\t\t\t\t\t\t\t\t\t<img loading=\"lazy\" decoding=\"async\" width=\"768\" height=\"1024\" src=\"https:\/\/bonis-avibus.fi\/bonis-avibus\/wp-content\/uploads\/2024\/08\/20240721_060608-768x1024.jpg\" alt=\"\" srcset=\"https:\/\/bonis-avibus.fi\/bonis-avibus\/wp-content\/uploads\/2024\/08\/20240721_060608-768x1024.jpg 768w, https:\/\/bonis-avibus.fi\/bonis-avibus\/wp-content\/uploads\/2024\/08\/20240721_060608-225x300.jpg 225w, https:\/\/bonis-avibus.fi\/bonis-avibus\/wp-content\/uploads\/2024\/08\/20240721_060608-1152x1536.jpg 1152w, https:\/\/bonis-avibus.fi\/bonis-avibus\/wp-content\/uploads\/2024\/08\/20240721_060608-1536x2048.jpg 1536w, https:\/\/bonis-avibus.fi\/bonis-avibus\/wp-content\/uploads\/2024\/08\/20240721_060608-800x1067.jpg 800w, https:\/\/bonis-avibus.fi\/bonis-avibus\/wp-content\/uploads\/2024\/08\/20240721_060608-scaled.jpg 1920w\" sizes=\"auto, (max-width: 768px) 100vw, 768px\" \/>\t\t\t\t\t\t\t\t\t\t\t\t\t<\/p>\n<h2><strong>Kiitos Pielisen Tiet\u00e4j\u00e4keskus! Teette arvokasta ty\u00f6t\u00e4 ikiaikaisen viisauden ker\u00e4\u00e4misess\u00e4 ja jakamisessa. <\/strong><\/h2>\n<h2><strong>Kiitos Karhun Helena tiet\u00e4jien perinn\u00f6n elvytyksest\u00e4si\u00a0 <span class=\"sce_emoji-heart\" title=\"heart\"><\/span><\/strong><\/h2>\n<h2><strong>Linkkej\u00e4 aiheisiin:<\/strong><\/h2>\n<h2><a href=\"https:\/\/www.tietajakeskus.org\/\" target=\"_blank\" rel=\"noopener\"><em><strong>https:\/\/www.tietajakeskus.org\/<\/strong><\/em><\/a><\/h2>\n<h2><em><a href=\"https:\/\/www.karhuntalo.com\/\" target=\"_blank\" rel=\"noopener\"><strong>https:\/\/www.karhuntalo.com\/\u00a0<\/strong><\/a><\/em><\/h2>\n<h2><strong>Linkkej\u00e4 K\u00e4rkk\u00e4isen Ukon sivuille:<\/strong><\/h2>\n<h2><a href=\"https:\/\/bonis-avibus.fi\/bonis-avibus\/runojani-kuunneltavaksi\/\" target=\"_blank\" rel=\"noopener\"><em><strong>Lis\u00e4\u00e4 runojani kuunneltavaksi<\/strong><\/em><\/a><\/h2>\n<h2><a href=\"https:\/\/bonis-avibus.fi\/bonis-avibus\/ukon-osaaminen-ja-yhteystiedot\/\" target=\"_blank\" rel=\"noopener\"><em><strong>Tietoja valkoparrasta<\/strong><\/em><\/a><\/h2>\n<h2><strong>Taiteilijapariskunnan kotisivu:<\/strong><\/h2>\n<h2><a href=\"https:\/\/bonis-avibus.fi\/\" target=\"_blank\" rel=\"noopener\"><em><strong>Bonis-avibus.fi<\/strong><\/em><\/a><\/h2>\n<p>\t\t\t\t\t\t\t\t\t\t\t\t\t<img loading=\"lazy\" decoding=\"async\" width=\"769\" height=\"1024\" src=\"https:\/\/bonis-avibus.fi\/bonis-avibus\/wp-content\/uploads\/2024\/08\/Nuotio-769x1024.jpg\" alt=\"\" srcset=\"https:\/\/bonis-avibus.fi\/bonis-avibus\/wp-content\/uploads\/2024\/08\/Nuotio-769x1024.jpg 769w, https:\/\/bonis-avibus.fi\/bonis-avibus\/wp-content\/uploads\/2024\/08\/Nuotio-225x300.jpg 225w, https:\/\/bonis-avibus.fi\/bonis-avibus\/wp-content\/uploads\/2024\/08\/Nuotio-768x1023.jpg 768w, https:\/\/bonis-avibus.fi\/bonis-avibus\/wp-content\/uploads\/2024\/08\/Nuotio-800x1065.jpg 800w, https:\/\/bonis-avibus.fi\/bonis-avibus\/wp-content\/uploads\/2024\/08\/Nuotio.jpg 841w\" sizes=\"auto, (max-width: 769px) 100vw, 769px\" \/><\/p>\n","protected":false},"excerpt":{"rendered":"<p>Historian ensimm\u00e4iset Pielisen Tiet\u00e4j\u00e4p\u00e4iv\u00e4t pidettiin t\u00e4n\u00e4 kes\u00e4n\u00e4 2024 Kolin kansallismaisemassa Kelv\u00e4nsaaressa. (Kuvat mm. Karhun Helena, K\u00e4rkk\u00e4isen Ukko\u00a0ja viimeinen kuva ilmaisesta kuvapankista). Itselleni erityisen merkityksellinen ty\u00f6paja oli Jaana Kourin vet\u00e4m\u00e4 &#8221;Luonnon voima&#8221;. My\u00f6s Miika Vanhapihan &#8221;Tulen voima&#8221; innosti saamaan tulen sytyttym\u00e4\u00e4n ilman tulitikkuja. Jenni \u00d6rnin ty\u00f6paja &#8221;Yrtin voima&#8221; avasi uudelaisen, energeettisen n\u00e4k\u00f6kulman kasveihin.\u00a0 Lauantai-iltana shamaaniviulisti Tuomas Rounakarin esitys meni kyll\u00e4 todella<\/p>\n<p><a class=\"more-link\" href=\"https:\/\/bonis-avibus.fi\/bonis-avibus\/kuka-kertoisi\/\">Read More<\/a><\/p>\n","protected":false},"author":1,"featured_media":0,"parent":0,"menu_order":0,"comment_status":"closed","ping_status":"closed","template":"","meta":{"footnotes":""},"class_list":["post-14345","page","type-page","status-publish","hentry"],"_links":{"self":[{"href":"https:\/\/bonis-avibus.fi\/bonis-avibus\/wp-json\/wp\/v2\/pages\/14345","targetHints":{"allow":["GET"]}}],"collection":[{"href":"https:\/\/bonis-avibus.fi\/bonis-avibus\/wp-json\/wp\/v2\/pages"}],"about":[{"href":"https:\/\/bonis-avibus.fi\/bonis-avibus\/wp-json\/wp\/v2\/types\/page"}],"author":[{"embeddable":true,"href":"https:\/\/bonis-avibus.fi\/bonis-avibus\/wp-json\/wp\/v2\/users\/1"}],"replies":[{"embeddable":true,"href":"https:\/\/bonis-avibus.fi\/bonis-avibus\/wp-json\/wp\/v2\/comments?post=14345"}],"version-history":[{"count":102,"href":"https:\/\/bonis-avibus.fi\/bonis-avibus\/wp-json\/wp\/v2\/pages\/14345\/revisions"}],"predecessor-version":[{"id":14491,"href":"https:\/\/bonis-avibus.fi\/bonis-avibus\/wp-json\/wp\/v2\/pages\/14345\/revisions\/14491"}],"wp:attachment":[{"href":"https:\/\/bonis-avibus.fi\/bonis-avibus\/wp-json\/wp\/v2\/media?parent=14345"}],"curies":[{"name":"wp","href":"https:\/\/api.w.org\/{rel}","templated":true}]}}