{"id":1586,"date":"2017-08-01T17:50:17","date_gmt":"2017-08-01T14:50:17","guid":{"rendered":"http:\/\/bonis-avibus.fi\/bonis-avibus\/?page_id=1586"},"modified":"2022-05-17T18:18:50","modified_gmt":"2022-05-17T15:18:50","slug":"sen-paivan-jalkeen","status":"publish","type":"page","link":"https:\/\/bonis-avibus.fi\/bonis-avibus\/sen-paivan-jalkeen\/","title":{"rendered":"Sen p\u00e4iv\u00e4n j\u00e4lkeen"},"content":{"rendered":"<div id=\"pl-1586\"  class=\"panel-layout\" ><div id=\"pg-1586-0\"  class=\"panel-grid panel-no-style\" ><div id=\"pgc-1586-0-0\"  class=\"panel-grid-cell\" ><div id=\"panel-1586-0-0-0\" class=\"so-panel widget widget_sow-editor panel-first-child panel-last-child\" data-index=\"0\" ><div\n\t\t\t\n\t\t\tclass=\"so-widget-sow-editor so-widget-sow-editor-base\"\n\t\t\t\n\t\t>\n<div class=\"siteorigin-widget-tinymce textwidget\">\n\t<p>\u00a0<\/p>\n<p><b>Ukko K\u00e4rkk\u00e4inen 25.6.2016 (Juhannusp\u00e4iv\u00e4n aamuna)<\/b><\/p>\n<p>Voit laittaa taustalle runon lukemanani...<br \/><div class=\"compact_audio_player_wrapper\"><div class=\"sc_player_container1\"><input type=\"button\" id=\"btnplay_69eb78c44563d7.06692690\" class=\"myButton_play\" onClick=\"play_mp3('play','69eb78c44563d7.06692690','http:\/\/bonis-avibus.fi\/bonis-avibus\/wp-content\/uploads\/2017\/08\/Sen-p\u00e4iv\u00e4n-j\u00e4lkeen.mp3','80','false');show_hide('play','69eb78c44563d7.06692690');\" \/><input type=\"button\"  id=\"btnstop_69eb78c44563d7.06692690\" style=\"display:none\" class=\"myButton_stop\" onClick=\"play_mp3('stop','69eb78c44563d7.06692690','','80','false');show_hide('stop','69eb78c44563d7.06692690');\" \/><div id=\"sm2-container\"><!-- flash movie ends up here --><\/div><\/div><\/div> \u00a0 \u00a0<\/p>\n<p><div class=\" divider magee-divider magee-shortcode divider-ic8nvs divider-shadow\" id=\"\"><div class=\"divider-inner divider-border\"><\/div><\/div> \r\n\t\t<div class=\"magee-expand \" id=\"\" data-less-icon=\"fa-arrow-circle-up\" data-less-icon-color=\"#002a8e\" data-less-text=\"T\u00e4st\u00e4 menee k\u00e4sikirjoitus piiloon\" data-more-icon=\"fa-arrow-circle-down\" data-more-icon-color=\"#002a8e\" data-more-text=\"...tai lukea t\u00e4st\u00e4 napsauttamalla\">\r\n            <div class=\"expand-control control-xl2m1k\"><i class=\"fa fa-arrow-circle-down\" style=\"color:#002a8e;\"><\/i> ...tai lukea t\u00e4st\u00e4 napsauttamalla<\/div>\r\n\t\t\t\t<div class=\"expand-content\" style=\"display:none;\">\r\n\t\t\t\t\t<\/p>\n<p>\u00a0<\/p>\n<p><span style=\"font-weight: 400;\">Ajatus kirjoittaa kokoajan el\u00e4m\u00e4si \u201dk\u00e4sist\u00e4\u201d,<\/span><\/p>\n<p><span style=\"font-weight: 400;\">kutsuu mukaan n\u00e4ytelm\u00e4\u00e4si esitt\u00e4ji\u00e4.<\/span><\/p>\n<p>\u00a0<\/p>\n<p><span style=\"font-weight: 400;\">Tunteesi kertovat pilkun tarkasti,<\/span><\/p>\n<p><span style=\"font-weight: 400;\">kuka saa pahiksen,<\/span><\/p>\n<p><span style=\"font-weight: 400;\">kuka Romeon tai Julia osan,<\/span><\/p>\n<p><span style=\"font-weight: 400;\">kuka myy jossain liikkeess\u00e4 sinulle pilaantunutta lihaa,<\/span><\/p>\n<p><span style=\"font-weight: 400;\">kuka t\u00e4ytt\u00e4\u00e4 moottoritien rampilla tyhjentyneen renkaasi.<\/span><\/p>\n<p>\u00a0<\/p>\n<p><span style=\"font-weight: 400;\">Joka ainoan p\u00e4iv\u00e4n aamuun her\u00e4\u00e4t unestasi t\u00e4h\u00e4n hologrammiin<\/span><\/p>\n<p><span style=\"font-weight: 400;\">ja jatka untasi\u2026<\/span><\/p>\n<p>\u00a0<\/p>\n<p><span style=\"font-weight: 400;\">Mietin,<\/span><\/p>\n<p><span style=\"font-weight: 400;\">onko siin\u00e4 mit\u00e4\u00e4n j\u00e4rke\u00e4,<\/span><\/p>\n<p><span style=\"font-weight: 400;\">ett\u00e4 k\u00e4ytt\u00e4\u00e4 aikansa vastan\u00e4yttelij\u00f6iden haukkumiseen!<\/span><\/p>\n<p><span style=\"font-weight: 400;\">Siis oikeesti kuluttaa el\u00e4m\u00e4ns\u00e4 siihen,<\/span><\/p>\n<p><span style=\"font-weight: 400;\">miten hankalia ja \u00e4rsytt\u00e4vi\u00e4 ihmiset ovat<\/span><\/p>\n<p><span style=\"font-weight: 400;\">ja kun mik\u00e4\u00e4n ei onnistu<\/span><\/p>\n<p><span style=\"font-weight: 400;\">ja t\u00e4n\u00e4\u00e4nkin sataa.<\/span><\/p>\n<p>\u00a0<\/p>\n<p><span style=\"font-weight: 400;\">Niin kauan ihminen on k\u00e4sikirjoituksen vanki,<\/span><\/p>\n<p><span style=\"font-weight: 400;\">kunnes huomaa olevansa itse kirjailija.<\/span><\/p>\n<p>\u00a0<\/p>\n<p><span style=\"font-weight: 400;\">Ja jos v\u00e4ltt\u00e4m\u00e4tt\u00e4 haluaa kirjoittaa surkean romaanin, se kyll\u00e4 onnistuu!<\/span><\/p>\n<p><span style=\"font-weight: 400;\">El\u00e4m\u00e4 on juuri niin vakavaa, millaiseksi sen luot! Sin\u00e4 p\u00e4\u00e4t\u00e4t tekstin!<\/span><\/p>\n<p><span style=\"font-weight: 400;\">Jos taas pit\u00e4\u00e4 mukavan humoristisesta, el\u00e4m\u00e4niloa ja rakkautta pursuavasta novellista, <\/span><\/p>\n<p><span style=\"font-weight: 400;\">onnistuu sekin. \u00a0Kaikki se, mit\u00e4 naputtelet, toteutuu el\u00e4m\u00e4ss\u00e4si!<\/span><\/p>\n<p><span style=\"font-weight: 400;\">Siis tarinasi kirjailija olet ainoastaan sin\u00e4 itse!<\/span><\/p>\n<p><span style=\"font-weight: 400;\">Siihen todellisuuteen silmien avaaminen on aivan ihanaa\u2026 helpottavaa. Ei tarvitse en\u00e4\u00e4 haukkua muita!<\/span><\/p>\n<p>\u00a0<\/p>\n<p><span style=\"font-weight: 400;\">Oivaltaminen j\u00e4lkeen voit nauraa itsellesi hyv\u00e4ntahtoisesti.<\/span><\/p>\n<p><span style=\"font-weight: 400;\">Pystyt ehk\u00e4 ensimm\u00e4ist\u00e4 kertaa el\u00e4m\u00e4ss\u00e4si viem\u00e4\u00e4n esiintyjille ruusuja, varsinkin niille \u201dvaikeille\u201d .<\/span><\/p>\n<p><span style=\"font-weight: 400;\">Juuri he ovat olleet n\u00e4ytelm\u00e4si parhaimmat opettajat &lt;3<\/span><\/p>\n<p>\u00a0<\/p>\n<p><span style=\"font-weight: 400;\">Kumarrat syv\u00e4\u00e4n aploodien raikuessa<\/span><\/p>\n<p><span style=\"font-weight: 400;\">ja l\u00e4hdet itsest\u00e4si rauhassa kes\u00e4lomalle.<\/span><\/p>\n<p><span style=\"font-weight: 400;\">Sen p\u00e4iv\u00e4n j\u00e4lkeen kukat kukkivat niin kuin ennenkin<\/span><\/p>\n<p><span style=\"font-weight: 400;\">ja v\u00e4lill\u00e4 sataa r\u00e4nt\u00e4\u00e4.<\/span><\/p>\n<p>\u00a0<\/p>\n<p><span style=\"font-weight: 400;\">El\u00e4m\u00e4 lakkaa sinua haittaamasta,<\/span><\/p>\n<p><span style=\"font-weight: 400;\">sill\u00e4 her\u00e4\u00e4misen j\u00e4lkeen eiv\u00e4t painajaiset en\u00e4\u00e4 maistu <\/span><span style=\"font-weight: 400;\">\ud83d\ude0a<\/span><\/p>\n<p>\r\n\t\t\t\t<\/div>\r\n\t\t\t<\/div><\/p>\n<p>\u00a0<\/p>\n<\/div>\n<\/div><\/div><\/div><\/div><\/div>","protected":false},"excerpt":{"rendered":"<p>\u00a0Ukko K\u00e4rkk\u00e4inen 25.6.2016 (Juhannusp\u00e4iv\u00e4n aamuna)Voit laittaa taustalle runon lukemanani&#8230; \u00a0 \u00a0 \u00a0<\/p>\n","protected":false},"author":2,"featured_media":0,"parent":0,"menu_order":0,"comment_status":"closed","ping_status":"closed","template":"","meta":{"footnotes":""},"class_list":["post-1586","page","type-page","status-publish","hentry"],"_links":{"self":[{"href":"https:\/\/bonis-avibus.fi\/bonis-avibus\/wp-json\/wp\/v2\/pages\/1586","targetHints":{"allow":["GET"]}}],"collection":[{"href":"https:\/\/bonis-avibus.fi\/bonis-avibus\/wp-json\/wp\/v2\/pages"}],"about":[{"href":"https:\/\/bonis-avibus.fi\/bonis-avibus\/wp-json\/wp\/v2\/types\/page"}],"author":[{"embeddable":true,"href":"https:\/\/bonis-avibus.fi\/bonis-avibus\/wp-json\/wp\/v2\/users\/2"}],"replies":[{"embeddable":true,"href":"https:\/\/bonis-avibus.fi\/bonis-avibus\/wp-json\/wp\/v2\/comments?post=1586"}],"version-history":[{"count":18,"href":"https:\/\/bonis-avibus.fi\/bonis-avibus\/wp-json\/wp\/v2\/pages\/1586\/revisions"}],"predecessor-version":[{"id":10324,"href":"https:\/\/bonis-avibus.fi\/bonis-avibus\/wp-json\/wp\/v2\/pages\/1586\/revisions\/10324"}],"wp:attachment":[{"href":"https:\/\/bonis-avibus.fi\/bonis-avibus\/wp-json\/wp\/v2\/media?parent=1586"}],"curies":[{"name":"wp","href":"https:\/\/api.w.org\/{rel}","templated":true}]}}