{"id":245,"date":"2017-05-15T17:34:27","date_gmt":"2017-05-15T14:34:27","guid":{"rendered":"http:\/\/bonis-avibus.fi\/bonis-avibus\/?page_id=245"},"modified":"2024-06-17T18:12:39","modified_gmt":"2024-06-17T15:12:39","slug":"helisee-rannat","status":"publish","type":"page","link":"https:\/\/bonis-avibus.fi\/bonis-avibus\/helisee-rannat\/","title":{"rendered":"Helisee Rannat"},"content":{"rendered":"<div id=\"pl-245\"  class=\"panel-layout\" ><div id=\"pg-245-0\"  class=\"panel-grid panel-no-style\" ><div id=\"pgc-245-0-0\"  class=\"panel-grid-cell\" ><div class=\"panel-cell-style panel-cell-style-for-245-0-0\" ><div id=\"panel-245-0-0-0\" class=\"so-panel widget widget_sow-editor panel-first-child\" data-index=\"0\" ><div\n\t\t\t\n\t\t\tclass=\"so-widget-sow-editor so-widget-sow-editor-base\"\n\t\t\t\n\t\t>\n<div class=\"siteorigin-widget-tinymce textwidget\">\n\t<p>\u00a0<\/p>\n<h3>Ukko\u00a0K\u00e4rkk\u00e4inen 1998<\/h3>\n<h2>Runoni taustaa:<\/h2>\n<p>Inkeri puolisoni pyysi minua kirjoittamaan h\u00e4nen veljens\u00e4 vaimon 60 v. juhliin runon. Kyseisell\u00e4 pariskunnalla on kes\u00e4m\u00f6kki Suvasveden Hautasaaressa. Mielikuvittelin, milt\u00e4 tuntuisi olla saaressa kev\u00e4inen vuoden kierto. Otin kyn\u00e4n k\u00e4teen ja t\u00e4llainen runo siit\u00e4 syntyi.<\/p>\n<\/div>\n<\/div><\/div><div id=\"panel-245-0-0-1\" class=\"so-panel widget widget_sow-editor\" data-index=\"1\" ><div\n\t\t\t\n\t\t\tclass=\"so-widget-sow-editor so-widget-sow-editor-base\"\n\t\t\t\n\t\t>\n<div class=\"siteorigin-widget-tinymce textwidget\">\n\t<p><div class=\"compact_audio_player_wrapper\"><div class=\"sc_player_container1\"><input type=\"button\" id=\"btnplay_69eb8d970dcf56.20503951\" class=\"myButton_play\" onClick=\"play_mp3('play','69eb8d970dcf56.20503951','http:\/\/bonis-avibus.fi\/bonis-avibus\/wp-content\/uploads\/2017\/05\/Helisee-Rannat.mp3','80','false');show_hide('play','69eb8d970dcf56.20503951');\" \/><input type=\"button\"  id=\"btnstop_69eb8d970dcf56.20503951\" style=\"display:none\" class=\"myButton_stop\" onClick=\"play_mp3('stop','69eb8d970dcf56.20503951','','80','false');show_hide('stop','69eb8d970dcf56.20503951');\" \/><div id=\"sm2-container\"><!-- flash movie ends up here --><\/div><\/div><\/div>\u00a0Voit laittaa taustalle runon lukemanani<\/p><div class=\" divider magee-divider magee-shortcode divider-h7s31y divider-shadow\" id=\"\"><div class=\"divider-inner divider-border\"><\/div><\/div><\/div>\n<\/div><\/div><div id=\"panel-245-0-0-2\" class=\"so-panel widget widget_sow-editor panel-last-child\" data-index=\"2\" ><div\n\t\t\t\n\t\t\tclass=\"so-widget-sow-editor so-widget-sow-editor-base\"\n\t\t\t\n\t\t>\n<div class=\"siteorigin-widget-tinymce textwidget\">\n\t<p style=\"text-align: center;\">\r\n\t\t<div class=\"magee-expand \" id=\"\" data-less-icon=\"fa-arrow-circle-up\" data-less-icon-color=\"#002a8e\" data-less-text=\"Piilota\" data-more-icon=\"fa-arrow-circle-down\" data-more-icon-color=\"#002a8e\" data-more-text=\"Napsauttamalla runoni kirjallinen versio\">\r\n            <div class=\"expand-control control-a00zvx\"><i class=\"fa fa-arrow-circle-down\" style=\"color:#002a8e;\"><\/i> Napsauttamalla runoni kirjallinen versio<\/div>\r\n\t\t\t\t<div class=\"expand-content\" style=\"display:none;\">\r\n\t\t\t\t\t<\/p>\n<p style=\"text-align: left;\">\u00a0<\/p>\n<p style=\"text-align: left;\">Tammikuisen hiljainen saari.<\/p>\n<p style=\"text-align: left;\">Tuuli nietostanut lunta,<\/p>\n<p style=\"text-align: left;\">tuonut sel\u00e4n yli tullessaan.<\/p>\n<p style=\"text-align: left;\">Kuutamoinen pakkanen kyselee puilta ik\u00e4\u00e4,<\/p>\n<p style=\"text-align: left;\">availee oksien kohmettuneita k\u00e4si\u00e4<\/p>\n<p style=\"text-align: left;\">ja rantoja pitkin tekee yksin\u00e4inen kettu janaa.<\/p>\n<p style=\"text-align: left;\">Hiljaisuuden halkaisee railo,<\/p>\n<p style=\"text-align: left;\">paukahtaa yli j\u00e4rven<\/p>\n<p style=\"text-align: left;\">ja taas hiljenee selk\u00e4,<\/p>\n<p style=\"text-align: left;\">\u00e4\u00e4nett\u00f6myys ottaa vastaan aamunkajon.<\/p>\n<p style=\"text-align: left;\">Punainen ker\u00e4 muuttaa v\u00e4ri\u00e4\u00e4n keltaiseen,<\/p>\n<p style=\"text-align: left;\">rannan kuusikoissa havu l\u00e4mpenee<\/p>\n<p style=\"text-align: left;\">ja p\u00e4ivisin nuoskaa.<\/p>\n<p style=\"text-align: left;\">Asettunut vanhaan telk\u00e4np\u00f6ntt\u00f6\u00f6n,<\/p>\n<p style=\"text-align: left;\">tuo \u00f6inen puputtaja<\/p>\n<p style=\"text-align: left;\">ja h\u00e4m\u00e4r\u00e4ss\u00e4 kuuluu kauas: \"pup, pup, pup, pup,pup...\"<\/p>\n<p style=\"text-align: left;\">Luultiin ennen, arvailtiin \u00e4\u00e4nest\u00e4,<\/p>\n<p style=\"text-align: left;\">mutta mit\u00e4 sanookaan hangella j\u00e4nis?<\/p>\n<p style=\"text-align: left;\">Pel\u00e4styen hypp\u00e4\u00e4 sivulle<\/p>\n<p style=\"text-align: left;\">kuuntelee,<\/p>\n<p style=\"text-align: left;\">sitten rauhoittuu j\u00e4rsim\u00e4\u00e4n kuorta.<\/p>\n<p style=\"text-align: left;\">Ei kysele pakkanen en\u00e4\u00e4 ik\u00e4\u00e4,<\/p>\n<p style=\"text-align: left;\">ei tarinoi huuruinen.<\/p>\n<p style=\"text-align: left;\">Kuusikon kirkas tiuku,<\/p>\n<p style=\"text-align: left;\">on sill\u00e4 nyt asiaa rannan puille; \"tjyyy, tjyyy, tjyyyyy, tjyyyyyy...\"<\/p>\n<p style=\"text-align: left;\">Ovat olleet haavat pitk\u00e4\u00e4n paikoillaan, lep\u00e4t tulleet vasta my\u00f6hemmin<\/p>\n<p style=\"text-align: left;\">ja ne kullankeltaiset m\u00e4ntyjen kyljet,<\/p>\n<p style=\"text-align: left;\">ties kuinka kauan antaneet turvaa<\/p>\n<p style=\"text-align: left;\">ja aina ottaneet vieraansa vastaan, kantaneet varovasti.<\/p>\n<p style=\"text-align: left;\">Jo tummuu selk\u00e4, antaa kuitenkin viel\u00e4 kulkea pyyd\u00f6ille.<\/p>\n<p style=\"text-align: left;\">Niin on lahjoittanut ylitse talven aarteistaan,<\/p>\n<p style=\"text-align: left;\">jakanut viljaansa.<\/p>\n<p style=\"text-align: left;\">Helisee rannat, kuin urkupillit uivat j\u00e4iset<\/p>\n<p style=\"text-align: left;\">ja somasti, kuuletko, tunnetko s\u00e4velen.<\/p>\n<p style=\"text-align: left;\">Pitk\u00e4\u00e4n, viikkoja nokassaan kantanut tuo mainio harmaatakki,<\/p>\n<p style=\"text-align: left;\">oksa kerrallaan kyh\u00e4nnyt rakkaimmalleen<\/p>\n<p style=\"text-align: left;\">ja aamuisin, ennen lentoaan, riemuinnut kaikille onnestaan,<\/p>\n<p style=\"text-align: left;\">koko mets\u00e4 raikunut<\/p>\n<p style=\"text-align: left;\">ja ah, miten kaunista, kuunnelkaa: \"kraaaak, kraaaaaak, kraaaaak, kraaaak...\"<\/p>\n<p style=\"text-align: left;\">ja mets\u00e4 raikunut onnestaan.<\/p>\n<p style=\"text-align: left;\">Naapurissa, siin\u00e4 aivan l\u00e4hell\u00e4, tuskin kolmen heiton p\u00e4\u00e4ss\u00e4,<\/p>\n<p style=\"text-align: left;\">paikka.<\/p>\n<p style=\"text-align: left;\">Kuka lienee ensin valinnut, kuka olikaan se lyyrainen,<\/p>\n<p style=\"text-align: left;\">joka tuli ja kertoi:<\/p>\n<p style=\"text-align: left;\">on saari t\u00e4\u00e4 taistelon, tulkoot vain, ken uskaltaa;<\/p>\n<p style=\"text-align: left;\">\"thsiuuuu, thsiuuuuu...\"<\/p>\n<p style=\"text-align: left;\">Ja mitk\u00e4 mittel\u00f6t...<\/p>\n<p style=\"text-align: left;\">P\u00e4ivien kierto,<\/p>\n<p style=\"text-align: left;\">v\u00e4lkkyv\u00e4t vedet,<\/p>\n<p style=\"text-align: left;\">illan rauha ja kaukana nuottaveneiden tasaiset \u00e4\u00e4net.<\/p>\n<p style=\"text-align: left;\">Y\u00f6 on parasta t\u00e4\u00e4ll\u00e4, kes\u00e4y\u00f6.<\/p>\n<p style=\"text-align: left;\">Oletko koskaan kokenut,<\/p>\n<p style=\"text-align: left;\">istunut sel\u00e4n puolella ja vain ollut.<\/p>\n<p style=\"text-align: left;\">Lis\u00e4nnyt v\u00e4lill\u00e4 puita rannan nuotioon, istunut ja vain ollut.<\/p>\n<p style=\"text-align: left;\">Kai muistat, miten illalla lopetti rastas laulunsa<\/p>\n<p style=\"text-align: left;\">ja kun y\u00f6 koitti, alkoi vedenkuninkaitten sinfonia;<\/p>\n<p style=\"text-align: left;\">\"Kuiiikka, kuuuuiiiiikka...\"<\/p>\n<p style=\"text-align: left;\">ja vastasivat kallioiset saaret<\/p>\n<p style=\"text-align: left;\">kuiiikka, kuuuuiiiiikka...<\/p>\n<p style=\"text-align: left;\">Aamun sarastaessa, viel\u00e4 h\u00e4m\u00e4r\u00e4ss\u00e4,<\/p>\n<p style=\"text-align: left;\">her\u00e4si\u00a0 punarinta,<\/p>\n<p style=\"text-align: left;\">helkytti tiukuaan,<\/p>\n<p style=\"text-align: left;\">peippo ja monet muut,<\/p>\n<p style=\"text-align: left;\">koko mets\u00e4nv\u00e4ki alkoi soittaa.<\/p>\n<p style=\"text-align: left;\">Silloin se kuului,<\/p>\n<p style=\"text-align: left;\">kes\u00e4 lauloi,<\/p>\n<p style=\"text-align: left;\">tuolta ja tuolta,<\/p>\n<p style=\"text-align: left;\">saartenkin takaa; \"kukuuu, kukuuu, kukuuuu, kukuuuu, kukuuuu...\"<\/p>\n<p style=\"text-align: left;\">Y\u00f6, sammal, tyyni vesi ja aamuiset \u00e4\u00e4net, tuoksut,<\/p>\n<p style=\"text-align: left;\">oletkos kokenut...parasta t\u00e4\u00e4ll\u00e4.<\/p>\n<p style=\"text-align: center;\">\u00a0<div class=\" divider magee-divider magee-shortcode divider-rjghz8 divider-shadow\" id=\"\"><div class=\"divider-inner divider-border\"><\/div><\/div>\n<p style=\"text-align: center;\">\r\n\t\t\t\t<\/div>\r\n\t\t\t<\/div><\/p>\n<\/div>\n<\/div><\/div><\/div><\/div><div id=\"pgc-245-0-1\"  class=\"panel-grid-cell\" ><div id=\"panel-245-0-1-0\" class=\"so-panel widget widget_sow-image panel-first-child panel-last-child\" data-index=\"3\" ><div\n\t\t\t\n\t\t\tclass=\"so-widget-sow-image so-widget-sow-image-default-dbf295114b96-245\"\n\t\t\t\n\t\t>\n<div class=\"sow-image-container\">\n\t\t<img \n\tsrc=\"https:\/\/bonis-avibus.fi\/bonis-avibus\/wp-content\/uploads\/2017\/10\/Ukko-K\u00e4rkk\u00e4inen-99-1024x681.jpg\" width=\"1024\" height=\"681\" srcset=\"https:\/\/bonis-avibus.fi\/bonis-avibus\/wp-content\/uploads\/2017\/10\/Ukko-K\u00e4rkk\u00e4inen-99-1024x681.jpg 1024w, https:\/\/bonis-avibus.fi\/bonis-avibus\/wp-content\/uploads\/2017\/10\/Ukko-K\u00e4rkk\u00e4inen-99-1024x681-300x200.jpg 300w, https:\/\/bonis-avibus.fi\/bonis-avibus\/wp-content\/uploads\/2017\/10\/Ukko-K\u00e4rkk\u00e4inen-99-1024x681-768x511.jpg 768w, https:\/\/bonis-avibus.fi\/bonis-avibus\/wp-content\/uploads\/2017\/10\/Ukko-K\u00e4rkk\u00e4inen-99-1024x681-800x532.jpg 800w, https:\/\/bonis-avibus.fi\/bonis-avibus\/wp-content\/uploads\/2017\/10\/Ukko-K\u00e4rkk\u00e4inen-99-1024x681-272x182.jpg 272w\" sizes=\"(max-width: 1024px) 100vw, 1024px\" title=\"Ukko-K\u00e4rkk\u00e4inen-99-1024&#215;681\" alt=\"\" \t\tclass=\"so-widget-image\"\/>\n\t<\/div>\n\n<\/div><\/div><\/div><\/div><div id=\"pg-245-1\"  class=\"panel-grid panel-no-style\" ><div id=\"pgc-245-1-0\"  class=\"panel-grid-cell panel-grid-cell-empty\" ><\/div><\/div><div id=\"pg-245-2\"  class=\"panel-grid panel-no-style\" ><div id=\"pgc-245-2-0\"  class=\"panel-grid-cell\" ><div id=\"panel-245-2-0-0\" class=\"so-panel widget widget_text panel-first-child panel-last-child\" data-index=\"4\" >\t\t\t<div class=\"textwidget\"><div class=\" divider magee-divider magee-shortcode divider-1hih25 divider-shadow\" id=\"\"><div class=\"divider-inner divider-border\"><\/div><\/div>\n\n<div class=\" divider magee-divider magee-shortcode divider-23oy0q divider-back-to-top\" id=\"\">\r\n\t\t\t<div class=\"divider-inner divider-border\">\r\n\t\t\t<div class=\"divider-inner-item divider-border\">\r\n\t\t\t\t<div class=\"divider-inner\"><\/div>\r\n\t\t\t<\/div>\r\n\t\t\t<div class=\"divider-inner-item divider-inner-back-to-top\">\r\n\t\t\t\t<a href=\"#\" class=\"magee-back-to-top\"><i class=\"fa fa-arrow-up\"><\/i><\/a>\r\n\t\t\t<\/div>\r\n\t\t\t<\/div>\r\n\t\t\t<\/div><\/div>\n\t\t<\/div><\/div><\/div><\/div>","protected":false},"excerpt":{"rendered":"<p>\u00a0Ukko\u00a0K\u00e4rkk\u00e4inen 1998Runoni taustaa:Inkeri puolisoni pyysi minua kirjoittamaan h\u00e4nen veljens\u00e4 vaimon 60 v. juhliin runon. Kyseisell\u00e4 pariskunnalla on kes\u00e4m\u00f6kki Suvasveden Hautasaaressa. Mielikuvittelin, milt\u00e4 tuntuisi olla saaressa kev\u00e4inen vuoden kierto. Otin kyn\u00e4n k\u00e4teen ja t\u00e4llainen runo siit\u00e4 syntyi. \u00a0Voit laittaa taustalle runon lukemanani<\/p>\n","protected":false},"author":2,"featured_media":0,"parent":0,"menu_order":0,"comment_status":"closed","ping_status":"closed","template":"page-templates\/full-width.php","meta":{"footnotes":""},"class_list":["post-245","page","type-page","status-publish","hentry"],"_links":{"self":[{"href":"https:\/\/bonis-avibus.fi\/bonis-avibus\/wp-json\/wp\/v2\/pages\/245","targetHints":{"allow":["GET"]}}],"collection":[{"href":"https:\/\/bonis-avibus.fi\/bonis-avibus\/wp-json\/wp\/v2\/pages"}],"about":[{"href":"https:\/\/bonis-avibus.fi\/bonis-avibus\/wp-json\/wp\/v2\/types\/page"}],"author":[{"embeddable":true,"href":"https:\/\/bonis-avibus.fi\/bonis-avibus\/wp-json\/wp\/v2\/users\/2"}],"replies":[{"embeddable":true,"href":"https:\/\/bonis-avibus.fi\/bonis-avibus\/wp-json\/wp\/v2\/comments?post=245"}],"version-history":[{"count":85,"href":"https:\/\/bonis-avibus.fi\/bonis-avibus\/wp-json\/wp\/v2\/pages\/245\/revisions"}],"predecessor-version":[{"id":13596,"href":"https:\/\/bonis-avibus.fi\/bonis-avibus\/wp-json\/wp\/v2\/pages\/245\/revisions\/13596"}],"wp:attachment":[{"href":"https:\/\/bonis-avibus.fi\/bonis-avibus\/wp-json\/wp\/v2\/media?parent=245"}],"curies":[{"name":"wp","href":"https:\/\/api.w.org\/{rel}","templated":true}]}}