{"id":2813,"date":"2017-09-29T11:38:49","date_gmt":"2017-09-29T08:38:49","guid":{"rendered":"http:\/\/bonis-avibus.fi\/bonis-avibus\/?page_id=2813"},"modified":"2017-10-04T09:52:04","modified_gmt":"2017-10-04T06:52:04","slug":"rakastan-siis-olen","status":"publish","type":"page","link":"https:\/\/bonis-avibus.fi\/bonis-avibus\/rakastan-siis-olen\/","title":{"rendered":"Rakastan, siis olen"},"content":{"rendered":"<p>&#8211; Ukko K\u00e4rkk\u00e4inen<\/p>\n<p>Voit laittaa taustalle runon lukemanani<\/p>\n<div class=\"compact_audio_player_wrapper\"><div class=\"sc_player_container1\"><input type=\"button\" id=\"btnplay_69eb78bb931034.72537974\" class=\"myButton_play\" onClick=\"play_mp3('play','69eb78bb931034.72537974','http:\/\/bonis-avibus.fi\/bonis-avibus\/wp-content\/uploads\/2017\/10\/Rakastan-siis-olen.mp3','80','false');show_hide('play','69eb78bb931034.72537974');\" \/><input type=\"button\"  id=\"btnstop_69eb78bb931034.72537974\" style=\"display:none\" class=\"myButton_stop\" onClick=\"play_mp3('stop','69eb78bb931034.72537974','','80','false');show_hide('stop','69eb78bb931034.72537974');\" \/><div id=\"sm2-container\"><!-- flash movie ends up here --><\/div><\/div><\/div>\n<p><div class=\" divider magee-divider magee-shortcode divider-6zx5g5 divider-shadow\" id=\"\"><div class=\"divider-inner divider-border\"><\/div><\/div><br \/>\n\r\n\t\t<div class=\"magee-expand \" id=\"\" data-less-icon=\"fa-arrow-circle-up\" data-less-icon-color=\"#002a8e\" data-less-text=\"Piilota\" data-more-icon=\"fa-arrow-circle-down\" data-more-icon-color=\"#002a8e\" data-more-text=\"Napsauttamalla runoni kirjallinen versio\">\r\n            <div class=\"expand-control control-495off\"><i class=\"fa fa-arrow-circle-down\" style=\"color:#002a8e;\"><\/i> Napsauttamalla runoni kirjallinen versio<\/div>\r\n\t\t\t\t<div class=\"expand-content\" style=\"display:none;\">\r\n\t\t\t\t\t<\/p>\n<p>&nbsp;<\/p>\n<p>T\u00e4n\u00e4 aamuna otin k\u00e4teeni kirjan.<br \/>\nSen tekij\u00e4, sanojen luoja, Ihminen,<br \/>\nel\u00e4m\u00e4ns\u00e4 kokija,<br \/>\noli antanut kirjalle nimen:<\/p>\n<p>&#8221;Rakastan, siis olen&#8221;.<\/p>\n<p>Mit\u00e4h\u00e4n varten min\u00e4 olen olemassa?<\/p>\n<p>El\u00e4m\u00e4\u00e4, niin pitk\u00e4\u00e4n, kuin vain muistan,<br \/>\nsuorittanut.<\/p>\n<p>Tehnyt hengiss\u00e4 selviytymisen pakkoliikkeit\u00e4,<br \/>\naistinut tarkkaakin tarkemmin, mik\u00e4 toiselle hyv\u00e4ksi,<br \/>\nmiten voisin sopeuttaa oman el\u00e4m\u00e4ni kontekstiin sopivaksi,<br \/>\nettei kukaan l\u00f6isi, ei potkisi henkisi\u00e4 seini\u00e4ni, hylk\u00e4isi minua,<br \/>\nettei j\u00e4tt\u00e4isi yksin\u00e4isyyteeni oman el\u00e4m\u00e4ni orpolasta.<\/p>\n<p>&#8221;Rakastan, siis olen&#8221;<\/p>\n<p>Kirjoittaja kertoi, miten heille er\u00e4\u00e4ll\u00e4 kurssilla oli vanha,<br \/>\njo yhdeks\u00e4\u00e4kymment\u00e4 l\u00e4hestyv\u00e4 nainen sanonut:<\/p>\n<p><em> &#8221;Ei koskaan tule sellaista hetke\u00e4, jolloin olemme valmiita.<\/em><br \/>\n<em> Parasta, mit\u00e4 ihminen voi el\u00e4m\u00e4ss\u00e4\u00e4n tehd\u00e4, on l\u00f6yt\u00e4\u00e4 se,<\/em><br \/>\n<em> mik\u00e4 on h\u00e4nelle kaikkein luontaisinta ja jakaa se maailmalle.&#8221;<\/em><\/p>\n<p>&#8221;Rakastan, siis olen&#8221;<\/p>\n<p>Mik\u00e4 on minulle kaikkein luontaisinta?<\/p>\n<p>Lukeminen?<br \/>\nKirjoittaminen?<br \/>\nRuoan laitto?<br \/>\nTuvan uunin l\u00e4mmitt\u00e4minen?<br \/>\nOmien lasteni kanssa tarinointi?<br \/>\nLastenlasten mukana puuhastelu?<br \/>\nHiljaa yksin\u00e4\u00e4n sivustavedett\u00e4v\u00e4ll\u00e4 sel\u00e4ll\u00e4\u00e4n makoilu?<br \/>\nYhdess\u00e4olon hetket rakkaansa kanssa?<br \/>\nMets\u00e4ss\u00e4 vaeltaminen?<br \/>\nLintujen seuraaminen?<br \/>\nYrtit ja sienet?<br \/>\nMelominen?<\/p>\n<p>Monet n\u00e4ist\u00e4 minulle niin t\u00e4rkeit\u00e4, syd\u00e4nt\u00e4ni l\u00e4hell\u00e4.<\/p>\n<p>Mutta mik\u00e4 minulle kaikkein luontaisinta&#8230;?<\/p>\n<p>Mik\u00e4 saa syd\u00e4meni laulamaan?<\/p>\n<p>Olla olemassa yhdess\u00e4 ihmisen tai ihmisten kanssa &lt;3<\/p>\n<p>Antaa ilon ja surun virrata&#8230;<br \/>\nUskaltaa eletyll\u00e4 el\u00e4m\u00e4ll\u00e4 kastella luovuuden kukkia kohtaamisen puutarhassa.<br \/>\nTuntea niin paljon turvallisuutta, ett\u00e4 voi olla kokonainen ihminen,<br \/>\ntuntevana, mit\u00e4tahansa ajattelevana, ep\u00e4ilev\u00e4n\u00e4 tai tarkasti tiet\u00e4v\u00e4n\u00e4,<br \/>\nilman pelkoa, ilman h\u00e4pe\u00e4\u00e4, vailla syyllisyytt\u00e4, vailla kaiken varmistamista.<\/p>\n<p>Mutta mik\u00e4 minulle kaikkein luontaisinta&#8230;?<\/p>\n<p>Ihmiset.<\/p>\n<p>L\u00e4sn\u00e4olo.<\/p>\n<p>Tunteet:<\/p>\n<p>Suru.<br \/>\nKyyneleet.<br \/>\nIloinen tarinointi.<br \/>\nVuorilla kaikuva nauru.<\/p>\n<p>Kaikkien tunteiden ihana sekamelska,<br \/>\nhulluttelu, kipeiss\u00e4 asioissa vakavoituminen,<br \/>\nhiljaa k\u00e4rsimyksen rinnalla el\u00e4minen,<br \/>\noman rajallisuuden ja rajattomuuden taivaalle ulottuva raikuva nauru.<\/p>\n<p>My\u00f6t\u00e4tunto &#8230;Rakkaus &lt;3<\/p>\n<p>Muistan sen el\u00e4m\u00e4ni t\u00e4rkeimm\u00e4n matkan.<\/p>\n<p>Olimme tulleet molemmat eurottomuuden autiomaasta.<br \/>\nKysymyksi\u00e4 mieli tulvillaan ja niin l\u00e4hell\u00e4 t\u00e4m\u00e4n n\u00e4kyv\u00e4n hajoamista.<\/p>\n<p>Ensimm\u00e4isen\u00e4 iltana vaelsimme paikkaan,<br \/>\njossa musta basaltti ja tyrskyv\u00e4 meri syleiliv\u00e4t toinen toisiaan.<\/p>\n<p>Kun on tarpeeksi kauan el\u00e4nyt oman sanoittamattoman avaruutensa kierot\u00e4hten\u00e4,<br \/>\npy\u00f6rinyt ymp\u00e4ri pime\u00e4\u00e4 ainettaan,<br \/>\nl\u00e4henee valottoman nopeudella kohti murtumapistett\u00e4\u00e4n.<\/p>\n<p>Jos Sinut n\u00e4hd\u00e4\u00e4n vain aurinkosi sammuneena, mustana k\u00e4\u00e4pi\u00f6n\u00e4.<br \/>\nJos se t\u00e4rkein, mit\u00e4 synnyit t\u00e4nne tuomaan, m\u00e4\u00e4ritet\u00e4\u00e4nkin pahaksi,<br \/>\nastuu ep\u00e4toivosi saarekkeista esiin musta j\u00e4ttil\u00e4inen,<br \/>\nmielesi valottamaton kuva.<\/p>\n<p>Et tunne sit\u00e4, mutta se tuntee Sinut ja hyvin!<\/p>\n<p>Juuri niiss\u00e4 kohdissa,<br \/>\nkun uskosi rakkauden linnunradan kirkkaisiin kiintot\u00e4htiin alkaa loppua,<br \/>\nel\u00e4m\u00e4si jauhautuu p\u00f6ly\u00e4v\u00e4ksi hiekaksi.<\/p>\n<p>Silloin on vaarana unohtaa aarre, jota j\u00e4ttil\u00e4inen vartio ja nuijii jokaisen pyramideilla tyhj\u00e4\u00e4<br \/>\nkaivavan.<\/p>\n<p>Ja tulee elett\u00e4v\u00e4ksi hetki, jolloin kukaan ei tunne ket\u00e4\u00e4n ja kaikki vain suorittavat el\u00e4en toistensa<br \/>\nohi kuolemansa kuvia.<\/p>\n<p>Ihminen toistaa p\u00e4iv\u00e4st\u00e4 y\u00f6h\u00f6n oppimiaan runnoen kaiken el\u00e4m\u00e4tt\u00f6m\u00e4n huonekaluiksi, joita<br \/>\nsiirrell\u00e4\u00e4n terapiasta toiseen&#8230;<\/p>\n<p>Mutta tied\u00e4 se!<\/p>\n<p>Jossain vaiheessa etsimist\u00e4 tulee kohta,<br \/>\njossa aika menett\u00e4\u00e4 merkityksens\u00e4.<br \/>\nKuvat valuvat pitkin olohuoneen tarkkaan maalattuja seini\u00e4.<\/p>\n<p>Silloin on tullut aika pakata mielens\u00e4 reppuun,<br \/>\nheitt\u00e4\u00e4 painosta keventynyt kipe\u00e4\u00e4n selk\u00e4\u00e4ns\u00e4, vet\u00e4\u00e4 syv\u00e4\u00e4n kahlatut jalkaansa.<\/p>\n<p>Vaella vuotesi itse\u00e4si katsellen ja hengit\u00e4 l\u00e4vitsesi todellista olemustasi.<\/p>\n<p>V\u00e4hitellen muotosi alkaa sulaa, muuttuu sielusi heijastamaksi,<br \/>\nkuvaksi kaikkien v\u00e4\u00e4ristyneiden, Sinusta pienennettyjen kuvien p\u00e4\u00e4lle.<\/p>\n<p>Siell\u00e4 syv\u00e4ll\u00e4 sisimm\u00e4ss\u00e4si,<br \/>\nSinun syd\u00e4mess\u00e4si,<br \/>\nasuu rakkautesi.<\/p>\n<p>Vaali sit\u00e4, pid\u00e4 hell\u00e4sti, niinkuin k\u00e4dell\u00e4si kerran kannoit&#8230;<\/p>\n<p>Sen aistivat ihmiset,<br \/>\njuuri he,<br \/>\njoita varten Sin\u00e4 tulit t\u00e4nne galaksin seitsem\u00e4nteen huoneeseen.<\/p>\n<p>He tervehtiv\u00e4t Sinua ilolla, sill\u00e4 olet palannut takaisin&#8230;<\/p>\n<p>&#8221;Rakastan, siis olen&#8221;.<\/p>\n<p>&nbsp;<\/p>\n<p>&nbsp;<\/p>\n<div class=\" divider magee-divider magee-shortcode divider-aub7vc divider-shadow\" id=\"\"><div class=\"divider-inner divider-border\"><\/div><\/div>\n<p>\r\n\t\t\t\t<\/div>\r\n\t\t\t<\/div><\/p>\n","protected":false},"excerpt":{"rendered":"<p>&#8211; Ukko K\u00e4rkk\u00e4inen Voit laittaa taustalle runon lukemanani<\/p>\n","protected":false},"author":2,"featured_media":0,"parent":0,"menu_order":0,"comment_status":"closed","ping_status":"closed","template":"","meta":{"footnotes":""},"class_list":["post-2813","page","type-page","status-publish","hentry"],"_links":{"self":[{"href":"https:\/\/bonis-avibus.fi\/bonis-avibus\/wp-json\/wp\/v2\/pages\/2813","targetHints":{"allow":["GET"]}}],"collection":[{"href":"https:\/\/bonis-avibus.fi\/bonis-avibus\/wp-json\/wp\/v2\/pages"}],"about":[{"href":"https:\/\/bonis-avibus.fi\/bonis-avibus\/wp-json\/wp\/v2\/types\/page"}],"author":[{"embeddable":true,"href":"https:\/\/bonis-avibus.fi\/bonis-avibus\/wp-json\/wp\/v2\/users\/2"}],"replies":[{"embeddable":true,"href":"https:\/\/bonis-avibus.fi\/bonis-avibus\/wp-json\/wp\/v2\/comments?post=2813"}],"version-history":[{"count":7,"href":"https:\/\/bonis-avibus.fi\/bonis-avibus\/wp-json\/wp\/v2\/pages\/2813\/revisions"}],"predecessor-version":[{"id":2911,"href":"https:\/\/bonis-avibus.fi\/bonis-avibus\/wp-json\/wp\/v2\/pages\/2813\/revisions\/2911"}],"wp:attachment":[{"href":"https:\/\/bonis-avibus.fi\/bonis-avibus\/wp-json\/wp\/v2\/media?parent=2813"}],"curies":[{"name":"wp","href":"https:\/\/api.w.org\/{rel}","templated":true}]}}