{"id":3254,"date":"2017-10-23T17:19:37","date_gmt":"2017-10-23T14:19:37","guid":{"rendered":"http:\/\/bonis-avibus.fi\/bonis-avibus\/?page_id=3254"},"modified":"2022-10-13T21:41:44","modified_gmt":"2022-10-13T18:41:44","slug":"palautteita","status":"publish","type":"page","link":"https:\/\/bonis-avibus.fi\/bonis-avibus\/palautteita\/","title":{"rendered":"Palautteita"},"content":{"rendered":"<h1>Palautteita<\/h1>\n<h2 style=\"text-align: center;\">Emilia Lahden palaute&nbsp;<\/h2>\n<h3 style=\"text-align: center;\">Ukko on syd\u00e4mest\u00e4 kumpuavan aidon rohkeuden ja sisun ihmisen muotoinen taideteos. H\u00e4n on kulkenut l\u00e4pi sen synk\u00e4n, ihmiskokemukseen&nbsp; toisinaan liittyv\u00e4n vastoink\u00e4ymisten mets\u00e4n, jonka viima ja pimeys saavat sielun huokaamaan kyyneli\u00e4, polvistunut suuren el\u00e4m\u00e4n voiman l\u00e4hteelle ja l\u00f6yt\u00e4nyt tiens\u00e4 sen toiselle puolen.<\/h3>\n<h3 style=\"text-align: center;\">Ukon silm\u00e4t hymyilev\u00e4t kauniisti el\u00e4m\u00e4\u00e4 n\u00e4hneen kulkijan tasaisen leimuavalla liekill\u00e4. H\u00e4nen ilonsa on todellista, tarttuvaa ja samaan aikaan korutonta ja mutkatonta. Ukon toinen ihmelahja on l\u00e4sn\u00e4olo ripolteltuna mit\u00e4 suloisimmalla tarinankerronnallisella luovuudella. Ev\u00e4srepussaan on aarteita suurelta matkalta ja toivon ett\u00e4 tuo reppu saapuu mahdollisimman monen kulkijan el\u00e4m\u00e4\u00e4n juuri oikealla hetkell\u00e4.<\/h3>\n<h3 style=\"text-align: center;\">Suuri on ihmisten vilpitt\u00f6m\u00e4n rakkauden voiman voima parantaa toinen toistemme haavat ja tuoda valoa pimeyteen. Kiitos kun olet tehnyt niin minulle, Ukko. Olet t\u00e4rke\u00e4.<\/h3>\n<p style=\"text-align: right;\">&nbsp;&#8211; Emilia Lahti<\/p>\n<p><a style=\"color: black;\" href=\"https:\/\/www.emilialahti.com\/\" target=\"_blank\" rel=\"noopener noreferrer\" data-saferedirecturl=\"https:\/\/www.google.com\/url?hl=de&amp;q=https:\/\/www.emilialahti.com\/&amp;source=gmail&amp;ust=1508850995098000&amp;usg=AFQjCNFXsT8TyNBsZkQ-DE2BQ72M0hRX9Q\">www.emilialahti.com\/<\/a>&nbsp;<a style=\"color: black;\" href=\"https:\/\/positiivinenpsykologia.wordpress.com\/sivun-yllapitajat\/emilia-lahti\/\" target=\"_blank\" rel=\"noopener noreferrer\" data-saferedirecturl=\"https:\/\/www.google.com\/url?hl=de&amp;q=https:\/\/positiivinenpsykologia.wordpress.com\/sivun-yllapitajat\/emilia-lahti\/&amp;source=gmail&amp;ust=1508850995098000&amp;usg=AFQjCNFHvKlEEF4rnRKLtGYIFuXJKeXQxg\">www.positiivinenpsykologia.com\/emilia-lahti\/<\/a><\/p>\n<h2 style=\"text-align: center;\">Kaisa Kautto-Koivulan palaute&nbsp;<\/h2>\n<p><a name=\"_GoBack\"><\/a> <b>Suositus <\/b><\/p>\n<p align=\"justify\">Olen perehtynyt Ukko K\u00e4rkk\u00e4isen toimintaan ja valmiuksiin yli 10 vuoden ajan. H\u00e4nen a<i>mmatillinen osaamisensa<\/i> on poikkeuksellisen laaja ja monipuolinen. H\u00e4n on kehitt\u00e4nyt maassamme harvinaislaatuisia valmennusmenetelmi\u00e4 tunteiden tunnistamiseen ja k\u00e4sittelyyn, tietoisuustaitoihin (mm. mindfulness, NLP), oman persoonan ulottuvuuksien l\u00f6yt\u00e4miseen sek\u00e4 luovuuden ruokkimiseen. T\u00e4t\u00e4 t\u00e4ydent\u00e4\u00e4 hyvin h\u00e4nen vuosikymmenien <i>osaamisensa luonnosta<\/i> (yrteist\u00e4, rohdoksista, sienist\u00e4 ja linnuista). Menetelmiss\u00e4\u00e4n h\u00e4n on kyennyt yhdist\u00e4m\u00e4\u00e4n henkil\u00f6kohtaisen kokemuksensa ja taidon soveltaa taidetta ja kulttuuria uudella lailla, monipuolisesti ja innovatiivisesti \u2013 sanaa, kuvaa, \u00e4\u00e4nt\u00e4 ja my\u00f6s valloittavaa huumoria k\u00e4ytt\u00e4en.<\/p>\n<p align=\"justify\">\n<p align=\"justify\">Minulla on ollut my\u00f6s tilaisuus tutustua Ukko K\u00e4rkk\u00e4isen mittavaan <i>taiteelliseen osaamiseen: <\/i>runouteen, kirjoituksiin ja multimediatuotoksiin. Ne ovat tehneet minuun suuren vaikutuksen sek\u00e4 taiteellisella tasolla ett\u00e4 terapeuttisina keinoina. N\u00e4en, ett\u00e4 h\u00e4nen taidoillaan ja omakohtaisella kokemuksellaan on selv\u00e4 sosiaalinen tilaus t\u00e4m\u00e4n p\u00e4iv\u00e4n Suomessa niin sodan j\u00e4tt\u00e4mien traumojen hoidossa (seuraava sukupolvi), kuin laajemminkin vakavista ja rajuistakin traumoista selviytymisess\u00e4. H\u00e4n on itse el\u00e4v\u00e4 esimerkki t\u00e4m\u00e4n prosessin toimivuudesta k\u00e4yt\u00e4nn\u00f6ss\u00e4. H\u00e4nen kokemuksensa ja ehtym\u00e4t\u00f6n luomiskykyns\u00e4 ovat osoittautuneet oivallisiksi keinoiksi uusien mahdollisuuksien l\u00f6yt\u00e4misess\u00e4 mm. ty\u00f6uup\u00famuksen, addiktioiden ja masennuksen hoidossa.<\/p>\n<p align=\"justify\">\n<p align=\"justify\">Omaan asiantuntemusalueeseeni liittyy nelj\u00e4 ajankohtaista haastetta: voimakkaasti kasvava ty\u00f6uupumus, aivoty\u00f6n tuottavuus ja innovatiivisuus, meneill\u00e4\u00e4n oleva <i>ty\u00f6el\u00e4m\u00e4n ja yhteiskunnan syv\u00e4 murros<\/i> nyt ja tulevaisuuden osaamistarpeet<i>.<\/i> Kaikki n\u00e4m\u00e4 alueet ovat sidoksissa tunteiden, oman luovuuden ja persoonan kohtaamiseen sek\u00e4 ihmiskuvan ymm\u00e4rt\u00e4miseen laajemmalla tavalla. Meneill\u00e4\u00e4n oleva murros ravistelee voimakkaasti perinteisi\u00e4 tieteen selitysmalleja (paradigmoja) jopa maailmankuvamme perusteita. Kvanttifysiikan l\u00f6yt\u00e4minen sata vuotta sitten avasi aivan uudenlaisia ikkunoita maailmankuvaamme, etenkin ihmis- ja luontok\u00e4sitykseemme. T\u00e4m\u00e4 nk. <i>j\u00e4lkimaterialistinen tieteen paradigma-ajattelu <\/i>on pystynyt selitt\u00e4m\u00e4\u00e4n paremmin monia murrosajan ilmi\u00f6it\u00e4 ihmisen ja luonnon pahoinvoinnin osalta kuin puhtaasti (reduktionistiseen) materialismiin nojaava, vallalla oleva ajattelutapa. Uskon, ett\u00e4 tarvitsemme juuri nyt rohkeita tienn\u00e4ytt\u00e4ji\u00e4, joilla on avoimuutta ja ymm\u00e4rryst\u00e4 n\u00e4hd\u00e4 ihminen laajemmin kuin fyysisesti toimivana yhteiskunnan osasena. Tied\u00e4n, ett\u00e4 Ukko K\u00e4rkk\u00e4inen on ty\u00f6ss\u00e4\u00e4n juuri t\u00e4llainen rohkea ja utelias edell\u00e4k\u00e4vij\u00e4. H\u00e4n on jo yli 10 vuoden ajan hy\u00f6dynt\u00e4nyt my\u00f6s j\u00e4lkimateriaalisen tieteen paradigma-ajattelua osana valmennusmetodejaan.<\/p>\n<p align=\"justify\">\n<p align=\"justify\"><i>Taiteen, kulttuurin ja luonnon rooli<\/i> hyvinvoinnin ja luovuuden tuottajana kiinnostaa monia sidosryhmi\u00e4 nyt \u2013 ja tulevaisuudessa. Tutkimuksien mukaan taiteen, kulttuurin ja luonnon tiedet\u00e4\u00e4n ruokkivan yksil\u00f6iden hyvinvointia. Niiden uskotaan olevan avain my\u00f6s useissa ihmisen mieleen liittyviss\u00e4 hoivaprosesseissa. T\u00e4m\u00e4 on merkitt\u00e4v\u00e4 asia kun tiedet\u00e4\u00e4n, ett\u00e4 t\u00e4n\u00e4 p\u00e4iv\u00e4n\u00e4 yli 400 000 ihmist\u00e4 sy\u00f6 erilaisia mielialal\u00e4\u00e4kkeit\u00e4 Suomessa. Ty\u00f6uupumus, ja siihen usein liittyv\u00e4 masennus, onkin suurin syy ennenaikaiselle ty\u00f6kyvytt\u00f6myysel\u00e4kkeelle j\u00e4\u00e4misess\u00e4 t\u00e4ll\u00e4 hetkell\u00e4 Suomessa. Uhkana on, ett\u00e4 ty\u00f6el\u00e4m\u00e4n ja yhteiskunnan murroksen syvetess\u00e4 uupuneiden ja syrj\u00e4ytyneiden m\u00e4\u00e4r\u00e4t kasvavat entisest\u00e4\u00e4n ellei uusia ehk\u00e4isevi\u00e4 hoitokeinoja l\u00f6ydet\u00e4. Toteutuessaan t\u00e4m\u00e4 uhkakuva on pelottava niin yksil\u00f6n kuin yhteiskuntammekin n\u00e4k\u00f6kulmasta. Asiantuntijoiden mukaan taiteen, kulttuurin ja luonnon tiedet\u00e4\u00e4n ruokkivan my\u00f6s yksil\u00f6iden innovaatiokyky\u00e4 ja edist\u00e4v\u00e4n siten osaltaan etenkin aivoty\u00f6n tuottavuutta tulevaisuuden haasteellisessa talousel\u00e4m\u00e4ss\u00e4. Uskon, ett\u00e4 tulevaisuudessa erilaisten taidelajien ja luonnon rooli laajenee merkitt\u00e4v\u00e4sti osana ihmisten hyvinvointia ja luomiskyky\u00e4 niin ty\u00f6ss\u00e4 kuin vapaa-ajalla.<\/p>\n<p align=\"justify\">\n<p align=\"justify\">Olen vakuuttunut, ett\u00e4 Ukko K\u00e4rkk\u00e4isen laaja kokemus, osaaminen ja valmennustaidot avaavat uusia v\u00e4yli\u00e4 ty\u00f6el\u00e4m\u00e4ss\u00e4 toimiville oman hyvinvoinnin, tunteiden, luovuuden ja persoonan vahvuuksien l\u00f6yt\u00e4misess\u00e4. T\u00e4llaisia uusia aluevaltauksia kaipaamme nyt kipe\u00e4sti niin yrityksiss\u00e4 kuin yhteiskunnassamme.<\/p>\n<p align=\"justify\">\n<p align=\"justify\">Espoossa 9.2.2020<\/p>\n<p align=\"justify\">Kaisa Kautto-Koivula, FT, TkL, dosentti (ammattikasvatus)<\/p>\n","protected":false},"excerpt":{"rendered":"<p>Palautteita Emilia Lahden palaute&nbsp; Ukko on syd\u00e4mest\u00e4 kumpuavan aidon rohkeuden ja sisun ihmisen muotoinen taideteos. H\u00e4n on kulkenut l\u00e4pi sen synk\u00e4n, ihmiskokemukseen&nbsp; toisinaan liittyv\u00e4n vastoink\u00e4ymisten mets\u00e4n, jonka viima ja pimeys saavat sielun huokaamaan kyyneli\u00e4, polvistunut suuren el\u00e4m\u00e4n voiman l\u00e4hteelle ja l\u00f6yt\u00e4nyt tiens\u00e4 sen toiselle puolen. Ukon silm\u00e4t hymyilev\u00e4t kauniisti el\u00e4m\u00e4\u00e4 n\u00e4hneen kulkijan tasaisen leimuavalla liekill\u00e4. H\u00e4nen ilonsa on todellista, tarttuvaa<\/p>\n<p><a class=\"more-link\" href=\"https:\/\/bonis-avibus.fi\/bonis-avibus\/palautteita\/\">Read More<\/a><\/p>\n","protected":false},"author":2,"featured_media":0,"parent":0,"menu_order":0,"comment_status":"closed","ping_status":"closed","template":"elementor_header_footer","meta":{"footnotes":""},"class_list":["post-3254","page","type-page","status-publish","hentry"],"_links":{"self":[{"href":"https:\/\/bonis-avibus.fi\/bonis-avibus\/wp-json\/wp\/v2\/pages\/3254","targetHints":{"allow":["GET"]}}],"collection":[{"href":"https:\/\/bonis-avibus.fi\/bonis-avibus\/wp-json\/wp\/v2\/pages"}],"about":[{"href":"https:\/\/bonis-avibus.fi\/bonis-avibus\/wp-json\/wp\/v2\/types\/page"}],"author":[{"embeddable":true,"href":"https:\/\/bonis-avibus.fi\/bonis-avibus\/wp-json\/wp\/v2\/users\/2"}],"replies":[{"embeddable":true,"href":"https:\/\/bonis-avibus.fi\/bonis-avibus\/wp-json\/wp\/v2\/comments?post=3254"}],"version-history":[{"count":48,"href":"https:\/\/bonis-avibus.fi\/bonis-avibus\/wp-json\/wp\/v2\/pages\/3254\/revisions"}],"predecessor-version":[{"id":10382,"href":"https:\/\/bonis-avibus.fi\/bonis-avibus\/wp-json\/wp\/v2\/pages\/3254\/revisions\/10382"}],"wp:attachment":[{"href":"https:\/\/bonis-avibus.fi\/bonis-avibus\/wp-json\/wp\/v2\/media?parent=3254"}],"curies":[{"name":"wp","href":"https:\/\/api.w.org\/{rel}","templated":true}]}}