{"id":3795,"date":"2017-11-07T17:14:10","date_gmt":"2017-11-07T15:14:10","guid":{"rendered":"http:\/\/bonis-avibus.fi\/bonis-avibus\/?page_id=3795"},"modified":"2017-11-07T17:26:27","modified_gmt":"2017-11-07T15:26:27","slug":"osa-3-sotavammat-sukupolvelta-toiselle-tutkijoiden-silmin","status":"publish","type":"page","link":"https:\/\/bonis-avibus.fi\/bonis-avibus\/osa-3-sotavammat-sukupolvelta-toiselle-tutkijoiden-silmin\/","title":{"rendered":"Osa 3 Sotavammat sukupolvelta toiselle tutkijoiden silmin."},"content":{"rendered":"<h2>T\u00e4ss\u00e4 osassa sitten tarkastelen trauma siirtymisest\u00e4 sukupolvelta toiselle. Siteeraan muutaman asiantuntijan kirjoitusta.<\/h2>\n<h2>Tutkija Ville Kivim\u00e4ki ja allekirjoittanut olimme linkin artikkelissa haastateltavina:\u00a0\u00a0<strong><a href=\"http:\/\/www.tamperelainen.fi\/artikkeli\/269406-sota-synnytti-rajahtavia-miehia-lapset-karsivat-vielakin\" target=\"_blank\" rel=\"noopener\">Sota synnytti r\u00e4j\u00e4ht\u00e4vi\u00e4 miehi\u00e4&#8230;<\/a><\/strong><\/h2>\n<h2>Tieto Finlandian saanut Ville Kivim\u00e4ki kirjoittaa &#8221;<strong><a href=\"https:\/\/suomenkuvalehti.fi\/jutut\/kotimaa\/murtuneet-mielet-suomi-vieritti-sotatraumat-sotilaiden-omaksi-syyksi\/\" target=\"_blank\" rel=\"noopener\">Murtuneet mielet<\/a><\/strong>&#8221; kirjassaan n\u00e4in:<\/h2>\n<h2>\u00a0<img loading=\"lazy\" decoding=\"async\" class=\"alignnone wp-image-3615\" src=\"http:\/\/bonis-avibus.fi\/bonis-avibus\/wp-content\/uploads\/2017\/10\/Ville-Kivim\u00e4ki-1-300x147.jpg\" alt=\"\" width=\"667\" height=\"327\" srcset=\"https:\/\/bonis-avibus.fi\/bonis-avibus\/wp-content\/uploads\/2017\/10\/Ville-Kivim\u00e4ki-1-300x147.jpg 300w, https:\/\/bonis-avibus.fi\/bonis-avibus\/wp-content\/uploads\/2017\/10\/Ville-Kivim\u00e4ki-1.jpg 708w\" sizes=\"auto, (max-width: 667px) 100vw, 667px\" \/><\/h2>\n<h2><img loading=\"lazy\" decoding=\"async\" class=\"alignnone wp-image-3616\" src=\"http:\/\/bonis-avibus.fi\/bonis-avibus\/wp-content\/uploads\/2017\/10\/Ville-Kivim\u00e4ki-2-300x142.jpg\" alt=\"\" width=\"695\" height=\"329\" srcset=\"https:\/\/bonis-avibus.fi\/bonis-avibus\/wp-content\/uploads\/2017\/10\/Ville-Kivim\u00e4ki-2-300x142.jpg 300w, https:\/\/bonis-avibus.fi\/bonis-avibus\/wp-content\/uploads\/2017\/10\/Ville-Kivim\u00e4ki-2.jpg 699w\" sizes=\"auto, (max-width: 695px) 100vw, 695px\" \/><\/h2>\n<h2><img loading=\"lazy\" decoding=\"async\" class=\"alignnone wp-image-3618\" src=\"http:\/\/bonis-avibus.fi\/bonis-avibus\/wp-content\/uploads\/2017\/10\/Ville-Kivim\u00e4ki-kirjan-kansi-188x300.jpg\" alt=\"\" width=\"322\" height=\"514\" srcset=\"https:\/\/bonis-avibus.fi\/bonis-avibus\/wp-content\/uploads\/2017\/10\/Ville-Kivim\u00e4ki-kirjan-kansi-188x300.jpg 188w, https:\/\/bonis-avibus.fi\/bonis-avibus\/wp-content\/uploads\/2017\/10\/Ville-Kivim\u00e4ki-kirjan-kansi.jpg 487w\" sizes=\"auto, (max-width: 322px) 100vw, 322px\" \/><\/h2>\n<h2>Muutamissa sotaa k\u00e4sittelevist\u00e4 julkaisuista l\u00f6ytyy tekstej\u00e4ni. Esiinnyn niiss\u00e4 aikaisemmalla Paavo nimell\u00e4ni.<\/h2>\n<p><img loading=\"lazy\" decoding=\"async\" class=\"alignnone wp-image-3621\" src=\"http:\/\/bonis-avibus.fi\/bonis-avibus\/wp-content\/uploads\/2017\/10\/Sodassa-koettua-kansi-202x300.jpg\" alt=\"\" width=\"366\" height=\"544\" srcset=\"https:\/\/bonis-avibus.fi\/bonis-avibus\/wp-content\/uploads\/2017\/10\/Sodassa-koettua-kansi-202x300.jpg 202w, https:\/\/bonis-avibus.fi\/bonis-avibus\/wp-content\/uploads\/2017\/10\/Sodassa-koettua-kansi.jpg 646w\" sizes=\"auto, (max-width: 366px) 100vw, 366px\" \/><\/p>\n<p><img loading=\"lazy\" decoding=\"async\" class=\"alignnone wp-image-3622\" src=\"http:\/\/bonis-avibus.fi\/bonis-avibus\/wp-content\/uploads\/2017\/10\/Sodassa-koettua-1-300x177.jpg\" alt=\"\" width=\"824\" height=\"486\" srcset=\"https:\/\/bonis-avibus.fi\/bonis-avibus\/wp-content\/uploads\/2017\/10\/Sodassa-koettua-1-300x177.jpg 300w, https:\/\/bonis-avibus.fi\/bonis-avibus\/wp-content\/uploads\/2017\/10\/Sodassa-koettua-1-768x453.jpg 768w, https:\/\/bonis-avibus.fi\/bonis-avibus\/wp-content\/uploads\/2017\/10\/Sodassa-koettua-1-800x472.jpg 800w, https:\/\/bonis-avibus.fi\/bonis-avibus\/wp-content\/uploads\/2017\/10\/Sodassa-koettua-1.jpg 948w\" sizes=\"auto, (max-width: 824px) 100vw, 824px\" \/><\/p>\n<h2>Psykoanalyytikko Pirkko Siltala on k\u00e4sitellyt traumojen siirtymist\u00e4!<\/h2>\n<p><img loading=\"lazy\" decoding=\"async\" class=\"alignnone wp-image-3619\" src=\"http:\/\/bonis-avibus.fi\/bonis-avibus\/wp-content\/uploads\/2017\/10\/Pirkko-Siltala-kirjan-kansi-187x300.jpg\" alt=\"\" width=\"369\" height=\"592\" srcset=\"https:\/\/bonis-avibus.fi\/bonis-avibus\/wp-content\/uploads\/2017\/10\/Pirkko-Siltala-kirjan-kansi-187x300.jpg 187w, https:\/\/bonis-avibus.fi\/bonis-avibus\/wp-content\/uploads\/2017\/10\/Pirkko-Siltala-kirjan-kansi.jpg 567w\" sizes=\"auto, (max-width: 369px) 100vw, 369px\" \/><\/p>\n<h2>Lainaan t\u00e4h\u00e4n muutamia keskeisi\u00e4 kohtia.<\/h2>\n<p><img loading=\"lazy\" decoding=\"async\" class=\"alignnone wp-image-3626\" src=\"http:\/\/bonis-avibus.fi\/bonis-avibus\/wp-content\/uploads\/2017\/10\/Pirkko-Siltala-5-300x262.jpg\" alt=\"\" width=\"648\" height=\"566\" srcset=\"https:\/\/bonis-avibus.fi\/bonis-avibus\/wp-content\/uploads\/2017\/10\/Pirkko-Siltala-5-300x262.jpg 300w, https:\/\/bonis-avibus.fi\/bonis-avibus\/wp-content\/uploads\/2017\/10\/Pirkko-Siltala-5.jpg 721w\" sizes=\"auto, (max-width: 648px) 100vw, 648px\" \/><\/p>\n<h2>Viime sodassa kaatui (osa katosi) l\u00e4hes 90000 ja haavoittui yli 200000. Kun viel\u00e4 edellisten lis\u00e4ksi talvisodan aikana evakoitiin 430000 ja jatkosodan aikana 300000, on kyseess\u00e4 l\u00e4hes koko kansaa tavalla tai toisella koskettanut kollektiivinen trauma!<\/h2>\n<p><img loading=\"lazy\" decoding=\"async\" class=\"alignnone wp-image-3627\" src=\"http:\/\/bonis-avibus.fi\/bonis-avibus\/wp-content\/uploads\/2017\/10\/Pirkko-Siltala-6-300x300.jpg\" alt=\"\" width=\"661\" height=\"661\" srcset=\"https:\/\/bonis-avibus.fi\/bonis-avibus\/wp-content\/uploads\/2017\/10\/Pirkko-Siltala-6-300x300.jpg 300w, https:\/\/bonis-avibus.fi\/bonis-avibus\/wp-content\/uploads\/2017\/10\/Pirkko-Siltala-6-150x150.jpg 150w, https:\/\/bonis-avibus.fi\/bonis-avibus\/wp-content\/uploads\/2017\/10\/Pirkko-Siltala-6.jpg 735w\" sizes=\"auto, (max-width: 661px) 100vw, 661px\" \/><\/p>\n<p><img loading=\"lazy\" decoding=\"async\" class=\"alignnone wp-image-3628\" src=\"http:\/\/bonis-avibus.fi\/bonis-avibus\/wp-content\/uploads\/2017\/10\/Pirkko-Siltala-7-300x300.jpg\" alt=\"\" width=\"679\" height=\"679\" srcset=\"https:\/\/bonis-avibus.fi\/bonis-avibus\/wp-content\/uploads\/2017\/10\/Pirkko-Siltala-7-300x300.jpg 300w, https:\/\/bonis-avibus.fi\/bonis-avibus\/wp-content\/uploads\/2017\/10\/Pirkko-Siltala-7-150x150.jpg 150w, https:\/\/bonis-avibus.fi\/bonis-avibus\/wp-content\/uploads\/2017\/10\/Pirkko-Siltala-7.jpg 735w\" sizes=\"auto, (max-width: 679px) 100vw, 679px\" \/><\/p>\n<h2>Klikkaa viel\u00e4 Ranskan johtavan neuropsykiatrin Boris Gyrulnikin <strong><a href=\"https:\/\/yle.fi\/aihe\/artikkeli\/2016\/02\/08\/perheensa-auschwitzissa-menettanyt-psykiatri-boris-cyrulnik-trauma-tekee\" target=\"_blank\" rel=\"noopener\">artikkelia<\/a><\/strong>. H\u00e4n puhuu traumojen yhteydess\u00e4 resilienssist\u00e4.<\/h2>\n<h2>Muistan, miten juttu kosketti minua sisimp\u00e4\u00e4ni, kun luin lauseen &#8221;<em>\u2013 Traumat voidaan hoitaa. Pit\u00e4\u00e4 vain analysoida, mit\u00e4 on tapahtunut ennen traumaa.<\/em>&#8221;<\/h2>\n<h2>Minulla ei ollut sellaista aikaa&#8230; ennen traumaa&#8230; synnyin sen ytimeen!<\/h2>\n","protected":false},"excerpt":{"rendered":"<p>T\u00e4ss\u00e4 osassa sitten tarkastelen trauma siirtymisest\u00e4 sukupolvelta toiselle. Siteeraan muutaman asiantuntijan kirjoitusta. Tutkija Ville Kivim\u00e4ki ja allekirjoittanut olimme linkin artikkelissa haastateltavina:\u00a0\u00a0Sota synnytti r\u00e4j\u00e4ht\u00e4vi\u00e4 miehi\u00e4&#8230; Tieto Finlandian saanut Ville Kivim\u00e4ki kirjoittaa &#8221;Murtuneet mielet&#8221; kirjassaan n\u00e4in: \u00a0 Muutamissa sotaa k\u00e4sittelevist\u00e4 julkaisuista l\u00f6ytyy tekstej\u00e4ni. Esiinnyn niiss\u00e4 aikaisemmalla Paavo nimell\u00e4ni. Psykoanalyytikko Pirkko Siltala on k\u00e4sitellyt traumojen siirtymist\u00e4! Lainaan t\u00e4h\u00e4n muutamia keskeisi\u00e4 kohtia. Viime sodassa<\/p>\n<p><a class=\"more-link\" href=\"https:\/\/bonis-avibus.fi\/bonis-avibus\/osa-3-sotavammat-sukupolvelta-toiselle-tutkijoiden-silmin\/\">Read More<\/a><\/p>\n","protected":false},"author":1,"featured_media":0,"parent":0,"menu_order":0,"comment_status":"closed","ping_status":"closed","template":"","meta":{"footnotes":""},"class_list":["post-3795","page","type-page","status-publish","hentry"],"_links":{"self":[{"href":"https:\/\/bonis-avibus.fi\/bonis-avibus\/wp-json\/wp\/v2\/pages\/3795","targetHints":{"allow":["GET"]}}],"collection":[{"href":"https:\/\/bonis-avibus.fi\/bonis-avibus\/wp-json\/wp\/v2\/pages"}],"about":[{"href":"https:\/\/bonis-avibus.fi\/bonis-avibus\/wp-json\/wp\/v2\/types\/page"}],"author":[{"embeddable":true,"href":"https:\/\/bonis-avibus.fi\/bonis-avibus\/wp-json\/wp\/v2\/users\/1"}],"replies":[{"embeddable":true,"href":"https:\/\/bonis-avibus.fi\/bonis-avibus\/wp-json\/wp\/v2\/comments?post=3795"}],"version-history":[{"count":4,"href":"https:\/\/bonis-avibus.fi\/bonis-avibus\/wp-json\/wp\/v2\/pages\/3795\/revisions"}],"predecessor-version":[{"id":3800,"href":"https:\/\/bonis-avibus.fi\/bonis-avibus\/wp-json\/wp\/v2\/pages\/3795\/revisions\/3800"}],"wp:attachment":[{"href":"https:\/\/bonis-avibus.fi\/bonis-avibus\/wp-json\/wp\/v2\/media?parent=3795"}],"curies":[{"name":"wp","href":"https:\/\/api.w.org\/{rel}","templated":true}]}}