{"id":3804,"date":"2017-11-07T17:34:37","date_gmt":"2017-11-07T15:34:37","guid":{"rendered":"http:\/\/bonis-avibus.fi\/bonis-avibus\/?page_id=3804"},"modified":"2020-02-19T22:31:48","modified_gmt":"2020-02-19T20:31:48","slug":"osa-4-kuritusvakivallankumous-eli-miten-malleja-muutetaan-2","status":"publish","type":"page","link":"https:\/\/bonis-avibus.fi\/bonis-avibus\/osa-4-kuritusvakivallankumous-eli-miten-malleja-muutetaan-2\/","title":{"rendered":"Osa 4 Kuritusv\u00e4kivallankumous, eli miten malleja muutetaan?"},"content":{"rendered":"<h2>Olen el\u00e4m\u00e4ss\u00e4ni miettinyt tuhansia, tuhansia ja taas tuhansia tunteja, miten kielteisi\u00e4 kasvatusmalleja voitaisiin muuttaa. Haitallisten, rankaisuun perustuvien toimintatapojen vaihtaminen rakkausperustaisiksi, on lastemme tulevaisuuden kannalta erityisen merkitt\u00e4v\u00e4\u00e4.<\/h2>\n<h2>T\u00e4ss\u00e4 me vanhemmat tarvitsemme omien tunteiden k\u00e4sittelyyn ja ilmaisuus ty\u00f6kaluja sek\u00e4 kokemusten vaihtamiseen vertaisryhmi\u00e4.<\/h2>\n<h2>Muistan, miten jossain vaiheessa r\u00e4ll\u00e4k\u00e4ll\u00e4, kipin\u00e4t sinkoillen, ajoin poikki kettinkej\u00e4. Mieless\u00e4ni samalla raudank\u00e4ryss\u00e4 katkasin niit\u00e4 kasvatusmalleja, joita olin saanut omasta kodista.<\/h2>\n<p><img loading=\"lazy\" decoding=\"async\" class=\"alignnone wp-image-3808\" src=\"http:\/\/bonis-avibus.fi\/bonis-avibus\/wp-content\/uploads\/2017\/11\/Ukko-K\u00e4rkk\u00e4inen-Ketjut-300x225.jpg\" alt=\"\" width=\"600\" height=\"450\" srcset=\"https:\/\/bonis-avibus.fi\/bonis-avibus\/wp-content\/uploads\/2017\/11\/Ukko-K\u00e4rkk\u00e4inen-Ketjut-300x225.jpg 300w, https:\/\/bonis-avibus.fi\/bonis-avibus\/wp-content\/uploads\/2017\/11\/Ukko-K\u00e4rkk\u00e4inen-Ketjut-768x576.jpg 768w, https:\/\/bonis-avibus.fi\/bonis-avibus\/wp-content\/uploads\/2017\/11\/Ukko-K\u00e4rkk\u00e4inen-Ketjut-1024x768.jpg 1024w, https:\/\/bonis-avibus.fi\/bonis-avibus\/wp-content\/uploads\/2017\/11\/Ukko-K\u00e4rkk\u00e4inen-Ketjut-800x600.jpg 800w, https:\/\/bonis-avibus.fi\/bonis-avibus\/wp-content\/uploads\/2017\/11\/Ukko-K\u00e4rkk\u00e4inen-Ketjut-400x300.jpg 400w, https:\/\/bonis-avibus.fi\/bonis-avibus\/wp-content\/uploads\/2017\/11\/Ukko-K\u00e4rkk\u00e4inen-Ketjut.jpg 1280w\" sizes=\"auto, (max-width: 600px) 100vw, 600px\" \/><\/p>\n<h2>Oman lapsuudentarinani ilmaisussa k\u00e4ytin apuna kirjoittamista, maalaamista ja veist\u00e4mist\u00e4.<\/h2>\n<h2>Tein mm. isolle taulupohjalle kuvan aivoihin haavoittuneen is\u00e4ni trauman vaikutuksista. Teoksen nimi &#8221;Is\u00e4\u00e4 etsim\u00e4ss\u00e4&#8221;.<\/h2>\n<h2><img loading=\"lazy\" decoding=\"async\" class=\"alignnone wp-image-3585\" src=\"http:\/\/bonis-avibus.fi\/bonis-avibus\/wp-content\/uploads\/2017\/10\/Ukko-K\u00e4rkk\u00e4inen-Vihelt\u00e4\u00e4-r\u00e4j\u00e4hti...-225x300.jpg\" alt=\"\" width=\"484\" height=\"645\" srcset=\"https:\/\/bonis-avibus.fi\/bonis-avibus\/wp-content\/uploads\/2017\/10\/Ukko-K\u00e4rkk\u00e4inen-Vihelt\u00e4\u00e4-r\u00e4j\u00e4hti...-225x300.jpg 225w, https:\/\/bonis-avibus.fi\/bonis-avibus\/wp-content\/uploads\/2017\/10\/Ukko-K\u00e4rkk\u00e4inen-Vihelt\u00e4\u00e4-r\u00e4j\u00e4hti....jpg 768w\" sizes=\"auto, (max-width: 484px) 100vw, 484px\" \/>.<\/h2>\n<h2>Synnytin ahdistuksen tilassa my\u00f6s alla olevan teoksen siit\u00e4, mit\u00e4 \u00e4itini oli minulle sanonut. T\u00e4llaisella lauseella h\u00e4n vihaisena lukemattomat kerrat pakotti minua tekem\u00e4\u00e4n kotit\u00f6it\u00e4:<\/h2>\n<h2>&#8221;Laita paska asialle ja juokse itte per\u00e4ss\u00e4&#8221;.<\/h2>\n<h2>Nyt kyll\u00e4 ymm\u00e4rr\u00e4n, miten paljon \u00e4iti\u00e4ni on ottanut kaaliin, kun minua kiinnosti ihan kaikki muu, paitsi talon siivous ja ulkoportaiden m\u00e4ntysuopavedell\u00e4 jynss\u00e4\u00e4minen.<\/h2>\n<h2>Mutta usein kuultuna tuollainen lause j\u00e4\u00e4 soimaan p\u00e4\u00e4h\u00e4n ja alkaa nakertaa itsetuntoa. Mieleen voi tulla erilaisia hajuja.<\/h2>\n<p><img loading=\"lazy\" decoding=\"async\" class=\"alignnone wp-image-3657\" src=\"http:\/\/bonis-avibus.fi\/bonis-avibus\/wp-content\/uploads\/2017\/10\/Ukko-K\u00e4rkk\u00e4inen-teos-300x199.jpg\" alt=\"\" width=\"631\" height=\"418\" srcset=\"https:\/\/bonis-avibus.fi\/bonis-avibus\/wp-content\/uploads\/2017\/10\/Ukko-K\u00e4rkk\u00e4inen-teos-300x199.jpg 300w, https:\/\/bonis-avibus.fi\/bonis-avibus\/wp-content\/uploads\/2017\/10\/Ukko-K\u00e4rkk\u00e4inen-teos-768x510.jpg 768w, https:\/\/bonis-avibus.fi\/bonis-avibus\/wp-content\/uploads\/2017\/10\/Ukko-K\u00e4rkk\u00e4inen-teos.jpg 903w\" sizes=\"auto, (max-width: 631px) 100vw, 631px\" \/><\/p>\n<h2>Aloin ensimm\u00e4isen loppuunpalamisen aikoihin, kun menneisyydest\u00e4\u00a0 kaikui n\u00e4m\u00e4 \u00e4itini sanat, ty\u00f6st\u00e4\u00e4 konkreettisesti &#8221;laita paskaa&#8221;&#8230;<\/h2>\n<h2>Sahasin aluksi sopivan kokoisen, siis riitt\u00e4v\u00e4n ison levyn. Maalasin sen mustalla ja laitoin viel\u00e4 valkoista sekavuutta levyn pinnalle. Sitten ulostin polyuretaanista levylle em\u00e4kasan spiraalimuotoon.<\/h2>\n<h2>N\u00e4iden esivalmisteluiden j\u00e4lkeen annoin uretaanin kuivua. Sen j\u00e4lkeen sivelin, l\u00e4hes ihan sit\u00e4 itte\u00e4 v\u00e4rin\u00e4, ruskeaa maalia, uretaanin pinnalle. Viimeistelyn tein vessapaperilla (huom! k\u00e4ytt\u00e4m\u00e4tt\u00f6mill\u00e4 hajuhaittojen eliminoimiseksi).<\/h2>\n<h2>Teos sai nimekseen &#8221;Asialle laitettu&#8221;.<\/h2>\n<h2>Loppuperformanssissa&#8230; k\u00e4sien pesu ja vuorotellen omien k\u00e4sivarsien &#8221;pyyhkiminen&#8221;, siis hartiasta sormenp\u00e4ihin kulkeva luova liike vastakkaisella k\u00e4dell\u00e4 tehtyn\u00e4 ja sit\u00e4 viel\u00e4 kyyditt\u00e4m\u00e4\u00e4n mantra:<\/h2>\n<h2>&#8221;Mie en oo *aska, mie en oon *aska!&#8221;<\/h2>\n<h2>Kyll\u00e4p\u00e4 muuten helpotti !<\/h2>\n<h2>Mik\u00e4li t\u00e4m\u00e4n lukija olet saanut kuulla lapsena itsellesi sanottavan samanlaisia ohjeita: &#8221;Laita pee asialle jne.&#8221;, niin eimuuta kuin hankkimaan levy\u00e4, maalia ja <a href=\"https:\/\/fi.wikipedia.org\/wiki\/Polyuretaani\" target=\"_blank\" rel=\"noopener\">polyuretaania<\/a>. Ja vessapaperiahan l\u00f6ytyy jokaisen kodista:)<\/h2>\n<h2>Hiiret pitiv\u00e4t\u00a0navetan vintill\u00e4\u00a0minun taiteestani niin paljon, ett\u00e4 ne s\u00f6iv\u00e4t varsinkin sit\u00e4 isointa:)<\/h2>\n<p><img loading=\"lazy\" decoding=\"async\" class=\"alignnone wp-image-3701\" src=\"http:\/\/bonis-avibus.fi\/bonis-avibus\/wp-content\/uploads\/2017\/10\/Ukko-K\u00e4rkk\u00e4inen-hiiret-300x218.jpg\" alt=\"\" width=\"716\" height=\"520\" srcset=\"https:\/\/bonis-avibus.fi\/bonis-avibus\/wp-content\/uploads\/2017\/10\/Ukko-K\u00e4rkk\u00e4inen-hiiret-300x218.jpg 300w, https:\/\/bonis-avibus.fi\/bonis-avibus\/wp-content\/uploads\/2017\/10\/Ukko-K\u00e4rkk\u00e4inen-hiiret-768x557.jpg 768w, https:\/\/bonis-avibus.fi\/bonis-avibus\/wp-content\/uploads\/2017\/10\/Ukko-K\u00e4rkk\u00e4inen-hiiret-800x580.jpg 800w, https:\/\/bonis-avibus.fi\/bonis-avibus\/wp-content\/uploads\/2017\/10\/Ukko-K\u00e4rkk\u00e4inen-hiiret.jpg 940w\" sizes=\"auto, (max-width: 716px) 100vw, 716px\" \/><\/p>\n<h2>\u00c4idill\u00e4 oli k\u00e4yt\u00f6ss\u00e4\u00e4n katkeamattomana sukupolvelta toiselle periytyneet, varsin primitiivisaggressiiviset kasvatusmallit; lasta v\u00e4h\u00e4ttelev\u00e4\u00e4, kunnioittamatonta, huonoa kielenk\u00e4ytt\u00f6\u00e4 ja piiskaa&#8230;<\/h2>\n<h2><img loading=\"lazy\" decoding=\"async\" class=\"alignnone wp-image-832\" src=\"http:\/\/bonis-avibus.fi\/bonis-avibus\/wp-content\/uploads\/2017\/06\/Opetus-74-225x300.jpg\" alt=\"\" width=\"468\" height=\"624\" srcset=\"https:\/\/bonis-avibus.fi\/bonis-avibus\/wp-content\/uploads\/2017\/06\/Opetus-74-225x300.jpg 225w, https:\/\/bonis-avibus.fi\/bonis-avibus\/wp-content\/uploads\/2017\/06\/Opetus-74.jpg 768w\" sizes=\"auto, (max-width: 468px) 100vw, 468px\" \/><\/h2>\n<h2>Yll\u00e4 valokuvateokseni &#8221;Joka vitsaa s\u00e4\u00e4st\u00e4\u00e4, se vihaa lastaan&#8221;.<\/h2>\n<h2>Tavallisin ja nopea rankaisulaji \u00e4idill\u00e4 oli erilaisilla variaatioilla tukistaminen&#8230; joskus jalat eiv\u00e4t koskeneet maahan!<\/h2>\n<h2>Sellainen on <strong><a href=\"https:\/\/fi.wikipedia.org\/wiki\/Kuritus\" target=\"_blank\" rel=\"noopener\">v\u00e4kivaltaa<\/a><\/strong>!<\/h2>\n<h2>Kun eheytymispolulla ty\u00f6stin t\u00e4t\u00e4 saamaani kasvatusta=kaltoinkohtelua, kirjoitin runoiksi tosi rankkaa teksti\u00e4 siit\u00e4, miten \u00e4itini oli minua kurittanut! En n\u00e4ytt\u00e4nyt tekstej\u00e4ni h\u00e4nelle. Otin muutenkin et\u00e4isyytt\u00e4 prosessini voimakkaimpina aikoina.<\/h2>\n<h2>Vihani l\u00e4pik\u00e4ynti oli minun omaa eheytymispolkuani ja menneest\u00e4 huolimatta halusin kunnioittaa jo harmaahapsista, minut t\u00e4h\u00e4n maailmaan synnytt\u00e4nytt\u00e4 \u00e4iti\u00e4ni. H\u00e4n oli toiminut niill\u00e4 ev\u00e4ill\u00e4, mit\u00e4 h\u00e4nell\u00e4 oli k\u00e4yt\u00f6ss\u00e4\u00e4n.<\/h2>\n<h2>Muistan, kun oman kasvavan perheeni is\u00e4n\u00e4 soitin Mannerheimin Lastensuojeluliittoon. Kysyi, olisiko heill\u00e4 mink\u00e4\u00e4nlaista kurssia vanhemmuuteen? Sanoin, ett\u00e4 minulla on huonot ev\u00e4\u00e4t vanhemmuuteen. Koin, ett\u00e4 saamillani malleilla en todellakaan halua omia lapsiani kasvattaa!<\/h2>\n<h2>Halusin katkaista kohdaltani negatiiviset ketjut. P\u00e4\u00e4sin vaimoni kanssa MLL:n &#8221;Ohjaavan kasvatuksen&#8221; kurssille. Siit\u00e4 oli todella merkitt\u00e4v\u00e4\u00e4 apua vahingollisten ja huonosti toimivien kasvatusmallien paremmiksi p\u00e4ivitt\u00e4misess\u00e4.<\/h2>\n<h2>Vedimme kouluttautumisen j\u00e4lkeen yhdess\u00e4 ryhmi\u00e4. Kirjoitin runoja vanhemmuuden teemasta:<\/h2>\n<p><img loading=\"lazy\" decoding=\"async\" class=\"alignnone wp-image-3674\" src=\"http:\/\/bonis-avibus.fi\/bonis-avibus\/wp-content\/uploads\/2017\/10\/Ukko-K\u00e4rkk\u00e4inen-Pienen-korvissa-300x174.jpg\" alt=\"\" width=\"604\" height=\"350\" srcset=\"https:\/\/bonis-avibus.fi\/bonis-avibus\/wp-content\/uploads\/2017\/10\/Ukko-K\u00e4rkk\u00e4inen-Pienen-korvissa-300x174.jpg 300w, https:\/\/bonis-avibus.fi\/bonis-avibus\/wp-content\/uploads\/2017\/10\/Ukko-K\u00e4rkk\u00e4inen-Pienen-korvissa.jpg 640w\" sizes=\"auto, (max-width: 604px) 100vw, 604px\" \/><\/p>\n<p><img loading=\"lazy\" decoding=\"async\" class=\"alignnone wp-image-3672\" src=\"http:\/\/bonis-avibus.fi\/bonis-avibus\/wp-content\/uploads\/2017\/10\/Ukko-K\u00e4rkk\u00e4inen-Soitellaan-vain-300x204.jpg\" alt=\"\" width=\"603\" height=\"410\" srcset=\"https:\/\/bonis-avibus.fi\/bonis-avibus\/wp-content\/uploads\/2017\/10\/Ukko-K\u00e4rkk\u00e4inen-Soitellaan-vain-300x204.jpg 300w, https:\/\/bonis-avibus.fi\/bonis-avibus\/wp-content\/uploads\/2017\/10\/Ukko-K\u00e4rkk\u00e4inen-Soitellaan-vain.jpg 640w\" sizes=\"auto, (max-width: 603px) 100vw, 603px\" \/><\/p>\n<p><img loading=\"lazy\" decoding=\"async\" class=\"alignnone wp-image-3675\" src=\"http:\/\/bonis-avibus.fi\/bonis-avibus\/wp-content\/uploads\/2017\/10\/Ukko-K\u00e4rkk\u00e4inen-Rakkaus_piste_exe-225x300.jpg\" alt=\"\" width=\"601\" height=\"801\" srcset=\"https:\/\/bonis-avibus.fi\/bonis-avibus\/wp-content\/uploads\/2017\/10\/Ukko-K\u00e4rkk\u00e4inen-Rakkaus_piste_exe-225x300.jpg 225w, https:\/\/bonis-avibus.fi\/bonis-avibus\/wp-content\/uploads\/2017\/10\/Ukko-K\u00e4rkk\u00e4inen-Rakkaus_piste_exe.jpg 480w\" sizes=\"auto, (max-width: 601px) 100vw, 601px\" \/><\/p>\n<h2>Kuinkahan moni vanhempi tarvitsisi t\u00e4n\u00e4 p\u00e4iv\u00e4n kasvatukseensa apua, vertaistukiryhmi\u00e4 tai vaikka rakkaudella kasvattamisen kursseja?<\/h2>\n<h2>On surullista lasten kannalta, jos vanhempi siirt\u00e4\u00e4 omat traumansa j\u00e4lkipolville. Usein se tapahtuu tiet\u00e4m\u00e4tt\u00e4, kuin unessa. Harvoin vanhempi on tarkoituksellisesti lapsilleen paha. Sellaistakin kyll\u00e4 on, mutta se menee patologian puolelle!<\/h2>\n<h2>Muistan itse, ett\u00e4 oli \u00e4\u00e4rimm\u00e4isen ty\u00f6l\u00e4st\u00e4 muuttaa niit\u00e4 selk\u00e4ytimess\u00e4 olevia malleja, jotka on ajettu pienest\u00e4 pit\u00e4en luunapilla otsanahankin alle.<\/h2>\n<p><img loading=\"lazy\" decoding=\"async\" class=\"alignnone wp-image-3809\" src=\"http:\/\/bonis-avibus.fi\/bonis-avibus\/wp-content\/uploads\/2017\/11\/Ukko-K\u00e4rkk\u00e4inen-Traumakivi-ja-Joenhenki-300x101.jpg\" alt=\"\" width=\"601\" height=\"202\" srcset=\"https:\/\/bonis-avibus.fi\/bonis-avibus\/wp-content\/uploads\/2017\/11\/Ukko-K\u00e4rkk\u00e4inen-Traumakivi-ja-Joenhenki-300x101.jpg 300w, https:\/\/bonis-avibus.fi\/bonis-avibus\/wp-content\/uploads\/2017\/11\/Ukko-K\u00e4rkk\u00e4inen-Traumakivi-ja-Joenhenki.jpg 622w\" sizes=\"auto, (max-width: 601px) 100vw, 601px\" \/><\/p>\n<h2>Yll\u00e4 kuva rituaaliprosessista, joilla askel kerrallaan p\u00e4\u00e4stin irti menneisyyden tuhoisista vaikutuksista. Vanhempien kannattaa olla hereill\u00e4 ja k\u00e4yd\u00e4 saamistaan malleista vuoropuhelua yst\u00e4v\u00e4perheiden kanssa tai vertaistukiryhmiss\u00e4. Sit\u00e4 kautta voi alkaa l\u00f6ys\u00e4\u00e4m\u00e4\u00e4n vanhoista tavoista ja innovoimaan yhdess\u00e4 uusia rakkaudellisia tapoja olla lasten kanssa l\u00e4sn\u00e4.<\/h2>\n<h2>T\u00e4ss\u00e4 linkki\u00e4, mist\u00e4 voi etsi\u00e4 vertaisryhmi\u00e4 vanhemmuuteensa:<\/h2>\n<h2>Ks. <a href=\"https:\/\/www.mll.fi\/vanhemmille\/toiminta-lapsiperheille\/vertaisryhmat\/\" target=\"_blank\" rel=\"noopener\"><strong>Mannerheimin lastensuojeluliitto<\/strong><\/a><\/h2>\n<h2>Ks. <a href=\"http:\/\/www.tukeavanhemmille.fi\/\" target=\"_blank\" rel=\"noopener\"><strong>Tukea vanhemmille<\/strong><\/a><\/h2>\n<h2>Ks. <a href=\"https:\/\/erityisvoimia.fi\/vanhemmuus\/kuuleeko-kukaan\/\" target=\"_blank\" rel=\"noopener\"><strong>Erityisvoimia<\/strong><\/a><\/h2>\n<h2>Ks. <a href=\"https:\/\/ensijaturvakotienliitto.fi\/apua-sinulle\/\" target=\"_blank\" rel=\"noopener\"><strong>Ensi- ja turvakotien liitto<\/strong><\/a><\/h2>\n<h2>Omien tunteiden kohtaaminen ja prosessointi omia vanhempia kohtaan on \u00e4\u00e4rimm\u00e4isen t\u00e4rke\u00e4\u00e4. Kun sain tunnetasolla k\u00e4yd\u00e4 l\u00e4pi \u00e4iti\u00e4ni kohtaa tuntemaani vihaa, niin vasta sellainen ty\u00f6skentely teki tilaa rakkaudelle, anteeksiannolle ja arvostukselle h\u00e4nt\u00e4 kohtaan.<\/h2>\n<h2>\u00c4idin rankaisuista alussa kirjoittamani on onneksi vain osa totuus. H\u00e4n my\u00f6s rakasti ja piti paljon hyv\u00e4\u00e4 huolta. Minulla on monia ihania muistoja h\u00e4nest\u00e4. H\u00e4n opetti minut liikkumaan luonnossa ja rakastamaan kaikkea siell\u00e4 olevaa el\u00e4m\u00e4\u00e4.<\/h2>\n<h2>Paras lahja, mit\u00e4 me traumankokeneet vanhemmat voimme omille lapsillemme antaa, on se, ett\u00e4 me k\u00e4sittelemme ja hoidamme oman lapsuutemme vaillej\u00e4\u00e4miset ja kaltoinkohtelusta tulleet haavat. Siihen onneksi on nyky\u00e4\u00e4n yh\u00e4 enemm\u00e4n jokaiselle sopivia ty\u00f6kaluja.<\/h2>\n<h2>P\u00e4iv\u00e4kirjassani:<\/h2>\n<h2><em>&#8221;Olisiko nyt tullut aika, <\/em><\/h2>\n<h2><em>\u00a0 \u00a0 \u00a0 \u00a0 \u00a0 \u00a0 \u00a0meid\u00e4n aikuisten, <\/em><\/h2>\n<h2><em>menn\u00e4 itsess\u00e4mme asuvan lapsen luo. <\/em><\/h2>\n<h2><em>Olisiko nyt aika ottaa pieni turvalliseen syliin, <\/em><\/h2>\n<h2><em>\u00a0 \u00a0 \u00a0 \u00a0 \u00a0 \u00a0 antaa tilaa pitk\u00e4lle surulle. <\/em><\/h2>\n<h2><em> Olisiko nyt aika, kaivaa sielustamme kipe\u00e4t vitsat,<\/em><\/h2>\n<h2><em>\u00a0 \u00a0 \u00a0 \u00a0 \u00a0 asettaa ne kyynelill\u00e4 t\u00e4ytettyyn maljakkoon, <\/em><\/h2>\n<h2><em>antaa anteeksi edellisen sukupolven ly\u00f6nnit, <\/em><\/h2>\n<h2><em>\u00a0 \u00a0 \u00a0 \u00a0 \u00a0 lukemattomat tukkap\u00f6llyt. <\/em><\/h2>\n<h2><em> Olisiko nyt aikaa odottaa&#8230;<\/em><\/h2>\n<h2><em> Katsoa, <\/em><\/h2>\n<h2><em>\u00a0 \u00a0 \u00a0 \u00a0 \u00a0 miten el\u00e4m\u00e4n her\u00e4tess\u00e4 vihre\u00e4t silmut avautuvat.<\/em>&#8221;<\/h2>\n<p><img loading=\"lazy\" decoding=\"async\" class=\"alignnone size-full wp-image-6103\" src=\"https:\/\/bonis-avibus.fi\/bonis-avibus\/wp-content\/uploads\/2017\/11\/lapsi-...-touch-2579147_960_720.jpg\" alt=\"\" width=\"960\" height=\"640\" srcset=\"https:\/\/bonis-avibus.fi\/bonis-avibus\/wp-content\/uploads\/2017\/11\/lapsi-...-touch-2579147_960_720.jpg 960w, https:\/\/bonis-avibus.fi\/bonis-avibus\/wp-content\/uploads\/2017\/11\/lapsi-...-touch-2579147_960_720-300x200.jpg 300w, https:\/\/bonis-avibus.fi\/bonis-avibus\/wp-content\/uploads\/2017\/11\/lapsi-...-touch-2579147_960_720-768x512.jpg 768w, https:\/\/bonis-avibus.fi\/bonis-avibus\/wp-content\/uploads\/2017\/11\/lapsi-...-touch-2579147_960_720-800x533.jpg 800w, https:\/\/bonis-avibus.fi\/bonis-avibus\/wp-content\/uploads\/2017\/11\/lapsi-...-touch-2579147_960_720-272x182.jpg 272w\" sizes=\"auto, (max-width: 960px) 100vw, 960px\" \/><\/p>\n","protected":false},"excerpt":{"rendered":"<p>Olen el\u00e4m\u00e4ss\u00e4ni miettinyt tuhansia, tuhansia ja taas tuhansia tunteja, miten kielteisi\u00e4 kasvatusmalleja voitaisiin muuttaa. Haitallisten, rankaisuun perustuvien toimintatapojen vaihtaminen rakkausperustaisiksi, on lastemme tulevaisuuden kannalta erityisen merkitt\u00e4v\u00e4\u00e4. T\u00e4ss\u00e4 me vanhemmat tarvitsemme omien tunteiden k\u00e4sittelyyn ja ilmaisuus ty\u00f6kaluja sek\u00e4 kokemusten vaihtamiseen vertaisryhmi\u00e4. Muistan, miten jossain vaiheessa r\u00e4ll\u00e4k\u00e4ll\u00e4, kipin\u00e4t sinkoillen, ajoin poikki kettinkej\u00e4. Mieless\u00e4ni samalla raudank\u00e4ryss\u00e4 katkasin niit\u00e4 kasvatusmalleja, joita olin saanut omasta<\/p>\n<p><a class=\"more-link\" href=\"https:\/\/bonis-avibus.fi\/bonis-avibus\/osa-4-kuritusvakivallankumous-eli-miten-malleja-muutetaan-2\/\">Read More<\/a><\/p>\n","protected":false},"author":1,"featured_media":0,"parent":0,"menu_order":0,"comment_status":"closed","ping_status":"closed","template":"","meta":{"footnotes":""},"class_list":["post-3804","page","type-page","status-publish","hentry"],"_links":{"self":[{"href":"https:\/\/bonis-avibus.fi\/bonis-avibus\/wp-json\/wp\/v2\/pages\/3804","targetHints":{"allow":["GET"]}}],"collection":[{"href":"https:\/\/bonis-avibus.fi\/bonis-avibus\/wp-json\/wp\/v2\/pages"}],"about":[{"href":"https:\/\/bonis-avibus.fi\/bonis-avibus\/wp-json\/wp\/v2\/types\/page"}],"author":[{"embeddable":true,"href":"https:\/\/bonis-avibus.fi\/bonis-avibus\/wp-json\/wp\/v2\/users\/1"}],"replies":[{"embeddable":true,"href":"https:\/\/bonis-avibus.fi\/bonis-avibus\/wp-json\/wp\/v2\/comments?post=3804"}],"version-history":[{"count":7,"href":"https:\/\/bonis-avibus.fi\/bonis-avibus\/wp-json\/wp\/v2\/pages\/3804\/revisions"}],"predecessor-version":[{"id":6105,"href":"https:\/\/bonis-avibus.fi\/bonis-avibus\/wp-json\/wp\/v2\/pages\/3804\/revisions\/6105"}],"wp:attachment":[{"href":"https:\/\/bonis-avibus.fi\/bonis-avibus\/wp-json\/wp\/v2\/media?parent=3804"}],"curies":[{"name":"wp","href":"https:\/\/api.w.org\/{rel}","templated":true}]}}