{"id":3855,"date":"2017-11-08T09:30:54","date_gmt":"2017-11-08T07:30:54","guid":{"rendered":"http:\/\/bonis-avibus.fi\/bonis-avibus\/?page_id=3855"},"modified":"2020-02-19T22:32:10","modified_gmt":"2020-02-19T20:32:10","slug":"osa-6-sarkyneen-sydamen-suru-ja-kansallisen-traumamme-itkuliina","status":"publish","type":"page","link":"https:\/\/bonis-avibus.fi\/bonis-avibus\/osa-6-sarkyneen-sydamen-suru-ja-kansallisen-traumamme-itkuliina\/","title":{"rendered":"Osa 6 S\u00e4rkyneen syd\u00e4men suru ja kansallisen traumamme itkuliina."},"content":{"rendered":"<p><img loading=\"lazy\" decoding=\"async\" class=\"alignnone size-full wp-image-5095\" src=\"http:\/\/bonis-avibus.fi\/bonis-avibus\/wp-content\/uploads\/2017\/11\/syd\u00e4n-...-cobweb-1949778_960_720-Karl-Heinz-Letz.jpg\" alt=\"\" width=\"960\" height=\"720\" srcset=\"https:\/\/bonis-avibus.fi\/bonis-avibus\/wp-content\/uploads\/2017\/11\/syd\u00e4n-...-cobweb-1949778_960_720-Karl-Heinz-Letz.jpg 960w, https:\/\/bonis-avibus.fi\/bonis-avibus\/wp-content\/uploads\/2017\/11\/syd\u00e4n-...-cobweb-1949778_960_720-Karl-Heinz-Letz-300x225.jpg 300w, https:\/\/bonis-avibus.fi\/bonis-avibus\/wp-content\/uploads\/2017\/11\/syd\u00e4n-...-cobweb-1949778_960_720-Karl-Heinz-Letz-768x576.jpg 768w, https:\/\/bonis-avibus.fi\/bonis-avibus\/wp-content\/uploads\/2017\/11\/syd\u00e4n-...-cobweb-1949778_960_720-Karl-Heinz-Letz-800x600.jpg 800w, https:\/\/bonis-avibus.fi\/bonis-avibus\/wp-content\/uploads\/2017\/11\/syd\u00e4n-...-cobweb-1949778_960_720-Karl-Heinz-Letz-400x300.jpg 400w\" sizes=\"auto, (max-width: 960px) 100vw, 960px\" \/><\/p>\n<p><em>Kuva:\u00a0Karl-Heinz Letz<\/em><\/p>\n<h2>Meill\u00e4 suomalaisilla on traumaattinen tarinamme sotineen. Sit\u00e4 el\u00e4mme uudelleen ja uudelleen juhlien, kirjojen, elokuvien, haastattelujen jne. kautta. On t\u00e4rke\u00e4\u00e4 tulla tietoiseksi kivunytimest\u00e4mme, josta kumpuaa niin monelle mit\u00e4 erilaisimpia oireita.<\/h2>\n<h2>Ilmaisemattomat tunteet pit\u00e4v\u00e4t ihmist\u00e4 j\u00e4\u00e4ss\u00e4 ja purkamattomana ongelmat siirtyv\u00e4t polvelta toiselle.<\/h2>\n<h2>Mill\u00e4h\u00e4n telakalla valmistettaisiin aluksia tunteiden j\u00e4iden murtamiseen?<\/h2>\n<p><img loading=\"lazy\" decoding=\"async\" class=\"alignnone size-full wp-image-5100\" src=\"http:\/\/bonis-avibus.fi\/bonis-avibus\/wp-content\/uploads\/2017\/11\/Suomi-icebreaker-2174029_960_720-Pixabay-Sturrax.jpg\" alt=\"\" width=\"960\" height=\"640\" srcset=\"https:\/\/bonis-avibus.fi\/bonis-avibus\/wp-content\/uploads\/2017\/11\/Suomi-icebreaker-2174029_960_720-Pixabay-Sturrax.jpg 960w, https:\/\/bonis-avibus.fi\/bonis-avibus\/wp-content\/uploads\/2017\/11\/Suomi-icebreaker-2174029_960_720-Pixabay-Sturrax-300x200.jpg 300w, https:\/\/bonis-avibus.fi\/bonis-avibus\/wp-content\/uploads\/2017\/11\/Suomi-icebreaker-2174029_960_720-Pixabay-Sturrax-768x512.jpg 768w, https:\/\/bonis-avibus.fi\/bonis-avibus\/wp-content\/uploads\/2017\/11\/Suomi-icebreaker-2174029_960_720-Pixabay-Sturrax-800x533.jpg 800w, https:\/\/bonis-avibus.fi\/bonis-avibus\/wp-content\/uploads\/2017\/11\/Suomi-icebreaker-2174029_960_720-Pixabay-Sturrax-272x182.jpg 272w\" sizes=\"auto, (max-width: 960px) 100vw, 960px\" \/><\/p>\n<p><img loading=\"lazy\" decoding=\"async\" class=\"alignnone wp-image-5958\" src=\"https:\/\/bonis-avibus.fi\/bonis-avibus\/wp-content\/uploads\/2020\/02\/0000ia1c1.jpg\" alt=\"\" width=\"650\" height=\"488\" srcset=\"https:\/\/bonis-avibus.fi\/bonis-avibus\/wp-content\/uploads\/2020\/02\/0000ia1c1.jpg 401w, https:\/\/bonis-avibus.fi\/bonis-avibus\/wp-content\/uploads\/2020\/02\/0000ia1c1-300x225.jpg 300w, https:\/\/bonis-avibus.fi\/bonis-avibus\/wp-content\/uploads\/2020\/02\/0000ia1c1-400x300.jpg 400w\" sizes=\"auto, (max-width: 650px) 100vw, 650px\" \/><\/p>\n<h2>Itku hoitaa syv\u00e4lt\u00e4 ja tunteiden virtaaminen antaa voimaa sodan toisen, kolmannen, nelj\u00e4nnen, viidennen, kuudennen ja seitsem\u00e4nnen sukupolven matkalla&#8230;<\/h2>\n<h2>Alla veistokseni &#8221;S\u00e4rkyneen syd\u00e4men suru&#8221;. Kyynel on hopeaa.<\/h2>\n<h2><img loading=\"lazy\" decoding=\"async\" class=\"alignnone wp-image-3821\" src=\"http:\/\/bonis-avibus.fi\/bonis-avibus\/wp-content\/uploads\/2017\/11\/Ukko-K\u00e4rkk\u00e4inen-S\u00e4rkyneen-syd\u00e4men-suru-1-300x225.jpg\" alt=\"\" width=\"649\" height=\"487\" srcset=\"https:\/\/bonis-avibus.fi\/bonis-avibus\/wp-content\/uploads\/2017\/11\/Ukko-K\u00e4rkk\u00e4inen-S\u00e4rkyneen-syd\u00e4men-suru-1-300x225.jpg 300w, https:\/\/bonis-avibus.fi\/bonis-avibus\/wp-content\/uploads\/2017\/11\/Ukko-K\u00e4rkk\u00e4inen-S\u00e4rkyneen-syd\u00e4men-suru-1-768x576.jpg 768w, https:\/\/bonis-avibus.fi\/bonis-avibus\/wp-content\/uploads\/2017\/11\/Ukko-K\u00e4rkk\u00e4inen-S\u00e4rkyneen-syd\u00e4men-suru-1.jpg 1024w, https:\/\/bonis-avibus.fi\/bonis-avibus\/wp-content\/uploads\/2017\/11\/Ukko-K\u00e4rkk\u00e4inen-S\u00e4rkyneen-syd\u00e4men-suru-1-800x600.jpg 800w, https:\/\/bonis-avibus.fi\/bonis-avibus\/wp-content\/uploads\/2017\/11\/Ukko-K\u00e4rkk\u00e4inen-S\u00e4rkyneen-syd\u00e4men-suru-1-400x300.jpg 400w\" sizes=\"auto, (max-width: 649px) 100vw, 649px\" \/><\/h2>\n<h2><\/h2>\n<h2><img loading=\"lazy\" decoding=\"async\" class=\"alignnone wp-image-3822\" src=\"http:\/\/bonis-avibus.fi\/bonis-avibus\/wp-content\/uploads\/2017\/11\/Ukko-K\u00e4rkk\u00e4inen-S\u00e4rkyneen-syd\u00e4men-suru-2-300x225.jpg\" alt=\"\" width=\"650\" height=\"488\" srcset=\"https:\/\/bonis-avibus.fi\/bonis-avibus\/wp-content\/uploads\/2017\/11\/Ukko-K\u00e4rkk\u00e4inen-S\u00e4rkyneen-syd\u00e4men-suru-2-300x225.jpg 300w, https:\/\/bonis-avibus.fi\/bonis-avibus\/wp-content\/uploads\/2017\/11\/Ukko-K\u00e4rkk\u00e4inen-S\u00e4rkyneen-syd\u00e4men-suru-2-768x576.jpg 768w, https:\/\/bonis-avibus.fi\/bonis-avibus\/wp-content\/uploads\/2017\/11\/Ukko-K\u00e4rkk\u00e4inen-S\u00e4rkyneen-syd\u00e4men-suru-2.jpg 1024w, https:\/\/bonis-avibus.fi\/bonis-avibus\/wp-content\/uploads\/2017\/11\/Ukko-K\u00e4rkk\u00e4inen-S\u00e4rkyneen-syd\u00e4men-suru-2-800x600.jpg 800w, https:\/\/bonis-avibus.fi\/bonis-avibus\/wp-content\/uploads\/2017\/11\/Ukko-K\u00e4rkk\u00e4inen-S\u00e4rkyneen-syd\u00e4men-suru-2-400x300.jpg 400w\" sizes=\"auto, (max-width: 650px) 100vw, 650px\" \/><\/h2>\n<h2>Haluan omalta osaltani j\u00e4lleenrakentaa my\u00f6nteist\u00e4 tunnetodellisuutta, tehd\u00e4 tunneilmastonmuutosta.<\/h2>\n<h2>Kun omista tunteista tietoiseksi tuleminen ja niiden prosessointi on niin t\u00e4rke\u00e4\u00e4, aloitin viime vuonna sotatrauman itkuliinan ompelemisen. Tekstiilitaiteilija Inkeri vaimoni oli saanut yhdelt\u00e4 lottayst\u00e4v\u00e4lt\u00e4\u00e4n sidetarpeita. Niihin oli k\u00e4\u00e4ritty sodassa haavoittuneita. Siteiss\u00e4, jotka olivat pesty, n\u00e4kyi joissakin kohdin viel\u00e4kin suomalaisten kivun j\u00e4lki\u00e4.<\/h2>\n<h2>Pyysin nuoria ja vanhoja, miehi\u00e4 ja naisia mukaan t\u00e4h\u00e4n kansallisen traumamme itkuliinan ompeluhankkeeseen.<\/h2>\n<h2>Alla kuvassa vasemman puoleinen on miesten ja oikean puoleinen naisten ompelemaa liinaan. Syksyll\u00e4 2017 liinat olivat etenem\u00e4ss\u00e4 t\u00e4ss\u00e4 vaiheessa. Nyt ne ovat kasvaneet paljon pidemmiksi.<\/h2>\n<p><img loading=\"lazy\" decoding=\"async\" class=\"alignnone wp-image-3590\" src=\"http:\/\/bonis-avibus.fi\/bonis-avibus\/wp-content\/uploads\/2017\/10\/Ukko-K\u00e4rkk\u00e4inen-sotatrauman-suruliina-1-300x300.jpg\" alt=\"\" width=\"728\" height=\"728\" srcset=\"https:\/\/bonis-avibus.fi\/bonis-avibus\/wp-content\/uploads\/2017\/10\/Ukko-K\u00e4rkk\u00e4inen-sotatrauman-suruliina-1-300x300.jpg 300w, https:\/\/bonis-avibus.fi\/bonis-avibus\/wp-content\/uploads\/2017\/10\/Ukko-K\u00e4rkk\u00e4inen-sotatrauman-suruliina-1-150x150.jpg 150w, https:\/\/bonis-avibus.fi\/bonis-avibus\/wp-content\/uploads\/2017\/10\/Ukko-K\u00e4rkk\u00e4inen-sotatrauman-suruliina-1-768x768.jpg 768w, https:\/\/bonis-avibus.fi\/bonis-avibus\/wp-content\/uploads\/2017\/10\/Ukko-K\u00e4rkk\u00e4inen-sotatrauman-suruliina-1-1024x1024.jpg 1024w, https:\/\/bonis-avibus.fi\/bonis-avibus\/wp-content\/uploads\/2017\/10\/Ukko-K\u00e4rkk\u00e4inen-sotatrauman-suruliina-1-800x800.jpg 800w, https:\/\/bonis-avibus.fi\/bonis-avibus\/wp-content\/uploads\/2017\/10\/Ukko-K\u00e4rkk\u00e4inen-sotatrauman-suruliina-1.jpg 1224w\" sizes=\"auto, (max-width: 728px) 100vw, 728px\" \/><\/p>\n<p><img loading=\"lazy\" decoding=\"async\" class=\"alignnone wp-image-3588\" src=\"http:\/\/bonis-avibus.fi\/bonis-avibus\/wp-content\/uploads\/2017\/10\/Ukko-K\u00e4rkk\u00e4inen-sotatrauman-suruliina-2-300x300.jpg\" alt=\"\" width=\"681\" height=\"681\" srcset=\"https:\/\/bonis-avibus.fi\/bonis-avibus\/wp-content\/uploads\/2017\/10\/Ukko-K\u00e4rkk\u00e4inen-sotatrauman-suruliina-2-300x300.jpg 300w, https:\/\/bonis-avibus.fi\/bonis-avibus\/wp-content\/uploads\/2017\/10\/Ukko-K\u00e4rkk\u00e4inen-sotatrauman-suruliina-2-150x150.jpg 150w, https:\/\/bonis-avibus.fi\/bonis-avibus\/wp-content\/uploads\/2017\/10\/Ukko-K\u00e4rkk\u00e4inen-sotatrauman-suruliina-2-768x768.jpg 768w, https:\/\/bonis-avibus.fi\/bonis-avibus\/wp-content\/uploads\/2017\/10\/Ukko-K\u00e4rkk\u00e4inen-sotatrauman-suruliina-2-1024x1024.jpg 1024w, https:\/\/bonis-avibus.fi\/bonis-avibus\/wp-content\/uploads\/2017\/10\/Ukko-K\u00e4rkk\u00e4inen-sotatrauman-suruliina-2-800x800.jpg 800w, https:\/\/bonis-avibus.fi\/bonis-avibus\/wp-content\/uploads\/2017\/10\/Ukko-K\u00e4rkk\u00e4inen-sotatrauman-suruliina-2.jpg 1224w\" sizes=\"auto, (max-width: 681px) 100vw, 681px\" \/><\/p>\n<p><img loading=\"lazy\" decoding=\"async\" class=\"alignnone wp-image-3589\" src=\"http:\/\/bonis-avibus.fi\/bonis-avibus\/wp-content\/uploads\/2017\/10\/Ukko-K\u00e4rkk\u00e4inen-sotatrauman-suruliina-3-225x300.jpg\" alt=\"\" width=\"649\" height=\"865\" srcset=\"https:\/\/bonis-avibus.fi\/bonis-avibus\/wp-content\/uploads\/2017\/10\/Ukko-K\u00e4rkk\u00e4inen-sotatrauman-suruliina-3-225x300.jpg 225w, https:\/\/bonis-avibus.fi\/bonis-avibus\/wp-content\/uploads\/2017\/10\/Ukko-K\u00e4rkk\u00e4inen-sotatrauman-suruliina-3-768x1024.jpg 768w, https:\/\/bonis-avibus.fi\/bonis-avibus\/wp-content\/uploads\/2017\/10\/Ukko-K\u00e4rkk\u00e4inen-sotatrauman-suruliina-3-800x1067.jpg 800w, https:\/\/bonis-avibus.fi\/bonis-avibus\/wp-content\/uploads\/2017\/10\/Ukko-K\u00e4rkk\u00e4inen-sotatrauman-suruliina-3.jpg 1224w\" sizes=\"auto, (max-width: 649px) 100vw, 649px\" \/><\/p>\n<h2>Alla p\u00e4ivitys 4.1.2018.<\/h2>\n<h2>Pyysin viime vuonna Itsen\u00e4isyysjuhlien j\u00e4lkeen Tasavallan Presidentti\u00e4 ja h\u00e4nen puolisoaan Jenni Haukiota yhdist\u00e4m\u00e4\u00e4n miesten ja naisten surun ompelemalla kansallisen traumamme itkuliinat. L\u00e4hetin kirjeess\u00e4 kaksi liinan suikaletta, neulan ja lajitelman eriv\u00e4risi\u00e4 lankoja.<\/h2>\n<h2>Sain s\u00e4hk\u00f6postia&#8230; ja t\u00e4ss\u00e4 ote viestist\u00e4:<\/h2>\n<p>&#8221;<em>Hyv\u00e4 Ukko K\u00e4rkk\u00e4inen<\/em><\/p>\n<p style=\"font-weight: 400;\"><em>Tasavallan\u00a0presidentti Sauli Niinist\u00f6 on vastaanottanut viestinne, jossa kerrotte n\u00e4kemyksi\u00e4nne sotatraumoista sek\u00e4 toivotte h\u00e4nen ja rouva Haukion ompelevan itkuliinan yhteen.<\/em><\/p>\n<p style=\"font-weight: 400;\"><em>Kiit\u00e4n viestist\u00e4nne ja l\u00e4hett\u00e4mist\u00e4nne runoista.<\/em><\/p>\n<p style=\"font-weight: 400;\"><em>Tasavallan\u00a0presidentti on useissa yhteyksiss\u00e4 pit\u00e4nyt esill\u00e4 veteraanien asiaa ja heid\u00e4n tekemi\u00e4\u00e4n uhrauksia is\u00e4nmaan hyv\u00e4ksi. H\u00e4n on my\u00f6s painottanut sit\u00e4, ett\u00e4 sotaveteraanien uhrauksia emme voi koskaan kylliksi kiitt\u00e4\u00e4 ja ett\u00e4 heid\u00e4n asioistaan huolehtiminen sek\u00e4 perinn\u00f6n jatkaminen ovat meid\u00e4n nuorempien sukupolvien velvollisuuksia.<\/em><\/p>\n<p style=\"font-weight: 400;\"><em>Mit\u00e4 tulee itkuliinan ompelemiseen niin valitettavasti toivettanne ei ole mahdollista toteuttaa, vaikka tarkoituksenne on mit\u00e4 parhain. Palautamme liinat postitse&#8230;<\/em>&#8221;<\/p>\n<h2>N\u00e4m\u00e4 runot l\u00e4hetin:<\/h2>\n<h2><strong><a href=\"http:\/\/bonis-avibus.fi\/bonis-avibus\/wp-content\/uploads\/2017\/11\/Suomi-100-vuotta-juhlaan-Ukko-K\u00e4rkk\u00e4isen-muutama-runo....pdf\">Suomi 100 vuotta juhlaan Ukko K\u00e4rkk\u00e4isen muutama runo&#8230;<\/a><\/strong><\/h2>\n<h2>Tavoitteenani oli hankkeella nostaa esiin kollektiivisen trauman purkamisen merkitys! Se, ett\u00e4 liinasuikaleet eiv\u00e4t yhdistyneet sill\u00e4 kirjeeni Hesan reissulla, ei ole niin t\u00e4rke\u00e4\u00e4. P\u00e4\u00e4asia on viestin perillemeno!<\/h2>\n<h2>Toiveenani on voida joskus k\u00e4yd\u00e4 eduskunnassa itkem\u00e4ss\u00e4 t\u00e4h\u00e4n liinaan Suomen kansallisen trauman itku. P\u00e4\u00e4st\u00e4m\u00e4ll\u00e4 kipeist\u00e4 kokemuksita irti, antamalla surun puhdistaa mielt\u00e4, on mahdollista ottaa k\u00e4ytt\u00f6\u00f6n se valtavan luova potentiaali, joka on piilossa tunnekylmyyden ja \u00e4\u00e4rirationaalisuuden alla.<\/h2>\n<h2>Ompelimme\u00a0<span style=\"font-size: 1.28571rem;\">31.12.2017<\/span><span style=\"font-size: 1.28571rem;\">\u00a0<\/span>Inkerin kanssa yhteen postissa takaisin tulleet liinankaitaleet.<\/h2>\n<p><img loading=\"lazy\" decoding=\"async\" class=\"alignnone size-full wp-image-5102\" src=\"http:\/\/bonis-avibus.fi\/bonis-avibus\/wp-content\/uploads\/2017\/11\/Sodantrauman-itkuliina...-yhdist\u00e4minen-U.-ja-I.-K\u00e4rkk\u00e4inen.jpg\" alt=\"\" width=\"1632\" height=\"1148\" srcset=\"https:\/\/bonis-avibus.fi\/bonis-avibus\/wp-content\/uploads\/2017\/11\/Sodantrauman-itkuliina...-yhdist\u00e4minen-U.-ja-I.-K\u00e4rkk\u00e4inen.jpg 1632w, https:\/\/bonis-avibus.fi\/bonis-avibus\/wp-content\/uploads\/2017\/11\/Sodantrauman-itkuliina...-yhdist\u00e4minen-U.-ja-I.-K\u00e4rkk\u00e4inen-300x211.jpg 300w, https:\/\/bonis-avibus.fi\/bonis-avibus\/wp-content\/uploads\/2017\/11\/Sodantrauman-itkuliina...-yhdist\u00e4minen-U.-ja-I.-K\u00e4rkk\u00e4inen-768x540.jpg 768w, https:\/\/bonis-avibus.fi\/bonis-avibus\/wp-content\/uploads\/2017\/11\/Sodantrauman-itkuliina...-yhdist\u00e4minen-U.-ja-I.-K\u00e4rkk\u00e4inen-1024x720.jpg 1024w, https:\/\/bonis-avibus.fi\/bonis-avibus\/wp-content\/uploads\/2017\/11\/Sodantrauman-itkuliina...-yhdist\u00e4minen-U.-ja-I.-K\u00e4rkk\u00e4inen-800x563.jpg 800w\" sizes=\"auto, (max-width: 1632px) 100vw, 1632px\" \/><\/p>\n<h2>Nyt tarvitaan viel\u00e4 joitakin miehi\u00e4 ja naisia, jotta voimme sovittaa liinan loput osat toisiinsa kaitale kaitaleelta. Lopuksi liit\u00e4mme yhteen miesten ja naisten surut!<\/h2>\n<h2><img loading=\"lazy\" decoding=\"async\" class=\"alignnone size-full wp-image-5094\" src=\"http:\/\/bonis-avibus.fi\/bonis-avibus\/wp-content\/uploads\/2017\/11\/Sodantrauman-itkuliina....jpg\" alt=\"\" width=\"1395\" height=\"960\" srcset=\"https:\/\/bonis-avibus.fi\/bonis-avibus\/wp-content\/uploads\/2017\/11\/Sodantrauman-itkuliina....jpg 1395w, https:\/\/bonis-avibus.fi\/bonis-avibus\/wp-content\/uploads\/2017\/11\/Sodantrauman-itkuliina...-300x206.jpg 300w, https:\/\/bonis-avibus.fi\/bonis-avibus\/wp-content\/uploads\/2017\/11\/Sodantrauman-itkuliina...-768x529.jpg 768w, https:\/\/bonis-avibus.fi\/bonis-avibus\/wp-content\/uploads\/2017\/11\/Sodantrauman-itkuliina...-1024x705.jpg 1024w, https:\/\/bonis-avibus.fi\/bonis-avibus\/wp-content\/uploads\/2017\/11\/Sodantrauman-itkuliina...-800x551.jpg 800w\" sizes=\"auto, (max-width: 1395px) 100vw, 1395px\" \/><\/h2>\n<h2><img loading=\"lazy\" decoding=\"async\" class=\"alignnone size-full wp-image-6114\" src=\"https:\/\/bonis-avibus.fi\/bonis-avibus\/wp-content\/uploads\/2017\/11\/Itku-2.jpg\" alt=\"\" width=\"956\" height=\"535\" srcset=\"https:\/\/bonis-avibus.fi\/bonis-avibus\/wp-content\/uploads\/2017\/11\/Itku-2.jpg 956w, https:\/\/bonis-avibus.fi\/bonis-avibus\/wp-content\/uploads\/2017\/11\/Itku-2-300x168.jpg 300w, https:\/\/bonis-avibus.fi\/bonis-avibus\/wp-content\/uploads\/2017\/11\/Itku-2-768x430.jpg 768w, https:\/\/bonis-avibus.fi\/bonis-avibus\/wp-content\/uploads\/2017\/11\/Itku-2-800x448.jpg 800w\" sizes=\"auto, (max-width: 956px) 100vw, 956px\" \/><\/h2>\n<p>&nbsp;<\/p>\n<h2>J\u00e4lkipolvia ajatellen lasten vanhempien omien henkil\u00f6kohtaisten traumojen purkaminen on ensiarvoisen t\u00e4rke\u00e4\u00e4. Silloin on mahdollista vanhempana antaa turvallinen syli itkev\u00e4lle\u00a0<span style=\"font-size: 1.28571rem;\">pienelle<\/span>\u00a0rakkaalleen.<\/h2>\n<h2>Toivon kansamme\u00a0kollektiivisen\u00a0surun purkamiseen yhteis\u00f6llist\u00e4 l\u00e4mp\u00f6\u00e4. L\u00e4hdetk\u00f6 mukaan omassa el\u00e4m\u00e4ss\u00e4si luomaan otollista ja avointa tunteiden maaper\u00e4\u00e4?<\/h2>\n<h2>Tunnevirtaukset eheytt\u00e4v\u00e4t&#8230; On merkitt\u00e4v\u00e4\u00e4, ett\u00e4 mahdollisimman moni avaa k\u00e4tens\u00e4 ja p\u00e4\u00e4st\u00e4\u00e4 omasta ongelmatarinastaan irti! Kipe\u00e4\u00e4n historiaansa samaistumalla pysyy trauman puristusotteessa!<\/h2>\n<h2>El\u00e4minen t\u00e4ss\u00e4 ja nyt, ilman menneisyyden &#8221;haamuja&#8221;, mahdollistaa uudenlaisen, toivorikkaan tulevaisuuden\u00a0<span class=\"sce_emoji-heart\" title=\"heart\"><\/span>\u00a0<span class=\"sce_emoji-heart\" title=\"heart\"><\/span>\u00a0<span class=\"sce_emoji-heart\" title=\"heart\"><\/span> &#8230;<\/h2>\n<h2>J\u00e4\u00e4 sulaa&#8230; kyyneleet muodostavat tunteiden verkostoja ihmisten v\u00e4lille.<\/h2>\n<p><img loading=\"lazy\" decoding=\"async\" class=\"alignnone wp-image-3591\" src=\"http:\/\/bonis-avibus.fi\/bonis-avibus\/wp-content\/uploads\/2017\/10\/Ukko-K\u00e4rkk\u00e4inen-J\u00e4\u00e4tynyt-syd\u00e4n-300x225.jpg\" alt=\"\" width=\"653\" height=\"490\" srcset=\"https:\/\/bonis-avibus.fi\/bonis-avibus\/wp-content\/uploads\/2017\/10\/Ukko-K\u00e4rkk\u00e4inen-J\u00e4\u00e4tynyt-syd\u00e4n-300x225.jpg 300w, https:\/\/bonis-avibus.fi\/bonis-avibus\/wp-content\/uploads\/2017\/10\/Ukko-K\u00e4rkk\u00e4inen-J\u00e4\u00e4tynyt-syd\u00e4n-768x576.jpg 768w, https:\/\/bonis-avibus.fi\/bonis-avibus\/wp-content\/uploads\/2017\/10\/Ukko-K\u00e4rkk\u00e4inen-J\u00e4\u00e4tynyt-syd\u00e4n-1024x768.jpg 1024w, https:\/\/bonis-avibus.fi\/bonis-avibus\/wp-content\/uploads\/2017\/10\/Ukko-K\u00e4rkk\u00e4inen-J\u00e4\u00e4tynyt-syd\u00e4n-800x600.jpg 800w, https:\/\/bonis-avibus.fi\/bonis-avibus\/wp-content\/uploads\/2017\/10\/Ukko-K\u00e4rkk\u00e4inen-J\u00e4\u00e4tynyt-syd\u00e4n-400x300.jpg 400w, https:\/\/bonis-avibus.fi\/bonis-avibus\/wp-content\/uploads\/2017\/10\/Ukko-K\u00e4rkk\u00e4inen-J\u00e4\u00e4tynyt-syd\u00e4n.jpg 1632w\" sizes=\"auto, (max-width: 653px) 100vw, 653px\" \/><\/p>\n<p><img loading=\"lazy\" decoding=\"async\" class=\"alignnone size-full wp-image-6115\" src=\"https:\/\/bonis-avibus.fi\/bonis-avibus\/wp-content\/uploads\/2017\/11\/Itku-3.jpg\" alt=\"\" width=\"951\" height=\"636\" srcset=\"https:\/\/bonis-avibus.fi\/bonis-avibus\/wp-content\/uploads\/2017\/11\/Itku-3.jpg 951w, https:\/\/bonis-avibus.fi\/bonis-avibus\/wp-content\/uploads\/2017\/11\/Itku-3-300x201.jpg 300w, https:\/\/bonis-avibus.fi\/bonis-avibus\/wp-content\/uploads\/2017\/11\/Itku-3-768x514.jpg 768w, https:\/\/bonis-avibus.fi\/bonis-avibus\/wp-content\/uploads\/2017\/11\/Itku-3-800x535.jpg 800w, https:\/\/bonis-avibus.fi\/bonis-avibus\/wp-content\/uploads\/2017\/11\/Itku-3-272x182.jpg 272w\" sizes=\"auto, (max-width: 951px) 100vw, 951px\" \/><\/p>\n<p><img loading=\"lazy\" decoding=\"async\" class=\"alignnone wp-image-5097\" src=\"http:\/\/bonis-avibus.fi\/bonis-avibus\/wp-content\/uploads\/2017\/11\/syd\u00e4n-black-and-white-2567255_960_720-Pixabay-StockSnap.jpg\" alt=\"\" width=\"651\" height=\"433\" srcset=\"https:\/\/bonis-avibus.fi\/bonis-avibus\/wp-content\/uploads\/2017\/11\/syd\u00e4n-black-and-white-2567255_960_720-Pixabay-StockSnap.jpg 960w, https:\/\/bonis-avibus.fi\/bonis-avibus\/wp-content\/uploads\/2017\/11\/syd\u00e4n-black-and-white-2567255_960_720-Pixabay-StockSnap-300x200.jpg 300w, https:\/\/bonis-avibus.fi\/bonis-avibus\/wp-content\/uploads\/2017\/11\/syd\u00e4n-black-and-white-2567255_960_720-Pixabay-StockSnap-768x511.jpg 768w, https:\/\/bonis-avibus.fi\/bonis-avibus\/wp-content\/uploads\/2017\/11\/syd\u00e4n-black-and-white-2567255_960_720-Pixabay-StockSnap-800x533.jpg 800w, https:\/\/bonis-avibus.fi\/bonis-avibus\/wp-content\/uploads\/2017\/11\/syd\u00e4n-black-and-white-2567255_960_720-Pixabay-StockSnap-272x182.jpg 272w\" sizes=\"auto, (max-width: 651px) 100vw, 651px\" \/><\/p>\n<p><img loading=\"lazy\" decoding=\"async\" class=\"alignnone wp-image-5096\" src=\"http:\/\/bonis-avibus.fi\/bonis-avibus\/wp-content\/uploads\/2017\/11\/syd\u00e4n-the-heart-of-1777715_960_720-Pixabay-Ellen26.jpg\" alt=\"\" width=\"650\" height=\"336\" srcset=\"https:\/\/bonis-avibus.fi\/bonis-avibus\/wp-content\/uploads\/2017\/11\/syd\u00e4n-the-heart-of-1777715_960_720-Pixabay-Ellen26.jpg 960w, https:\/\/bonis-avibus.fi\/bonis-avibus\/wp-content\/uploads\/2017\/11\/syd\u00e4n-the-heart-of-1777715_960_720-Pixabay-Ellen26-300x155.jpg 300w, https:\/\/bonis-avibus.fi\/bonis-avibus\/wp-content\/uploads\/2017\/11\/syd\u00e4n-the-heart-of-1777715_960_720-Pixabay-Ellen26-768x397.jpg 768w, https:\/\/bonis-avibus.fi\/bonis-avibus\/wp-content\/uploads\/2017\/11\/syd\u00e4n-the-heart-of-1777715_960_720-Pixabay-Ellen26-800x413.jpg 800w\" sizes=\"auto, (max-width: 650px) 100vw, 650px\" \/><\/p>\n","protected":false},"excerpt":{"rendered":"<p>Kuva:\u00a0Karl-Heinz Letz Meill\u00e4 suomalaisilla on traumaattinen tarinamme sotineen. Sit\u00e4 el\u00e4mme uudelleen ja uudelleen juhlien, kirjojen, elokuvien, haastattelujen jne. kautta. On t\u00e4rke\u00e4\u00e4 tulla tietoiseksi kivunytimest\u00e4mme, josta kumpuaa niin monelle mit\u00e4 erilaisimpia oireita. Ilmaisemattomat tunteet pit\u00e4v\u00e4t ihmist\u00e4 j\u00e4\u00e4ss\u00e4 ja purkamattomana ongelmat siirtyv\u00e4t polvelta toiselle. Mill\u00e4h\u00e4n telakalla valmistettaisiin aluksia tunteiden j\u00e4iden murtamiseen? Itku hoitaa syv\u00e4lt\u00e4 ja tunteiden virtaaminen antaa voimaa sodan toisen, kolmannen,<\/p>\n<p><a class=\"more-link\" href=\"https:\/\/bonis-avibus.fi\/bonis-avibus\/osa-6-sarkyneen-sydamen-suru-ja-kansallisen-traumamme-itkuliina\/\">Read More<\/a><\/p>\n","protected":false},"author":1,"featured_media":0,"parent":0,"menu_order":0,"comment_status":"closed","ping_status":"closed","template":"","meta":{"footnotes":""},"class_list":["post-3855","page","type-page","status-publish","hentry"],"_links":{"self":[{"href":"https:\/\/bonis-avibus.fi\/bonis-avibus\/wp-json\/wp\/v2\/pages\/3855","targetHints":{"allow":["GET"]}}],"collection":[{"href":"https:\/\/bonis-avibus.fi\/bonis-avibus\/wp-json\/wp\/v2\/pages"}],"about":[{"href":"https:\/\/bonis-avibus.fi\/bonis-avibus\/wp-json\/wp\/v2\/types\/page"}],"author":[{"embeddable":true,"href":"https:\/\/bonis-avibus.fi\/bonis-avibus\/wp-json\/wp\/v2\/users\/1"}],"replies":[{"embeddable":true,"href":"https:\/\/bonis-avibus.fi\/bonis-avibus\/wp-json\/wp\/v2\/comments?post=3855"}],"version-history":[{"count":9,"href":"https:\/\/bonis-avibus.fi\/bonis-avibus\/wp-json\/wp\/v2\/pages\/3855\/revisions"}],"predecessor-version":[{"id":6116,"href":"https:\/\/bonis-avibus.fi\/bonis-avibus\/wp-json\/wp\/v2\/pages\/3855\/revisions\/6116"}],"wp:attachment":[{"href":"https:\/\/bonis-avibus.fi\/bonis-avibus\/wp-json\/wp\/v2\/media?parent=3855"}],"curies":[{"name":"wp","href":"https:\/\/api.w.org\/{rel}","templated":true}]}}