{"id":3910,"date":"2017-11-10T13:26:32","date_gmt":"2017-11-10T11:26:32","guid":{"rendered":"http:\/\/bonis-avibus.fi\/bonis-avibus\/?page_id=3910"},"modified":"2022-05-17T18:23:47","modified_gmt":"2022-05-17T15:23:47","slug":"suomalainen-mies","status":"publish","type":"page","link":"https:\/\/bonis-avibus.fi\/bonis-avibus\/suomalainen-mies\/","title":{"rendered":"Suomalainen mies"},"content":{"rendered":"<h2>Suomalainen mies<\/h2>\n<p>\t\t\t\t\t\t\t\t\t\t<img loading=\"lazy\" decoding=\"async\" width=\"513\" height=\"385\" src=\"https:\/\/bonis-avibus.fi\/bonis-avibus\/wp-content\/uploads\/2017\/06\/Erilaisia-matkavaatteita.jpg\" alt=\"\" srcset=\"https:\/\/bonis-avibus.fi\/bonis-avibus\/wp-content\/uploads\/2017\/06\/Erilaisia-matkavaatteita.jpg 513w, https:\/\/bonis-avibus.fi\/bonis-avibus\/wp-content\/uploads\/2017\/06\/Erilaisia-matkavaatteita-300x225.jpg 300w, https:\/\/bonis-avibus.fi\/bonis-avibus\/wp-content\/uploads\/2017\/06\/Erilaisia-matkavaatteita-400x300.jpg 400w\" sizes=\"auto, (max-width: 513px) 100vw, 513px\" \/>\t\t\t\t\t\t\t\t\t\t\t<\/p>\n<p>Runo \u201cSuomalainen mies\u201d syntyi kahdessa osassa. Ensimm\u00e4isen tein syntym\u00e4p\u00e4iv\u00e4lahjaksi. Kirjoittamisen innoittajaksi l\u00f6ysin Jon Schmidtin mystisen kauniin s\u00e4vellyksen \u201cGoing home\u201d.<\/p>\n<p>T\u00e4m\u00e4 musiikki jostain tuntemattomasta syyst\u00e4 her\u00e4tti kirjoittaessani minussa poikkeuksellisen voimakkaan tunteiden virtauksen. Muistan, miten tuvan p\u00f6yd\u00e4n \u00e4\u00e4ress\u00e4 istuessani itkin hartiat t\u00e4risten\u00a0 yritt\u00e4en n\u00e4hd\u00e4 n\u00e4pp\u00e4imist\u00f6\u00e4 kyyneleitteni l\u00e4pi.<\/p>\n<p>Surun virtaamisen kokemus oli syv\u00e4sti hoitava, ihana &lt;3<\/p>\n<p>Kappaleen toinen osa syntyi, kun sain pyynn\u00f6n tarinoida tunteista salilliselle miehi\u00e4. Yhdistin esityksess\u00e4ni kaksi runoa yhdeksi kokonaisuudeksi. N\u00e4in n\u00e4ki p\u00e4iv\u00e4nvalon runo, joka on meille suomalaisille miehille, minulle ja sinulle.<\/p>\n<p>Suosittelen, ett\u00e4 laitat taustalle soimaan videoupotuksesta musiikkikappaleen.<br \/>Sitten klikkaan play-nappulaa. Sielt\u00e4 lausun sinulle \u201dSuomalainen mies \u201d runoni.<\/p>\n<p>Voit s\u00e4\u00e4t\u00e4\u00e4 videosta musiikin \u00e4\u00e4nenvoimakkuuden sopivaksi esitt\u00e4m\u00e4ni runon taustalle.\u00a0<\/p>\n<p>Silm\u00e4t suljettuna saat parhaan kuuntelukokemuksen &lt;3<\/p>\n<p>Musiikki loppuu ennen runoa ja alkaa automaattisesti uudelleen. Pid\u00e4 silmi\u00e4si kiinni runon loppuun asti.<\/p>\n<p>Suosittelen sitten katsomaan ja kuuntelemaan musiikkivideo koko n\u00e4yt\u00f6lt\u00e4.<\/p>\n<p>https:\/\/youtu.be\/lJHeaTh85rg<div class=\"compact_audio_player_wrapper\"><div class=\"sc_player_container1\"><input type=\"button\" id=\"btnplay_69eb79f7527b52.99269919\" class=\"myButton_play\" onClick=\"play_mp3('play','69eb79f7527b52.99269919','https:\/\/bonis-avibus.fi\/bonis-avibus\/wp-content\/uploads\/2017\/11\/Suomalainen-mies.mp3','80','false');show_hide('play','69eb79f7527b52.99269919');\" \/><input type=\"button\"  id=\"btnstop_69eb79f7527b52.99269919\" style=\"display:none\" class=\"myButton_stop\" onClick=\"play_mp3('stop','69eb79f7527b52.99269919','','80','false');show_hide('stop','69eb79f7527b52.99269919');\" \/><div id=\"sm2-container\"><!-- flash movie ends up here --><\/div><\/div><\/div> T\u00e4st\u00e4 voit kuunnella tulkintani runosta<\/p>\n<p>\u00a0<\/p>\n<p>\u00a0<\/p>\n\r\n\t\t<div class=\"magee-expand \" id=\"\" data-less-icon=\"fa-arrow-circle-up\" data-less-icon-color=\"#002a8e\" data-less-text=\"Piilota\" data-more-icon=\"fa-arrow-circle-down\" data-more-icon-color=\"#002a8e\" data-more-text=\"Napsauttamalla runoni kirjallinen versio\">\r\n            <div class=\"expand-control control-4xwmw2\"><i class=\"fa fa-arrow-circle-down\" style=\"color:#002a8e;\"><\/i> Napsauttamalla runoni kirjallinen versio<\/div>\r\n\t\t\t\t<div class=\"expand-content\" style=\"display:none;\">\r\n\t\t\t\t\t<\/p>\n<h3><strong>Minussa soi\u2026?<\/strong><\/h3>\n<h3><strong>En saa s\u00e4velist\u00e4 kiinni\u2026<\/strong><\/h3>\n<h3><strong>Ehk\u00e4 ne ovat\u00a0nuotit,<\/strong><\/h3>\n<h3><strong>jostain surun viivastolta,<\/strong><\/h3>\n<h3><strong>kotoisin kukaties lapsuuteni keitti\u00f6n ja pihan v\u00e4liselt\u00e4 kuumalta alueelta.<\/strong><\/h3>\n<h3><strong>Muistan,\u00a0<\/strong><\/h3>\n<h3><strong>niin tapahtui varsinkin kotiin tullessa.<\/strong><\/h3>\n<h3><strong>Se oli usein juuri kynnyksen kohta,<\/strong><\/h3>\n<h3><strong>jossa nousin tukasta ilmaan\u2026<\/strong><\/h3>\n<h3><strong>Tulevatkohan s\u00e4velet sielt\u00e4,<\/strong><\/h3>\n<h3><strong>paikasta,<\/strong><\/h3>\n<h3><strong>miss\u00e4 minusta olisi ollut tarkoitus kasvattaa tasapainoinen,<\/strong><\/h3>\n<h3><strong>suomalainen mies?<\/strong><\/h3>\n<h3><strong>Sit\u00e4 min\u00e4 kysyn!<\/strong><\/h3>\n<h3><strong>Miksi?<\/strong><\/h3>\n<h3><strong>Miksei niin kuitenkaan saanut tapahtua?<\/strong><\/h3>\n<h3><strong>Ehk\u00e4\u2026<\/strong><\/h3>\n<h3><strong>h\u00e4nkin oli hukassa,<\/strong><\/h3>\n<h3><strong>minut synnytt\u00e4nyt?<\/strong><\/h3>\n<h3><strong>Ehk\u00e4 h\u00e4nenkin sielunsa oli ajettu karkuun,<\/strong><\/h3>\n<h3><strong>pieksetty pois jo alkumetreill\u00e4?<\/strong><\/h3>\n<h3><strong>Kun kohtuun asti kaikuivat kranaattien \u00e4\u00e4net,<\/strong><\/h3>\n<h3><strong>kehdon l\u00e4vistiv\u00e4t hajonneiden sirpaleet.<\/strong><\/h3>\n<h3><strong>Kun ei tiennyt,\u00a0<\/strong><\/h3>\n<h3><strong>miss\u00e4 r\u00e4j\u00e4ht\u00e4\u00e4,<\/strong><\/h3>\n<h3><strong>kuka ampuu,<\/strong><\/h3>\n<h3><strong>ja miten pit\u00e4\u00e4 olla,\u00a0ettei hy\u00f6kk\u00e4yst\u00e4 tule kotirintamalle.<\/strong><\/h3>\n<h3><strong>Kun koko el\u00e4m\u00e4ns\u00e4 ajan on ollut liikekannalla.<\/strong><\/h3>\n<h3><strong>Ja sitten,<\/strong><\/h3>\n<h3><strong>kun jotenkin selvisi hengiss\u00e4 kaikista lapsuuden n\u00f6yryytyksist\u00e4,<\/strong><\/h3>\n<h3><strong>niin sitten!<\/strong><\/h3>\n<h3><strong>T\u00e4sm\u00e4lleen sama mustavalkea kuvio kopioitui aikuisuuteen\u2026<\/strong><\/h3>\n<h3><strong>\u00e4iti ja is\u00e4 muuttivat muotoaan\u2026<\/strong><\/h3>\n<h3><strong>Muistan,\u00a0<\/strong><\/h3>\n<h3><strong>ett\u00e4 niin tapahtui varsinkin kotiin tullessa.<\/strong><\/h3>\n<h3><strong>Se oli usein juuri kynnyksen kohta,<\/strong><\/h3>\n<h3><strong>jossa nousin tukasta ilmaan\u2026<\/strong><\/h3>\n<h3><strong>Tunnistan uhan jo kaukaa,<\/strong><\/h3>\n<h3><strong>silmist\u00e4 n\u00e4en,\u00a0\u00e4\u00e4nens\u00e4vyt huutavat korviini.<\/strong><\/h3>\n<h3><strong>Tulee vahva tunne,<\/strong><\/h3>\n<h3><strong>ja sielu kulkee edestakaisin odotusaulassa.<\/strong><\/h3>\n<h3><strong>Tied\u00e4n jo etuk\u00e4teen,<\/strong><\/h3>\n<h3><strong>milloin herkkyyteni sullotaan t\u00e4ryjyr\u00e4n alle,<\/strong><\/h3>\n<h3><strong>murskataan kuin ruma maljakko tuhansiksi siruiksi.<\/strong><\/h3>\n<h3><strong>Eih\u00e4n ihmiset tarkoita useinkaan tehd\u00e4 pahaa toisilleen,<\/strong><\/h3>\n<h3><strong>mutta jos emme her\u00e4\u00e4,<\/strong><\/h3>\n<h3><strong>kannamme ja siirr\u00e4mme loppuun asti v\u00e4kivallan perint\u00f6\u00e4,<\/strong><\/h3>\n<h3><strong>ja pakkaamme sen seuraavalle polvelle ja sit\u00e4 seuraavalle ja sit\u00e4..<\/strong><\/h3>\n<h3><strong>Laitamme matkalaukut t\u00e4yteen k\u00e4sityksi\u00e4mme\u00a0<\/strong><\/h3>\n<h3><strong>ja perustelemme ehtolauseilla, mit\u00e4 on rakkaus.<\/strong><\/h3>\n<h3><strong>Mutta rakkaus on rakkautta,<\/strong><\/h3>\n<h3><strong>viha on vihaa,<\/strong><\/h3>\n<h3><strong>ja pelko on pelkoa\u2026<\/strong><\/h3>\n<h3><strong>Vain syd\u00e4n tuntee aidon v\u00e4litt\u00e4misen\u2026<\/strong><\/h3>\n<h3><strong>tiet\u00e4\u00e4 varmasti,\u00a0<\/strong><\/h3>\n<h3><strong>aistii kyyneliin asti,<\/strong><\/h3>\n<h3><strong>mit\u00e4 on rakkaus &lt;3<\/strong><\/h3>\n<h3><strong>Mutta mit\u00e4 ihminen sille mahtaa,<\/strong><\/h3>\n<h3><strong>ett\u00e4 on k\u00e4sitt\u00e4nyt jo pienest\u00e4 pit\u00e4en,<\/strong><\/h3>\n<h3><strong>ett\u00e4 rakkauskin olisi ansaittava.<\/strong><\/h3>\n<h3><strong>Ett\u00e4 olisi teht\u00e4v\u00e4 lujasti t\u00f6it\u00e4,<\/strong><\/h3>\n<h3><strong>aamusta aikaisin my\u00f6h\u00e4\u00e4n y\u00f6lle,<\/strong><\/h3>\n<h3><strong>jotta voisi saada sen kaikista t\u00e4rkeimm\u00e4n,<\/strong><\/h3>\n<h3><strong>jotta voisi lunastaa kaikista ihanimman tunteen, mit\u00e4 maanp\u00e4\u00e4ll\u00e4 on.<\/strong><\/h3>\n<h3><strong>Mutta rakkaus ei ole myyt\u00e4v\u00e4n\u00e4!<\/strong><\/h3>\n<h3><strong>Ei ole mahdollista sit\u00e4 ansaita, ei saada suorittamisella.<\/strong><\/h3>\n<h3><strong>Rakkaus on lahja &lt;3<\/strong><\/h3>\n<h3><strong>Sukupolvet ennen meit\u00e4 ovat sen jo hukanneet,<\/strong><\/h3>\n<h3><strong>ovat sotineet toisensa rikki,<\/strong><\/h3>\n<h3><strong>riist\u00e4neet vapauden ihmisen\u00e4 olemiseen,<\/strong><\/h3>\n<h3><strong>ovat kyll\u00e4 kertoneet kauniilla sanoilla rakastavansa,<\/strong><\/h3>\n<h3><strong>mutta samassa lauseessa ovat jo murskanneet, alistaneet<\/strong><\/h3>\n<h3><strong>ja k\u00e4ytt\u00e4neet hirvitt\u00e4v\u00e4\u00e4 v\u00e4kivaltaa sortamiseen,<\/strong><\/h3>\n<h3><strong>heikompien orjuuttamiseen.<\/strong><\/h3>\n<h3><strong>Mahtaako sitten ihminen sitten sille mit\u00e4\u00e4n,<\/strong><\/h3>\n<h3><strong>ett\u00e4 on k\u00e4sitt\u00e4nyt jo pienest\u00e4 pit\u00e4en,<\/strong><\/h3>\n<h3><strong>ett\u00e4 rakkauskin olisi ansaittava.<\/strong><\/h3>\n<h3><strong>Mutta jos onkin rahaton, kotinsa menett\u00e4nyt, haudannut lapsensa, tullut ero! Jos k\u00e4det eiv\u00e4t en\u00e4\u00e4 liiku ja jalatkin ovat katkaistut!<\/strong><\/h3>\n<h3><strong>Yst\u00e4v\u00e4ni?<\/strong><\/h3>\n<h3><strong>Pys\u00e4htyisimmek\u00f6 vaikka sekunniksi, minuutiksi, tunniksi, viikoksi tai vuosiksi..<\/strong><\/h3>\n<h3><strong>Hypp\u00e4isimmek\u00f6 hetkeksi t\u00e4st\u00e4 yh\u00e4 nopeammin ymp\u00e4ripy\u00f6riv\u00e4st\u00e4.<\/strong><\/h3>\n<h3><strong>Voisiko silloin, niiss\u00e4 silm\u00e4nr\u00e4p\u00e4yksiss\u00e4, jokin sis\u00e4ll\u00e4mme v\u00e4r\u00e4ht\u00e4\u00e4?<\/strong><\/h3>\n<h3><strong>Olisiko mahdollista kuulla lapsen varovainen kuiskaus syv\u00e4lt\u00e4 sielustamme,<\/strong><\/h3>\n<h3><strong>n\u00e4hd\u00e4 koko el\u00e4m\u00e4mme taakse piiloutuneen viattomat kasvot\u2026<\/strong><\/h3>\n<h3><strong>omat vastasyntyneet kasvomme.<\/strong><\/h3>\n<h3><strong>Juuri siin\u00e4 kohdassa saattaisi tapahtua jotain, mit\u00e4 kutsutaan ihmeeksi.<\/strong><\/h3>\n<h3><strong>Olisiko silloin mahdollista sukupolvelta toiselle siirtyneet pelot haihtua kuin kylm\u00e4 aamu-usva auringon noustessa.<\/strong><\/h3>\n<h3><strong>Kun rakkaus katsoo sinua silmiin, siit\u00e4 katseesta ei koskaan, ei milloinkaan voi erehty\u00e4. Sen tuntee joka ainoalla solullaan ja kaikilla niill\u00e4 v\u00e4r\u00e4htelyill\u00e4, mill\u00e4 sielu sinua soittaa &lt;3<\/strong><\/h3>\n<h3><strong>Olisiko meill\u00e4 suomalaiset miehet uskallusta laskea surumme vapaaksi kahleista,<\/strong><\/h3>\n<h3><strong>olisiko meill\u00e4 rohkeutta istutua hetkeksi el\u00e4m\u00e4mme pituisen joen varrelle.<\/strong><\/h3>\n<h3><strong>Ottaisimmeko riskin itke\u00e4 yhdess\u00e4, taluttaa niit\u00e4, joilla kulku vaikeaa\u2026<\/strong><\/h3>\n<h3><strong>N\u00e4etk\u00f6, miten is\u00e4si ja \u00e4itisi hymyilev\u00e4t toisilleen kuin ensikertaa rakastuneet,<\/strong><\/h3>\n<h3><strong>huomaatko, miten sukupolvien takaa virtaa esi-isien ja esi\u00e4itien my\u00f6t\u00e4tuntoinen lempe\u00e4 katse\u2026<\/strong><\/h3>\n<h3><strong>Nyt hekin tuntevat mit\u00e4 on rakkaus,<\/strong><\/h3>\n<h3><strong>hekin tiet\u00e4v\u00e4t,<\/strong><\/h3>\n<h3><strong>ett\u00e4 sin\u00e4kin tunnet rakkauden syd\u00e4mess\u00e4si &lt;3<\/strong><\/h3>\n<h3><strong>Katso,<\/strong><\/h3>\n<h3><strong>aurinko nousee horisontin takaa.<\/strong><\/h3>\n<h3><strong>Pelon j\u00e4iset alkavat sulaa\u2026<\/strong><\/h3>\n<h3><strong>kev\u00e4t on tulossa\u2026<\/strong><\/h3>\n<h3><strong>tunnetko sielussasi,<\/strong><\/h3>\n<h3><strong>l\u00e4mp\u00f6,<\/strong><\/h3>\n<h3><strong>rakkaus\u2026 &lt;3<\/strong><\/h3>\n<p style=\"text-align: center;\">\u00a0<div class=\" divider magee-divider magee-shortcode divider-wf7jmr divider-shadow\" id=\"\"><div class=\"divider-inner divider-border\"><\/div><\/div>\n<p style=\"text-align: center;\">\r\n\t\t\t\t<\/div>\r\n\t\t\t<\/div>\n","protected":false},"excerpt":{"rendered":"<p>Suomalainen mies Runo \u201cSuomalainen mies\u201d syntyi kahdessa osassa. Ensimm\u00e4isen tein syntym\u00e4p\u00e4iv\u00e4lahjaksi. Kirjoittamisen innoittajaksi l\u00f6ysin Jon Schmidtin mystisen kauniin s\u00e4vellyksen \u201cGoing home\u201d. T\u00e4m\u00e4 musiikki jostain tuntemattomasta syyst\u00e4 her\u00e4tti kirjoittaessani minussa poikkeuksellisen voimakkaan tunteiden virtauksen. Muistan, miten tuvan p\u00f6yd\u00e4n \u00e4\u00e4ress\u00e4 istuessani itkin hartiat t\u00e4risten\u00a0 yritt\u00e4en n\u00e4hd\u00e4 n\u00e4pp\u00e4imist\u00f6\u00e4 kyyneleitteni l\u00e4pi. Surun virtaamisen kokemus oli syv\u00e4sti hoitava, ihana &lt;3 Kappaleen toinen osa syntyi, kun<\/p>\n<p><a class=\"more-link\" href=\"https:\/\/bonis-avibus.fi\/bonis-avibus\/suomalainen-mies\/\">Read More<\/a><\/p>\n","protected":false},"author":1,"featured_media":0,"parent":0,"menu_order":0,"comment_status":"closed","ping_status":"closed","template":"","meta":{"footnotes":""},"class_list":["post-3910","page","type-page","status-publish","hentry"],"_links":{"self":[{"href":"https:\/\/bonis-avibus.fi\/bonis-avibus\/wp-json\/wp\/v2\/pages\/3910","targetHints":{"allow":["GET"]}}],"collection":[{"href":"https:\/\/bonis-avibus.fi\/bonis-avibus\/wp-json\/wp\/v2\/pages"}],"about":[{"href":"https:\/\/bonis-avibus.fi\/bonis-avibus\/wp-json\/wp\/v2\/types\/page"}],"author":[{"embeddable":true,"href":"https:\/\/bonis-avibus.fi\/bonis-avibus\/wp-json\/wp\/v2\/users\/1"}],"replies":[{"embeddable":true,"href":"https:\/\/bonis-avibus.fi\/bonis-avibus\/wp-json\/wp\/v2\/comments?post=3910"}],"version-history":[{"count":27,"href":"https:\/\/bonis-avibus.fi\/bonis-avibus\/wp-json\/wp\/v2\/pages\/3910\/revisions"}],"predecessor-version":[{"id":10327,"href":"https:\/\/bonis-avibus.fi\/bonis-avibus\/wp-json\/wp\/v2\/pages\/3910\/revisions\/10327"}],"wp:attachment":[{"href":"https:\/\/bonis-avibus.fi\/bonis-avibus\/wp-json\/wp\/v2\/media?parent=3910"}],"curies":[{"name":"wp","href":"https:\/\/api.w.org\/{rel}","templated":true}]}}