{"id":4316,"date":"2017-11-18T21:32:30","date_gmt":"2017-11-18T19:32:30","guid":{"rendered":"http:\/\/bonis-avibus.fi\/bonis-avibus\/?page_id=4316"},"modified":"2020-05-02T21:58:04","modified_gmt":"2020-05-02T18:58:04","slug":"joe-dispenzan-viisasta-puhetta","status":"publish","type":"page","link":"https:\/\/bonis-avibus.fi\/bonis-avibus\/joe-dispenzan-viisasta-puhetta\/","title":{"rendered":"Joe Dispenzan viisasta puhetta&#8230;"},"content":{"rendered":"<p>&nbsp;<\/p>\n<h2><img loading=\"lazy\" decoding=\"async\" class=\"alignnone size-full wp-image-4351\" src=\"http:\/\/bonis-avibus.fi\/bonis-avibus\/wp-content\/uploads\/2017\/11\/Ukko-K\u00e4rkk\u00e4inen-Ajatuskuplia.jpg\" alt=\"\" width=\"1204\" height=\"800\" srcset=\"https:\/\/bonis-avibus.fi\/bonis-avibus\/wp-content\/uploads\/2017\/11\/Ukko-K\u00e4rkk\u00e4inen-Ajatuskuplia.jpg 1204w, https:\/\/bonis-avibus.fi\/bonis-avibus\/wp-content\/uploads\/2017\/11\/Ukko-K\u00e4rkk\u00e4inen-Ajatuskuplia-300x199.jpg 300w, https:\/\/bonis-avibus.fi\/bonis-avibus\/wp-content\/uploads\/2017\/11\/Ukko-K\u00e4rkk\u00e4inen-Ajatuskuplia-768x510.jpg 768w, https:\/\/bonis-avibus.fi\/bonis-avibus\/wp-content\/uploads\/2017\/11\/Ukko-K\u00e4rkk\u00e4inen-Ajatuskuplia-1024x680.jpg 1024w, https:\/\/bonis-avibus.fi\/bonis-avibus\/wp-content\/uploads\/2017\/11\/Ukko-K\u00e4rkk\u00e4inen-Ajatuskuplia-800x532.jpg 800w, https:\/\/bonis-avibus.fi\/bonis-avibus\/wp-content\/uploads\/2017\/11\/Ukko-K\u00e4rkk\u00e4inen-Ajatuskuplia-272x182.jpg 272w\" sizes=\"auto, (max-width: 1204px) 100vw, 1204px\" \/><\/h2>\n<h2><\/h2>\n<h2>Kurkkaa t\u00e4\u00e4lt\u00e4 Joe Dispenzan pieni (8 min) video siit\u00e4, miten aivojen, ajatusten, mielen, kehon ja tunteiden uudelleen ohjelmointi tehd\u00e4\u00e4n:<\/h2>\n<h2><a href=\"https:\/\/www.youtube.com\/watch?v=7VX2K_oziow\" target=\"_blank\" rel=\"noopener noreferrer\"><strong>Kehit\u00e4 aivojasi 101<\/strong><\/a>.<\/h2>\n<h2>Joen Dispenzan kirjaan kannattaa tutustua:<\/h2>\n<h2><strong><a href=\"https:\/\/www.kuudesaisti.net\/takakansi\/joe-dispenza-luo-itsesi-uudelleen-opas-mielen-rajoitteiden-purkamiseen\" target=\"_blank\" rel=\"noopener noreferrer\">Luo itsesi uudelleen<\/a>.<\/strong><\/h2>\n<h2>Dispenzan puhuu meditaatiosta.<\/h2>\n<h2>Olen monesti miettinyt, miten mindfulness ja ja meditaatio eroavat toisistaan? L\u00f6ysin mielenkiintoisen selityksen:<\/h2>\n<h2>&#8221;<em>Kuinka mindfulness ja meditaatio tarkalleen eroavat toisistaan.<\/em><\/h2>\n<h2><em>Pohjimmiltaan kyse on siit\u00e4, kuinka harjoitusta l\u00e4hestyt\u00e4\u00e4n.<\/em><\/h2>\n<h2><em>Jos ihminen varaa tietoisesti aikaa pys\u00e4hty\u00e4kseen ja keskitty\u00e4kseen mieleens\u00e4, kyseess\u00e4 on meditaatio.<\/em><\/h2>\n<h2><em>Mindfulnessharjoitukset voivat sen sijaan solahtaa sujuvasti osaksi muita arjen askareita. Koska niiden perimm\u00e4isen\u00e4 tarkoituksena on pysy\u00e4 tietoisena ymp\u00e4rist\u00f6st\u00e4 ja omasta kehosta ja sen tuntemuksista, ihminen voi tehd\u00e4 mindfulnessharjoituksia oikeastaan tilanteessa kuin tilanteessa.<\/em>&#8221;<\/h2>\n<h2><a href=\"http:\/\/m.iltalehti.fi\/hyvaolo\/201705032200118359_ie.shtml\" target=\"_blank\" rel=\"noopener noreferrer\"><strong>L\u00e4hde<\/strong><\/a> yll\u00e4 olevaan lainaukseen.<\/h2>\n","protected":false},"excerpt":{"rendered":"<p>&nbsp; Kurkkaa t\u00e4\u00e4lt\u00e4 Joe Dispenzan pieni (8 min) video siit\u00e4, miten aivojen, ajatusten, mielen, kehon ja tunteiden uudelleen ohjelmointi tehd\u00e4\u00e4n: Kehit\u00e4 aivojasi 101. Joen Dispenzan kirjaan kannattaa tutustua: Luo itsesi uudelleen. Dispenzan puhuu meditaatiosta. Olen monesti miettinyt, miten mindfulness ja ja meditaatio eroavat toisistaan? L\u00f6ysin mielenkiintoisen selityksen: &#8221;Kuinka mindfulness ja meditaatio tarkalleen eroavat toisistaan. Pohjimmiltaan kyse on siit\u00e4, kuinka harjoitusta<\/p>\n<p><a class=\"more-link\" href=\"https:\/\/bonis-avibus.fi\/bonis-avibus\/joe-dispenzan-viisasta-puhetta\/\">Read More<\/a><\/p>\n","protected":false},"author":1,"featured_media":0,"parent":0,"menu_order":0,"comment_status":"closed","ping_status":"closed","template":"","meta":{"footnotes":""},"class_list":["post-4316","page","type-page","status-publish","hentry"],"_links":{"self":[{"href":"https:\/\/bonis-avibus.fi\/bonis-avibus\/wp-json\/wp\/v2\/pages\/4316","targetHints":{"allow":["GET"]}}],"collection":[{"href":"https:\/\/bonis-avibus.fi\/bonis-avibus\/wp-json\/wp\/v2\/pages"}],"about":[{"href":"https:\/\/bonis-avibus.fi\/bonis-avibus\/wp-json\/wp\/v2\/types\/page"}],"author":[{"embeddable":true,"href":"https:\/\/bonis-avibus.fi\/bonis-avibus\/wp-json\/wp\/v2\/users\/1"}],"replies":[{"embeddable":true,"href":"https:\/\/bonis-avibus.fi\/bonis-avibus\/wp-json\/wp\/v2\/comments?post=4316"}],"version-history":[{"count":8,"href":"https:\/\/bonis-avibus.fi\/bonis-avibus\/wp-json\/wp\/v2\/pages\/4316\/revisions"}],"predecessor-version":[{"id":7183,"href":"https:\/\/bonis-avibus.fi\/bonis-avibus\/wp-json\/wp\/v2\/pages\/4316\/revisions\/7183"}],"wp:attachment":[{"href":"https:\/\/bonis-avibus.fi\/bonis-avibus\/wp-json\/wp\/v2\/media?parent=4316"}],"curies":[{"name":"wp","href":"https:\/\/api.w.org\/{rel}","templated":true}]}}