{"id":4380,"date":"2017-11-20T10:48:04","date_gmt":"2017-11-20T08:48:04","guid":{"rendered":"http:\/\/bonis-avibus.fi\/bonis-avibus\/?page_id=4380"},"modified":"2020-05-07T22:57:39","modified_gmt":"2020-05-07T19:57:39","slug":"merkittavia-linkkeja","status":"publish","type":"page","link":"https:\/\/bonis-avibus.fi\/bonis-avibus\/merkittavia-linkkeja\/","title":{"rendered":"Merkitt\u00e4vi\u00e4 linkkej\u00e4"},"content":{"rendered":"<p><img loading=\"lazy\" decoding=\"async\" class=\"alignnone size-full wp-image-4379\" src=\"http:\/\/bonis-avibus.fi\/bonis-avibus\/wp-content\/uploads\/2017\/11\/Ukko-K\u00e4rkk\u00e4inen-Yhteisty\u00f6kumppanit.jpg\" alt=\"\" width=\"1045\" height=\"784\" srcset=\"https:\/\/bonis-avibus.fi\/bonis-avibus\/wp-content\/uploads\/2017\/11\/Ukko-K\u00e4rkk\u00e4inen-Yhteisty\u00f6kumppanit.jpg 1045w, https:\/\/bonis-avibus.fi\/bonis-avibus\/wp-content\/uploads\/2017\/11\/Ukko-K\u00e4rkk\u00e4inen-Yhteisty\u00f6kumppanit-300x225.jpg 300w, https:\/\/bonis-avibus.fi\/bonis-avibus\/wp-content\/uploads\/2017\/11\/Ukko-K\u00e4rkk\u00e4inen-Yhteisty\u00f6kumppanit-768x576.jpg 768w, https:\/\/bonis-avibus.fi\/bonis-avibus\/wp-content\/uploads\/2017\/11\/Ukko-K\u00e4rkk\u00e4inen-Yhteisty\u00f6kumppanit-1024x768.jpg 1024w, https:\/\/bonis-avibus.fi\/bonis-avibus\/wp-content\/uploads\/2017\/11\/Ukko-K\u00e4rkk\u00e4inen-Yhteisty\u00f6kumppanit-800x600.jpg 800w, https:\/\/bonis-avibus.fi\/bonis-avibus\/wp-content\/uploads\/2017\/11\/Ukko-K\u00e4rkk\u00e4inen-Yhteisty\u00f6kumppanit-400x300.jpg 400w\" sizes=\"auto, (max-width: 1045px) 100vw, 1045px\" \/><\/p>\n<h2>T\u00e4nne tulen ker\u00e4\u00e4m\u00e4\u00e4n jossain vaiheessa t\u00e4rkeimpi\u00e4 vinkkej\u00e4, joista olen saanut merkitt\u00e4vi\u00e4 oivalluksia ja jotka ovat eniten vaikuttaneet ajatteluuni.<\/h2>\n<h2>T\u00e4ll\u00e4 hetkell\u00e4 (7.5.2020) teen Joe Dispenzan &#8221;Luo itsesi uudelleen&#8221; kirjan nelj\u00e4n viikon pituista meditaatioharjoitussarjaa.<\/h2>\n<h2>Parin viikon meditoinnin j\u00e4lkeen on kyll\u00e4 sanottava, ett\u00e4 yll\u00e4tt\u00e4vi\u00e4 muutoksia olen huomannut sek\u00e4 sis\u00e4isesti, ett\u00e4 jopa ulkoisessa luukissani <span class=\"sce_emoji-happy\" title=\"happy\"><\/span><\/h2>\n<h2>Ks. Linkki: <a href=\"https:\/\/www.kuudesaisti.net\/takakansi\/joe-dispenza-luo-itsesi-uudelleen-opas-mielen-rajoitteiden-purkamiseen\" target=\"_blank\" rel=\"noopener noreferrer\">Kirja-arvio Dispantza; Luo itsesi uudelleen<\/a>.<\/h2>\n<h2>Kerron my\u00f6hemmin lis\u00e4\u00e4 t\u00e4st\u00e4 prosessista.<\/h2>\n","protected":false},"excerpt":{"rendered":"<p>T\u00e4nne tulen ker\u00e4\u00e4m\u00e4\u00e4n jossain vaiheessa t\u00e4rkeimpi\u00e4 vinkkej\u00e4, joista olen saanut merkitt\u00e4vi\u00e4 oivalluksia ja jotka ovat eniten vaikuttaneet ajatteluuni. T\u00e4ll\u00e4 hetkell\u00e4 (7.5.2020) teen Joe Dispenzan &#8221;Luo itsesi uudelleen&#8221; kirjan nelj\u00e4n viikon pituista meditaatioharjoitussarjaa. Parin viikon meditoinnin j\u00e4lkeen on kyll\u00e4 sanottava, ett\u00e4 yll\u00e4tt\u00e4vi\u00e4 muutoksia olen huomannut sek\u00e4 sis\u00e4isesti, ett\u00e4 jopa ulkoisessa luukissani Ks. Linkki: Kirja-arvio Dispantza; Luo itsesi uudelleen. Kerron my\u00f6hemmin lis\u00e4\u00e4<\/p>\n<p><a class=\"more-link\" href=\"https:\/\/bonis-avibus.fi\/bonis-avibus\/merkittavia-linkkeja\/\">Read More<\/a><\/p>\n","protected":false},"author":1,"featured_media":0,"parent":0,"menu_order":0,"comment_status":"closed","ping_status":"closed","template":"","meta":{"footnotes":""},"class_list":["post-4380","page","type-page","status-publish","hentry"],"_links":{"self":[{"href":"https:\/\/bonis-avibus.fi\/bonis-avibus\/wp-json\/wp\/v2\/pages\/4380","targetHints":{"allow":["GET"]}}],"collection":[{"href":"https:\/\/bonis-avibus.fi\/bonis-avibus\/wp-json\/wp\/v2\/pages"}],"about":[{"href":"https:\/\/bonis-avibus.fi\/bonis-avibus\/wp-json\/wp\/v2\/types\/page"}],"author":[{"embeddable":true,"href":"https:\/\/bonis-avibus.fi\/bonis-avibus\/wp-json\/wp\/v2\/users\/1"}],"replies":[{"embeddable":true,"href":"https:\/\/bonis-avibus.fi\/bonis-avibus\/wp-json\/wp\/v2\/comments?post=4380"}],"version-history":[{"count":4,"href":"https:\/\/bonis-avibus.fi\/bonis-avibus\/wp-json\/wp\/v2\/pages\/4380\/revisions"}],"predecessor-version":[{"id":7225,"href":"https:\/\/bonis-avibus.fi\/bonis-avibus\/wp-json\/wp\/v2\/pages\/4380\/revisions\/7225"}],"wp:attachment":[{"href":"https:\/\/bonis-avibus.fi\/bonis-avibus\/wp-json\/wp\/v2\/media?parent=4380"}],"curies":[{"name":"wp","href":"https:\/\/api.w.org\/{rel}","templated":true}]}}