{"id":5597,"date":"2018-09-05T12:45:24","date_gmt":"2018-09-05T09:45:24","guid":{"rendered":"http:\/\/bonis-avibus.fi\/bonis-avibus\/?page_id=5597"},"modified":"2020-04-25T15:42:13","modified_gmt":"2020-04-25T12:42:13","slug":"ja-pilvet-nauravat","status":"publish","type":"page","link":"https:\/\/bonis-avibus.fi\/bonis-avibus\/ja-pilvet-nauravat\/","title":{"rendered":"Ja pilvet nauravat"},"content":{"rendered":"<div id=\"pl-5597\"  class=\"panel-layout\" ><div id=\"pg-5597-0\"  class=\"panel-grid panel-no-style\" ><div id=\"pgc-5597-0-0\"  class=\"panel-grid-cell\" ><div id=\"panel-5597-0-0-0\" class=\"so-panel widget widget_sow-editor panel-first-child panel-last-child\" data-index=\"0\" ><div\n\t\t\t\n\t\t\tclass=\"so-widget-sow-editor so-widget-sow-editor-base\"\n\t\t\t\n\t\t>\n<div class=\"siteorigin-widget-tinymce textwidget\">\n\t<p>- Ukko K\u00e4rkk\u00e4inen 18.6.2016<\/p>\n<p>Runo kertoo sis\u00e4isen lapsen l\u00f6yt\u00e4misest\u00e4 ja siit\u00e4, mik\u00e4 on toisen henkil\u00f6n merkitys siin\u00e4 prosessissa.<\/p>\n<p>Kirjoitin runon yst\u00e4v\u00e4lleni, joka toimii perheterapeuttina.\u00a0<\/p>\n<p>Taustalle Arvo P\u00e4rtin teos \"Spiegel im Spiegel\" tuosta vierest\u00e4<\/p>\n<\/div>\n<\/div><\/div><\/div><div id=\"pgc-5597-0-1\"  class=\"panel-grid-cell\" ><div id=\"panel-5597-0-1-0\" class=\"so-panel widget widget_sow-editor panel-first-child panel-last-child\" data-index=\"1\" ><div\n\t\t\t\n\t\t\tclass=\"so-widget-sow-editor so-widget-sow-editor-base\"\n\t\t\t\n\t\t><h3 class=\"widget-title\">Taustamusiikki<\/h3>\n<div class=\"siteorigin-widget-tinymce textwidget\">\n\t<p>[embedyt] https:\/\/www.youtube.com\/watch?v=RYypmgIYOVQ[\/embedyt]<\/p>\n<\/div>\n<\/div><\/div><\/div><\/div><div id=\"pg-5597-1\"  class=\"panel-grid panel-no-style\" ><div id=\"pgc-5597-1-0\"  class=\"panel-grid-cell panel-grid-cell-mobile-last\" ><div id=\"panel-5597-1-0-0\" class=\"so-panel widget widget_sow-editor panel-first-child panel-last-child\" data-index=\"2\" ><div\n\t\t\t\n\t\t\tclass=\"so-widget-sow-editor so-widget-sow-editor-base\"\n\t\t\t\n\t\t><h3 class=\"widget-title\">\u00c4\u00e4nitiedosto<\/h3>\n<div class=\"siteorigin-widget-tinymce textwidget\">\n\t<p>T\u00e4st\u00e4 voit kuunnella tulkintani runosta <div class=\"compact_audio_player_wrapper\"><div class=\"sc_player_container1\"><input type=\"button\" id=\"btnplay_69eb7898987dd0.81088096\" class=\"myButton_play\" onClick=\"play_mp3('play','69eb7898987dd0.81088096','http:\/\/bonis-avibus.fi\/bonis-avibus\/wp-content\/uploads\/2017\/11\/Ja-pilvet-nauravat-Runo-Elselle.mp3','80','false');show_hide('play','69eb7898987dd0.81088096');\" \/><input type=\"button\"  id=\"btnstop_69eb7898987dd0.81088096\" style=\"display:none\" class=\"myButton_stop\" onClick=\"play_mp3('stop','69eb7898987dd0.81088096','','80','false');show_hide('stop','69eb7898987dd0.81088096');\" \/><div id=\"sm2-container\"><!-- flash movie ends up here --><\/div><\/div><\/div>\u00a0<\/p>\n<\/div>\n<\/div><\/div><\/div><div id=\"pgc-5597-1-1\"  class=\"panel-grid-cell panel-grid-cell-empty\" ><\/div><\/div><div id=\"pg-5597-2\"  class=\"panel-grid panel-no-style\" ><div id=\"pgc-5597-2-0\"  class=\"panel-grid-cell\" ><div id=\"panel-5597-2-0-0\" class=\"so-panel widget widget_sow-editor panel-first-child panel-last-child\" data-index=\"3\" ><div\n\t\t\t\n\t\t\tclass=\"so-widget-sow-editor so-widget-sow-editor-base\"\n\t\t\t\n\t\t>\n<div class=\"siteorigin-widget-tinymce textwidget\">\n\t<p><div class=\" divider magee-divider magee-shortcode divider-kpht4a divider-border\" id=\"\"><div class=\"divider-inner divider-border\"><\/div><\/div><br \/>\n\r\n\t\t<div class=\"magee-expand \" id=\"\" data-less-icon=\"fa-arrow-circle-up\" data-less-icon-color=\"#002a8e\" data-less-text=\"Piilota\" data-more-icon=\"fa-arrow-circle-down\" data-more-icon-color=\"#002a8e\" data-more-text=\"Napsauttamalla runoni kirjallinen versio\">\r\n            <div class=\"expand-control control-x4tmmi\"><i class=\"fa fa-arrow-circle-down\" style=\"color:#002a8e;\"><\/i> Napsauttamalla runoni kirjallinen versio<\/div>\r\n\t\t\t\t<div class=\"expand-content\" style=\"display:none;\">\r\n\t\t\t\t\t<br \/>\n&nbsp<br \/>\nAika k\u00e4\u00e4nt\u00e4\u00e4 h\u00e4m\u00e4r\u00e4ss\u00e4 sivuja...<\/p>\n<p>Kuuntelen mennytt\u00e4,<br \/>\nkuuntelen tulevaa.<\/p>\n<p>Olen hengityksess\u00e4,<br \/>\nolen nyt,<br \/>\nolen hetkess\u00e4.<\/p>\n<p>Historia kirjoittaa t\u00e4t\u00e4 p\u00e4iv\u00e4\u00e4.<br \/>\nAistin sieluni hiljaista soittoa...<\/p>\n<p>Ihmisten lapset,<br \/>\nnuoret,<br \/>\naikuiset, vanhukset...<\/p>\n<p>Jos jossain sattuu niin,<br \/>\nettei pieni saakaan sit\u00e4,<br \/>\nmit\u00e4 h\u00e4n tuli etsim\u00e4\u00e4n,<br \/>\nmit\u00e4 h\u00e4n tuli vanhemmiltaan l\u00f6yt\u00e4m\u00e4\u00e4n.<br \/>\nJos tapahtuu niin,<br \/>\nett\u00e4 is\u00e4 tai \u00e4iti,<br \/>\ntai molemmat j\u00e4iv\u00e4t kiinni omaan kipe\u00e4\u00e4n tarinaansa.<\/p>\n<p>Tied\u00e4tk\u00f6,<br \/>\nhekin aluksi, aivan pienin\u00e4, etsiv\u00e4t, ... jokainen etsii...<\/p>\n<p>Ja voi olla, ett\u00e4 vanhempasi tai esi\u00e4itisi esi-isien kanssa sodan myllerryksess\u00e4 eiv\u00e4t l\u00f6yt\u00e4neen,<br \/>\neiv\u00e4tk\u00e4 heid\u00e4nk\u00e4\u00e4n vanhemmat.. omiltaan...<\/p>\n<p>Kun sitten kesken el\u00e4m\u00e4\u00e4 kaikki romahtaa,<br \/>\ntaivas putoaa niskaan,<br \/>\neik\u00e4 laskuja saadakaan maksettua ja lapsetkin muuttuvat vain hallinnoinnin kohteiksi.<br \/>\nJa puolisokin alkaa et\u00e4\u00e4nty\u00e4,<br \/>\nj\u00e4\u00e4tyy kodiksi rakennetun avaruuden kylm\u00e4ksi kiertot\u00e4hdeksi,<br \/>\nja rakkaus muuttuu lopulta pahimmaksi,<br \/>\nmit\u00e4 vain ikin\u00e4 voi kuvitella.<\/p>\n<p>Niiss\u00e4 kohdissa joku voi kuiskata:<br \/>\nSoita ja varaa aika!<br \/>\nK\u00e4y siell\u00e4 h\u00e4nen luonaan,<br \/>\nistu hiljaa tai juttele.<br \/>\nSinne kiireen huurteiseen maailmaan on annettu sinulle ihminen.<br \/>\nKuuntele rauhassa h\u00e4nen kanssaan oman syd\u00e4mesi \u00e4\u00e4nt\u00e4.<\/p>\n<p>Se voi olla aluksi heikko,<br \/>\nmutta v\u00e4hitellen alat erottaa hauraan s\u00e4rkyneen vaienneet soinnit.<br \/>\nJa vaikka sinussa olisi lukkoja tunteittesi tiell\u00e4 ihan lapsuudesta l\u00e4htien,<br \/>\nihan syntym\u00e4st\u00e4si saakka suljettuja ovia,<br \/>\nniin ole k\u00e4rsiv\u00e4llinen...<\/p>\n<p>Omalle itsellesi uskollisuus palkitaan kyll\u00e4<br \/>\nja lopulta tapahtuu avautumisen ihme.<br \/>\nKyynelist\u00e4 tunnistat,<br \/>\nmik\u00e4 on totta sinussa,<br \/>\naavistat,<br \/>\nett\u00e4 kaikki arvokas pysyikin vuosien alle hautautuneena elossa.<\/p>\n<p>Ensin,<br \/>\nihan varovasti tapahtuu jotain kehossasi, aistit salpautuneen hengityksesi, puristuksen rinnassasi,<br \/>\nja lopuksi silmist\u00e4si merkitys tulee esille n\u00e4ht\u00e4v\u00e4ksi, jaettavaksi.<\/p>\n<p>Ja miten pyh\u00e4 onkaan se hetki,<br \/>\nkun ihminen syntyy itseens\u00e4,<br \/>\nkun vuosien,<br \/>\nkymmeninen tai puolen vuosisadan j\u00e4lkeen tuleekin lupa itke\u00e4.<\/p>\n<p>Ihmisten lapset,<br \/>\nnuoret,<br \/>\naikuiset,<br \/>\nvanhukset...<\/p>\n<p>Onneksi joskus jossakin tapahtuu niin,<br \/>\nett\u00e4 meiss\u00e4 pieni saa juuri sit\u00e4,<br \/>\nmit\u00e4 h\u00e4n tuli etsim\u00e4\u00e4n.<br \/>\nSe kohtaaminen j\u00e4\u00e4 totisesti mieleesi.<br \/>\nSen tulet muistamaan koko lopun el\u00e4m\u00e4\u00e4si,<br \/>\nkun huomaat sinua kohti ojentuneen pienen k\u00e4den...<\/p>\n<p>Silloin voit varovasti ottaa lapsen itsess\u00e4si syliisi,<br \/>\nvoit painaa hell\u00e4sti pienen syd\u00e4nt\u00e4si vasten.<br \/>\nSaatat kuulla ensin nyyhkytyksen,<br \/>\nja lopulta tunnet poskillasi kyyneleittesi virran...<\/p>\n<p>Vihdoinkin saat rakastaa itsess\u00e4si pient\u00e4 sinua,<br \/>\nrakastaa ehdoitta...,<br \/>\nihan juuri sellaisena,<br \/>\nkuin mit\u00e4 olet.<\/p>\n<p>L\u00f6yt\u00e4misen j\u00e4lkeen lapsi ottaa sinua iloisesti k\u00e4dest\u00e4si,<br \/>\npuristaa koko el\u00e4m\u00e4tt\u00f6m\u00e4n el\u00e4m\u00e4n voimalla.<\/p>\n<p>L\u00f6yt\u00e4misen j\u00e4lkeen lapsi alkaa johdattaa kulkuasi.<br \/>\nJa tulee paljon, paljon p\u00e4ivi\u00e4,<br \/>\nett\u00e4 leikitte yhdess\u00e4 auringon kanssa,<br \/>\njuoksette kilpaa tuulen...<br \/>\nja silloin kukat ovat sisarianne<br \/>\nja linnut velji\u00e4nne<br \/>\nja pilvet nauravat sinussa her\u00e4nneen lapsen kanssa yhdess\u00e4,<br \/>\nja l\u00f6yt\u00e4misen j\u00e4lkeen et en\u00e4\u00e4 koskaan j\u00e4t\u00e4 lasta yksin,<br \/>\net koskaan...<br \/>\n&nbsp<br \/>\n<div class=\" divider magee-divider magee-shortcode divider-c10pz5 divider-shadow\" id=\"\"><div class=\"divider-inner divider-border\"><\/div><\/div>\n<p>\r\n\t\t\t\t<\/div>\r\n\t\t\t<\/div><\/p>\n<\/div>\n<\/div><\/div><\/div><\/div><\/div>","protected":false},"excerpt":{"rendered":"<p>&#8211; Ukko K\u00e4rkk\u00e4inen 18.6.2016 Runo kertoo sis\u00e4isen lapsen l\u00f6yt\u00e4misest\u00e4 ja siit\u00e4, mik\u00e4 on toisen henkil\u00f6n merkitys siin\u00e4 prosessissa. Kirjoitin runon yst\u00e4v\u00e4lleni, joka toimii perheterapeuttina.\u00a0 Taustalle Arvo P\u00e4rtin teos &#8221;Spiegel im Spiegel&#8221; tuosta vierest\u00e4 [embedyt] https:\/\/www.youtube.com\/watch?v=RYypmgIYOVQ[\/embedyt] T\u00e4st\u00e4 voit kuunnella tulkintani runosta \u00a0<\/p>\n","protected":false},"author":1,"featured_media":0,"parent":0,"menu_order":0,"comment_status":"closed","ping_status":"closed","template":"","meta":{"footnotes":""},"class_list":["post-5597","page","type-page","status-publish","hentry"],"_links":{"self":[{"href":"https:\/\/bonis-avibus.fi\/bonis-avibus\/wp-json\/wp\/v2\/pages\/5597","targetHints":{"allow":["GET"]}}],"collection":[{"href":"https:\/\/bonis-avibus.fi\/bonis-avibus\/wp-json\/wp\/v2\/pages"}],"about":[{"href":"https:\/\/bonis-avibus.fi\/bonis-avibus\/wp-json\/wp\/v2\/types\/page"}],"author":[{"embeddable":true,"href":"https:\/\/bonis-avibus.fi\/bonis-avibus\/wp-json\/wp\/v2\/users\/1"}],"replies":[{"embeddable":true,"href":"https:\/\/bonis-avibus.fi\/bonis-avibus\/wp-json\/wp\/v2\/comments?post=5597"}],"version-history":[{"count":22,"href":"https:\/\/bonis-avibus.fi\/bonis-avibus\/wp-json\/wp\/v2\/pages\/5597\/revisions"}],"predecessor-version":[{"id":7055,"href":"https:\/\/bonis-avibus.fi\/bonis-avibus\/wp-json\/wp\/v2\/pages\/5597\/revisions\/7055"}],"wp:attachment":[{"href":"https:\/\/bonis-avibus.fi\/bonis-avibus\/wp-json\/wp\/v2\/media?parent=5597"}],"curies":[{"name":"wp","href":"https:\/\/api.w.org\/{rel}","templated":true}]}}