{"id":5637,"date":"2018-12-19T12:51:15","date_gmt":"2018-12-19T10:51:15","guid":{"rendered":"https:\/\/bonis-avibus.fi\/bonis-avibus\/?page_id=5637"},"modified":"2018-12-19T12:58:29","modified_gmt":"2018-12-19T10:58:29","slug":"syttyisiko-silloin-tahti-taivaalle","status":"publish","type":"page","link":"https:\/\/bonis-avibus.fi\/bonis-avibus\/syttyisiko-silloin-tahti-taivaalle\/","title":{"rendered":"Syttyisik\u00f6 silloin t\u00e4hti taivaalle&#8230;"},"content":{"rendered":"<div id=\"pl-5637\"  class=\"panel-layout\" ><div id=\"pg-5637-0\"  class=\"panel-grid panel-no-style\" ><div id=\"pgc-5637-0-0\"  class=\"panel-grid-cell\" ><div id=\"panel-5637-0-0-0\" class=\"so-panel widget widget_sow-editor panel-first-child panel-last-child\" data-index=\"0\" ><div\n\t\t\t\n\t\t\tclass=\"so-widget-sow-editor so-widget-sow-editor-base\"\n\t\t\t\n\t\t><h3 class=\"widget-title\">Syttyisik\u00f6 silloin t\u00e4hti taivaalle...<\/h3>\n<div class=\"siteorigin-widget-tinymce textwidget\">\n\t<p>T\u00e4m\u00e4n Jouluaaton 2018 runon synty k\u00e4ynnistyi seitsem\u00e4n vuotta sitten.<\/p>\n<p>Jouluna 2016 runo muuttui joiltakin osin. T\u00e4m\u00e4n vuoden marraskuussa runo koki l\u00e4hes t\u00e4ydellisen\u00a0muodonmuutoksen. J\u00e4tin yli puolet tekstist\u00e4 pois. Esim. kokonaan alkuosan.<\/p>\n<p>Mm. t\u00e4llaista kirjoittamaani karsin: \u201dL\u00e4ht\u00f6laskenta alkaa johonkin maksimaaliseen<br \/>tavarapaljouden kiihdytykseen\u2026<\/p>\n<p>Onkohan joulunlahjaruletti vanhemmuuden poissaolon kertakorvausta?<br \/>Voiko syyllisyytt\u00e4 heikosti onnistuneesta isyydest\u00e4 tai \u00e4itiydest\u00e4 v\u00e4hent\u00e4\u00e4 paketteja<br \/>k\u00e4\u00e4rim\u00e4ll\u00e4?\u201d<\/p>\n<p>Kun maistelin teksti\u00e4, joka oli aikoinaan resonoinut, ei se en\u00e4\u00e4 tuntunutkaan<br \/>julkaisukelpoiselta. Vain loppupuolella olevan j\u00e4tin, se tuntui hyv\u00e4lt\u00e4.\u00a0<\/p>\n<p>\u00a0<\/p>\n<\/div>\n<\/div><\/div><\/div><div id=\"pgc-5637-0-1\"  class=\"panel-grid-cell\" ><div id=\"panel-5637-0-1-0\" class=\"so-panel widget widget_text panel-first-child panel-last-child\" data-index=\"1\" >\t\t\t<div class=\"textwidget\"><p><iframe title=\"Syttyisik\u00f6 silloin t\u00e4hti taivaalle...\" src=\"https:\/\/www.youtube.com\/embed\/3qquN0ydY6A?feature=oembed\" frameborder=\"0\" allow=\"accelerometer; autoplay; clipboard-write; encrypted-media; gyroscope; picture-in-picture; web-share\" referrerpolicy=\"strict-origin-when-cross-origin\" allowfullscreen><\/iframe><\/p>\n<p>&nbsp;<\/p>\n<p>Kuuntelin hiljaisuudessa syd\u00e4nt\u00e4ni, tuleeko jotain lis\u00e4\u00e4?\u00a0\u00a0Sitten vain annoin\u00a0sanojen virrata&#8230;\u00a0T\u00e4llaisen runon sykkiv\u00e4 halusi antaa lahjaksi t\u00e4n\u00e4 jouluna?<\/p>\n<p>Kiitos yst\u00e4v\u00e4ni Ville, musiikin s\u00e4velt\u00e4j\u00e4, kuvaaja ja editoija <span class=\"sce_emoji-heart\" title=\"heart\"><\/span><\/p>\n<p>Oli hieno prosessi saada olla mukana t\u00e4m\u00e4n videorunoteoksen synnyss\u00e4 ja kasvamisessa t\u00e4h\u00e4n muotoonsa.<\/p>\n<\/div>\n\t\t<\/div><\/div><\/div><div id=\"pg-5637-1\"  class=\"panel-grid panel-no-style\" ><div id=\"pgc-5637-1-0\"  class=\"panel-grid-cell\" ><div id=\"panel-5637-1-0-0\" class=\"so-panel widget widget_sow-editor panel-first-child panel-last-child\" data-index=\"2\" ><div\n\t\t\t\n\t\t\tclass=\"so-widget-sow-editor so-widget-sow-editor-base\"\n\t\t\t\n\t\t>\n<div class=\"siteorigin-widget-tinymce textwidget\">\n\t<\/div>\n<\/div><\/div><\/div><div id=\"pgc-5637-1-1\"  class=\"panel-grid-cell\" ><div id=\"panel-5637-1-1-0\" class=\"so-panel widget widget_sow-editor panel-first-child panel-last-child\" data-index=\"3\" ><div\n\t\t\t\n\t\t\tclass=\"so-widget-sow-editor so-widget-sow-editor-base\"\n\t\t\t\n\t\t>\n<div class=\"siteorigin-widget-tinymce textwidget\">\n\t<\/div>\n<\/div><\/div><\/div><\/div><div id=\"pg-5637-2\"  class=\"panel-grid panel-no-style\" ><div id=\"pgc-5637-2-0\"  class=\"panel-grid-cell\" ><div id=\"panel-5637-2-0-0\" class=\"so-panel widget widget_sow-editor panel-first-child panel-last-child\" data-index=\"4\" ><div\n\t\t\t\n\t\t\tclass=\"so-widget-sow-editor so-widget-sow-editor-base\"\n\t\t\t\n\t\t>\n<div class=\"siteorigin-widget-tinymce textwidget\">\n\t\r\n\t\t<div class=\"magee-expand \" id=\"\" data-less-icon=\"fa-arrow-circle-up\" data-less-icon-color=\"#002a8e\" data-less-text=\"Piilota\" data-more-icon=\"fa-arrow-circle-down\" data-more-icon-color=\"#002a8e\" data-more-text=\"Napsauttamalla runoni kirjallinen versio\">\r\n            <div class=\"expand-control control-5jfchc\"><i class=\"fa fa-arrow-circle-down\" style=\"color:#002a8e;\"><\/i> Napsauttamalla runoni kirjallinen versio<\/div>\r\n\t\t\t\t<div class=\"expand-content\" style=\"display:none;\">\r\n\t\t\t\t\t<\/p>\n<p>&nbsp;<\/p>\n<p>Mit\u00e4 me voisimme t\u00e4n\u00e4 jouluna ojentaa lahjaksi?<\/p>\n<p>Olisiko se pys\u00e4htymist\u00e4 toinen toisemme kohdalle?<\/p>\n<p>Joulun valmistelujen,<br \/>\nkaikkien vaatimusten,<br \/>\nmenemisten,<br \/>\nja tulemisten j\u00e4lkeen,<br \/>\nvoisimmeko antaa vaikkapa hidasta aikaa.<\/p>\n<p>Oltaisiin l\u00e4sn\u00e4 niin kiireett\u00f6m\u00e4sti,<br \/>\nett\u00e4 ne hetket j\u00e4isiv\u00e4t koko el\u00e4m\u00e4n pituisiksi hyviksi muistij\u00e4ljiksi.<\/p>\n<p>Jos t\u00e4n\u00e4 jouluna kirjottaisimma pukinkonttiin toinen toisillemme kortteja,<br \/>\ntai laitettas WhatsApp viestej\u00e4,<br \/>\njoissa kertosimma,<br \/>\nmit\u00e4 ymp\u00e4rill\u00e4mme olevat merkitsev\u00e4t meille,<br \/>\nmit\u00e4 hyv\u00e4\u00e4 ja ihanaa olemme huomanneet l\u00e4heisiss\u00e4mme.<\/p>\n<p>K\u00e4\u00e4ritt\u00e4sk\u00f6 porukalla isoon pakettiin syd\u00e4menl\u00e4mp\u00f6ist\u00e4 rakkautta jokaiselle.<\/p>\n<p>Oisko nyt t\u00e4n\u00e4 Jouluna mahdollista antaa anteeksi niille,<br \/>\njotka ovat meit\u00e4 haavoittaneet?<\/p>\n<p>Ent\u00e4 oisko meill\u00e4 rohkeutta pyyt\u00e4\u00e4 anteeksi heilt\u00e4,<br \/>\njoita me olemme satuttaneet?<\/p>\n<p>Ja voisimmeko lopulta viel\u00e4 antaa anteeksi itsellemmekin.<\/p>\n<p>Syttyisik\u00f6 silloin t\u00e4hti taivaalle merkiksi Rauhan juhlasta.<\/p>\n<p>Kun t\u00e4m\u00e4n p\u00e4iv\u00e4n luukku aukeaa syd\u00e4memme kohdalta,<br \/>\nsilloin saapuu rakkaus,<\/p>\n<p>astuu sis\u00e4\u00e4n perille<br \/>\nsinuun ja minuun &lt;3 &lt;3<\/p>\n<p>Tunnetko tuoksun.<br \/>\nHyasintit avaavat nuppujaan.<\/p>\n<p>N\u00e4etk\u00f6,<br \/>\nkynttil\u00f6iss\u00e4 hymyilee el\u00e4v\u00e4 Valo.<\/p>\n<p>Joulurauhaksi min\u00e4 kutsun t\u00e4t\u00e4 hetke\u00e4.<\/p>\n<p style=\"text-align: center;\">\u00a0<div class=\" divider magee-divider magee-shortcode divider-xizv2t divider-shadow\" id=\"\"><div class=\"divider-inner divider-border\"><\/div><\/div>\n<p style=\"text-align: center;\">\r\n\t\t\t\t<\/div>\r\n\t\t\t<\/div>\n<\/div>\n<\/div><\/div><\/div><\/div><\/div>","protected":false},"excerpt":{"rendered":"<p>T\u00e4m\u00e4n Jouluaaton 2018 runon synty k\u00e4ynnistyi seitsem\u00e4n vuotta sitten. Jouluna 2016 runo muuttui joiltakin osin. T\u00e4m\u00e4n vuoden marraskuussa runo koki l\u00e4hes t\u00e4ydellisen\u00a0muodonmuutoksen. J\u00e4tin yli puolet tekstist\u00e4 pois. Esim. kokonaan alkuosan. Mm. t\u00e4llaista kirjoittamaani karsin: \u201dL\u00e4ht\u00f6laskenta alkaa johonkin maksimaaliseentavarapaljouden kiihdytykseen\u2026 Onkohan joulunlahjaruletti vanhemmuuden poissaolon kertakorvausta?Voiko syyllisyytt\u00e4 heikosti onnistuneesta isyydest\u00e4 tai \u00e4itiydest\u00e4 v\u00e4hent\u00e4\u00e4 pakettejak\u00e4\u00e4rim\u00e4ll\u00e4?\u201d Kun maistelin teksti\u00e4, joka oli aikoinaan resonoinut, ei<\/p>\n<p><a class=\"more-link\" href=\"https:\/\/bonis-avibus.fi\/bonis-avibus\/syttyisiko-silloin-tahti-taivaalle\/\">Read More<\/a><\/p>\n","protected":false},"author":2,"featured_media":0,"parent":0,"menu_order":0,"comment_status":"closed","ping_status":"closed","template":"","meta":{"footnotes":""},"class_list":["post-5637","page","type-page","status-publish","hentry"],"_links":{"self":[{"href":"https:\/\/bonis-avibus.fi\/bonis-avibus\/wp-json\/wp\/v2\/pages\/5637","targetHints":{"allow":["GET"]}}],"collection":[{"href":"https:\/\/bonis-avibus.fi\/bonis-avibus\/wp-json\/wp\/v2\/pages"}],"about":[{"href":"https:\/\/bonis-avibus.fi\/bonis-avibus\/wp-json\/wp\/v2\/types\/page"}],"author":[{"embeddable":true,"href":"https:\/\/bonis-avibus.fi\/bonis-avibus\/wp-json\/wp\/v2\/users\/2"}],"replies":[{"embeddable":true,"href":"https:\/\/bonis-avibus.fi\/bonis-avibus\/wp-json\/wp\/v2\/comments?post=5637"}],"version-history":[{"count":14,"href":"https:\/\/bonis-avibus.fi\/bonis-avibus\/wp-json\/wp\/v2\/pages\/5637\/revisions"}],"predecessor-version":[{"id":5652,"href":"https:\/\/bonis-avibus.fi\/bonis-avibus\/wp-json\/wp\/v2\/pages\/5637\/revisions\/5652"}],"wp:attachment":[{"href":"https:\/\/bonis-avibus.fi\/bonis-avibus\/wp-json\/wp\/v2\/media?parent=5637"}],"curies":[{"name":"wp","href":"https:\/\/api.w.org\/{rel}","templated":true}]}}