{"id":5883,"date":"2020-01-07T18:13:48","date_gmt":"2020-01-07T16:13:48","guid":{"rendered":"https:\/\/bonis-avibus.fi\/bonis-avibus\/?page_id=5883"},"modified":"2022-02-07T12:22:04","modified_gmt":"2022-02-07T10:22:04","slug":"koulutus-ja-koutsauspalautteita","status":"publish","type":"page","link":"https:\/\/bonis-avibus.fi\/bonis-avibus\/koulutus-ja-koutsauspalautteita\/","title":{"rendered":"Koulutus ja koutsauspalautteita&#8230;"},"content":{"rendered":"<p><img loading=\"lazy\" decoding=\"async\" width=\"960\" height=\"640\" src=\"https:\/\/bonis-avibus.fi\/bonis-avibus\/wp-content\/uploads\/2017\/08\/taide-beaded-2137080_960_720-Myriams-Fotos.jpg\" alt=\"\" srcset=\"https:\/\/bonis-avibus.fi\/bonis-avibus\/wp-content\/uploads\/2017\/08\/taide-beaded-2137080_960_720-Myriams-Fotos.jpg 960w, https:\/\/bonis-avibus.fi\/bonis-avibus\/wp-content\/uploads\/2017\/08\/taide-beaded-2137080_960_720-Myriams-Fotos-300x200.jpg 300w, https:\/\/bonis-avibus.fi\/bonis-avibus\/wp-content\/uploads\/2017\/08\/taide-beaded-2137080_960_720-Myriams-Fotos-768x512.jpg 768w, https:\/\/bonis-avibus.fi\/bonis-avibus\/wp-content\/uploads\/2017\/08\/taide-beaded-2137080_960_720-Myriams-Fotos-800x533.jpg 800w, https:\/\/bonis-avibus.fi\/bonis-avibus\/wp-content\/uploads\/2017\/08\/taide-beaded-2137080_960_720-Myriams-Fotos-272x182.jpg 272w\" sizes=\"auto, (max-width: 960px) 100vw, 960px\" \/>\t\t\t\t\t\t\t\t\t\t\t<\/p>\n<h2>T\u00e4ss\u00e4\u00a0kommentteja koulutuksiin osallistuneilta<\/h2>\n<h2 style=\"text-align: center;\"><em>&#8221;Selke\u00e4sti erilainen koulutus, kuin miss\u00e4 on aiemmin oltu.&#8221;<\/em><\/h2>\n<h2 style=\"text-align: center;\"><em>&#8221;Hyv\u00e4\u00e4 on ollut se, ett\u00e4 kriisi on mahdollisuus, ett\u00e4 voi selvit\u00e4 vaikeistakin asioista voittajana.&#8221;<\/em><\/h2>\n<h2 style=\"text-align: center;\"><em>&#8221;Tarpeellista asiaa t\u00e4m\u00e4n hetken ty\u00f6ntekij\u00f6ille, jotka tekev\u00e4t ty\u00f6t\u00e4\u00e4n niill\u00e4 rajoilla, jaksaako vai ei.&#8221;<\/em><\/h2>\n<h2 style=\"text-align: center;\"><em>&#8221;Kuvat ja musiikki eritt\u00e4in hyv\u00e4t. Tuhat kiitosta!&#8221;<\/em><\/h2>\n<h2 style=\"text-align: center;\"><em>&#8221;Irtiotto arjen tohinoista ja kiireist\u00e4. Pani miettim\u00e4\u00e4n, mik\u00e4 on t\u00e4rke\u00e4\u00e4 ja mik\u00e4 tyhj\u00e4\u00e4, turhaa vouhotusta.&#8221;<\/em><\/h2>\n<h2 style=\"text-align: center;\"><em>&#8221;Hyv\u00e4 asia on, ett\u00e4 kouluttajalla on omakohtaista kokemusta asioista, joita h\u00e4n tuo esille. <\/em><\/h2>\n<h2 style=\"text-align: center;\"><em>Se menee perille paremmin, kuin joku opettelemalla opittu. <\/em><\/h2>\n<h2 style=\"text-align: center;\"><em>Mik\u00e4 tulee syd\u00e4mest\u00e4, menee syd\u00e4meen.&#8221;<\/em><\/h2>\n<h2>Ja t\u00e4ss\u00e4 koutsauspalaute<\/h2>\n<h2 style=\"text-align: center;\">\u00a0<\/h2>\n<p style=\"text-align: center;\"><img loading=\"lazy\" decoding=\"async\" src=\"https:\/\/bonis-avibus.fi\/bonis-avibus\/wp-content\/uploads\/2019\/02\/Mikan-palaute....jpg\" alt=\"\" width=\"650\" height=\"883\" \/><\/p>\n<p><img loading=\"lazy\" decoding=\"async\" src=\"https:\/\/bonis-avibus.fi\/bonis-avibus\/wp-content\/uploads\/2019\/02\/Mikan-palaute-2-sivu.jpg\" alt=\"\" width=\"393\" height=\"572\" \/><\/p>\n","protected":false},"excerpt":{"rendered":"<p>T\u00e4ss\u00e4\u00a0kommentteja koulutuksiin osallistuneilta &#8221;Selke\u00e4sti erilainen koulutus, kuin miss\u00e4 on aiemmin oltu.&#8221; &#8221;Hyv\u00e4\u00e4 on ollut se, ett\u00e4 kriisi on mahdollisuus, ett\u00e4 voi selvit\u00e4 vaikeistakin asioista voittajana.&#8221; &#8221;Tarpeellista asiaa t\u00e4m\u00e4n hetken ty\u00f6ntekij\u00f6ille, jotka tekev\u00e4t ty\u00f6t\u00e4\u00e4n niill\u00e4 rajoilla, jaksaako vai ei.&#8221; &#8221;Kuvat ja musiikki eritt\u00e4in hyv\u00e4t. Tuhat kiitosta!&#8221; &#8221;Irtiotto arjen tohinoista ja kiireist\u00e4. Pani miettim\u00e4\u00e4n, mik\u00e4 on t\u00e4rke\u00e4\u00e4 ja mik\u00e4 tyhj\u00e4\u00e4, turhaa vouhotusta.&#8221;<\/p>\n<p><a class=\"more-link\" href=\"https:\/\/bonis-avibus.fi\/bonis-avibus\/koulutus-ja-koutsauspalautteita\/\">Read More<\/a><\/p>\n","protected":false},"author":1,"featured_media":0,"parent":0,"menu_order":0,"comment_status":"closed","ping_status":"closed","template":"elementor_header_footer","meta":{"footnotes":""},"class_list":["post-5883","page","type-page","status-publish","hentry"],"_links":{"self":[{"href":"https:\/\/bonis-avibus.fi\/bonis-avibus\/wp-json\/wp\/v2\/pages\/5883","targetHints":{"allow":["GET"]}}],"collection":[{"href":"https:\/\/bonis-avibus.fi\/bonis-avibus\/wp-json\/wp\/v2\/pages"}],"about":[{"href":"https:\/\/bonis-avibus.fi\/bonis-avibus\/wp-json\/wp\/v2\/types\/page"}],"author":[{"embeddable":true,"href":"https:\/\/bonis-avibus.fi\/bonis-avibus\/wp-json\/wp\/v2\/users\/1"}],"replies":[{"embeddable":true,"href":"https:\/\/bonis-avibus.fi\/bonis-avibus\/wp-json\/wp\/v2\/comments?post=5883"}],"version-history":[{"count":15,"href":"https:\/\/bonis-avibus.fi\/bonis-avibus\/wp-json\/wp\/v2\/pages\/5883\/revisions"}],"predecessor-version":[{"id":9204,"href":"https:\/\/bonis-avibus.fi\/bonis-avibus\/wp-json\/wp\/v2\/pages\/5883\/revisions\/9204"}],"wp:attachment":[{"href":"https:\/\/bonis-avibus.fi\/bonis-avibus\/wp-json\/wp\/v2\/media?parent=5883"}],"curies":[{"name":"wp","href":"https:\/\/api.w.org\/{rel}","templated":true}]}}