{"id":6170,"date":"2020-03-20T12:25:31","date_gmt":"2020-03-20T10:25:31","guid":{"rendered":"https:\/\/bonis-avibus.fi\/bonis-avibus\/?page_id=6170"},"modified":"2026-03-24T18:20:48","modified_gmt":"2026-03-24T16:20:48","slug":"tunturipurojen-viisaus","status":"publish","type":"page","link":"https:\/\/bonis-avibus.fi\/bonis-avibus\/tunturipurojen-viisaus\/","title":{"rendered":"Tunturipurojen viisaus"},"content":{"rendered":"\n<h2 class=\"wp-block-heading\">\u201d<em>Tunturipurojen viisaus<\/em>\u201d runoni syntyi sunnuntaiaamuna 2.9.2018.<\/h2>\n\n\n\n<h2 class=\"wp-block-heading\">Edellisen\u00e4 iltana oli parilla yst\u00e4v\u00e4ll\u00e4ni tullut idea. He kutsuisivat minut esitt\u00e4m\u00e4\u00e4n muutaman runon Teemu Syrj\u00e4l\u00e4n vet\u00e4m\u00e4n miesten viikonlopun lopetushetkeen, ennen kuin miehet l\u00e4htev\u00e4t ajamaan koteihinsa. Olin kuullut puhuttavan paljon hyv\u00e4\u00e4 n\u00e4ist\u00e4 viikonlopuista, mutten ollut koskaan ollut niiss\u00e4 mukana. En my\u00f6sk\u00e4\u00e4n ollut tavannut aiemmin Teemua. Yst\u00e4v\u00e4ni siis soittivat lauantai-iltana. Otin kopin.<\/h2>\n\n\n\n<h2 class=\"wp-block-heading\">Aamulla her\u00e4tess\u00e4ni, kun kuuntelin Ben Adamsin musiikkia, alkoi sanoja tulvia. N\u00e4pp\u00e4ilin k\u00e4nnykk\u00e4\u00e4n runoni. Minulla ei ollut ajatusta sen esitt\u00e4miseen. Ajelin sunnuntaina puolenp\u00e4iv\u00e4n j\u00e4lkeen Joutsaan. Paikanp\u00e4\u00e4ll\u00e4 tuli vahva tunne, ett\u00e4 taidan kantaesitt\u00e4\u00e4 siell\u00e4 aamulla syntyneen uunituoreen runoni. Vastaanotto oli kyyneleinen. Monen miehen suru l\u00e4hti virtaamaan.<\/h2>\n\n\n\n<h2 class=\"wp-block-heading\">Ihanaa <span class=\"sce_emoji-heart\" title=\"heart\"><\/span><\/h2>\n\n\n\n<h2 class=\"wp-block-heading\">Olin vihdoinkin saapunut&nbsp;tuntevien miesten maailmaan.<\/h2>\n\n\n\n<h2 class=\"wp-block-heading\">T\u00e4m\u00e4 on itselleni yksi merkitt\u00e4vimmist\u00e4, surua kuvaavista runoistani.<\/h2>\n\n\n\n<figure class=\"wp-block-image size-large\"><img loading=\"lazy\" decoding=\"async\" width=\"763\" height=\"1024\" src=\"https:\/\/bonis-avibus.fi\/bonis-avibus\/wp-content\/uploads\/2022\/02\/Tunturipuro-763x1024.jpg\" alt=\"\" class=\"wp-image-9187\" srcset=\"https:\/\/bonis-avibus.fi\/bonis-avibus\/wp-content\/uploads\/2022\/02\/Tunturipuro-763x1024.jpg 763w, https:\/\/bonis-avibus.fi\/bonis-avibus\/wp-content\/uploads\/2022\/02\/Tunturipuro-224x300.jpg 224w, https:\/\/bonis-avibus.fi\/bonis-avibus\/wp-content\/uploads\/2022\/02\/Tunturipuro.jpg 766w\" sizes=\"auto, (max-width: 763px) 100vw, 763px\" \/><\/figure>\n\n\n\n<div style=\"height:24px\" aria-hidden=\"true\" class=\"wp-block-spacer\"><\/div>\n\n\n\n<figure class=\"wp-block-embed is-type-video is-provider-youtube wp-block-embed-youtube wp-embed-aspect-16-9 wp-has-aspect-ratio\"><div class=\"wp-block-embed__wrapper\">\n<iframe loading=\"lazy\" title=\"TO THE MOON AND BACK | Ben Adams | Piano (No Copyright)\" width=\"500\" height=\"281\" src=\"https:\/\/www.youtube.com\/embed\/K3k934M108g?feature=oembed\" frameborder=\"0\" allow=\"accelerometer; autoplay; clipboard-write; encrypted-media; gyroscope; picture-in-picture; web-share\" referrerpolicy=\"strict-origin-when-cross-origin\" allowfullscreen><\/iframe>\n<\/div><\/figure>\n\n\n<p>\u00a0<\/p>\n<p>Klikkaa ensin musiikki soimaan taustalle : Ben Adams, &#8221;To the Moon and Back&#8221;<\/p>\n<p>Sen j\u00e4lkeen t\u00e4st\u00e4 voit musiikin soidessa kuunnella audiona tulkintani runosta.<\/p>\n<div class=\"compact_audio_player_wrapper\"><div class=\"sc_player_container1\"><input type=\"button\" id=\"btnplay_69eb78bb780396.17743443\" class=\"myButton_play\" onClick=\"play_mp3('play','69eb78bb780396.17743443','https:\/\/bonis-avibus.fi\/bonis-avibus\/wp-content\/uploads\/2020\/03\/Tunturipurojen-Viisaus_masteroitu.mp3','80','false');show_hide('play','69eb78bb780396.17743443');\" \/><input type=\"button\"  id=\"btnstop_69eb78bb780396.17743443\" style=\"display:none\" class=\"myButton_stop\" onClick=\"play_mp3('stop','69eb78bb780396.17743443','','80','false');show_hide('stop','69eb78bb780396.17743443');\" \/><div id=\"sm2-container\"><!-- flash movie ends up here --><\/div><\/div><\/div>\n<p>Musiikki jatkuu viel\u00e4 runon p\u00e4\u00e4ttymisen j\u00e4lkeen.\u00a0<\/p>\n\r\n\t\t<div class=\"magee-expand \" id=\"\" data-less-icon=\"fa-arrow-circle-up\" data-less-icon-color=\"#002a8e\" data-less-text=\"Piilota\" data-more-icon=\"fa-arrow-circle-down\" data-more-icon-color=\"#002a8e\" data-more-text=\"Napsauttamalla t\u00e4t\u00e4 l\u00f6ytyy runoni kirjallinen versio\">\r\n            <div class=\"expand-control control-iim1wf\"><i class=\"fa fa-arrow-circle-down\" style=\"color:#002a8e;\"><\/i> Napsauttamalla t\u00e4t\u00e4 l\u00f6ytyy runoni kirjallinen versio<\/div>\r\n\t\t\t\t<div class=\"expand-content\" style=\"display:none;\">\r\n\t\t\t\t\t<\/p>\n<p>Se on suru!<\/p>\n<p>Juuri sit\u00e4 paennut,<br \/>tehnyt kaikkeni,\u00a0<br \/>etten kohtaisi.<\/p>\n<p>Suru se on!\u00a0<br \/>Odottanut jokaisessa tieni risteyksess\u00e4.<\/p>\n<p>T\u00e4n\u00e4 aamuna suru istuu vieress\u00e4ni,\u00a0<br \/>aloittaa kanssani jokap\u00e4iv\u00e4isen jumpan.<\/p>\n<p>Suru el\u00e4\u00e4 minussa,\u00a0<br \/>jumiutuneissa lihaksissani,<br \/>nivelsiteiden kiinnittymiskohdissa,<br \/>verisuoniston sein\u00e4miss\u00e4,\u00a0<br \/>taivutusten kivuliaissa \u00e4\u00e4ripisteiss\u00e4.<\/p>\n<p>Suru on tulevaisuuden valinnoissa,\u00a0<br \/>se asuu pois heitt\u00e4mist\u00e4 odottavissa tavaroissa.<\/p>\n<p>Surun voisin kyll\u00e4 peitt\u00e4\u00e4 puuhakkuudella.\u00a0<br \/><u>Sit\u00e4<\/u>\u00a0olisi mahdollista paeta kaikkeen turhanp\u00e4iv\u00e4iseen tekemiseen.<\/p>\n<p>T\u00e4n\u00e4 aamuna toivotan sen tervetulleeksi.<\/p>\n<p>Tule suruni,\u00a0<br \/>k\u00e4y istumaan rauhassa tuvan keinutuoliin.\u00a0<br \/>Olen t\u00e4ss\u00e4, kerro minulle tarinasi.<\/p>\n<p>Kun olit pieni, muutin sinuun.\u00a0<br \/>Aina, kun joku sinua satutti, kasvoin yh\u00e4 suuremmaksi.\u00a0<br \/>Asetuin asumaan kaikkeen,\u00a0<br \/>mik\u00e4 on sinua.\u00a0<br \/>Vaillej\u00e4\u00e4miset olivat ruokaani.<\/p>\n<p>Joka p\u00e4iv\u00e4 sin\u00e4 tunnistat minut oman surusi.<\/p>\n<p>Olen l\u00e4sn\u00e4 kaikkina el\u00e4m\u00e4si hetkin\u00e4.<\/p>\n<p>En halua sinulle pahaa.\u00a0<br \/>Juuri min\u00e4 olen se kohta sieluasi,\u00a0<br \/>josta kumpuaa kirkas luovuus.<\/p>\n<p>Joka kerta, kun el\u00e4m\u00e4si kipeys saa tulla n\u00e4kyv\u00e4ksi, voi olla sinussa olemassa. .\u00a0<br \/>Joka kerta, kun hyv\u00e4ksyt minut,\u00a0<br \/>annan sinulle suurinta, mit\u00e4 el\u00e4m\u00e4ss\u00e4si on.<\/p>\n<p>Lahjoitan kyyneleiden tunturipurojen viisauden, herkkyyden ja tuntevana ihmisen\u00e4 olemisen kauneuden.<\/p>\n<p>Min\u00e4 se olen, jota et tarvitse paeta.<\/p>\n<p>Olen yst\u00e4v\u00e4si t\u00e4ll\u00e4 el\u00e4m\u00e4si\u00a0<u>matkalla.<\/u>..<\/p>\n<div class=\" divider magee-divider magee-shortcode divider-5jeo4t divider-shadow\" id=\"\"><div class=\"divider-inner divider-border\"><\/div><\/div>\u00a0\r\n\t\t\t\t<\/div>\r\n\t\t\t<\/div>\n<p>Lis\u00e4\u00e4 runojani l\u00f6ytyy <em><a href=\"https:\/\/bonis-avibus.fi\/bonis-avibus\/runojani-kuunneltavaksi\/\" target=\"_blank\" rel=\"noopener noreferrer\"><strong>t\u00e4\u00e4lt\u00e4<\/strong><\/a><\/em>.<\/p>\n<p>Kotisivujemme alkuun&#8230;\u00a0<a href=\"https:\/\/bonis-avibus.fi\/\" target=\"_blank\" rel=\"noopener noreferrer\"><em><strong>Bonis-avibus.fi<\/strong><\/em><\/a><\/p>\n\n\n<p><\/p>\n","protected":false},"excerpt":{"rendered":"<p>\u201dTunturipurojen viisaus\u201d runoni syntyi sunnuntaiaamuna 2.9.2018. Edellisen\u00e4 iltana oli parilla yst\u00e4v\u00e4ll\u00e4ni tullut idea. He kutsuisivat minut esitt\u00e4m\u00e4\u00e4n muutaman runon Teemu Syrj\u00e4l\u00e4n vet\u00e4m\u00e4n miesten viikonlopun lopetushetkeen, ennen kuin miehet l\u00e4htev\u00e4t ajamaan koteihinsa. Olin kuullut puhuttavan paljon hyv\u00e4\u00e4 n\u00e4ist\u00e4 viikonlopuista, mutten ollut koskaan ollut niiss\u00e4 mukana. En my\u00f6sk\u00e4\u00e4n ollut tavannut aiemmin Teemua. Yst\u00e4v\u00e4ni siis soittivat lauantai-iltana. Otin kopin. Aamulla her\u00e4tess\u00e4ni, kun kuuntelin<\/p>\n<p><a class=\"more-link\" href=\"https:\/\/bonis-avibus.fi\/bonis-avibus\/tunturipurojen-viisaus\/\">Read More<\/a><\/p>\n","protected":false},"author":2,"featured_media":0,"parent":0,"menu_order":0,"comment_status":"closed","ping_status":"closed","template":"","meta":{"footnotes":""},"class_list":["post-6170","page","type-page","status-publish","hentry"],"_links":{"self":[{"href":"https:\/\/bonis-avibus.fi\/bonis-avibus\/wp-json\/wp\/v2\/pages\/6170","targetHints":{"allow":["GET"]}}],"collection":[{"href":"https:\/\/bonis-avibus.fi\/bonis-avibus\/wp-json\/wp\/v2\/pages"}],"about":[{"href":"https:\/\/bonis-avibus.fi\/bonis-avibus\/wp-json\/wp\/v2\/types\/page"}],"author":[{"embeddable":true,"href":"https:\/\/bonis-avibus.fi\/bonis-avibus\/wp-json\/wp\/v2\/users\/2"}],"replies":[{"embeddable":true,"href":"https:\/\/bonis-avibus.fi\/bonis-avibus\/wp-json\/wp\/v2\/comments?post=6170"}],"version-history":[{"count":55,"href":"https:\/\/bonis-avibus.fi\/bonis-avibus\/wp-json\/wp\/v2\/pages\/6170\/revisions"}],"predecessor-version":[{"id":18906,"href":"https:\/\/bonis-avibus.fi\/bonis-avibus\/wp-json\/wp\/v2\/pages\/6170\/revisions\/18906"}],"wp:attachment":[{"href":"https:\/\/bonis-avibus.fi\/bonis-avibus\/wp-json\/wp\/v2\/media?parent=6170"}],"curies":[{"name":"wp","href":"https:\/\/api.w.org\/{rel}","templated":true}]}}