{"id":6219,"date":"2020-03-20T14:11:36","date_gmt":"2020-03-20T12:11:36","guid":{"rendered":"https:\/\/bonis-avibus.fi\/bonis-avibus\/?page_id=6219"},"modified":"2022-01-26T15:45:53","modified_gmt":"2022-01-26T13:45:53","slug":"rakasta-minut-hellasti-hereille","status":"publish","type":"page","link":"https:\/\/bonis-avibus.fi\/bonis-avibus\/rakasta-minut-hellasti-hereille\/","title":{"rendered":"Rakasta minut hell\u00e4sti hereille"},"content":{"rendered":"<p><img loading=\"lazy\" decoding=\"async\" width=\"959\" height=\"245\" src=\"https:\/\/bonis-avibus.fi\/bonis-avibus\/wp-content\/uploads\/2020\/03\/maapallo-sunrise-1756274_960_720-Arek-Socha-ver-2.jpg\" alt=\"\" srcset=\"https:\/\/bonis-avibus.fi\/bonis-avibus\/wp-content\/uploads\/2020\/03\/maapallo-sunrise-1756274_960_720-Arek-Socha-ver-2.jpg 959w, https:\/\/bonis-avibus.fi\/bonis-avibus\/wp-content\/uploads\/2020\/03\/maapallo-sunrise-1756274_960_720-Arek-Socha-ver-2-300x77.jpg 300w, https:\/\/bonis-avibus.fi\/bonis-avibus\/wp-content\/uploads\/2020\/03\/maapallo-sunrise-1756274_960_720-Arek-Socha-ver-2-768x196.jpg 768w, https:\/\/bonis-avibus.fi\/bonis-avibus\/wp-content\/uploads\/2020\/03\/maapallo-sunrise-1756274_960_720-Arek-Socha-ver-2-800x204.jpg 800w\" sizes=\"auto, (max-width: 959px) 100vw, 959px\" \/>\t\t\t\t\t\t\t\t\t\t\t<\/p>\n<p>Runoni \u201dRakasta minut hell\u00e4sti hereille\u201d syntyi aamuy\u00f6ll\u00e4 16.2.2020 Joutsassa, hirsisess\u00e4, vanhassa ulkoaitassa.<\/p>\n<p>Olin mukana Syrj\u00e4l\u00e4n Teemun vet\u00e4m\u00e4ss\u00e4 Miesten viikonlopussa.<\/p>\n<p>Minulla oli lauantaina kolmen tunnin osuus. Tarinoin tunteista ja siit\u00e4, miten merkitt\u00e4v\u00e4\u00e4 on p\u00e4\u00e4st\u00e4\u00e4 irti asioista, jotka sitovat voimallaan menneeseen. Traumat sitovat tunteilla ihmiset heid\u00e4n omaan historiaansa. Jos sinulle on tapahtunut jotain haavoittavaa, seuraa se niin pitk\u00e4\u00e4n mukanasi, kunnes on aika avata k\u00e4det. Lopullisesti kipe\u00e4t kokemukset sulavat, kun syd\u00e4n on l\u00e4mmennyt antamaan anteeksi niille, jotka ovat haavoittaneet ja satuttaneet el\u00e4m\u00e4n matkan varrella.\u00a0<\/p>\n<p>\t\t\t\t\t\t\t\t\t\t<img loading=\"lazy\" decoding=\"async\" width=\"960\" height=\"429\" src=\"https:\/\/bonis-avibus.fi\/bonis-avibus\/wp-content\/uploads\/2020\/03\/K\u00e4det-24.jpg\" alt=\"\" srcset=\"https:\/\/bonis-avibus.fi\/bonis-avibus\/wp-content\/uploads\/2020\/03\/K\u00e4det-24.jpg 960w, https:\/\/bonis-avibus.fi\/bonis-avibus\/wp-content\/uploads\/2020\/03\/K\u00e4det-24-300x134.jpg 300w, https:\/\/bonis-avibus.fi\/bonis-avibus\/wp-content\/uploads\/2020\/03\/K\u00e4det-24-768x343.jpg 768w, https:\/\/bonis-avibus.fi\/bonis-avibus\/wp-content\/uploads\/2020\/03\/K\u00e4det-24-800x358.jpg 800w\" sizes=\"auto, (max-width: 960px) 100vw, 960px\" \/>\t\t\t\t\t\t\t\t\t\t\t<\/p>\n<p>Joka kerta sattuu, kun uskaltaa olla totta ja kertoa historiastaan sit\u00e4, mit\u00e4 ei ehk\u00e4 koskaan ole kenellekk\u00e4\u00e4n avannut. Monella niin paljon vaillej\u00e4\u00e4misi\u00e4, kaltoinkohteluita\u2026 ei onneksi kaikilla.<\/p>\n<p>Onko nyt tullut aika my\u00f6s kollektiivisesti avata syd\u00e4memme siit\u00e4, mit\u00e4 sinulle ja minulle ja, mit\u00e4 meille kaikille kansakunnassamme on tapahtunut?<\/p>\n<p>Ihmisten selviytymisen ja eheytymisen kannalta surun merkitys on aivan oleellinen. Ymp\u00e4rill\u00e4 olevien l\u00e4heisten tai yst\u00e4vien my\u00f6t\u00e4tunto hoitaa. Se auttaa hyv\u00e4ksym\u00e4\u00e4n ja antaa rohkeutta tuntea el\u00e4m\u00e4ns\u00e4 voimalla, itke\u00e4, jos itkett\u00e4\u00e4. Silloin, jos ja kun ei ole toisten my\u00f6t\u00e4tuntoa saatavilla, on mahdollista pienin askelin opetella rakastamaan itse\u00e4, kokemaan itsemy\u00f6t\u00e4tuntoa. Ja onneksi on olemassa my\u00f6s puhelin. Se voi olla tarvittava dialoginen \u201dolkap\u00e4\u00e4\u201d. Usein silloin, kun minua ahdistus pahimmillaan riivasi, sain itke\u00e4 surujani puhelimen v\u00e4lityksell\u00e4.<\/p>\n<p>Vakavat vastoink\u00e4ymiset ja kriisit aktivoivat ihmisen oman eletyn el\u00e4m\u00e4n tunnehistorian. Silloin sis\u00e4ll\u00e4mme oleva pieni lapsi alkaa tarkasti havainnoida ymp\u00e4rist\u00f6ss\u00e4 tapahtuvia asioita. Se sis\u00e4inen lapsi on meiss\u00e4 oleva tunteva osa, kriiseiss\u00e4 vahvasti pelk\u00e4\u00e4v\u00e4.<\/p>\n<p>Muistan, miten kolmekymment\u00e4 vuotta sitten itse olin el\u00e4m\u00e4 ja kuolema rajalla. Lasten vakavat sairaudet ja oma totaalinen loppuunpalaminen. Mielet\u00f6n m\u00e4\u00e4r\u00e4 tunteita, eik\u00e4 ollut kyky\u00e4 ja taitoa muuhun, kuin tunteiden pakenemiseen. Pelk\u00e4sin niit\u00e4! En ymm\u00e4rt\u00e4nyt, ett\u00e4 tunteet on tuntemista varten. En tiennyt viel\u00e4 silloin, ett\u00e4 hyv\u00e4ksym\u00e4ll\u00e4 omat tunteensa, toivottamalla ne tervetulleeksi, tunteiden tuhovoima pienenee ja lopulta h\u00e4vi\u00e4\u00e4. Hyv\u00e4ksym\u00e4ll\u00e4 tunteensa, syntyy vahva pohja ihmisen kasvulle. Enk\u00e4 tiennyt silloin my\u00f6sk\u00e4\u00e4n mit\u00e4\u00e4n mieleni rauhoittamisesta.\u00a0\u00a0<\/p>\n<p>On t\u00e4rke\u00e4\u00e4, erityisesti t\u00e4n\u00e4 aikana, hyv\u00e4ksy\u00e4 pelon tunteet, kokea niit\u00e4, keskitty\u00e4 hengitykseen ja antaa surun virrata. Tunteiden pakeneminen aiheuttaa el\u00e4m\u00e4\u00e4 k\u00e4rsimyst\u00e4. Tunteiden kokeminen puolestaan eheytt\u00e4\u00e4.<\/p>\n<p>Silloin on mahdollista n\u00e4hd\u00e4 el\u00e4m\u00e4ss\u00e4 iloa, toivoa ja rakkautta ja silloin on mahdollista el\u00e4\u00e4 t\u00e4ss\u00e4 ja nyt <span class=\"sce_emoji-heart\" title=\"heart\"><\/span><\/p>\n<p>Sunnuntaina, kuudestoista p\u00e4iv\u00e4 helmikuuta, her\u00e4sin siell\u00e4 hirsisess\u00e4 aitassa. Aistin vahvasti, ett\u00e4 joku voimakas tunne liikkuu sis\u00e4ll\u00e4ni. Etsin Spotifyst\u00e4 musiikkia, jonka avulla saisin yhteyden t\u00e4h\u00e4n tunteeseen. L\u00f6ysin ja laitoin kuulokkeisiin ihanan herk\u00e4n musiikkitaustan. Aloin kirjoittamaan k\u00e4nnykk\u00e4\u00e4ni. Yht\u00e4kki\u00e4 l\u00e4hti minussa vy\u00f6rym\u00e4\u00e4n valtava hy\u00f6kyaalto kyyneleit\u00e4. Oi, miten ihanaa olikaan tuntea syv\u00e4lt\u00e4 ja saada kosketus sis\u00e4iseen rakkaaseen lapseeni.<\/p>\n<p>Ole hyv\u00e4, t\u00e4ss\u00e4 runoni yhteiselle selviytymisellemme&#8230;<\/p>\n<p>Klikkaa ensin musiikki soimaan. Kun 47 sekunnin kohdalla pianon soitto muuttuu, klikkaa kuulumaan esitykseni.<\/p>\n<p>Annan, jos se vain suinkin on mahdollista, sanojeni kulkea syd\u00e4mesi kautta sille sis\u00e4iselle, sinussa el\u00e4v\u00e4lle pienelle rakkaalle<\/p>\n<p>\t\t\t\t\t\t\t\t\t\t<img loading=\"lazy\" decoding=\"async\" width=\"960\" height=\"217\" src=\"https:\/\/bonis-avibus.fi\/bonis-avibus\/wp-content\/uploads\/2020\/03\/itku-crying-572342_960_720-Tobias-Wahlqvis-leike.jpg\" alt=\"\" srcset=\"https:\/\/bonis-avibus.fi\/bonis-avibus\/wp-content\/uploads\/2020\/03\/itku-crying-572342_960_720-Tobias-Wahlqvis-leike.jpg 960w, https:\/\/bonis-avibus.fi\/bonis-avibus\/wp-content\/uploads\/2020\/03\/itku-crying-572342_960_720-Tobias-Wahlqvis-leike-300x68.jpg 300w, https:\/\/bonis-avibus.fi\/bonis-avibus\/wp-content\/uploads\/2020\/03\/itku-crying-572342_960_720-Tobias-Wahlqvis-leike-768x174.jpg 768w, https:\/\/bonis-avibus.fi\/bonis-avibus\/wp-content\/uploads\/2020\/03\/itku-crying-572342_960_720-Tobias-Wahlqvis-leike-800x181.jpg 800w\" sizes=\"auto, (max-width: 960px) 100vw, 960px\" \/>\t\t\t\t\t\t\t\t\t\t\t<\/p>\n<p>Ukko K\u00e4rkk\u00e4inen Miesten viikonlopussa 16.2.2020<\/p>\n<p>&#8221;Rakasta minut hell\u00e4sti hereille&#8221;<\/p>\n<p>T\u00e4st\u00e4 voit kuunnella runoni<\/p>\n<div class=\"compact_audio_player_wrapper\"><div class=\"sc_player_container1\"><input type=\"button\" id=\"btnplay_69eb7a255aae89.72894530\" class=\"myButton_play\" onClick=\"play_mp3('play','69eb7a255aae89.72894530','https:\/\/bonis-avibus.fi\/bonis-avibus\/wp-content\/uploads\/2022\/01\/Rakasta-minut-hell\u00e4sti-hereille-uusi-masterointi.mp3','80','false');show_hide('play','69eb7a255aae89.72894530');\" \/><input type=\"button\"  id=\"btnstop_69eb7a255aae89.72894530\" style=\"display:none\" class=\"myButton_stop\" onClick=\"play_mp3('stop','69eb7a255aae89.72894530','','80','false');show_hide('stop','69eb7a255aae89.72894530');\" \/><div id=\"sm2-container\"><!-- flash movie ends up here --><\/div><\/div><\/div>\n<p>https:\/\/www.youtube.com\/watch?v=ZxewICR8yr8<\/p>\n<p>Musiikin \u00e4\u00e4nitasoa kannattaa laskea reilusti, jotta runo on hyvin kuultavissa.<\/p>\n\r\n\t\t<div class=\"magee-expand \" id=\"\" data-less-icon=\"\" data-less-icon-color=\"\" data-less-text=\"Kuuntele t\u00e4st\u00e4 enemm\u00e4n\" data-more-icon=\"\" data-more-icon-color=\"\" data-more-text=\"T\u00e4st\u00e4 voit lukea runoni\">\r\n            <div class=\"expand-control control-ep4jal\"><img decoding=\"async\" src=\"\" class=\"image-instead\"\/>T\u00e4st\u00e4 voit lukea runoni<\/div>\r\n\t\t\t\t<div class=\"expand-content\" style=\"display:none;\">\r\n\t\t\t\t\t<\/p>\n<p>Sen kohtaamisen tulet muistamaan loppuik\u00e4si,<br \/>hetken,<br \/>jolloin n\u00e4it h\u00e4net,<br \/>kasvoista kasvoihin.<\/p>\n<p>Yht\u00e4kki\u00e4,<br \/>aivan varoittamatta,<br \/>vuosikymmenet h\u00e4visiv\u00e4t v\u00e4lilt\u00e4nne<br \/>ja sin\u00e4 tunnistit lapsen itsess\u00e4si.<\/p>\n<p>Voi miten paljon kyyneleit\u00e4 olikaan j\u00e4\u00e4tynyt.<\/p>\n<p>Tied\u00e4tk\u00f6!<\/p>\n<p>Sit\u00e4kin voi pyyt\u00e4\u00e4.<\/p>\n<p>Avaudu sin\u00e4 lempe\u00e4,<br \/>parantava yhteys.<\/p>\n<p>Kosketa sieluani niin syv\u00e4lt\u00e4,<br \/>etten koskaan en\u00e4\u00e4 unohda sinua<br \/>pieni rakas,<br \/>etten en\u00e4\u00e4 k\u00e4\u00e4nn\u00e4 sinulle selk\u00e4\u00e4ni.<\/p>\n<p>Katso minua aikuista niin pitk\u00e4\u00e4n,<br \/>ett\u00e4 muistan sinut silloinkin,<br \/>kun kylm\u00e4 viima puhaltaa v\u00e4lill\u00e4mme,<br \/>kun lumi peitt\u00e4\u00e4 askeleesi,<br \/>kun jokin tulee n\u00e4k\u00f6\u00e4ni sumentamaan.<\/p>\n<p>Ole sin\u00e4 her\u00e4ill\u00e4 silloin, kun itse nukahdan kiireen unettavaan maailmaan.<\/p>\n<p>Rakasta minut hell\u00e4sti hereille unestani.<\/p>\n<p>Vie minut kanssasi leikkim\u00e4\u00e4n ilojoen varrelle kaikki ne huolen unohtamat riemut.<br \/>Sulata syd\u00e4meni el\u00e4m\u00e4\u00e4n, kokemaan, olemaan l\u00e4sn\u00e4, tuntemaan syv\u00e4lt\u00e4.<\/p>\n<p>Johdata minut lapsuuteni pajulinnun luo. Juuri sen haikeassa laulussa tunnistin syv\u00e4n suruni ja my\u00f6t\u00e4tunnon suloinen l\u00e4mp\u00f6\u00e4 sulatti kokonaisen el\u00e4m\u00e4ni.<\/p>\n<p>Min\u00e4 lupaan tehd\u00e4 sinulle rakas pihkan tuoksuisista havuista majan.<\/p>\n<p>Lupaan,<br \/>etten en\u00e4\u00e4 koskaan,<br \/>en ikin\u00e4 hylk\u00e4\u00e4 sinua.<\/p>\n<p>Kiitos rakas pieni\u00a0<!--[endif]--><\/p>\n<p>Kiitos,<br \/>ett\u00e4 jaksoit odottaa minua niin monen monet j\u00e4\u00e4t\u00e4v\u00e4n kylm\u00e4t vuodet.<\/p>\n<p>Vihdoinkin minussa virtaa,<br \/>el\u00e4m\u00e4ni alusta,<br \/>t\u00e4h\u00e4n p\u00e4iv\u00e4\u00e4n asti,<br \/>piilossa olleet tunteet.<\/p>\n<p><!-- [if gte vml 1]><v:shape id=\"Muoto1\" o:spid=\"_x0000_s1026\" style='position:absolute; margin-left:62.1pt;margin-top:43.9pt;width:33.9pt;height:33.45pt;z-index:3; visibility:visible;mso-wrap-style:square;mso-wrap-distance-left:0; mso-wrap-distance-top:0;mso-wrap-distance-right:0;mso-wrap-distance-bottom:0; mso-position-horizontal:absolute;mso-position-horizontal-relative:text; mso-position-vertical:absolute;mso-position-vertical-relative:text; v-text-anchor:top' coordsize=\"22813,22600\" o:gfxdata=\"UEsDBBQABgAIAAAAIQC75UiUBQEAAB4CAAATAAAAW0NvbnRlbnRfVHlwZXNdLnhtbKSRvU7DMBSF dyTewfKKEqcMCKEmHfgZgaE8wMW+SSwc27JvS\/v23KTJgkoXFsu+P+c7Ol5vDoMTe0zZBl\/LVVlJ gV4HY31Xy4\/tS3EvRSbwBlzwWMsjZrlprq\/W22PELHjb51r2RPFBqax7HCCXIaLnThvSAMTP1KkI +gs6VLdVdad08ISeCho1ZLN+whZ2jsTzgcsnJwldluLxNDiyagkxOquB2Knae\/OLUsyEkjenmdzb mG\/YhlRnCWPnb8C898bRJGtQvEOiVxjYhtLOxs8AySiT4JuDystlVV4WPeM6tK3VaILeDZxIOSsu ti\/jidNGNZ3\/J08yC1dNv9v8AAAA\/\/8DAFBLAwQUAAYACAAAACEArTA\/8cEAAAAyAQAACwAAAF9y ZWxzLy5yZWxzhI\/NCsIwEITvgu8Q9m7TehCRpr2I4FX0AdZk2wbbJGTj39ubi6AgeJtl2G9m6vYx jeJGka13CqqiBEFOe2Ndr+B03C3WIDihMzh6RwqexNA281l9oBFTfuLBBhaZ4ljBkFLYSMl6oAm5 8IFcdjofJ0z5jL0MqC\/Yk1yW5UrGTwY0X0yxNwri3lQgjs+Qk\/+zfddZTVuvrxO59CNCmoj3vCwj MfaUFOjRhrPHaN4Wv0VV5OYgm1p+LW1eAAAA\/\/8DAFBLAwQUAAYACAAAACEAvtP05UEDAAD8CAAA HwAAAGNsaXBib2FyZC9kcmF3aW5ncy9kcmF3aW5nMS54bWysVtuS2ygQfU\/V\/oOKd8eALsauaFK5 OZWqJDs1k\/0ALCFbtQhUgB1Pvj4NSGPLk704yYsN7u5Dn9NN4xcvj51MDsLYVqsSkecYJUJVum7V tkR\/fVnPGEqs46rmUitRogdh0cubP5694Kut4f2urRJAUHbFS7Rzrl\/N57baiY7b57oXCmyNNh13 sDXbeW34V0Du5JxiXMw73ip0c4J6yx1P9qb9CSipq79F\/YarA7cAKavV+S9DjrL6dWS+Uof3pr\/v b43PvPp8uDVJW5cIlFO8A4nQfDAMbrCdX0RtTwDHxnTeXzdNcoQK5JgtCsB6KFGK03yZ5hFPHF1S gUOW4jwFewUOGc0YGezV7s\/\/QKh27\/4VA5KMycDiLEHb+\/TU4SnjYmT8aa+dJo+8vedIeoyyg16\/ h+5jqlCAvXXvhQ4a8sNH64L623pc8d24qo5qXBpRuUSWSKLElcihxJTIoGRTok1k0XPn4zxzv0y+ lohSRlKU7PyqwDj0bacP4osOXi5UDzNCQ+0oyZeZx4JUT17VftNWr8W3aUyexXqTZUbT4fwAt1xk oDEUmhSLjJ5bFgyTaMkxRMdzpujTXR8As3xoLUIpNFGQKlposYCb7o+ieT6x5EXMgTE8EppCT3cR blbgPMAVKQlRoGPIYEbxcM4ynzDKCDAMXQ8q\/18+rCAxuRmBeXLOh+AU9Pd4FAo3tTzWiLFggRJN OUx3MXFCvGI\/BKRLtgiWp1ksMnY9K0pYGqPIhUjAZZDvUlcKhGMSV9WJsCWNhXpSd7LAGfR7aImL ZiEpw0OCV7UfISwfqn\/Z0ITgYjjt8haQH16qaY0qqa2IXePva7h2j3c41Pc0JayWbb1upfT31prt 5o00yYHDOFivMww3O+JM3KQKzv8YmWZF\/mq8HmeRcLQPha9xALrjfRio7vha1w8edQPfYWCCr3X3 7kF6JnBh\/IdQ9S03\/A4eGcn9m9y0s\/WHIUXwAOQT0t6K+\/4OZltkMB5lPaQHk+pONPBYwTMS55et Bvow\/6C5AR4+YQqOGoQAH9mAXFfGDiGBRNNAUlfGizEonK\/VKb5rlTZjlSK3IDCocfHuB32G\/yn+ z8X5\/uY7AAAA\/\/8DAFBLAwQUAAYACAAAACEAkn2H4B0HAABJIAAAGgAAAGNsaXBib2FyZC90aGVt ZS90aGVtZTEueG1s7FlLbxs3EL4X6H9Y7L2xZL1iI3JgyXLcxC9ESoocKYnaZcxdLkjKjm5Fcuql QIG06KEBeuuhKBqgARr00h9jwEGb\/ogOuS9SouIHXCAobAHG7uw3w+HM7Mzs8M7dZxH1jjEXhMVt v3qr4ns4HrExiYO2\/2iw\/dlt3xMSxWNEWYzb\/gwL\/+7Gp5\/cQesjSpIhQ3w8CHGEPRAUi3XU9kMp k\/WVFTECMhK3WIJjeDZhPEISbnmwMuboBBaI6MpqpdJciRCJ\/Q2QKJWgHoV\/sRSKMKK8r8RgL0YR rH4wmZAR1tjxUVUhxEx0KfeOEW37IHPMTgb4mfQ9ioSEB22\/ov\/8lY07K2g9Y6JyCa\/Bt63\/Mr6M YXy0qtfkwbBYtF5v1JubhXwNoHIR12v1mr1mIU8D0GgEO011sWW2Vrv1DGuA0kuH7K3WVq1q4Q35 tQWdNxvqZ+E1KJVfX8Bvb3fBihZeg1J8YwHf6Kx1tmz5GpTimwv4VmVzq96y5GtQSEl8tICuNJq1 br7bAjJhdMcJX2vUt1urmfASBdFQRJdaYsJiuSzWIvSU8W0AKCBFksSenCV4gkYQk11EyZATb5cE IQRegmImgFxZrWxXavBf\/er6SnsUrWNkcCu9QBOxQFL6eGLESSLb\/n2Q6huQs7dvT5+\/OX3+++mL F6fPf83W1qIsvh0UBybf+5+++efVl97fv\/34\/uW36dLzeGHi3\/3y1bs\/\/vyQeNhxaYqz716\/e\/P6 7Puv\/\/r5pUP6JkdDEz4gERbePj7xHrIINujQHw\/55TgGISImx2YcCBQjtYpDfk+GFnp\/hihy4DrY tuNjDqnGBbw3fWop3A\/5VBKHxAdhZAH3GKMdxp1WeKDWMsw8mMaBe3E+NXEPETp2rd1FseXl3jSB HEtcIrshttQ8pCiWKMAxlp56xo4wduzuCSGWXffIiDPBJtJ7QrwOIk6TDMjQiqaSaYdE4JeZS0Hw t2Wbvcdeh1HXrrfwsY2EdwNRh\/IDTC0z3kNTiSKXyAGKqGnwXSRDl5L9GR+ZuJ6Q4OkAU+b1xlgI F88Bh\/0aTn8Aacbt9j06i2wkl+TIJXMXMWYit9hRN0RR4sL2SRya2M\/FEYQo8g6ZdMH3mP2GqHvw A4qXuvsxwZa7z88GjyDDmiqVAaKeTLnDl\/cws+K3P6MThF2pZpNHVord5MQZHZ1pYIX2LsYUnaAx xt6jzx0adFhi2bxU+n4IWWUHuwLrPrJjVd3HWGBPNzeLeXKXCCtk+zhgS\/TZm80lnhmKI8SXSd4H r5s270Gpi1wBcEBHRyZwn0C\/B\/HiNMqBABlGcC+Vehgiq4Cpe+GO1xm3\/HeRdwzey6eWGhd4L4EH X5oHErvJ80HbDBC1FigDZoCgy3ClW2Cx3F+yqOKq2aZOvon90pZugO7IanoiEp\/bAc31Po3\/rveB DuPsh1eOl+16+h23YCtZXbLTWZZMdub6m2W4+a6my\/iYfPxNzRaaxocY6shixrrpaW56Gv9\/39Ms e59vOpll\/cZNJ+NDh3HTyWTDlevpZMrmBfoaNfBIBz167BMtnfpMCKV9OaN4V+jBj4DvmfE2EBWf nm7iYgqYhHCpyhwsYOECjjSPx5n8gsiwH6IEpkNVXwkJRCY6EF7CBAyNNNkpW+HpNNpj43TYWa2q wWZaWQWSJb3SKOgwqJIputkqB3iFeK1toAetuQKK9zJKGIvZStQcSrRyojKSHuuC0RxK6J1dixZr Di1uK\/G5qxa0ANUKr8AHtwef6W2\/UQcWYIJ5HDTnY+Wn1NW5d7Uzr9PTy4xpRQA02HkElJ5eU7ou 3Z7aXRpqF\/C0pYQRbrYS2jK6wRMhfAZn0amoF1Hjsr5eK11qqadModeD0CrVaN3+kBZX9TXwzecG GpuZgsbeSdtv1hoQMiOUtP0JDI3hMkogdoT65kI0gOOWkeTpC3+VzJJwIbeQCFOD66STZoOISMw9 SqK2r7ZfuIHGOodo3aqrkBA+WuXWIK18bMqB020n48kEj6TpdoOiLJ3eQoZPc4XzqWa\/Olhxsim4 ux+OT7whnfKHCEKs0aoqA46JgLODamrNMYHDsCKRlfE3V5iytGueRukYSumIJiHKKoqZzFO4TuWF OvqusIFxl+0ZDGqYJCuEw0AVWNOoVjUtqkaqw9Kqez6TspyRNMuaaWUVVTXdWcxaIS8Dc7a8WpE3 tMpNDDnNrPBp6p5PuWt5rpvrE4oqAQYv7OeouhcoCIZq5WKWakrjxTSscnZGtWtHvsFzVLtIkTCy fjMXO2e3okY4lwPilSo\/8M1HLZAmeV+pLe062N5DiTcMqm0fDpdhOPgMruB42gfaqqKtKhpcwZkz lIv0oLjtZxc5BZ6nlAJTyym1HFPPKfWc0sgpjZzSzClN39MnqnCKrw5TfS8\/MIUalh2wZr2Fffq\/ 8S8AAAD\/\/wMAUEsDBBQABgAIAAAAIQCcZkZBuwAAACQBAAAqAAAAY2xpcGJvYXJkL2RyYXdpbmdz L19yZWxzL2RyYXdpbmcxLnhtbC5yZWxzhI\/NCsIwEITvgu8Q9m7SehCRJr2I0KvUBwjJNi02PyRR 7Nsb6EVB8LIws+w3s037sjN5YkyTdxxqWgFBp7yenOFw6y+7I5CUpdNy9g45LJigFdtNc8VZ5nKU xikkUigucRhzDifGkhrRykR9QFc2g49W5iKjYUGquzTI9lV1YPGTAeKLSTrNIXa6BtIvoST\/Z\/th mBSevXpYdPlHBMulFxagjAYzB0pXZ501LV2BiYZ9\/SbeAAAA\/\/8DAFBLAQItABQABgAIAAAAIQC7 5UiUBQEAAB4CAAATAAAAAAAAAAAAAAAAAAAAAABbQ29udGVudF9UeXBlc10ueG1sUEsBAi0AFAAG AAgAAAAhAK0wP\/HBAAAAMgEAAAsAAAAAAAAAAAAAAAAANgEAAF9yZWxzLy5yZWxzUEsBAi0AFAAG AAgAAAAhAL7T9OVBAwAA\/AgAAB8AAAAAAAAAAAAAAAAAIAIAAGNsaXBib2FyZC9kcmF3aW5ncy9k cmF3aW5nMS54bWxQSwECLQAUAAYACAAAACEAkn2H4B0HAABJIAAAGgAAAAAAAAAAAAAAAACeBQAA Y2xpcGJvYXJkL3RoZW1lL3RoZW1lMS54bWxQSwECLQAUAAYACAAAACEAnGZGQbsAAAAkAQAAKgAA AAAAAAAAAAAAAADzDAAAY2xpcGJvYXJkL2RyYXdpbmdzL19yZWxzL2RyYXdpbmcxLnhtbC5yZWxz UEsFBgAAAAAFAAUAZwEAAPYNAAAAAA== \" path=\"m10812,21594c10540,19423,9746,16742,7801,15040,4560,12230,2678,12550,566,8804,-605,6314,-208,1952,4142,313v4474,-1319,6252,1915,6670,2575c11230,2228,12987,-1006,17482,313v4350,1639,4726,6001,3555,8491c18925,12550,17043,12230,13802,15040v-1944,1702,-2739,4383,-2990,6554xe\" fillcolor=\"#ff4000\" strokecolor=\"#3465a4\"><br \/> <v:path arrowok=\"t\"><\/v:path><br \/><\/v:shape><![endif]--><!-- [if !vml]--><!--[endif]-->Kiitos sin\u00e4 my\u00f6t\u00e4tunnon lempe\u00e4 voima,<br \/>kiitos sin\u00e4 haavoja parantava rakkaus&#8230;<br \/>kiitos,<br \/><u>k<\/u>iitos,<br \/>kiitos&#8230;\u00a0<em><br \/><\/em><\/p>\n<p>\u00a0<\/p>\n<p>\r\n\t\t\t\t<\/div>\r\n\t\t\t<\/div>\n<p>\t\t\t\t\t\t\t\t\t\t<img loading=\"lazy\" decoding=\"async\" width=\"951\" height=\"628\" src=\"https:\/\/bonis-avibus.fi\/bonis-avibus\/wp-content\/uploads\/2020\/03\/Lapsi-3.jpg\" alt=\"\" srcset=\"https:\/\/bonis-avibus.fi\/bonis-avibus\/wp-content\/uploads\/2020\/03\/Lapsi-3.jpg 951w, https:\/\/bonis-avibus.fi\/bonis-avibus\/wp-content\/uploads\/2020\/03\/Lapsi-3-300x198.jpg 300w, https:\/\/bonis-avibus.fi\/bonis-avibus\/wp-content\/uploads\/2020\/03\/Lapsi-3-768x507.jpg 768w, https:\/\/bonis-avibus.fi\/bonis-avibus\/wp-content\/uploads\/2020\/03\/Lapsi-3-800x528.jpg 800w\" sizes=\"auto, (max-width: 951px) 100vw, 951px\" \/><\/p>\n","protected":false},"excerpt":{"rendered":"<p>Runoni \u201dRakasta minut hell\u00e4sti hereille\u201d syntyi aamuy\u00f6ll\u00e4 16.2.2020 Joutsassa, hirsisess\u00e4, vanhassa ulkoaitassa. Olin mukana Syrj\u00e4l\u00e4n Teemun vet\u00e4m\u00e4ss\u00e4 Miesten viikonlopussa. Minulla oli lauantaina kolmen tunnin osuus. Tarinoin tunteista ja siit\u00e4, miten merkitt\u00e4v\u00e4\u00e4 on p\u00e4\u00e4st\u00e4\u00e4 irti asioista, jotka sitovat voimallaan menneeseen. Traumat sitovat tunteilla ihmiset heid\u00e4n omaan historiaansa. Jos sinulle on tapahtunut jotain haavoittavaa, seuraa se niin pitk\u00e4\u00e4n mukanasi, kunnes on aika<\/p>\n<p><a class=\"more-link\" href=\"https:\/\/bonis-avibus.fi\/bonis-avibus\/rakasta-minut-hellasti-hereille\/\">Read More<\/a><\/p>\n","protected":false},"author":2,"featured_media":0,"parent":0,"menu_order":0,"comment_status":"closed","ping_status":"closed","template":"","meta":{"footnotes":""},"class_list":["post-6219","page","type-page","status-publish","hentry"],"_links":{"self":[{"href":"https:\/\/bonis-avibus.fi\/bonis-avibus\/wp-json\/wp\/v2\/pages\/6219","targetHints":{"allow":["GET"]}}],"collection":[{"href":"https:\/\/bonis-avibus.fi\/bonis-avibus\/wp-json\/wp\/v2\/pages"}],"about":[{"href":"https:\/\/bonis-avibus.fi\/bonis-avibus\/wp-json\/wp\/v2\/types\/page"}],"author":[{"embeddable":true,"href":"https:\/\/bonis-avibus.fi\/bonis-avibus\/wp-json\/wp\/v2\/users\/2"}],"replies":[{"embeddable":true,"href":"https:\/\/bonis-avibus.fi\/bonis-avibus\/wp-json\/wp\/v2\/comments?post=6219"}],"version-history":[{"count":19,"href":"https:\/\/bonis-avibus.fi\/bonis-avibus\/wp-json\/wp\/v2\/pages\/6219\/revisions"}],"predecessor-version":[{"id":8330,"href":"https:\/\/bonis-avibus.fi\/bonis-avibus\/wp-json\/wp\/v2\/pages\/6219\/revisions\/8330"}],"wp:attachment":[{"href":"https:\/\/bonis-avibus.fi\/bonis-avibus\/wp-json\/wp\/v2\/media?parent=6219"}],"curies":[{"name":"wp","href":"https:\/\/api.w.org\/{rel}","templated":true}]}}