{"id":6293,"date":"2020-03-23T16:38:05","date_gmt":"2020-03-23T14:38:05","guid":{"rendered":"https:\/\/bonis-avibus.fi\/bonis-avibus\/?page_id=6293"},"modified":"2022-03-24T19:57:44","modified_gmt":"2022-03-24T17:57:44","slug":"onko-se-sita","status":"publish","type":"page","link":"https:\/\/bonis-avibus.fi\/bonis-avibus\/onko-se-sita\/","title":{"rendered":"Onko se sit\u00e4 &#8230; ?"},"content":{"rendered":"<p><strong>Onko se sit\u00e4\u2026 ?\u00a0<\/strong><\/p>\n<p>Erityisherkkyyden etsimismatkalla (Kantaesitys Jyv\u00e4skyl\u00e4ss\u00e4 6.8.2016)<\/p>\n<p><strong>Ukko K\u00e4rkk\u00e4inen 10.7.2016<\/strong><\/p>\n<p>Runoni taustaa:<\/p>\n<p>Sain talvella 2016 pyynn\u00f6n tulla Suomen Erityisherkkien yhdistyksen \u00a0&#8221;Heimojuhlaan&#8221;.Kolme viikkoa ennen esityst\u00e4ni tuli yll\u00e4tt\u00e4en keskell\u00e4 y\u00f6t\u00e4 her\u00e4tess\u00e4 kolme sanaa mieleeni:\u00a0&#8221;Onko\u00a0se\u00a0sit\u00e4?&#8221;\u00a0\u00a0Mietin, ett\u00e4 mik\u00e4 t\u00e4\u00e4 juttu oikein on&#8230; siis ne sanat &#8221;Onko\u00a0se\u00a0sit\u00e4?&#8221;\u00a0Nousin ja menin tupaa tietokoneelle. Valitsin yhden musiikkikappaleen ja kuuntelin hiljaa.\u00a0Sitten laitoin toisen kappaleen ja aloin kirjoittamaan&#8230;.\u00a0Yht\u00e4kki\u00e4 tapahtui jotain merkillist\u00e4?\u00a0Kyyneleeni alkoivat virrata ja sormeni kiisiv\u00e4t n\u00e4pp\u00e4imist\u00f6ll\u00e4.Vahvoja tunteita liikkui minussa viiden sivun verran&#8230;Musiikki avasi tunnekanavia.<\/p>\n<p>\u00a0<\/p>\n<p>Suosittelen, ett\u00e4 laitat taustalle soimaan David Tolkin; Amazing Grace oheisesta videoupotuksesta ja klikkaan sitten play-nappulaa, jossa lausun sinulle &#8221;Onko se sit\u00e4&#8221; runoni.<\/p>\n<p>Silm\u00e4t suljettuna tulee paras kuuntelukokemus.<\/p>\n<p>\t\t\t\t\t\t\t\t\t\t<img loading=\"lazy\" decoding=\"async\" width=\"960\" height=\"540\" src=\"https:\/\/bonis-avibus.fi\/bonis-avibus\/wp-content\/uploads\/2020\/03\/Haapa-1.jpg\" alt=\"\" srcset=\"https:\/\/bonis-avibus.fi\/bonis-avibus\/wp-content\/uploads\/2020\/03\/Haapa-1.jpg 960w, https:\/\/bonis-avibus.fi\/bonis-avibus\/wp-content\/uploads\/2020\/03\/Haapa-1-300x169.jpg 300w, https:\/\/bonis-avibus.fi\/bonis-avibus\/wp-content\/uploads\/2020\/03\/Haapa-1-768x432.jpg 768w, https:\/\/bonis-avibus.fi\/bonis-avibus\/wp-content\/uploads\/2020\/03\/Haapa-1-800x450.jpg 800w\" sizes=\"auto, (max-width: 960px) 100vw, 960px\" \/><br \/>\n\t\thttps:\/\/youtu.be\/_X24B_2TjPQ<\/p>\n<p><strong>\u00c4\u00c4NITIEDOSTO<\/strong><\/p>\n<p><div class=\"compact_audio_player_wrapper\"><div class=\"sc_player_container1\"><input type=\"button\" id=\"btnplay_69eb78d65bca29.57312700\" class=\"myButton_play\" onClick=\"play_mp3('play','69eb78d65bca29.57312700','http:\/\/bonis-avibus.fi\/bonis-avibus\/wp-content\/uploads\/2017\/06\/Onko-se-sit\u00e4.mp3','80','false');show_hide('play','69eb78d65bca29.57312700');\" \/><input type=\"button\"  id=\"btnstop_69eb78d65bca29.57312700\" style=\"display:none\" class=\"myButton_stop\" onClick=\"play_mp3('stop','69eb78d65bca29.57312700','','80','false');show_hide('stop','69eb78d65bca29.57312700');\" \/><div id=\"sm2-container\"><!-- flash movie ends up here --><\/div><\/div><\/div> T\u00e4st\u00e4 voit kuunnella runoni<\/p>\n<div class=\" divider magee-divider magee-shortcode divider-8637hn divider-shadow\" id=\"\"><div class=\"divider-inner divider-border\"><\/div><\/div>\n\r\n\t\t<div class=\"magee-expand \" id=\"\" data-less-icon=\"fa-arrow-circle-up\" data-less-icon-color=\"#002a8e\" data-less-text=\"Piilota\" data-more-icon=\"fa-arrow-circle-down\" data-more-icon-color=\"#002a8e\" data-more-text=\"Napsauttamalla runoni kirjallinen versio\">\r\n            <div class=\"expand-control control-ydn8rx\"><i class=\"fa fa-arrow-circle-down\" style=\"color:#002a8e;\"><\/i> Napsauttamalla runoni kirjallinen versio<\/div>\r\n\t\t\t\t<div class=\"expand-content\" style=\"display:none;\">\r\n\t\t\t\t\t<\/p>\n<p>Muistatko viel\u00e4 sen pihalla kasvaneen haapapuun<\/p>\n<p>tai siell\u00e4 rantaan menness\u00e4,<\/p>\n<p>koulutien varrella<\/p>\n<p>tai mummolan tuvan mets\u00e4nreunassa.<\/p>\n<p>Muistatko sen haavan, aivan miss\u00e4 tahansa?<\/p>\n<p>Onko sielusi kuin puu,<\/p>\n<p>jonka lehdet saa pienikin tuulenvire v\u00e4risem\u00e4\u00e4n?<\/p>\n<p>Synnyit \u00e4idillesi jossakin juuri sinun aikanasi.<\/p>\n<p>Oliko is\u00e4si paikalla odottamassa sinua?<\/p>\n<p>H\u00e4nk\u00f6 katkaisi napanuorasi,<\/p>\n<p>h\u00e4nk\u00f6 hell\u00e4sti rakastaen pesi vastasyntyneen?<\/p>\n<p>Vaiko oliko is\u00e4si muualla,<\/p>\n<p>sodassa, pellolla, toimistolla\u2026<\/p>\n<p>tai oliko h\u00e4n vihoissaan muuttanut pois sinut synnytt\u00e4neen luota?<\/p>\n<p>Siit\u00e4 voit olla kuitenkin varma,<\/p>\n<p>ett\u00e4 \u00e4itisi se oli,<\/p>\n<p>joka sinut is\u00e4si avulla maailmaan saattoi.<\/p>\n<p>Vai onko se sit\u00e4,<\/p>\n<p>ettei alun perink\u00e4\u00e4n ollut toivottu<\/p>\n<p>tai jos oli,<\/p>\n<p>niin sitten arjessa voimat vain loppuivat rakastaa,<\/p>\n<p>ei jaksettu kaiken kiireen ja puristuksen keskell\u00e4 antaa t\u00e4rkeint\u00e4.<\/p>\n<p>Ei ehk\u00e4 oikeasti ymm\u00e4rretty sit\u00e4,<\/p>\n<p>mik\u00e4 parasta juuri sinulle.<\/p>\n<p>Vai onko se sit\u00e4,<\/p>\n<p>ett\u00e4 huomaakin syntyneens\u00e4 tyhjyyteen<\/p>\n<p>ja j\u00e4\u00e4 lopun el\u00e4m\u00e4\u00e4ns\u00e4 etsim\u00e4\u00e4n yhteytt\u00e4,<\/p>\n<p>hakee jokaisesta vastaantulijasta omaa \u00e4iti\u00e4\u00e4n, omaa is\u00e4\u00e4ns\u00e4.<\/p>\n<p>Pieni, kuin herkk\u00e4\u00e4 vahaa\u2026<\/p>\n<p>Tiesiv\u00e4tk\u00f6 he,<\/p>\n<p>jotka muovailivat sinut kuvakseen,<\/p>\n<p>ett\u00e4 he saattoivatkin pakottaa n\u00e4k\u00f6isikseen?<\/p>\n<p>Tiesiv\u00e4tk\u00f6 he,<\/p>\n<p>ket\u00e4 itse oikein olivat,<\/p>\n<p>vai oliko heid\u00e4tkin valettu sukupolvien samalla muotilla,<\/p>\n<p>tehty suorittamaan ty\u00f6nsankareina el\u00e4m\u00e4\u00e4,<\/p>\n<p>naulaamaan rintamamiestaloja sukupolvesta toiseen<\/p>\n<p>tai sitten k\u00e4rsim\u00e4\u00e4n suoraan pullosta koko el\u00e4m\u00e4ns\u00e4 ep\u00e4onnistumisten j\u00e4lki-istunnossa?<\/p>\n<p>Onko se sit\u00e4,<\/p>\n<p>ett\u00e4 herkkyys syntyy kovuudesta,<\/p>\n<p>vai toisinp\u00e4in\u2026?<\/p>\n<p>Ett\u00e4 ankaruus se saa rannankin puut v\u00e4risem\u00e4\u00e4n \u2026?<\/p>\n<p>Onko se sit\u00e4, ett\u00e4 alkusolujen l\u00f6yt\u00e4ess\u00e4 toisensa,<\/p>\n<p>odotit jo jossain valmiina tulemaan mukaan kaikkine olemuksinesi?<\/p>\n<p>Ja ett\u00e4 kyky tuntea matkaakin mukana koko ajan,<\/p>\n<p>virittyy yh\u00e4 pienemmille aistimuksille el\u00e4m\u00e4st\u00e4 toiseen?<\/p>\n<p>Jos sitten joskus sattuu tai ajattelee syntyv\u00e4ns\u00e4 maailmaan,<\/p>\n<p>jossa ei olekaan mit\u00e4\u00e4n aavistusta haavan lehtien v\u00e4rin\u00e4st\u00e4,<\/p>\n<p>jossa p\u00e4iv\u00e4t tulevat ja menev\u00e4t kaikessa turhassa.<\/p>\n<p>Sellaisessa el\u00e4m\u00e4ss\u00e4 oppii,<\/p>\n<p>mit\u00e4 on jano ja n\u00e4lk\u00e4 aidosta,<\/p>\n<p>syv\u00e4llisest\u00e4, herk\u00e4st\u00e4.<\/p>\n<p>Oppii, mit\u00e4 on kaipaus sellaisista p\u00e4ivist\u00e4,<\/p>\n<p>joissa tunteita voisi kuin sy\u00f6d\u00e4 ja juoda,<\/p>\n<p>p\u00e4ivist\u00e4,<\/p>\n<p>joissa niill\u00e4 turvallisesti ravittaisiin ihan pienest\u00e4 k\u00e4dest\u00e4 pit\u00e4en.<\/p>\n<p>H\u00e4pe\u00e4 on sit\u00e4, ettei mahdu kokonaisena el\u00e4m\u00e4\u00e4n,<\/p>\n<p>ett\u00e4 pit\u00e4\u00e4 jatkuvasti leikata osiansa pois.<\/p>\n<p>Torsous ahdistaa,<\/p>\n<p>vie kaikki voimat!<\/p>\n<p>Silloin ei voi olla se,<\/p>\n<p>joka todellisuudessa on.<\/p>\n<p>Kodittomuudeksi min\u00e4 kutsun sellaista,<\/p>\n<p>loputtomaksi matkaksi,<\/p>\n<p>er\u00e4maaksi vailla lepopaikkaa,<\/p>\n<p>vailla keitaan viile\u00e4\u00e4 virvoittavaa varjoa.<\/p>\n<p>Vai onko el\u00e4m\u00e4,<\/p>\n<p>kuin jokin kuvasto,<\/p>\n<p>jota sitten p\u00e4iv\u00e4t selaillaan\u2026<\/p>\n<p>ett\u00e4 hyv\u00e4ksytt\u00e4isiink\u00f6h\u00e4n minut tuollaisena,<\/p>\n<p>vai pukisinko t\u00e4m\u00e4n nyt p\u00e4\u00e4lleni,<\/p>\n<p>vai olisiko sittenkin seuraavalla sivulla minunlaiseni?<\/p>\n<p>N\u00e4kij\u00e4n kohdatessa,<\/p>\n<p>h\u00e4keltyy\u2026<\/p>\n<p>H\u00e4nell\u00e4 taito katsoa sieluasi peitt\u00e4v\u00e4n kuoren l\u00e4vitse,<\/p>\n<p>kyky n\u00e4hd\u00e4 sinut,<\/p>\n<p>todellisena, ilman lukemattomia roolivaatekertoja.<\/p>\n<p>Kriisi on aina hyv\u00e4 merkki!<\/p>\n<p>Pys\u00e4htyess\u00e4 kesken ty\u00f6p\u00e4iv\u00e4n tai vuoden,<\/p>\n<p>saa todellisen lahjan!<\/p>\n<p>Vasta silloin voi el\u00e4m\u00e4 alkaa rajun hell\u00e4sti puhella sielullesi.<\/p>\n<p>Vasta siin\u00e4 kohdassa,<\/p>\n<p>kun vihdoinkin oppii kuuntelemaan syd\u00e4mens\u00e4 \u00e4\u00e4nt\u00e4,<\/p>\n<p>muuttuu jokainen n\u00e4kij\u00e4ksi.<\/p>\n<p>Ja itsens\u00e4 l\u00f6yt\u00e4neet tunnistavat jo matkan p\u00e4\u00e4st\u00e4 toinen toisensa,<\/p>\n<p>eik\u00e4 kohtaamisesta tule puuttumaan iloa ja naurua.<\/p>\n<p>Vain menneisyydest\u00e4\u00e4n vapaat voivat tuntea todellista riemua,<\/p>\n<p>sill\u00e4 rakkaudessa ei ole pelkoa.<\/p>\n<p>Onko se sit\u00e4,<\/p>\n<p>ett\u00e4 ensin on kysytt\u00e4v\u00e4 sielunsa nime\u00e4 ja kuunneltava niin kauan,<\/p>\n<p>kunnes oman el\u00e4m\u00e4n syvimm\u00e4n haavan lehdet alkavat v\u00e4risem\u00e4\u00e4n..<\/p>\n<p>Sen hetken tunnistaa kyyneleist\u00e4\u2026<\/p>\n<p>Niin se on,<\/p>\n<p>ett\u00e4 suru parantaa aina.<\/p>\n<p>Ensin mielen mustanvakoiset kuvat alkavat v\u00e4ritty\u00e4,<\/p>\n<p>tulevat kokemuksista kyll\u00e4isiksi.<\/p>\n<p>Jokin sinussa l\u00e4mpenee l\u00e4helle sulamispistett\u00e4.<\/p>\n<p>Silloin auttaa,<\/p>\n<p>jos siin\u00e4 kohdassa olisi joku l\u00e4hell\u00e4,<\/p>\n<p>joku, jonka syliss\u00e4 voisit itke\u00e4.<\/p>\n<p>Jos niiss\u00e4 surun maisemissa ei ket\u00e4\u00e4n,<\/p>\n<p>ei miss\u00e4\u00e4n,<\/p>\n<p>niin muista!<\/p>\n<p>Sin\u00e4kin voit olla itsellesi syli.<\/p>\n<p>On mahdollista ottaa sinussa se pieni rakas hell\u00e4sti kainaloosi.<\/p>\n<p>On mahdollista laulaa sille pienelle el\u00e4m\u00e4si pituinen tuutulaulu,<\/p>\n<p>tuntea aivan rauhassa\u2026<\/p>\n<p>yksin\u2026<\/p>\n<p>hiljaa.<\/p>\n<p>Kokea vihdoinkin,<\/p>\n<p>ett\u00e4 juuri t\u00e4llainen saan olla,<\/p>\n<p>kokonainen min\u00e4, tunteva, herkk\u00e4\u2026<\/p>\n<p>ilman mit\u00e4\u00e4n suorituksia, ilman ansioluetteloita.<\/p>\n<p>Silloin et tarvitse kysy\u00e4,<\/p>\n<p>kuka olet.<\/p>\n<p>Tunnet h\u00e4net,<\/p>\n<p>itsesi &lt;3<\/p>\n<p>Halaa turvallisen rauhassa sit\u00e4 pient\u00e4.<\/p>\n<p>H\u00e4n on palannut kotiisi\u2026<\/p>\n<p style=\"text-align: center;\">\u00a0<div class=\" divider magee-divider magee-shortcode divider-0fqw1c divider-shadow\" id=\"\"><div class=\"divider-inner divider-border\"><\/div><\/div>\n<p style=\"text-align: center;\">\r\n\t\t\t\t<\/div>\r\n\t\t\t<\/div>\n","protected":false},"excerpt":{"rendered":"<p>Onko se sit\u00e4\u2026 ?\u00a0 Erityisherkkyyden etsimismatkalla (Kantaesitys Jyv\u00e4skyl\u00e4ss\u00e4 6.8.2016) Ukko K\u00e4rkk\u00e4inen 10.7.2016 Runoni taustaa: Sain talvella 2016 pyynn\u00f6n tulla Suomen Erityisherkkien yhdistyksen \u00a0&#8221;Heimojuhlaan&#8221;.Kolme viikkoa ennen esityst\u00e4ni tuli yll\u00e4tt\u00e4en keskell\u00e4 y\u00f6t\u00e4 her\u00e4tess\u00e4 kolme sanaa mieleeni:\u00a0&#8221;Onko\u00a0se\u00a0sit\u00e4?&#8221;\u00a0\u00a0Mietin, ett\u00e4 mik\u00e4 t\u00e4\u00e4 juttu oikein on&#8230; siis ne sanat &#8221;Onko\u00a0se\u00a0sit\u00e4?&#8221;\u00a0Nousin ja menin tupaa tietokoneelle. Valitsin yhden musiikkikappaleen ja kuuntelin hiljaa.\u00a0Sitten laitoin toisen kappaleen ja aloin kirjoittamaan&#8230;.\u00a0Yht\u00e4kki\u00e4<\/p>\n<p><a class=\"more-link\" href=\"https:\/\/bonis-avibus.fi\/bonis-avibus\/onko-se-sita\/\">Read More<\/a><\/p>\n","protected":false},"author":2,"featured_media":0,"parent":0,"menu_order":0,"comment_status":"closed","ping_status":"closed","template":"","meta":{"footnotes":""},"class_list":["post-6293","page","type-page","status-publish","hentry"],"_links":{"self":[{"href":"https:\/\/bonis-avibus.fi\/bonis-avibus\/wp-json\/wp\/v2\/pages\/6293","targetHints":{"allow":["GET"]}}],"collection":[{"href":"https:\/\/bonis-avibus.fi\/bonis-avibus\/wp-json\/wp\/v2\/pages"}],"about":[{"href":"https:\/\/bonis-avibus.fi\/bonis-avibus\/wp-json\/wp\/v2\/types\/page"}],"author":[{"embeddable":true,"href":"https:\/\/bonis-avibus.fi\/bonis-avibus\/wp-json\/wp\/v2\/users\/2"}],"replies":[{"embeddable":true,"href":"https:\/\/bonis-avibus.fi\/bonis-avibus\/wp-json\/wp\/v2\/comments?post=6293"}],"version-history":[{"count":11,"href":"https:\/\/bonis-avibus.fi\/bonis-avibus\/wp-json\/wp\/v2\/pages\/6293\/revisions"}],"predecessor-version":[{"id":10217,"href":"https:\/\/bonis-avibus.fi\/bonis-avibus\/wp-json\/wp\/v2\/pages\/6293\/revisions\/10217"}],"wp:attachment":[{"href":"https:\/\/bonis-avibus.fi\/bonis-avibus\/wp-json\/wp\/v2\/media?parent=6293"}],"curies":[{"name":"wp","href":"https:\/\/api.w.org\/{rel}","templated":true}]}}