{"id":6410,"date":"2020-03-27T13:55:37","date_gmt":"2020-03-27T11:55:37","guid":{"rendered":"https:\/\/bonis-avibus.fi\/bonis-avibus\/?page_id=6410"},"modified":"2022-05-17T18:47:24","modified_gmt":"2022-05-17T15:47:24","slug":"tarvitaan-sydamia","status":"publish","type":"page","link":"https:\/\/bonis-avibus.fi\/bonis-avibus\/tarvitaan-sydamia\/","title":{"rendered":"Tarvitaan syd\u00e4mi\u00e4"},"content":{"rendered":"<p>Ukko K\u00e4rkk\u00e4inen 2.5.2004<\/p>\n<p>T\u00e4m\u00e4 runo syntyi ty\u00f6reissullani kuvassa n\u00e4kyv\u00e4n suon reunalla.<\/p>\n<p>Olin matkalla kouluttamaan Kemij\u00e4rvell\u00e4 pidett\u00e4v\u00e4\u00e4n Ty\u00f6hyvinvointiseminaariin.<\/p>\n<p>Sain y\u00f6py\u00e4 yst\u00e4vieni mets\u00e4k\u00e4mp\u00e4ll\u00e4 Pudasj\u00e4rven Ervastin kyl\u00e4n takana olevalla er\u00e4maa-alueella.<\/p>\n<p>Laitoin kellon her\u00e4tt\u00e4m\u00e4\u00e4n minut aamuy\u00f6ll\u00e4, ett\u00e4 saisin aistia rakastamieni lintujen laulua.<\/p>\n<p>Siell\u00e4 oli aivan ihana konsertti; kurkia, teeri\u00e4, hanhia, j\u00e4nk\u00e4kurppia\u2026<\/p>\n<p>Kesken aamuhetken alkoi t\u00e4m\u00e4 runo synty\u00e4.<\/p>\n<p>\u00c4\u00e4nitteen lopussa kuuluva kurki on <a href=\"http:\/\/www.kultasointu.com\/\" target=\"_blank\" rel=\"noopener noreferrer\"><strong>Lauri Hallikaisen<\/strong><\/a> aiemmin taltioima.<\/p>\n<p>Klikkaa ensin musiikki soimaan ja sitten esitt\u00e4m\u00e4ni runo.<\/p>\n<p>Sulje silm\u00e4si.<\/p>\n<p>Anna s\u00e4velten ja sanojen virrata. Kun runo ja kurjen \u00e4\u00e4net loppuvat, ota itsellesi hetki aikaa ja anna viel\u00e4 ihanan musiikin kuljettaa\u00a0 sinne, minne s\u00e4velet haluavat vied\u00e4 sinut hetkeksi <span class=\"sce_emoji-heart\" title=\"heart\"><\/span><\/p>\n<p>\u00a0<\/p>\n<p>\t\t\t\t\t\t\t\t\t\t<img loading=\"lazy\" decoding=\"async\" width=\"1024\" height=\"768\" src=\"https:\/\/bonis-avibus.fi\/bonis-avibus\/wp-content\/uploads\/2020\/03\/Suo-1024x768.jpg\" alt=\"\" srcset=\"https:\/\/bonis-avibus.fi\/bonis-avibus\/wp-content\/uploads\/2020\/03\/Suo-1024x768.jpg 1024w, https:\/\/bonis-avibus.fi\/bonis-avibus\/wp-content\/uploads\/2020\/03\/Suo-300x225.jpg 300w, https:\/\/bonis-avibus.fi\/bonis-avibus\/wp-content\/uploads\/2020\/03\/Suo-768x576.jpg 768w, https:\/\/bonis-avibus.fi\/bonis-avibus\/wp-content\/uploads\/2020\/03\/Suo-800x600.jpg 800w, https:\/\/bonis-avibus.fi\/bonis-avibus\/wp-content\/uploads\/2020\/03\/Suo-400x300.jpg 400w, https:\/\/bonis-avibus.fi\/bonis-avibus\/wp-content\/uploads\/2020\/03\/Suo.jpg 1280w\" sizes=\"auto, (max-width: 1024px) 100vw, 1024px\" \/><br \/>\n\t\thttps:\/\/www.youtube.com\/watch?v=1eiRMNvikLg<\/p>\n<p>T\u00e4t\u00e4 klikkamalla saat kuulumaan runoni:<\/p>\n<div class=\"compact_audio_player_wrapper\"><div class=\"sc_player_container1\"><input type=\"button\" id=\"btnplay_69eb78c4232ab8.67988866\" class=\"myButton_play\" onClick=\"play_mp3('play','69eb78c4232ab8.67988866','https:\/\/bonis-avibus.fi\/bonis-avibus\/wp-content\/uploads\/2020\/03\/Tarvitaan-Syd\u00e4mi\u00e4_Craned.mp3','80','false');show_hide('play','69eb78c4232ab8.67988866');\" \/><input type=\"button\"  id=\"btnstop_69eb78c4232ab8.67988866\" style=\"display:none\" class=\"myButton_stop\" onClick=\"play_mp3('stop','69eb78c4232ab8.67988866','','80','false');show_hide('stop','69eb78c4232ab8.67988866');\" \/><div id=\"sm2-container\"><!-- flash movie ends up here --><\/div><\/div><\/div>\n\r\n\t\t<div class=\"magee-expand \" id=\"\" data-less-icon=\"fa-arrow-circle-up\" data-less-icon-color=\"#002a8e\" data-less-text=\"Piilota\" data-more-icon=\"fa-arrow-circle-down\" data-more-icon-color=\"#002a8e\" data-more-text=\"Napsauttamalla saat runoni kirjallinen versio\">\r\n            <div class=\"expand-control control-zv4or1\"><i class=\"fa fa-arrow-circle-down\" style=\"color:#002a8e;\"><\/i> Napsauttamalla saat runoni kirjallinen versio<\/div>\r\n\t\t\t\t<div class=\"expand-content\" style=\"display:none;\">\r\n\t\t\t\t\t<\/p>\n<p>Tarvitaan syd\u00e4mi\u00e4 t\u00e4m\u00e4n mielipuolisuuden keskelle, <\/p>\n<p> l\u00e4mpimi\u00e4 syd\u00e4mi\u00e4.<\/p>\n<p>Kaivataan niit\u00e4,<\/p>\n<p> jotka uskaltavat sanoa \u00e4\u00e4neen:<\/p>\n<p>Me olemme ihmisi\u00e4,<\/p>\n<p> olemme niit\u00e4, joilla tunteet,<\/p>\n<p>sellaisia,<\/p>\n<p>jotka v\u00e4lill\u00e4 eksyksiss\u00e4, <\/p>\n<p>uupuneita.<\/p>\n<p>Niit\u00e4 me olemme,<\/p>\n<p>v\u00e4syneit\u00e4 t\u00e4h\u00e4n jatkuvan kasvun tappavaan tautiin,<\/p>\n<p>t\u00e4h\u00e4n kvartaalien kiihdytysajoon,<\/p>\n<p>ihmisarvon euromuunnoksiin!<\/p>\n<p>Tarvitaan niit\u00e4,<\/p>\n<p>jotka hidastavat askeleita.<\/p>\n<p>Pys\u00e4htyv\u00e4t hukassa olevien lasten kohdalle,<\/p>\n<p>aineita itseens\u00e4 tunkevien nuorten,<\/p>\n<p>YT:ss\u00e4 istuvien, liiassa ty\u00f6ss\u00e4 tai ty\u00f6tt\u00f6myydess\u00e4 v\u00e4syneiden<\/p>\n<p>ja yksin\u00e4isyytt\u00e4\u00e4n sairauksillaan valittavien vanhusten luokse.<\/p>\n<p>Nyt tarvitaan ihmisi\u00e4,<\/p>\n<p> joiden aivoihin ei viel\u00e4 ole ehditty asentaa mikrosiruja,<\/p>\n<p>joita ei viel\u00e4 ole ehditty ohjelmoida tuottamaan <\/p>\n<p>lis\u00e4\u00e4 ja lis\u00e4\u00e4 ennusteita ylitt\u00e4vi\u00e4 tilinp\u00e4\u00e4t\u00f6ksi\u00e4.<\/p>\n<p>Onko t\u00e4\u00e4ll\u00e4 ket\u00e4\u00e4n, <\/p>\n<p>joka aavistaa jonkin t\u00e4ss\u00e4 loputtoman kasvun utopiassa olevan pahasti pieless\u00e4?<\/p>\n<p>Tulkaa t\u00e4m\u00e4n aamuisen suon reunaan.<\/p>\n<p>Istukaa vaikka tuohon tai tuohon, kannolle tai m\u00e4tt\u00e4\u00e4lle.<\/p>\n<p>T\u00e4\u00e4ll\u00e4 el\u00e4m\u00e4 kulkee omia polkujaan.<\/p>\n<p>Tulkaa katsomaan, tulkaa kuuntelemaan vuosituhansista tarinaa\u2026<\/p>\n<div class=\" divider magee-divider magee-shortcode divider-5xphs7 divider-shadow\" id=\"\"><div class=\"divider-inner divider-border\"><\/div><\/div>\r\n\t\t\t\t<\/div>\r\n\t\t\t<\/div>\n","protected":false},"excerpt":{"rendered":"<p>Ukko K\u00e4rkk\u00e4inen 2.5.2004 T\u00e4m\u00e4 runo syntyi ty\u00f6reissullani kuvassa n\u00e4kyv\u00e4n suon reunalla. Olin matkalla kouluttamaan Kemij\u00e4rvell\u00e4 pidett\u00e4v\u00e4\u00e4n Ty\u00f6hyvinvointiseminaariin. Sain y\u00f6py\u00e4 yst\u00e4vieni mets\u00e4k\u00e4mp\u00e4ll\u00e4 Pudasj\u00e4rven Ervastin kyl\u00e4n takana olevalla er\u00e4maa-alueella. Laitoin kellon her\u00e4tt\u00e4m\u00e4\u00e4n minut aamuy\u00f6ll\u00e4, ett\u00e4 saisin aistia rakastamieni lintujen laulua. Siell\u00e4 oli aivan ihana konsertti; kurkia, teeri\u00e4, hanhia, j\u00e4nk\u00e4kurppia\u2026 Kesken aamuhetken alkoi t\u00e4m\u00e4 runo synty\u00e4. \u00c4\u00e4nitteen lopussa kuuluva kurki on Lauri Hallikaisen<\/p>\n<p><a class=\"more-link\" href=\"https:\/\/bonis-avibus.fi\/bonis-avibus\/tarvitaan-sydamia\/\">Read More<\/a><\/p>\n","protected":false},"author":1,"featured_media":0,"parent":0,"menu_order":0,"comment_status":"closed","ping_status":"closed","template":"","meta":{"footnotes":""},"class_list":["post-6410","page","type-page","status-publish","hentry"],"_links":{"self":[{"href":"https:\/\/bonis-avibus.fi\/bonis-avibus\/wp-json\/wp\/v2\/pages\/6410","targetHints":{"allow":["GET"]}}],"collection":[{"href":"https:\/\/bonis-avibus.fi\/bonis-avibus\/wp-json\/wp\/v2\/pages"}],"about":[{"href":"https:\/\/bonis-avibus.fi\/bonis-avibus\/wp-json\/wp\/v2\/types\/page"}],"author":[{"embeddable":true,"href":"https:\/\/bonis-avibus.fi\/bonis-avibus\/wp-json\/wp\/v2\/users\/1"}],"replies":[{"embeddable":true,"href":"https:\/\/bonis-avibus.fi\/bonis-avibus\/wp-json\/wp\/v2\/comments?post=6410"}],"version-history":[{"count":19,"href":"https:\/\/bonis-avibus.fi\/bonis-avibus\/wp-json\/wp\/v2\/pages\/6410\/revisions"}],"predecessor-version":[{"id":10332,"href":"https:\/\/bonis-avibus.fi\/bonis-avibus\/wp-json\/wp\/v2\/pages\/6410\/revisions\/10332"}],"wp:attachment":[{"href":"https:\/\/bonis-avibus.fi\/bonis-avibus\/wp-json\/wp\/v2\/media?parent=6410"}],"curies":[{"name":"wp","href":"https:\/\/api.w.org\/{rel}","templated":true}]}}