{"id":6578,"date":"2020-03-31T06:49:06","date_gmt":"2020-03-31T03:49:06","guid":{"rendered":"https:\/\/bonis-avibus.fi\/bonis-avibus\/?page_id=6578"},"modified":"2024-02-12T15:38:26","modified_gmt":"2024-02-12T13:38:26","slug":"tuttuus-kulkee-aina-mukana","status":"publish","type":"page","link":"https:\/\/bonis-avibus.fi\/bonis-avibus\/tuttuus-kulkee-aina-mukana\/","title":{"rendered":"Tuttuus kulkee aina mukana."},"content":{"rendered":"<p>&#8221;Tuttuus kulkee aina mukana&#8221; runoni kirjoitin rakkaan Kira yst\u00e4v\u00e4mme syntym\u00e4p\u00e4iville.<\/p>\n<p>Kiralla on ollut t\u00e4rke\u00e4 merkitys omaksi itseksi kasvamisen polullani. Viime vuosikymmenen alussa Kira pyysi minua mukaan oman rumpunsa vihkimisseremoniaan. En ollut koskaan kokenut vastaavanlaista tilannetta. Etsin voimapaikan ja seremoniassa sytytimme viisi nuotiota, keskelle yhden ja jokaiseen ilmansuuntaan omansa.<\/p>\n<p>Kautta menneiden sukupolvien, ikiaikainen, universaali viisaus on ohjannut ihmisi\u00e4. He ovat kunnioittaneet luontoa; \u00c4itimaata. Ihmiset ovat syd\u00e4mess\u00e4\u00e4n tienneet ja tunteneet olevansa yht\u00e4 luonnon kanssa.<\/p>\n<p>Silloin, jos ihminen erkaantuu luonnosta, synnytt\u00e4j\u00e4st\u00e4\u00e4n, h\u00e4n voi tehd\u00e4 ymm\u00e4rt\u00e4m\u00e4tt\u00f6myydess\u00e4\u00e4n mit\u00e4 tahansa t\u00e4lle sinivihre\u00e4lle, uskomattoman kauniille planeetallemme. Sen t\u00e4hden rakastava luontosuhde on keskeinen osa globaalistakin selviytymist\u00e4mme.<\/p>\n<p>T\u00e4m\u00e4n runon kirjoittamiseen liittyy omat kipe\u00e4n syv\u00e4t el\u00e4misenhaasteet, joiden keskell\u00e4 hahmotin t\u00e4t\u00e4 todellisuutta. Oli lopultakin tullut lapsuuteni tunteiden k\u00e4sittelemisen aika.<\/p>\n<p>Niiss\u00e4 kohdissa, kun vanhat haavat her\u00e4r\u00e4\u00e4v\u00e4t eloon ja alkavat vuotaa, on suuri lahja saada tulla my\u00f6t\u00e4tunnon l\u00e4mm\u00f6ss\u00e4 kuulluksi ja n\u00e4hdyksi. Rakkaus, l\u00e4mp\u00f6, hellyys ja kunnioitus ovat parhaita sidetarpeita haavoille <span class=\"sce_emoji-heart\" title=\"heart\"><\/span><\/p>\n<p>Kokemieni lapsuusajan traumojen aiheuttamien oireenmuodostusten parantumisessa on ollut merkitt\u00e4vint\u00e4, ett\u00e4 olen saanut yhteyden omaan sieluuni. Alkuper\u00e4isheimojen tavoin sanoitan eheytymismatkaani juuri sielun sirpaleiden kautta. T\u00e4m\u00e4 linkittyy my\u00f6s nykyiseen\u00a0 <strong>traumainformoituun<\/strong> ajatteluun juuri fragmentoituneen muistin selityksiss\u00e4. Traumakokemus sirpaloituu <strong><a href=\"https:\/\/tutkimuskammio.wordpress.com\/2014\/03\/06\/muisti-ja-tietoisuus\/\" target=\"_blank\" rel=\"noopener\">implisiittisiksi<\/a><\/strong> muistinrakenteiksi.<\/p>\n<p>H\u00e4mm\u00e4stytt\u00e4vien eheytymiskokemusten j\u00e4lkeen olen saanut el\u00e4\u00e4 rauhassa. &#8221;Leirinuotio&#8221; kulkee minussa kokoajan mukanani.<\/p>\n<p>Klikkaa kuulumaan runoni ja musiikki. Sulje silm\u00e4si ja anna vaikuttaa. Kun runo p\u00e4\u00e4ttyy, kuuntele viel\u00e4 kerran s\u00e4veli\u00e4. Aisti hengityst\u00e4si, t\u00e4ss\u00e4 ja nyt-hetke\u00e4si.<\/p>\n<p>Runon taustalla kuuluva mustarastas on yst\u00e4v\u00e4ni Jussi Savolaisen \u00e4\u00e4nitt\u00e4m\u00e4.<\/p>\n<p><strong>HUOM!<\/strong> Olen ker\u00e4nnyt t\u00e4m\u00e4n sivun loppupuolelle sek\u00e4 Peter Levinen, ett\u00e4 David Bercelin n\u00e4k\u00f6kulmia traumoista irtip\u00e4\u00e4semiseen. Niiden lukemiseen vahva suositukseni!<\/p>\n<p>\t\t\t\t\t\t\t\t\t\t\t\t\t<img loading=\"lazy\" decoding=\"async\" width=\"531\" height=\"713\" src=\"https:\/\/bonis-avibus.fi\/bonis-avibus\/wp-content\/uploads\/2020\/03\/Nuotio-3.jpg\" alt=\"\" srcset=\"https:\/\/bonis-avibus.fi\/bonis-avibus\/wp-content\/uploads\/2020\/03\/Nuotio-3.jpg 531w, https:\/\/bonis-avibus.fi\/bonis-avibus\/wp-content\/uploads\/2020\/03\/Nuotio-3-223x300.jpg 223w\" sizes=\"auto, (max-width: 531px) 100vw, 531px\" \/>\t\t\t\t\t\t\t\t\t\t\t\t\t<\/p>\n<div class=\"compact_audio_player_wrapper\"><div class=\"sc_player_container1\"><input type=\"button\" id=\"btnplay_69eb78c4577852.84186863\" class=\"myButton_play\" onClick=\"play_mp3('play','69eb78c4577852.84186863','https:\/\/bonis-avibus.fi\/bonis-avibus\/wp-content\/uploads\/2020\/03\/Tuttuus-Kulkee-Aina-Mukana_masteroitu.mp3','80','false');show_hide('play','69eb78c4577852.84186863');\" \/><input type=\"button\"  id=\"btnstop_69eb78c4577852.84186863\" style=\"display:none\" class=\"myButton_stop\" onClick=\"play_mp3('stop','69eb78c4577852.84186863','','80','false');show_hide('stop','69eb78c4577852.84186863');\" \/><div id=\"sm2-container\"><!-- flash movie ends up here --><\/div><\/div><\/div>\n<p>T\u00e4t\u00e4 napasauttamalla saat kuulumaan runoni.<\/p>\n<p>https:\/\/www.youtube.com\/watch?v=I9pQa9TVmWU<\/p>\n\r\n\t\t<div class=\"magee-expand \" id=\"\" data-less-icon=\"fa-arrow-circle-up\" data-less-icon-color=\"#002a8e\" data-less-text=\"Piilota\" data-more-icon=\"fa-arrow-circle-down\" data-more-icon-color=\"#002a8e\" data-more-text=\"Napsauttamalla t\u00e4t\u00e4 l\u00f6ytyy runoni kirjallinen versio\">\r\n            <div class=\"expand-control control-d7nsku\"><i class=\"fa fa-arrow-circle-down\" style=\"color:#002a8e;\"><\/i> Napsauttamalla t\u00e4t\u00e4 l\u00f6ytyy runoni kirjallinen versio<\/div>\r\n\t\t\t\t<div class=\"expand-content\" style=\"display:none;\">\r\n\t\t\t\t\t<\/p>\n<p>Se oli kev\u00e4t\u2026<\/p>\n<p>Mustarastas lauloi kallion reunan pihlajassa.<\/p>\n<p>Vanha puutalo viel\u00e4 odotti aamua.<\/p>\n<\/p>\n<p>Emme olleet ennen tavanneet,<\/p>\n<p>mutta nyt,<\/p>\n<p>kun kohtasimme,<\/p>\n<p>tunsin h\u00e4net heti.<\/p>\n<\/p>\n<p>Maailmankaikkeus oli avannut kirjat,<\/p>\n<p>k\u00e4\u00e4nt\u00e4nyt meit\u00e4 sivulta toiselle.<\/p>\n<\/p>\n<p>Miten monta el\u00e4m\u00e4\u00e4 voikaan olla kerrostunut<\/p>\n<p>ja tuttuus kulkee aina mukana.<\/p>\n<\/p>\n<p>Sin\u00e4 kev\u00e4\u00e4n\u00e4 h\u00e4n tuli,<\/p>\n<p>asettui istumaan heimon nuotiopiiriin.<\/p>\n<\/p>\n<p>Kuinka monta rumpua olikaan kuivattu savun l\u00e4mm\u00f6ss\u00e4,<\/p>\n<p>v\u00e4rj\u00e4tty syd\u00e4nten \u00e4\u00e4nill\u00e4<\/p>\n<p>ja nyt niin l\u00e4hell\u00e4 maa\u00e4idin askeleet,<\/p>\n<p>nuotion loisteessa menneiden ja tulevien kasvot.<\/p>\n<\/p>\n<p>Sin\u00e4 kev\u00e4\u00e4n\u00e4 h\u00e4n tuli,<\/p>\n<p>lis\u00e4si puita hiipuneen el\u00e4m\u00e4n hiillokseen.<\/p>\n<p>Miten joku voikaan olla niin l\u00e4sn\u00e4 ja aito?<\/p>\n<\/p>\n<p>El\u00e4m\u00e4ss\u00e4 koskee niin kauan,<\/p>\n<p>kun asuu vain menneess\u00e4<\/p>\n<p>ja niin kauan sattuu,<\/p>\n<p>kun rakentaa pelk\u00e4st\u00e4\u00e4n tulevaan\u2026<\/p>\n<p>Sin\u00e4 kev\u00e4\u00e4n\u00e4 h\u00e4n tuli,<\/p>\n<p>pyysi is\u00e4kseen<\/p>\n<p>ja kuin tyt\u00e4r olisi saapunut pitk\u00e4lt\u00e4 matkalta takaisin kotiin.<\/p>\n<\/p>\n<p>Keitimm\u00e4 kahvit<\/p>\n<p>ja nyt-hetki sulatti osuman saaneen kev\u00e4\u00e4n<\/p>\n<p>ja omenapuu itki pitk\u00e4\u00e4n.<\/p>\n<\/p>\n<p>En saanut selv\u00e4\u00e4 usvan seasta,<\/p>\n<p>olin vaiti\u2026<\/p>\n<\/p>\n<p>\u00c4\u00e4nett\u00f6myys nosti kaikki surun nuottini kuivumaan.<\/p>\n<\/p>\n<p>Kerran syv\u00e4lle sieluunsa haavoittunut muistaa\u2026<\/p>\n<p>mutta tied\u00e4tk\u00f6?<\/p>\n<\/p>\n<p>Ilosta alkaa kasvaa riemun vuori<\/p>\n<p>ja el\u00e4m\u00e4n makuinen nauru heilim\u00f6i rinteill\u00e4.<\/p>\n<\/p>\n<p>Paljon on sit\u00e4 ennen itkett\u00e4v\u00e4 tielt\u00e4 pois esteit\u00e4,<\/p>\n<p>kivun koskettamia.<\/p>\n<\/p>\n<p>El\u00e4m\u00e4,<\/p>\n<p>puoleenv\u00e4liin asti mennyt sanoja etsiess\u00e4,<\/p>\n<p>kuulijaa runojen tulvalle,<\/p>\n<p>itkun ja naurun virroille.<\/p>\n<\/p>\n<p>Nyt min\u00e4 vihdoin annan kaikki eksyneet tunteet tulla<\/p>\n<p>ja min\u00e4 kutsun ne takaisin t\u00e4h\u00e4n nuotiopiiriin.<\/p>\n<p>Nyt on niiden aika.<\/p>\n<p>Ja min\u00e4 itken itkuni<\/p>\n<p>ja nauran nauruni<\/p>\n<p>ja min\u00e4 otan vastaan koko eletyn el\u00e4m\u00e4ni,<\/p>\n<p>menneen ja tulevan<\/p>\n<p>ja olen t\u00e4ss\u00e4 ja nyt.<\/p>\n<\/p>\n<p>T\u00e4t\u00e4 kaikkea hengit\u00e4n sis\u00e4\u00e4n ja ulos<\/p>\n<p>ja kyynel kyyneleelt\u00e4 min\u00e4 eheydyn<\/p>\n<p>ja voi miten ihanaa onkaan t\u00e4m\u00e4 el\u00e4m\u00e4.<\/p>\n<div class=\" divider magee-divider magee-shortcode divider-laaooh divider-shadow\" id=\"\"><div class=\"divider-inner divider-border\"><\/div><\/div> \r\n\t\t\t\t<\/div>\r\n\t\t\t<\/div>\n<p>Tietokoneella katsottaessa vieress\u00e4 ja k\u00e4nnyk\u00e4ll\u00e4 katsoessa alla olevassa kuvassa ylimm\u00e4isin\u00e4 vierekk\u00e4in on kuvat viimeisimm\u00e4st\u00e4 rummustani. Vasemmanpuoleisessa kuvassa rumpunahka on viel\u00e4 vaiheessa. Sidoin letitt\u00e4m\u00e4ll\u00e4 rummun poronnahkaisen kalvon kiinni rumpukeh\u00e4n ymp\u00e4rille. T\u00e4m\u00e4 rumpu on ollut minulle j\u00e4rjestyksess\u00e4\u00e4n kolmas. Sen tekemiseen on liittynyt yll\u00e4tt\u00e4v\u00e4n vahvoja tunteita! Rumpu on viel\u00e4 kesken ja se odottaa k\u00e4densijaa ja k\u00e4ytt\u00f6\u00f6nottoa.<\/p>\n<p>Ensimm\u00e4isen, &#8221;Tunnematkarummun&#8221;, tein 2010 luvun alkupuolella. Pohjana on tekninen, iso rumpu. Sen etuna on v\u00e4r\u00e4htelytaajuuden pysyminen samanlaisena ilmankosteudesta riippumatta. V\u00e4vypoikani kuvioi rumpuun Anna-tytt\u00e4reni maalaaman teoksen El\u00e4m\u00e4nsaaresta. Itse &#8221;tuunasin&#8221; rumpuun paljon tunteisiin liittyv\u00e4\u00e4 symboliikkaa. Rummun t\u00e4rkein funktio on ollut purkaa kehosta tunnelukkoja ja vapauttaa ihminen negatiivisten tunteiden vankilasta.<\/p>\n<p>Toisen rummun pohjana olen my\u00f6s k\u00e4ytt\u00e4nyt isoa keh\u00e4rumpua. T\u00e4m\u00e4\u00a0 sai nimekseen &#8221;Voimarumpu&#8221;. V\u00e4vyni piirt\u00e4ess\u00e4 siihen pyyt\u00e4m\u00e4\u00e4ni jing-jang symbolia, alkoi h\u00e4nell\u00e4 kuvion j\u00e4lkeen synty\u00e4\u00a0rummun kalvolle el\u00e4m\u00e4npuu kuvio. Olen rakentanut rummun keh\u00e4lle, toiselle puolen feminiinisyyden ja toiselle puolen maskuliisuuden tarinaa. T\u00e4m\u00e4nkin rummun tekemiseen liittyi sukupolvien taakkasiirtymiin liittyvi\u00e4 vahvoja tunteita.<\/p>\n<p>Rummuilla on ollut ja on edelleenkin\u00a0 alkuper\u00e4isheimokulttuureissa suuri merkitys. Parantamisrituaaleissa on mahdollista kutsua ja hakea traumatisoituneen sielu takaisin. On hyv\u00e4, ett\u00e4 aihetta tutkitaan. Olisi t\u00e4rke\u00e4\u00e4, ett\u00e4 &#8221;rumpujen viisaus&#8221; jossain vaiheessa voitaisiin integroida osaksi esim. psykiatrisia hoitok\u00e4yt\u00e4nt\u00f6j\u00e4. Matka sellaisten hoitojen k\u00e4ytt\u00f6\u00f6nottoon voi kyll\u00e4 olla viel\u00e4 pitk\u00e4.<\/p>\n<p>Ks.\u00a0<a href=\"http:\/\/agon.fi\/article\/saamelaisen-kulttuurin-ja-hengellisyyden-elavat-traditiot-eraita-kohtaamisia\/\" target=\"_blank\" rel=\"noopener\">Francis Joyn artikkeli rummuista<\/a>.<\/p>\n<p>\t\t\t\t\t\t\t\t\t\t\t\t\t<img loading=\"lazy\" decoding=\"async\" width=\"565\" height=\"778\" src=\"https:\/\/bonis-avibus.fi\/bonis-avibus\/wp-content\/uploads\/2020\/03\/Rummut.jpg\" alt=\"\" srcset=\"https:\/\/bonis-avibus.fi\/bonis-avibus\/wp-content\/uploads\/2020\/03\/Rummut.jpg 565w, https:\/\/bonis-avibus.fi\/bonis-avibus\/wp-content\/uploads\/2020\/03\/Rummut-218x300.jpg 218w\" sizes=\"auto, (max-width: 565px) 100vw, 565px\" \/><br \/>\n\t\t\t\t\t\t\t\t\t\t\t\t\t<img loading=\"lazy\" decoding=\"async\" width=\"1024\" height=\"762\" src=\"https:\/\/bonis-avibus.fi\/bonis-avibus\/wp-content\/uploads\/2020\/02\/00000000ia3-1024x762.jpg\" alt=\"\" srcset=\"https:\/\/bonis-avibus.fi\/bonis-avibus\/wp-content\/uploads\/2020\/02\/00000000ia3.jpg 1024w, https:\/\/bonis-avibus.fi\/bonis-avibus\/wp-content\/uploads\/2020\/02\/00000000ia3-300x223.jpg 300w, https:\/\/bonis-avibus.fi\/bonis-avibus\/wp-content\/uploads\/2020\/02\/00000000ia3-768x572.jpg 768w, https:\/\/bonis-avibus.fi\/bonis-avibus\/wp-content\/uploads\/2020\/02\/00000000ia3-800x595.jpg 800w\" sizes=\"auto, (max-width: 1024px) 100vw, 1024px\" \/>\t\t\t\t\t\t\t\t\t\t\t\t\t<\/p>\n<p>Yll\u00e4olevan El\u00e4m\u00e4nsaaren kartan piirsi koulutuksiani varten tytt\u00e4reni Anna Heikkil\u00e4. H\u00e4nen miehens\u00e4 Johannes on kuvioinut alla olevat rumpujen kalvot.<\/p>\n<p>\t\t\t\t\t\t\t\t\t\t\t\t\t<img loading=\"lazy\" decoding=\"async\" width=\"922\" height=\"692\" src=\"https:\/\/bonis-avibus.fi\/bonis-avibus\/wp-content\/uploads\/2020\/11\/Rumpuni-2-pieni.jpg\" alt=\"\" srcset=\"https:\/\/bonis-avibus.fi\/bonis-avibus\/wp-content\/uploads\/2020\/11\/Rumpuni-2-pieni.jpg 922w, https:\/\/bonis-avibus.fi\/bonis-avibus\/wp-content\/uploads\/2020\/11\/Rumpuni-2-pieni-300x225.jpg 300w, https:\/\/bonis-avibus.fi\/bonis-avibus\/wp-content\/uploads\/2020\/11\/Rumpuni-2-pieni-768x576.jpg 768w, https:\/\/bonis-avibus.fi\/bonis-avibus\/wp-content\/uploads\/2020\/11\/Rumpuni-2-pieni-800x600.jpg 800w, https:\/\/bonis-avibus.fi\/bonis-avibus\/wp-content\/uploads\/2020\/11\/Rumpuni-2-pieni-400x300.jpg 400w\" sizes=\"auto, (max-width: 922px) 100vw, 922px\" \/><br \/>\n\t\t\t\t\t\t\t\t\t\t\t\t\t<img loading=\"lazy\" decoding=\"async\" width=\"768\" height=\"1024\" src=\"https:\/\/bonis-avibus.fi\/bonis-avibus\/wp-content\/uploads\/2017\/06\/Ukon-tunnematkarumpu-768x1024.jpg\" alt=\"\" srcset=\"https:\/\/bonis-avibus.fi\/bonis-avibus\/wp-content\/uploads\/2017\/06\/Ukon-tunnematkarumpu-768x1024.jpg 768w, https:\/\/bonis-avibus.fi\/bonis-avibus\/wp-content\/uploads\/2017\/06\/Ukon-tunnematkarumpu-225x300.jpg 225w, https:\/\/bonis-avibus.fi\/bonis-avibus\/wp-content\/uploads\/2017\/06\/Ukon-tunnematkarumpu-800x1067.jpg 800w\" sizes=\"auto, (max-width: 768px) 100vw, 768px\" \/>\t\t\t\t\t\t\t\t\t\t\t\t\t<\/p>\n<p>Aikoinaan hakiessani itselleni apua siihen, miten voisin selviyty\u00e4 traumakokemuksistani, l\u00f6ysin Peter Levinen t\u00e4rke\u00e4n kirjan.<\/p>\n<p>Levine on yksi merkitt\u00e4vimpi\u00e4 traumatutkijoita. H\u00e4n on kirjoittanut klassikoksi tulleen teoksen, &#8221;<a href=\"https:\/\/bonis-avibus.fi\/bonis-avibus\/peter-levine-kun-tiikeri-heraa\/\" target=\"_blank\" rel=\"noopener\"><strong>Kun tiikeri her\u00e4\u00e4<\/strong><\/a>&#8221; (klikkaa lis\u00e4\u00e4 tietoa)!<\/p>\n<p>Olen lukenut kirjan moneen kertaan. Koostin koulutuksiini opetusmateriaalia h\u00e4nen havainnoistaan. Liit\u00e4n ne\u00a0 teille kaikille luettavaksi t\u00e4h\u00e4n alle.\u00a0<\/p>\n<p>\t\t\t\t\t\t\t\t\t\t\t\t\t<img loading=\"lazy\" decoding=\"async\" width=\"1024\" height=\"766\" src=\"https:\/\/bonis-avibus.fi\/bonis-avibus\/wp-content\/uploads\/2020\/03\/Levine-01-1024x766.jpg\" alt=\"\" srcset=\"https:\/\/bonis-avibus.fi\/bonis-avibus\/wp-content\/uploads\/2020\/03\/Levine-01-1024x766.jpg 1024w, https:\/\/bonis-avibus.fi\/bonis-avibus\/wp-content\/uploads\/2020\/03\/Levine-01-300x224.jpg 300w, https:\/\/bonis-avibus.fi\/bonis-avibus\/wp-content\/uploads\/2020\/03\/Levine-01-768x574.jpg 768w, https:\/\/bonis-avibus.fi\/bonis-avibus\/wp-content\/uploads\/2020\/03\/Levine-01-800x598.jpg 800w, https:\/\/bonis-avibus.fi\/bonis-avibus\/wp-content\/uploads\/2020\/03\/Levine-01-400x300.jpg 400w, https:\/\/bonis-avibus.fi\/bonis-avibus\/wp-content\/uploads\/2020\/03\/Levine-01.jpg 1083w\" sizes=\"auto, (max-width: 1024px) 100vw, 1024px\" \/><br \/>\n\t\t\t\t\t\t\t\t\t\t\t\t\t<img loading=\"lazy\" decoding=\"async\" width=\"1024\" height=\"761\" src=\"https:\/\/bonis-avibus.fi\/bonis-avibus\/wp-content\/uploads\/2020\/03\/Levine-02-1024x761.jpg\" alt=\"\" srcset=\"https:\/\/bonis-avibus.fi\/bonis-avibus\/wp-content\/uploads\/2020\/03\/Levine-02-1024x761.jpg 1024w, https:\/\/bonis-avibus.fi\/bonis-avibus\/wp-content\/uploads\/2020\/03\/Levine-02-300x223.jpg 300w, https:\/\/bonis-avibus.fi\/bonis-avibus\/wp-content\/uploads\/2020\/03\/Levine-02-768x571.jpg 768w, https:\/\/bonis-avibus.fi\/bonis-avibus\/wp-content\/uploads\/2020\/03\/Levine-02-800x595.jpg 800w, https:\/\/bonis-avibus.fi\/bonis-avibus\/wp-content\/uploads\/2020\/03\/Levine-02.jpg 1095w\" sizes=\"auto, (max-width: 1024px) 100vw, 1024px\" \/><br \/>\n\t\t\t\t\t\t\t\t\t\t\t\t\t<img loading=\"lazy\" decoding=\"async\" width=\"1024\" height=\"742\" src=\"https:\/\/bonis-avibus.fi\/bonis-avibus\/wp-content\/uploads\/2020\/03\/Levine-03-1024x742.jpg\" alt=\"\" srcset=\"https:\/\/bonis-avibus.fi\/bonis-avibus\/wp-content\/uploads\/2020\/03\/Levine-03-1024x742.jpg 1024w, https:\/\/bonis-avibus.fi\/bonis-avibus\/wp-content\/uploads\/2020\/03\/Levine-03-300x218.jpg 300w, https:\/\/bonis-avibus.fi\/bonis-avibus\/wp-content\/uploads\/2020\/03\/Levine-03-768x557.jpg 768w, https:\/\/bonis-avibus.fi\/bonis-avibus\/wp-content\/uploads\/2020\/03\/Levine-03-800x580.jpg 800w, https:\/\/bonis-avibus.fi\/bonis-avibus\/wp-content\/uploads\/2020\/03\/Levine-03.jpg 1033w\" sizes=\"auto, (max-width: 1024px) 100vw, 1024px\" \/><br \/>\n\t\t\t\t\t\t\t\t\t\t\t\t\t<img loading=\"lazy\" decoding=\"async\" width=\"1024\" height=\"776\" src=\"https:\/\/bonis-avibus.fi\/bonis-avibus\/wp-content\/uploads\/2020\/03\/Levine-04-1024x776.jpg\" alt=\"\" srcset=\"https:\/\/bonis-avibus.fi\/bonis-avibus\/wp-content\/uploads\/2020\/03\/Levine-04-1024x776.jpg 1024w, https:\/\/bonis-avibus.fi\/bonis-avibus\/wp-content\/uploads\/2020\/03\/Levine-04-300x227.jpg 300w, https:\/\/bonis-avibus.fi\/bonis-avibus\/wp-content\/uploads\/2020\/03\/Levine-04-768x582.jpg 768w, https:\/\/bonis-avibus.fi\/bonis-avibus\/wp-content\/uploads\/2020\/03\/Levine-04-800x607.jpg 800w, https:\/\/bonis-avibus.fi\/bonis-avibus\/wp-content\/uploads\/2020\/03\/Levine-04.jpg 1075w\" sizes=\"auto, (max-width: 1024px) 100vw, 1024px\" \/><br \/>\n\t\t\t\t\t\t\t\t\t\t\t\t\t<img loading=\"lazy\" decoding=\"async\" width=\"1024\" height=\"752\" src=\"https:\/\/bonis-avibus.fi\/bonis-avibus\/wp-content\/uploads\/2020\/03\/Levine-1-1024x752.jpg\" alt=\"\" srcset=\"https:\/\/bonis-avibus.fi\/bonis-avibus\/wp-content\/uploads\/2020\/03\/Levine-1-1024x752.jpg 1024w, https:\/\/bonis-avibus.fi\/bonis-avibus\/wp-content\/uploads\/2020\/03\/Levine-1-300x220.jpg 300w, https:\/\/bonis-avibus.fi\/bonis-avibus\/wp-content\/uploads\/2020\/03\/Levine-1-768x564.jpg 768w, https:\/\/bonis-avibus.fi\/bonis-avibus\/wp-content\/uploads\/2020\/03\/Levine-1-800x587.jpg 800w, https:\/\/bonis-avibus.fi\/bonis-avibus\/wp-content\/uploads\/2020\/03\/Levine-1.jpg 1118w\" sizes=\"auto, (max-width: 1024px) 100vw, 1024px\" \/><br \/>\n\t\t\t\t\t\t\t\t\t\t\t\t\t<img loading=\"lazy\" decoding=\"async\" width=\"1024\" height=\"716\" src=\"https:\/\/bonis-avibus.fi\/bonis-avibus\/wp-content\/uploads\/2020\/03\/Levine-2-1024x716.jpg\" alt=\"\" srcset=\"https:\/\/bonis-avibus.fi\/bonis-avibus\/wp-content\/uploads\/2020\/03\/Levine-2-1024x716.jpg 1024w, https:\/\/bonis-avibus.fi\/bonis-avibus\/wp-content\/uploads\/2020\/03\/Levine-2-300x210.jpg 300w, https:\/\/bonis-avibus.fi\/bonis-avibus\/wp-content\/uploads\/2020\/03\/Levine-2-768x537.jpg 768w, https:\/\/bonis-avibus.fi\/bonis-avibus\/wp-content\/uploads\/2020\/03\/Levine-2-800x559.jpg 800w, https:\/\/bonis-avibus.fi\/bonis-avibus\/wp-content\/uploads\/2020\/03\/Levine-2.jpg 1144w\" sizes=\"auto, (max-width: 1024px) 100vw, 1024px\" \/><br \/>\n\t\t\t\t\t\t\t\t\t\t\t\t\t<img loading=\"lazy\" decoding=\"async\" width=\"1013\" height=\"609\" src=\"https:\/\/bonis-avibus.fi\/bonis-avibus\/wp-content\/uploads\/2020\/03\/Levine-3-1.jpg\" alt=\"\" srcset=\"https:\/\/bonis-avibus.fi\/bonis-avibus\/wp-content\/uploads\/2020\/03\/Levine-3-1.jpg 1013w, https:\/\/bonis-avibus.fi\/bonis-avibus\/wp-content\/uploads\/2020\/03\/Levine-3-1-300x180.jpg 300w, https:\/\/bonis-avibus.fi\/bonis-avibus\/wp-content\/uploads\/2020\/03\/Levine-3-1-768x462.jpg 768w, https:\/\/bonis-avibus.fi\/bonis-avibus\/wp-content\/uploads\/2020\/03\/Levine-3-1-800x481.jpg 800w\" sizes=\"auto, (max-width: 1013px) 100vw, 1013px\" \/><br \/>\n\t\t\t\t\t\t\t\t\t\t\t\t\t<img loading=\"lazy\" decoding=\"async\" width=\"1004\" height=\"789\" src=\"https:\/\/bonis-avibus.fi\/bonis-avibus\/wp-content\/uploads\/2020\/03\/Levine-4.jpg\" alt=\"\" srcset=\"https:\/\/bonis-avibus.fi\/bonis-avibus\/wp-content\/uploads\/2020\/03\/Levine-4.jpg 1004w, https:\/\/bonis-avibus.fi\/bonis-avibus\/wp-content\/uploads\/2020\/03\/Levine-4-300x236.jpg 300w, https:\/\/bonis-avibus.fi\/bonis-avibus\/wp-content\/uploads\/2020\/03\/Levine-4-768x604.jpg 768w, https:\/\/bonis-avibus.fi\/bonis-avibus\/wp-content\/uploads\/2020\/03\/Levine-4-800x629.jpg 800w\" sizes=\"auto, (max-width: 1004px) 100vw, 1004px\" \/><br \/>\n\t\t\t\t\t\t\t\t\t\t\t\t\t<img loading=\"lazy\" decoding=\"async\" width=\"1024\" height=\"756\" src=\"https:\/\/bonis-avibus.fi\/bonis-avibus\/wp-content\/uploads\/2020\/03\/Levine-5-1024x756.jpg\" alt=\"\" srcset=\"https:\/\/bonis-avibus.fi\/bonis-avibus\/wp-content\/uploads\/2020\/03\/Levine-5-1024x756.jpg 1024w, https:\/\/bonis-avibus.fi\/bonis-avibus\/wp-content\/uploads\/2020\/03\/Levine-5-300x221.jpg 300w, https:\/\/bonis-avibus.fi\/bonis-avibus\/wp-content\/uploads\/2020\/03\/Levine-5-768x567.jpg 768w, https:\/\/bonis-avibus.fi\/bonis-avibus\/wp-content\/uploads\/2020\/03\/Levine-5-800x590.jpg 800w, https:\/\/bonis-avibus.fi\/bonis-avibus\/wp-content\/uploads\/2020\/03\/Levine-5.jpg 1080w\" sizes=\"auto, (max-width: 1024px) 100vw, 1024px\" \/><br \/>\n\t\t\t\t\t\t\t\t\t\t\t\t\t<img loading=\"lazy\" decoding=\"async\" width=\"1021\" height=\"795\" src=\"https:\/\/bonis-avibus.fi\/bonis-avibus\/wp-content\/uploads\/2020\/03\/Levine-6.jpg\" alt=\"\" srcset=\"https:\/\/bonis-avibus.fi\/bonis-avibus\/wp-content\/uploads\/2020\/03\/Levine-6.jpg 1021w, https:\/\/bonis-avibus.fi\/bonis-avibus\/wp-content\/uploads\/2020\/03\/Levine-6-300x234.jpg 300w, https:\/\/bonis-avibus.fi\/bonis-avibus\/wp-content\/uploads\/2020\/03\/Levine-6-768x598.jpg 768w, https:\/\/bonis-avibus.fi\/bonis-avibus\/wp-content\/uploads\/2020\/03\/Levine-6-800x623.jpg 800w\" sizes=\"auto, (max-width: 1021px) 100vw, 1021px\" \/>\t\t\t\t\t\t\t\t\t\t\t\t\t<\/p>\n<p>TRE- menetelm\u00e4 on eritt\u00e4in toimiva stressin ja traumojen purkamisessa.<\/p>\n<p>T\u00e4\u00e4lt\u00e4 l\u00f6ytyy siit\u00e4 tietoja: <a href=\"http:\/\/www.trefinland.fi\/\" target=\"_blank\" rel=\"noopener\"><strong>TRE-Finland.<\/strong><\/a><\/p>\n<p>T\u00e4ss\u00e4 TRE:st\u00e4 <a href=\"https:\/\/yle.fi\/aihe\/artikkeli\/2018\/11\/18\/tarina-valtasi-kehoni-minuuteissa-vaikka-mieleni-pisti-vastaan\" target=\"_blank\" rel=\"noopener\"><strong>hyv\u00e4 artikkeli ja videoklippi.<\/strong><\/a><\/p>\n<p>Ja t\u00e4\u00e4lt\u00e4 l\u00f6ytyy <a href=\"https:\/\/www.adlibris.com\/fi\/kirja\/tre-stressinpurkuliikkeet-9789529948543\" target=\"_blank\" rel=\"noopener\"><strong>aiheesta kirja.<\/strong><\/a><\/p>\n<p>Yle TV1:den &#8221;Isien sota&#8221; dokumentiin kuvattiin tilanne, jossa TRE:ll\u00e4 <a href=\"https:\/\/areena.yle.fi\/1-1325099\" target=\"_blank\" rel=\"noopener\"><strong>t\u00e4risen traumoistani vapauteen<\/strong><\/a>.\u00a0<\/p>\n<p>T\u00e4\u00e4lt\u00e4 l\u00f6ytyy hyv\u00e4 blogisarja &#8221;Trauman monet kasvot&#8221;:<\/p>\n<p><a href=\"https:\/\/hidastaelamaa.fi\/2014\/02\/terveys-ja-tunteet-trauman-monet-kasvot-osa-1\/#e13c5a1b\" target=\"_blank\" rel=\"noopener\"><strong>Osa 1<\/strong><\/a><\/p>\n<p><a href=\"https:\/\/hidastaelamaa.fi\/2014\/03\/terveys-ja-tunteet-trauman-monet-kasvot-osa-2\/#e13c5a1b\"><strong>Osa 2\u00a0<\/strong><\/a><\/p>\n<p><a href=\"https:\/\/hidastaelamaa.fi\/2014\/04\/terveys-ja-tunteet-trauman-monet-kasvot-osa-3\/#e13c5a1b\" target=\"_blank\" rel=\"noopener\"><strong>Osa 3<\/strong><\/a><\/p>\n<p>\t\t\t\t\t\t\t\t\t\t\t\t\t<img loading=\"lazy\" decoding=\"async\" width=\"1002\" height=\"754\" src=\"https:\/\/bonis-avibus.fi\/bonis-avibus\/wp-content\/uploads\/2020\/03\/Berceli-1.jpg\" alt=\"\" srcset=\"https:\/\/bonis-avibus.fi\/bonis-avibus\/wp-content\/uploads\/2020\/03\/Berceli-1.jpg 1002w, https:\/\/bonis-avibus.fi\/bonis-avibus\/wp-content\/uploads\/2020\/03\/Berceli-1-300x226.jpg 300w, https:\/\/bonis-avibus.fi\/bonis-avibus\/wp-content\/uploads\/2020\/03\/Berceli-1-768x578.jpg 768w, https:\/\/bonis-avibus.fi\/bonis-avibus\/wp-content\/uploads\/2020\/03\/Berceli-1-800x602.jpg 800w, https:\/\/bonis-avibus.fi\/bonis-avibus\/wp-content\/uploads\/2020\/03\/Berceli-1-400x300.jpg 400w\" sizes=\"auto, (max-width: 1002px) 100vw, 1002px\" \/><br \/>\n\t\t\t\t\t\t\t\t\t\t\t\t\t<img loading=\"lazy\" decoding=\"async\" width=\"1024\" height=\"683\" src=\"https:\/\/bonis-avibus.fi\/bonis-avibus\/wp-content\/uploads\/2017\/11\/eagle-1753002_1920-1024x683.jpg\" alt=\"\" srcset=\"https:\/\/bonis-avibus.fi\/bonis-avibus\/wp-content\/uploads\/2017\/11\/eagle-1753002_1920-1024x683.jpg 1024w, https:\/\/bonis-avibus.fi\/bonis-avibus\/wp-content\/uploads\/2017\/11\/eagle-1753002_1920-300x200.jpg 300w, https:\/\/bonis-avibus.fi\/bonis-avibus\/wp-content\/uploads\/2017\/11\/eagle-1753002_1920-768x512.jpg 768w, https:\/\/bonis-avibus.fi\/bonis-avibus\/wp-content\/uploads\/2017\/11\/eagle-1753002_1920-800x533.jpg 800w, https:\/\/bonis-avibus.fi\/bonis-avibus\/wp-content\/uploads\/2017\/11\/eagle-1753002_1920-272x182.jpg 272w, https:\/\/bonis-avibus.fi\/bonis-avibus\/wp-content\/uploads\/2017\/11\/eagle-1753002_1920.jpg 1920w\" sizes=\"auto, (max-width: 1024px) 100vw, 1024px\" \/>\t\t\t\t\t\t\t\t\t\t\t\t\t<\/p>\n<h1><strong>T\u00e4\u00e4lt\u00e4 p\u00e4\u00e4set lent\u00e4m\u00e4\u00e4n aloitukseen&#8230;<\/strong><\/h1>\n<h1><em><strong><a href=\"https:\/\/bonis-avibus.fi\/\" target=\"_blank\" rel=\"noopener\">L\u00e4mpim\u00e4sti tervetuloa Ukon ja Inkerin kotisivuille&#8230;<\/a> \u00a0<span class=\"sce_emoji-heart\" title=\"heart\"><\/span><span class=\"sce_emoji-heart\" title=\"heart\"><\/span>\u00a0<\/strong><\/em><\/h1>\n","protected":false},"excerpt":{"rendered":"<p>&#8221;Tuttuus kulkee aina mukana&#8221; runoni kirjoitin rakkaan Kira yst\u00e4v\u00e4mme syntym\u00e4p\u00e4iville. Kiralla on ollut t\u00e4rke\u00e4 merkitys omaksi itseksi kasvamisen polullani. Viime vuosikymmenen alussa Kira pyysi minua mukaan oman rumpunsa vihkimisseremoniaan. En ollut koskaan kokenut vastaavanlaista tilannetta. Etsin voimapaikan ja seremoniassa sytytimme viisi nuotiota, keskelle yhden ja jokaiseen ilmansuuntaan omansa. Kautta menneiden sukupolvien, ikiaikainen, universaali viisaus on ohjannut ihmisi\u00e4. He ovat kunnioittaneet<\/p>\n<p><a class=\"more-link\" href=\"https:\/\/bonis-avibus.fi\/bonis-avibus\/tuttuus-kulkee-aina-mukana\/\">Read More<\/a><\/p>\n","protected":false},"author":1,"featured_media":0,"parent":0,"menu_order":0,"comment_status":"closed","ping_status":"closed","template":"","meta":{"footnotes":""},"class_list":["post-6578","page","type-page","status-publish","hentry"],"_links":{"self":[{"href":"https:\/\/bonis-avibus.fi\/bonis-avibus\/wp-json\/wp\/v2\/pages\/6578","targetHints":{"allow":["GET"]}}],"collection":[{"href":"https:\/\/bonis-avibus.fi\/bonis-avibus\/wp-json\/wp\/v2\/pages"}],"about":[{"href":"https:\/\/bonis-avibus.fi\/bonis-avibus\/wp-json\/wp\/v2\/types\/page"}],"author":[{"embeddable":true,"href":"https:\/\/bonis-avibus.fi\/bonis-avibus\/wp-json\/wp\/v2\/users\/1"}],"replies":[{"embeddable":true,"href":"https:\/\/bonis-avibus.fi\/bonis-avibus\/wp-json\/wp\/v2\/comments?post=6578"}],"version-history":[{"count":49,"href":"https:\/\/bonis-avibus.fi\/bonis-avibus\/wp-json\/wp\/v2\/pages\/6578\/revisions"}],"predecessor-version":[{"id":12620,"href":"https:\/\/bonis-avibus.fi\/bonis-avibus\/wp-json\/wp\/v2\/pages\/6578\/revisions\/12620"}],"wp:attachment":[{"href":"https:\/\/bonis-avibus.fi\/bonis-avibus\/wp-json\/wp\/v2\/media?parent=6578"}],"curies":[{"name":"wp","href":"https:\/\/api.w.org\/{rel}","templated":true}]}}