{"id":7189,"date":"2020-05-06T21:52:30","date_gmt":"2020-05-06T18:52:30","guid":{"rendered":"https:\/\/bonis-avibus.fi\/bonis-avibus\/?page_id=7189"},"modified":"2026-03-24T19:20:46","modified_gmt":"2026-03-24T17:20:46","slug":"han-kulkee-edella","status":"publish","type":"page","link":"https:\/\/bonis-avibus.fi\/bonis-avibus\/han-kulkee-edella\/","title":{"rendered":"H\u00e4n kulkee edell\u00e4&#8230;"},"content":{"rendered":"\n<h1 class=\"wp-block-heading has-text-align-center\"><strong>Joskus syntyy sellaisia runoja, jotka ihmetytt\u00e4v\u00e4t heti jo tuoreeltaan. Ne ovat aluksi usvaisen n\u00e4k\u00f6isi\u00e4, mutta j\u00e4\u00e4v\u00e4tkin lopulta el\u00e4m\u00e4\u00e4n mieleen syvemmille tasoille vahvempina, kuin toiset kirjoittamani. Niihin teksteihin palaan useammin uudestaan.<\/strong><\/h1>\n\n\n\n<h1 class=\"wp-block-heading has-text-align-center\"><strong>T\u00e4m\u00e4 on sellainen <span class=\"sce_emoji-heart\" title=\"heart\"><\/span><\/strong><\/h1>\n\n\n\n<h1 class=\"wp-block-heading has-text-align-center\"><strong>Runon kielikuvat ovat mietitytt\u00e4neet minua paljon.&nbsp;<\/strong><\/h1>\n\n\n\n<p class=\"has-text-align-center\"><strong>&#8221;<\/strong><em>Kaikki el\u00e4m\u00e4si sekunnit haihtuvat<\/em><\/p>\n\n\n\n<p class=\"has-text-align-center\"><em>ja yrityksesi yll\u00e4pit\u00e4\u00e4 kuvaasi murenee pikseli pikselilt\u00e4.<\/em><\/p>\n\n\n\n<p class=\"has-text-align-center\"><em>Ihmisten sinuun liimaamat merkitykset tulevat raskaaksi ja<\/em><\/p>\n\n\n\n<p class=\"has-text-align-center\"><em>synnytt\u00e4v\u00e4t t\u00e4ysin uuden minuuden,<\/em><\/p>\n\n\n\n<p class=\"has-text-align-center\"><em>persoonattoman sinun,<\/em><\/p>\n\n\n\n<p class=\"has-text-align-center\"><em>jolla ei ole identiteetin rakentamaa vankilaa.&#8221;<\/em><\/p>\n\n\n\n<h1 class=\"wp-block-heading has-text-align-center\"><strong>Kirjoitin runon 22.11.2016 Tarja yst\u00e4v\u00e4lleni h\u00e4nen juhliinsa. Joissakin runoissani kuvaan enemm\u00e4n juhlittavaa henkil\u00f6\u00e4, mutta t\u00e4m\u00e4 on jotenkin erilainen. Itseasiassa siin\u00e4 sanoitin omaa, v\u00e4lill\u00e4 varsin h\u00e4mment\u00e4v\u00e4\u00e4kin sis\u00e4ist\u00e4 matkaani viimeisen vuosikymmenen ajalta. Mik\u00e4 j\u00e4i mysteeriksi, oli se, kuka on viisaudenkantaja?<\/strong><\/h1>\n\n\n\n<h1 class=\"wp-block-heading has-text-align-center\"><strong>Klikkaa musiikki soimaan ensin taustalle ja sitten alta \u00e4\u00e4nitiedosto.<\/strong><\/h1>\n\n\n\n<figure class=\"wp-block-embed aligncenter is-type-video is-provider-youtube wp-block-embed-youtube wp-embed-aspect-16-9 wp-has-aspect-ratio\"><div class=\"wp-block-embed__wrapper\">\n<iframe loading=\"lazy\" title=\"Deuter - Temple Of Silence (Chillout Voices)\" width=\"500\" height=\"281\" src=\"https:\/\/www.youtube.com\/embed\/d7lNYmpY0OE?feature=oembed\" frameborder=\"0\" allow=\"accelerometer; autoplay; clipboard-write; encrypted-media; gyroscope; picture-in-picture; web-share\" referrerpolicy=\"strict-origin-when-cross-origin\" allowfullscreen><\/iframe>\n<\/div><\/figure>\n\n\n\n<p><\/p>\n\n\n<p><div class=\"compact_audio_player_wrapper\"><div class=\"sc_player_container1\"><input type=\"button\" id=\"btnplay_69eb7897b538d7.19207092\" class=\"myButton_play\" onClick=\"play_mp3('play','69eb7897b538d7.19207092','https:\/\/bonis-avibus.fi\/bonis-avibus\/wp-content\/uploads\/2020\/05\/H\u00e4n-kulkee-edell\u00e4si-masteroitu-3-x-kohinanpoistolla.mp3','80','false');show_hide('play','69eb7897b538d7.19207092');\" \/><input type=\"button\"  id=\"btnstop_69eb7897b538d7.19207092\" style=\"display:none\" class=\"myButton_stop\" onClick=\"play_mp3('stop','69eb7897b538d7.19207092','','80','false');show_hide('stop','69eb7897b538d7.19207092');\" \/><div id=\"sm2-container\"><!-- flash movie ends up here --><\/div><\/div><\/div> T\u00e4st\u00e4 voit kuunnella tulkintani runosta. Alussa on pieni hetki hiljaisuutta.<\/p>\n\r\n\t\t<div class=\"magee-expand \" id=\"\" data-less-icon=\"fa-arrow-circle-up\" data-less-icon-color=\"#002a8e\" data-less-text=\"Piilota\" data-more-icon=\"fa-arrow-circle-down\" data-more-icon-color=\"#002a8e\" data-more-text=\"Napsauttamalla t\u00e4t\u00e4 l\u00f6ytyy runoni kirjallinen versio\">\r\n            <div class=\"expand-control control-r5j2ou\"><i class=\"fa fa-arrow-circle-down\" style=\"color:#002a8e;\"><\/i> Napsauttamalla t\u00e4t\u00e4 l\u00f6ytyy runoni kirjallinen versio<\/div>\r\n\t\t\t\t<div class=\"expand-content\" style=\"display:none;\">\r\n\t\t\t\t\t<\/p>\n<p>H\u00e4n kulkee edell\u00e4si&#8230;<\/p>\n<p>tuo vuorten viisauden kantaja.<\/p>\n<p>Hiljaisuus sanoittaa itse\u00e4\u00e4n n\u00e4kyv\u00e4ksi s\u00e4veliss\u00e4.<\/p>\n<p>Juuri t\u00e4ss\u00e4 kohdassa on unohdettava,<\/p>\n<p>annettava ensin itselle anteeksi,<\/p>\n<p>sitten kaikille sieluasi haavoittaneille.<\/p>\n<p>Juuri t\u00e4ss\u00e4 kohdassa voi n\u00e4hd\u00e4 todellisuuden,<\/p>\n<p>ja silloin rohkeus astuu esiin.<\/p>\n<p>Vihdoinkin uskallat katsoa sit\u00e4,<\/p>\n<p>mik\u00e4 jo irroitti otteensa ytimest\u00e4,<\/p>\n<p>mik\u00e4 repi irti juuret \u00e4itimaan sylist\u00e4.<\/p>\n<p>H\u00e4n kulkee edell\u00e4si&#8230;<\/p>\n<p>tuo vuorten asuja.<\/p>\n<p>Ovat kertoneet l\u00f6yt\u00e4neens\u00e4 k\u00e4tketyt avaimet,<\/p>\n<p>ovat puhdistaneet,<\/p>\n<p>hioneet.<\/p>\n<p>Koko aamuy\u00f6n he kulkivat huoneesta seitsem\u00e4nteen,<\/p>\n<p>ottivat osaa jokaisen tarinaan.<\/p>\n<p>Kun oppii menem\u00e4\u00e4n itsens\u00e4 l\u00e4vitse tulevaisuuteen,<\/p>\n<p>voi ottaa mukaansa lapsuuden rannan hiekkaa,<\/p>\n<p>tuulen nostattaman pilven muodon,<\/p>\n<p>airon \u00e4\u00e4nen<\/p>\n<p>ja leiv\u00e4n tuoksun.<\/p>\n<p>On ment\u00e4v\u00e4 l\u00f6yt\u00e4m\u00e4\u00e4n jotain,<\/p>\n<p>mik\u00e4 hukkui matkasi varrella.<\/p>\n<p>Perille tulon tunnistaa heti,<\/p>\n<p>sill\u00e4 sen l\u00e4sn\u00e4olo on seurannut sinua koko el\u00e4m\u00e4si.<\/p>\n<p>Et ole el\u00e4nyt turhaan.<\/p>\n<p>Menneen tuskan p\u00e4iviesi hiest\u00e4 saa uusi muotonsa.<\/p>\n<p><a name=\"_GoBack\"><\/a> Kun historiasi ja tulevat aamut katsovat sinua silmiin,<\/p>\n<p>tunnistat kyll\u00e4 sielusi teht\u00e4v\u00e4n.<\/p>\n<p>N\u00e4et siin\u00e4 hetkess\u00e4 kaiken merkityksen,<\/p>\n<p>jokaisen askeleesi vaikutukset,<\/p>\n<p>syd\u00e4men sykkeesi heijasteet.<\/p>\n<p>Ja lapsuutesi p\u00e4iv\u00e4t alkavat keriyty\u00e4 auki hetki hetkelt\u00e4,<\/p>\n<p>aistimus aistimukselta,<\/p>\n<p>tuoksu tuoksulta,<\/p>\n<p>eik\u00e4 mik\u00e4\u00e4n j\u00e4\u00e4 pois.<\/p>\n<p>Kaikki eletyt p\u00e4iv\u00e4si kytkeytyv\u00e4t voimalla sinuun,<\/p>\n<p>vellovat, kuin sy\u00f6p\u00e4 soluissasi<\/p>\n<p>ja kun lopulta luulet olevasi tarinasi,<\/p>\n<p>huomaat erehtyneesi hyv\u00e4n kerran.<\/p>\n<p>Kaikki el\u00e4m\u00e4si sekunnit haihtuvat<\/p>\n<p>ja yrityksesi yll\u00e4pit\u00e4\u00e4 kuvaasi murenee pikseli pikselilt\u00e4.<\/p>\n<p>Ihmisten sinuun liimaamat merkitykset tulevat raskaaksi ja<\/p>\n<p>synnytt\u00e4v\u00e4t t\u00e4ysin uuden minuuden,<\/p>\n<p>persoonattoman sinun,<\/p>\n<p>jolla ei ole identiteetin rakentamaa vankilaa.<\/p>\n<p>Siit\u00e4 p\u00e4iv\u00e4st\u00e4 l\u00e4htien voit olla kuka tahansa,<\/p>\n<p>miss\u00e4 tahansa<\/p>\n<p>ja kenelle tahansa.<\/p>\n<p>Syd\u00e4n se on,<\/p>\n<p>joka ohjaa sinua rakkauden kautta,<\/p>\n<p>syd\u00e4n se on,<\/p>\n<p>joka pyyt\u00e4\u00e4 rakentamaan rauhaa t\u00e4h\u00e4n maailmaan&#8230;<\/p>\n<p>Sinun edelt\u00e4 vuorille mennyt muuttuu kirkkaiden purojen taimeneksi,<\/p>\n<p>ponkaisee joesta ilmaan,<\/p>\n<p>muuttuu kotkaksi,\u00a0<\/p>\n<p>kaartelee vuoristosolien h\u00e4m\u00e4r\u00e4st\u00e4 auringon kirkkauteen<\/p>\n<p>ja laskeutuu lopulta perhosena olallesi.<\/p>\n<p>Katso itse\u00e4si silmiin,<\/p>\n<p>niin saat ikiaikojen k\u00e4tkem\u00e4n lahjasi takaisin.<\/p>\n<p>He kaikki istuvat yhdess\u00e4 hiljaa nuotion \u00e4\u00e4ress\u00e4<\/p>\n<p>ja ilo se on,<\/p>\n<p>joka virtaa syd\u00e4mest\u00e4 syd\u00e4meen.<\/p>\n<p>Ja kaikki ovat l\u00e4sn\u00e4,<\/p>\n<p>alusta t\u00e4nne asti kulkeneet\u2026<\/p>\n<div class=\" divider magee-divider magee-shortcode divider-h38jr6 divider-shadow\" id=\"\"><div class=\"divider-inner divider-border\"><\/div><\/div> \r\n\t\t\t\t<\/div>\r\n\t\t\t<\/div>","protected":false},"excerpt":{"rendered":"<p>Joskus syntyy sellaisia runoja, jotka ihmetytt\u00e4v\u00e4t heti jo tuoreeltaan. Ne ovat aluksi usvaisen n\u00e4k\u00f6isi\u00e4, mutta j\u00e4\u00e4v\u00e4tkin lopulta el\u00e4m\u00e4\u00e4n mieleen syvemmille tasoille vahvempina, kuin toiset kirjoittamani. Niihin teksteihin palaan useammin uudestaan. T\u00e4m\u00e4 on sellainen Runon kielikuvat ovat mietitytt\u00e4neet minua paljon.&nbsp; &#8221;Kaikki el\u00e4m\u00e4si sekunnit haihtuvat ja yrityksesi yll\u00e4pit\u00e4\u00e4 kuvaasi murenee pikseli pikselilt\u00e4. Ihmisten sinuun liimaamat merkitykset tulevat raskaaksi ja synnytt\u00e4v\u00e4t t\u00e4ysin uuden<\/p>\n<p><a class=\"more-link\" href=\"https:\/\/bonis-avibus.fi\/bonis-avibus\/han-kulkee-edella\/\">Read More<\/a><\/p>\n","protected":false},"author":1,"featured_media":0,"parent":0,"menu_order":0,"comment_status":"closed","ping_status":"closed","template":"","meta":{"footnotes":""},"class_list":["post-7189","page","type-page","status-publish","hentry"],"_links":{"self":[{"href":"https:\/\/bonis-avibus.fi\/bonis-avibus\/wp-json\/wp\/v2\/pages\/7189","targetHints":{"allow":["GET"]}}],"collection":[{"href":"https:\/\/bonis-avibus.fi\/bonis-avibus\/wp-json\/wp\/v2\/pages"}],"about":[{"href":"https:\/\/bonis-avibus.fi\/bonis-avibus\/wp-json\/wp\/v2\/types\/page"}],"author":[{"embeddable":true,"href":"https:\/\/bonis-avibus.fi\/bonis-avibus\/wp-json\/wp\/v2\/users\/1"}],"replies":[{"embeddable":true,"href":"https:\/\/bonis-avibus.fi\/bonis-avibus\/wp-json\/wp\/v2\/comments?post=7189"}],"version-history":[{"count":25,"href":"https:\/\/bonis-avibus.fi\/bonis-avibus\/wp-json\/wp\/v2\/pages\/7189\/revisions"}],"predecessor-version":[{"id":18921,"href":"https:\/\/bonis-avibus.fi\/bonis-avibus\/wp-json\/wp\/v2\/pages\/7189\/revisions\/18921"}],"wp:attachment":[{"href":"https:\/\/bonis-avibus.fi\/bonis-avibus\/wp-json\/wp\/v2\/media?parent=7189"}],"curies":[{"name":"wp","href":"https:\/\/api.w.org\/{rel}","templated":true}]}}