{"id":737,"date":"2017-06-06T14:10:10","date_gmt":"2017-06-06T11:10:10","guid":{"rendered":"http:\/\/bonis-avibus.fi\/bonis-avibus\/?page_id=737"},"modified":"2017-10-04T09:52:41","modified_gmt":"2017-10-04T06:52:41","slug":"tulojuhlat","status":"publish","type":"page","link":"https:\/\/bonis-avibus.fi\/bonis-avibus\/tulojuhlat\/","title":{"rendered":"Tulojuhlat"},"content":{"rendered":"<p><strong>Aka. &#8221;Sielu kuuntelee hiljaa&#8221;<\/strong><\/p>\n<p>Kirjoitettu Pohjois- Ruotsissa Tjeggelvasin kairoissa 2.8.2010<\/p>\n<p>Ukko K\u00e4rkk\u00e4inen<\/p>\n<p style=\"text-align: left;\">Voit kuunnella t\u00e4st\u00e4 tulkintani \u00a0<div class=\"compact_audio_player_wrapper\"><div class=\"sc_player_container1\"><input type=\"button\" id=\"btnplay_69eb7899e10e57.37588588\" class=\"myButton_play\" onClick=\"play_mp3('play','69eb7899e10e57.37588588','http:\/\/bonis-avibus.fi\/bonis-avibus\/wp-content\/uploads\/2017\/06\/Sielu-kuuntelee-hiljaa.mp3','80','false');show_hide('play','69eb7899e10e57.37588588');\" \/><input type=\"button\"  id=\"btnstop_69eb7899e10e57.37588588\" style=\"display:none\" class=\"myButton_stop\" onClick=\"play_mp3('stop','69eb7899e10e57.37588588','','80','false');show_hide('stop','69eb7899e10e57.37588588');\" \/><div id=\"sm2-container\"><!-- flash movie ends up here --><\/div><\/div><\/div><\/p>\n<p style=\"text-align: center;\">\u00a0\r\n\t\t<div class=\"magee-expand \" id=\"\" data-less-icon=\"fa-arrow-circle-up\" data-less-icon-color=\"#002a8e\" data-less-text=\"Piilota\" data-more-icon=\"fa-arrow-circle-down\" data-more-icon-color=\"#002a8e\" data-more-text=\"Napsauttamalla runoni kirjallinen versio\">\r\n            <div class=\"expand-control control-pdnrl6\"><i class=\"fa fa-arrow-circle-down\" style=\"color:#002a8e;\"><\/i> Napsauttamalla runoni kirjallinen versio<\/div>\r\n\t\t\t\t<div class=\"expand-content\" style=\"display:none;\">\r\n\t\t\t\t\t<\/p>\n<p>&nbsp;<\/p>\n<p style=\"text-align: left;\">Oppisinko vihdoinkin vuosikymmenten juoksun j\u00e4lkeen hidastamaan?<\/p>\n<p style=\"text-align: left; padding-left: 30px;\">Uskaltaisinko pys\u00e4hty\u00e4 itseni kohdalle,<\/p>\n<p style=\"text-align: left; padding-left: 240px;\">istua viereeni,<\/p>\n<p style=\"text-align: left; padding-left: 300px;\">kuunnella hiljaa?<\/p>\n<p style=\"text-align: left;\">Pois olen ollut minuudesta,<\/p>\n<p style=\"text-align: left; padding-left: 60px;\">kaukana suorittamassa el\u00e4m\u00e4\u00e4,<\/p>\n<p style=\"text-align: left; padding-left: 210px;\">tavoittamattomissa<\/p>\n<p style=\"text-align: left;\">Tuska syntyy siit\u00e4,<\/p>\n<p style=\"text-align: left; padding-left: 90px;\">ettei ole yhteytt\u00e4 sieluunsa.<\/p>\n<p style=\"text-align: left;\">Shamaani oli heimossa ihminen,<\/p>\n<p style=\"text-align: left; padding-left: 60px;\">jonka teht\u00e4v\u00e4 oli hakea,<\/p>\n<p style=\"text-align: left; padding-left: 150px;\">kutsua mielelt\u00e4\u00e4n s\u00e4rkyneen sielu takaisin kehoon.<\/p>\n<p style=\"text-align: left;\">Ja kaikki nuotion piiriss\u00e4 ottivat iloiten vastaan palaavan.<\/p>\n<p style=\"text-align: left;\">Pitk\u00e4 on ollut minun matkani etsi\u00e4,<\/p>\n<p style=\"text-align: left; padding-left: 90px;\">v\u00e4lill\u00e4 niin toivottaman tuskallinen ja uuvuttava!<\/p>\n<p style=\"text-align: left;\">Hakenut olen,<\/p>\n<p style=\"text-align: left; padding-left: 60px;\">pakon ajamana k\u00e4ynyt kirja kirjalta l\u00e4pi,<\/p>\n<p style=\"text-align: left;\">etsinyt,<\/p>\n<p style=\"text-align: left; padding-left: 30px;\">ett\u00e4 l\u00f6ytyisk\u00f6 t\u00e4\u00e4lt\u00e4 j\u00e4lki\u00e4ni, voisinko n\u00e4iden sanojen kautta tiet\u00e4\u00e4 jotain?<\/p>\n<p style=\"text-align: left;\">El\u00e4m\u00e4ni pituinen kahlaaminen v\u00e4sytt\u00e4\u00e4 ja nyt istun menneen rannalla.<\/p>\n<p style=\"text-align: left;\">Pitk\u00e4 on ollut matka etsi\u00e4 sieluani,<\/p>\n<p style=\"text-align: left; padding-left: 60px;\">jo varhain pois muuttanutta.<\/p>\n<p style=\"text-align: left;\">Kuka olisi h\u00e4n,<\/p>\n<p style=\"text-align: left; padding-left: 60px;\">joka opettaisi sanat,<\/p>\n<p style=\"text-align: left; padding-left: 150px;\">h\u00e4n, joka s\u00e4velt\u00e4isi sielun takaisin kutsumiseen laulun.<\/p>\n<p style=\"text-align: left;\">sellaisen,<\/p>\n<p style=\"text-align: left; padding-left: 60px;\">jossa soisi rakkaus,<\/p>\n<p style=\"text-align: left; padding-left: 150px;\">jossa kuulisi lempe\u00e4n tuulen,<\/p>\n<p style=\"text-align: left; padding-left: 300px;\">jossa aistisi aamun ensimm\u00e4isen linnun?<\/p>\n<p style=\"text-align: left;\">Kun on kerran s\u00e4rkynyt pahasti,<\/p>\n<p style=\"text-align: left; padding-left: 90px;\">ei voi luottaa keneenk\u00e4\u00e4n,<\/p>\n<p style=\"text-align: left; padding-left: 240px;\">miss\u00e4\u00e4n,<\/p>\n<p style=\"text-align: left; padding-left: 330px;\">milloinkaan.<\/p>\n<p style=\"text-align: left;\">On vain k\u00e4rsitt\u00e4v\u00e4 p\u00e4ivi\u00e4&#8230;, viikkoja&#8230;, kuukausia&#8230;, vuosia&#8230;, kymmeni\u00e4&#8230;<\/p>\n<p style=\"text-align: left;\">Sielu kuuntelee hiljaa kaukana olevaa,<\/p>\n<p style=\"text-align: left; padding-left: 30px;\">kuuntelee sit\u00e4, johon se muutti t\u00e4nne tultuaan,<\/p>\n<p style=\"text-align: left; padding-left: 60px;\">johon se asettui asumaan.<\/p>\n<p style=\"text-align: left;\">Kun on kerran s\u00e4rkynyt pahasti,<\/p>\n<p style=\"text-align: left; padding-left: 120px;\">muuttaa sielu ihon l\u00e4vitse toisaalle.<\/p>\n<p style=\"text-align: left;\">Sielt\u00e4 se seuraa,<\/p>\n<p style=\"text-align: left; padding-left: 60px;\">katsoo itkien, mit\u00e4 keholle tapahtuu, suree sit\u00e4.<\/p>\n<p style=\"text-align: left;\">Jossain sielu odottaa,<\/p>\n<p style=\"text-align: left; padding-left: 60px;\">ja kuuntelee, milloin muutokset ovat tapahtuneet,<\/p>\n<p style=\"text-align: left; padding-left: 30px;\">milloin tulojuhlat on valmistettu.<\/p>\n<p style=\"text-align: left;\">Paljon pit\u00e4\u00e4 kuoria s\u00e4rky\u00e4,<\/p>\n<p style=\"text-align: left; padding-left: 90px;\">paljon haavoja tulla ja vuotaa,<\/p>\n<p style=\"text-align: left;\">ennen kuin n\u00f6yryys l\u00f6yt\u00e4\u00e4 sanat kutsua sielun takaisin minuuteen.<\/p>\n<p style=\"text-align: left;\">Ihmisen heikkoutta vasten piirtyy sielun v\u00e4kevyys ja voima.<\/p>\n<p style=\"text-align: left; padding-left: 270px;\">Yhteys itseens\u00e4 on kaikkien l\u00e4sn\u00e4oloa.<\/p>\n<p style=\"text-align: left;\">Sinut n\u00e4hd\u00e4\u00e4n kehosi kautta,<\/p>\n<p style=\"text-align: left; padding-left: 120px;\">siis kun katsot minua,<\/p>\n<p style=\"text-align: left; padding-left: 180px;\">n\u00e4et Ukoksi kutsutun entisen Paavon.<\/p>\n<p style=\"text-align: left;\">Kun tarinoit kanssani,<\/p>\n<p style=\"text-align: left; padding-left: 90px;\">saat tuntumaa minuudestani sanojen viestein\u00e4,<\/p>\n<p style=\"text-align: left;\">mutta silloin,<\/p>\n<p style=\"text-align: left; padding-left: 90px;\">kun p\u00e4\u00e4st\u00e4t itsesi irti kehosi kahleista,<\/p>\n<p style=\"text-align: left; padding-left: 180px;\">silloin voit kuulla sieluni laulun&#8230;<\/p>\n<p style=\"text-align: center;\">\r\n\t\t\t\t<\/div>\r\n\t\t\t<\/div><\/p>\n<p style=\"text-align: center;\"><div class=\" divider magee-divider magee-shortcode divider-p1b0n3 divider-shadow\" id=\"\"><div class=\"divider-inner divider-border\"><\/div><\/div><\/p>\n<p style=\"text-align: center;\"><span style=\"color: #ffffff;\">.<\/span><\/p>\n<p style=\"text-align: center;\"><span style=\"color: #ffffff;\">.<\/span><\/p>\n<p style=\"text-align: center;\"><span style=\"color: #ffffff;\">.<\/span><\/p>\n<p style=\"text-align: center;\"><span style=\"color: #ffffff;\">.<\/span><\/p>\n<p style=\"text-align: center;\"><span style=\"color: #ffffff;\">.<\/span><\/p>\n<p style=\"text-align: center;\"><span style=\"color: #ffffff;\">.<\/span><\/p>\n<p style=\"text-align: center;\"><div class=\" divider magee-divider magee-shortcode divider-5vqyvn divider-back-to-top\" id=\"\">\r\n\t\t\t<div class=\"divider-inner divider-border\">\r\n\t\t\t<div class=\"divider-inner-item divider-border\">\r\n\t\t\t\t<div class=\"divider-inner\"><\/div>\r\n\t\t\t<\/div>\r\n\t\t\t<div class=\"divider-inner-item divider-inner-back-to-top\">\r\n\t\t\t\t<a href=\"#\" class=\"magee-back-to-top\"><i class=\"fa fa-arrow-up\"><\/i><\/a>\r\n\t\t\t<\/div>\r\n\t\t\t<\/div>\r\n\t\t\t<\/div><\/p>\n","protected":false},"excerpt":{"rendered":"<p>Aka. &#8221;Sielu kuuntelee hiljaa&#8221; Kirjoitettu Pohjois- Ruotsissa Tjeggelvasin kairoissa 2.8.2010 Ukko K\u00e4rkk\u00e4inen Voit kuunnella t\u00e4st\u00e4 tulkintani \u00a0 \u00a0 . . . . . .<\/p>\n","protected":false},"author":2,"featured_media":0,"parent":0,"menu_order":0,"comment_status":"closed","ping_status":"closed","template":"page-templates\/full-width.php","meta":{"footnotes":""},"class_list":["post-737","page","type-page","status-publish","hentry"],"_links":{"self":[{"href":"https:\/\/bonis-avibus.fi\/bonis-avibus\/wp-json\/wp\/v2\/pages\/737","targetHints":{"allow":["GET"]}}],"collection":[{"href":"https:\/\/bonis-avibus.fi\/bonis-avibus\/wp-json\/wp\/v2\/pages"}],"about":[{"href":"https:\/\/bonis-avibus.fi\/bonis-avibus\/wp-json\/wp\/v2\/types\/page"}],"author":[{"embeddable":true,"href":"https:\/\/bonis-avibus.fi\/bonis-avibus\/wp-json\/wp\/v2\/users\/2"}],"replies":[{"embeddable":true,"href":"https:\/\/bonis-avibus.fi\/bonis-avibus\/wp-json\/wp\/v2\/comments?post=737"}],"version-history":[{"count":14,"href":"https:\/\/bonis-avibus.fi\/bonis-avibus\/wp-json\/wp\/v2\/pages\/737\/revisions"}],"predecessor-version":[{"id":2934,"href":"https:\/\/bonis-avibus.fi\/bonis-avibus\/wp-json\/wp\/v2\/pages\/737\/revisions\/2934"}],"wp:attachment":[{"href":"https:\/\/bonis-avibus.fi\/bonis-avibus\/wp-json\/wp\/v2\/media?parent=737"}],"curies":[{"name":"wp","href":"https:\/\/api.w.org\/{rel}","templated":true}]}}