{"id":7488,"date":"2020-07-04T13:03:11","date_gmt":"2020-07-04T10:03:11","guid":{"rendered":"https:\/\/bonis-avibus.fi\/bonis-avibus\/?page_id=7488"},"modified":"2026-03-24T19:19:48","modified_gmt":"2026-03-24T17:19:48","slug":"unohduksen-verho","status":"publish","type":"page","link":"https:\/\/bonis-avibus.fi\/bonis-avibus\/unohduksen-verho\/","title":{"rendered":"Unohduksen verho"},"content":{"rendered":"<div class=\"wp-block-image\">\n<figure class=\"aligncenter\"><img decoding=\"async\" src=\"https:\/\/bonis-avibus.fi\/bonis-avibus\/wp-content\/uploads\/2020\/07\/Verho-4.jpg\" alt=\"\"\/><\/figure>\n<\/div>\n\n\n<h1 class=\"wp-block-heading\"><strong>Joskus vain&nbsp;tapahtuu&nbsp;<\/strong><strong>niin , ett\u00e4 jokin pys\u00e4hdyksiss\u00e4 ollut liikahtaa, kuin sattumalta.&nbsp;<\/strong><\/h1>\n\n\n\n<h1 class=\"wp-block-heading\"><strong>Viime viikolla, aivan kes\u00e4kuun lopulla, vuotena 2020, koin sellaisen &#8221;sattuman&#8221;. Ensin l\u00f6ysin yhdest\u00e4 kirjasta viittauksen toiseen kirjaan. Sitten pyysin sen j\u00e4lkimm\u00e4isen l\u00e4himp\u00e4\u00e4n kirjastoon.<\/strong><\/h1>\n\n\n\n<h1 class=\"wp-block-heading\"><strong>En osannut aavistaa, miten syv\u00e4sti kirja vaikuttaisi minuun? Sit\u00e4k\u00e4\u00e4n en tiennyt, ett\u00e4 syntyisi runo kirjan tarinoiden her\u00e4tt\u00e4mist\u00e4 ajatuksista? T\u00e4m\u00e4 teksti on yksi merkillisimmist\u00e4, mit\u00e4 olen kirjoittanut? Ehk\u00e4 juuri siksi kuluikin kokonainen vuosi, ennenkuin laitoin t\u00e4m\u00e4n julkiseksi.<\/strong><\/h1>\n\n\n\n<h1 class=\"wp-block-heading\"><strong>H\u00e4mment\u00e4v\u00e4ll\u00e4 tavalla t\u00e4ss\u00e4 runo ja musiikki alkavat k\u00e4yd\u00e4 vuoropuhelua. Sit\u00e4 dialogia voi parhaitten ymm\u00e4rt\u00e4\u00e4 syd\u00e4mell\u00e4\u00e4n, tunteillaan.<\/strong><\/h1>\n\n\n\n<h1 class=\"wp-block-heading\"><strong><span class=\"sce_emoji-heart\" title=\"heart\"><\/span><\/strong><\/h1>\n\n\n\n<h1 class=\"wp-block-heading\"><strong>Kuuntelusuositus:<\/strong><\/h1>\n\n\n\n<h1 class=\"wp-block-heading\"><strong>Mene johonkin sellaiseen, sinulle sopivaan ja rauhalliseen paikkaan, jossa kuunteluasi ei keskeytet\u00e4. Ota kuulokkeet tai laita korvanapit.<\/strong><\/h1>\n\n\n\n<h1 class=\"wp-block-heading\"><strong>Ved\u00e4 muutamia kertoja ilmaa syv\u00e4lle keuhkoihisi ja anna sitten ilmavirran tulla hidastettuna, pitk\u00e4\u00e4n puhaltaen.<\/strong><\/h1>\n\n\n\n<h1 class=\"wp-block-heading\"><strong>Klikkaa rauhalliseen hetkeesi musiikki soimaan ja sen j\u00e4lkeen runoni kuulumaan.<\/strong><\/h1>\n\n\n\n<h1 class=\"wp-block-heading\"><strong>Sulje silm\u00e4si.<\/strong><\/h1>\n\n\n\n<h1 class=\"wp-block-heading\"><strong>Anna vaikuttaa. Kun runoni loppuu, keskity aistimaan musiikin sulattamia tunteita <span class=\"sce_emoji-heart\" title=\"heart\"><\/span>&nbsp;<\/strong><\/h1>\n\n\n\n\n\n<figure class=\"wp-block-embed is-type-video is-provider-youtube wp-block-embed-youtube wp-embed-aspect-16-9 wp-has-aspect-ratio\"><div class=\"wp-block-embed__wrapper\">\n<iframe loading=\"lazy\" title=\"Fiona Joy Hawkins &amp; Rebecca Daniel - Lightness of Dark - The Lightness of Dark - 07\" width=\"500\" height=\"281\" src=\"https:\/\/www.youtube.com\/embed\/UTjtM9p1HpM?feature=oembed\" frameborder=\"0\" allow=\"accelerometer; autoplay; clipboard-write; encrypted-media; gyroscope; picture-in-picture; web-share\" referrerpolicy=\"strict-origin-when-cross-origin\" allowfullscreen><\/iframe>\n<\/div><\/figure>\n\n\n<p><div class=\"compact_audio_player_wrapper\"><div class=\"sc_player_container1\"><input type=\"button\" id=\"btnplay_69eb7a0cc257e1.71058469\" class=\"myButton_play\" onClick=\"play_mp3('play','69eb7a0cc257e1.71058469','https:\/\/bonis-avibus.fi\/bonis-avibus\/wp-content\/uploads\/2020\/07\/Unohduksen-verho-Masteroitu.mp3','80','false');show_hide('play','69eb7a0cc257e1.71058469');\" \/><input type=\"button\"  id=\"btnstop_69eb7a0cc257e1.71058469\" style=\"display:none\" class=\"myButton_stop\" onClick=\"play_mp3('stop','69eb7a0cc257e1.71058469','','80','false');show_hide('stop','69eb7a0cc257e1.71058469');\" \/><div id=\"sm2-container\"><!-- flash movie ends up here --><\/div><\/div><\/div> T\u00e4st\u00e4 voit kuunnella tulkintani runosta.<\/p>\n\r\n\t\t<div class=\"magee-expand \" id=\"\" data-less-icon=\"fa-arrow-circle-up\" data-less-icon-color=\"#002a8e\" data-less-text=\"Piilota\" data-more-icon=\"fa-arrow-circle-down\" data-more-icon-color=\"#002a8e\" data-more-text=\"Napsauttamalla t\u00e4t\u00e4 l\u00f6ytyy runoni kirjallinen versio\">\r\n            <div class=\"expand-control control-fplz9u\"><i class=\"fa fa-arrow-circle-down\" style=\"color:#002a8e;\"><\/i> Napsauttamalla t\u00e4t\u00e4 l\u00f6ytyy runoni kirjallinen versio<\/div>\r\n\t\t\t\t<div class=\"expand-content\" style=\"display:none;\">\r\n\t\t\t\t\t<\/p>\n<p>Kuiskasivat tyynen veden takaa.<\/p>\n<p>Ja ne sanat,<\/p>\n<p>kaikista merkitt\u00e4vimm\u00e4t,<\/p>\n<p>joilla meit\u00e4 autetaan.<\/p>\n<p>Ne kertoivat salaisuuden.<\/p>\n<p>Se on juuri unohduksen verho.<\/p>\n<p>Sen l\u00e4vitse min\u00e4 tulin t\u00e4nne,<\/p>\n<p>sin\u00e4,<\/p>\n<p>me kaikki,<\/p>\n<p>verho,<\/p>\n<p>jossa unohdin t\u00e4rkeimm\u00e4n,<\/p>\n<p>kadotin tiedon siit\u00e4,<\/p>\n<p>kuka oikeasti olen.<\/p>\n<p>Siin\u00e4 kohdassa katosi ymm\u00e4rrys sielustani,<\/p>\n<p>h\u00e4visi n\u00e4kemisen kyky<\/p>\n<p>enk\u00e4 en\u00e4\u00e4 muistanut, kuka oikeasti olin.<\/p>\n<p>Miten kauan voikaan kulua aikaa itse\u00e4 etsiess\u00e4,<\/p>\n<p>kokonainen el\u00e4m\u00e4,<\/p>\n<p>eik\u00e4 monilla sek\u00e4\u00e4n riit\u00e4.<\/p>\n<p>Mutta miksi niin harvat ovat n\u00e4hneet t\u00e4\u00e4lt\u00e4 verhon taakse,<\/p>\n<p>miksi niin v\u00e4h\u00e4n niit\u00e4, jotka tiet\u00e4v\u00e4t,<\/p>\n<p>mist\u00e4 he t\u00e4nne tulivat ja miksi?<\/p>\n<p>Sit\u00e4 min\u00e4 kysyn,<\/p>\n<p>kuinka niin monet ovat kadottaneet t\u00e4rkeimm\u00e4n,<\/p>\n<p>hukanneet ytimens\u00e4,<\/p>\n<p>liekkins\u00e4,<\/p>\n<p>ilonsa, valonsa, rakkautensa, el\u00e4m\u00e4ns\u00e4?<\/p>\n<p>Sinulta sielunveljeni,<\/p>\n<p>sielunsiskoni min\u00e4 kysyn.<\/p>\n<p>Olemmeko tavanneet joskus jossakin?<\/p>\n<p>Tunnistatko minut,<\/p>\n<p>muistatko silm\u00e4ni?<\/p>\n<p>Olemmeko joskus el\u00e4neet yhdess\u00e4 tutuissa kyliss\u00e4,<\/p>\n<p>rakastaneet, istuneet saman nuotion piiriss\u00e4?<\/p>\n<p>Kerro sielunsiskoni, veljeni,<\/p>\n<p>mist\u00e4 voisin l\u00f6yt\u00e4\u00e4 sen teht\u00e4v\u00e4n,<\/p>\n<p>jonka min\u00e4 t\u00e4lle matkalleni valitsin.<\/p>\n<p>Muistatko viel\u00e4 sieluni sopimuksen,<\/p>\n<p>josta sinulle kerroin ennen t\u00e4nne tuloani.<\/p>\n<p>Olen el\u00e4m\u00e4\u00e4ni etsinyt,<\/p>\n<p>hakenut minuutta luettujen kirjojen ja ihmisten sivuilta,<\/p>\n<p>katsonut kanssakulkijoiden silmist\u00e4,<\/p>\n<p>josko sielt\u00e4 l\u00f6yt\u00e4isin vastauksen,<\/p>\n<p>kuunnellut sanojen v\u00e4leist\u00e4 \u00e4\u00e4nt\u00e4ni.<\/p>\n<p>T\u00e4n\u00e4 aamuna min\u00e4 hengit\u00e4n kaikkia elettyj\u00e4 p\u00e4ivi\u00e4, vuosia, satoja, tuhansia minussa,<\/p>\n<p>kuuntelen hiljaa\u2026<\/p>\n<p>Kuuntelen kuiskauksia tyynen veden takaa.<\/p>\n<p>Nyt on aika.<\/p>\n<p>Ihmisten lapset, nuoret, vanhukset.<\/p>\n<p>Yh\u00e4 useammat meist\u00e4 l\u00f6yt\u00e4v\u00e4t,<\/p>\n<p>saavat kosketuksen,<\/p>\n<p>tuntevat sielunsa jo t\u00e4\u00e4ll\u00e4 el\u00e4ess\u00e4\u00e4n.<\/p>\n<p>Nyt on aika.<\/p>\n<p>Katso, miten unohduksen verho raottuu.<\/p>\n<p>Nyt voimme vihdoinkin n\u00e4hd\u00e4.<\/p>\n<p>Ja mik\u00e4 siell\u00e4 ja t\u00e4\u00e4ll\u00e4 loistaa valoa hohtavana,<\/p>\n<p>mik\u00e4 tuhansissa miljoonissa v\u00e4reiss\u00e4 kimmelt\u00e4\u00e4?<\/p>\n<p>Juuri se on rakkaus.<\/p>\n<p>Se suurin liitt\u00e4\u00e4 meid\u00e4t kaikki yhteen,<\/p>\n<p>ihmiset, satakielet, valkolehdokit,<\/p>\n<p>rannan aallot, tuulenvire, kokonaiset kansat,<\/p>\n<p>\u00e4itimaata syd\u00e4mest\u00e4 rakastavat,<\/p>\n<p>universumin unesta her\u00e4\u00e4v\u00e4t.<\/p>\n<p>Rakkaus liitt\u00e4\u00e4 meid\u00e4t kaikki yhteen.<\/p>\n<p>Ja niin erillisyys h\u00e4vi\u00e4\u00e4\u2026,<\/p>\n<p>ei ole minua,<\/p>\n<p>ei sinua.<\/p>\n<p>Me kaikki yht\u00e4,<\/p>\n<p>aina.<\/p>\n<div class=\" divider magee-divider magee-shortcode divider-7pv6yi divider-shadow\" id=\"\"><div class=\"divider-inner divider-border\"><\/div><\/div> \r\n\t\t\t\t<\/div>\r\n\t\t\t<\/div>\n<p><img loading=\"lazy\" decoding=\"async\" src=\"https:\/\/bonis-avibus.fi\/bonis-avibus\/wp-content\/uploads\/2021\/02\/Brian-Weiss-Rakkaus-on-lopullinen-vastaus.jpg\" alt=\"\" width=\"198\" height=\"267\" \/><br \/><img loading=\"lazy\" decoding=\"async\" src=\"https:\/\/bonis-avibus.fi\/bonis-avibus\/wp-content\/uploads\/2021\/02\/Brian-Weiss-1.jpg\" alt=\"\" width=\"216\" height=\"174\" \/><\/p>\n<h1><strong style=\"color: inherit; font-family: inherit; font-size: 1.5rem; background-color: transparent;\">T\u00e4m\u00e4 kirja, &#8221;<a href=\"https:\/\/www.levykauppax.fi\/book\/weiss_brian_l\/rakkaus_on_lopullinen_vastaus\/\" target=\"_blank\" rel=\"noopener\">Rakkaus on lopullinen vastaus<\/a>&#8221;, synnytti runoni. Teoksen on kirjoittanut yhdeks\u00e4kymment\u00e4 luvulla Brian L. Weiss.<\/strong><\/h1>\n<h1><strong>H\u00e4n on ty\u00f6ss\u00e4\u00e4n toiminut psykiatrina. Brianilla oli ollut merkillinen kokemus terapiaistunnossa. H\u00e4nen asiakkaansa, ahdistus- ja masennusoireista k\u00e4rsiv\u00e4 nainen, oli alkanut hypnoosissa ollessaan kertoa j\u00e4rkytt\u00e4v\u00e4st\u00e4 tapahtumasta. Asiakas kuvasi, miten h\u00e4n oli kuollut tsunamiaallossa oman pienen lapsensa kanssa vuosituhansia sitten. Se istunto oli avannut tien asiakkaan paranemiseen. On huomioinarvoista, ett\u00e4 sek\u00e4 Brian, ett\u00e4 asiakas, eiv\u00e4t sill\u00e4 hetkell\u00e4 uskoneet reinkarnaation mahdollisuuteen.\u00a0<\/strong><strong style=\"color: inherit; font-family: inherit; font-size: 1.5rem; background-color: transparent;\">Enk\u00e4 muuten min\u00e4k\u00e4\u00e4n uskonut vuosikymmen sitten edellisiin el\u00e4miin.\u00a0<\/strong><\/h1>\n<h1><strong>Brian Weiss, joka oli alunperin skeptinen, l\u00e4hti testaamaan ty\u00f6skentelytapaa my\u00f6s muillakin potilaillaan. H\u00e4n sai h\u00e4mm\u00e4stytt\u00e4v\u00e4n hyvi\u00e4 tuloksia. Weiss on ty\u00f6skennellyt yli kahdenkymmenen vuoden ajan tuhansien asiakkaiden kanssa k\u00e4ytt\u00e4en menneen el\u00e4m\u00e4n terapiaa. H\u00e4nen johtop\u00e4\u00e4t\u00f6ksens\u00e4 on, ettemme el\u00e4 vain yht\u00e4 kertaa, vaan lukemattomia kertoja sielumme kulkee eri kehoissa.<\/strong><\/h1>\n<h1><strong>Minulle itselleni tapahtunut oman maailmankuvani murros on ollut j\u00e4risytt\u00e4v\u00e4n ihana. El\u00e4m\u00e4st\u00e4ni on tullut, voisin sanoa, ett\u00e4 jotenkin &#8221;huokoisempaan&#8221;. Tietoisuus reinkarnaation mahdollisuudesta on ollut my\u00f6s eritt\u00e4in inspiroiva. Onhan se kyll\u00e4 siisti\u00e4, jos n\u00e4it\u00e4 &#8221;larppauksia&#8221; onkin useampi, kuin vain t\u00e4m\u00e4 yksi. Joku voi menneist\u00e4 el\u00e4mist\u00e4 olla erimielt\u00e4. Yksi &#8221;larppaus&#8221; riitt\u00e4\u00e4 h\u00e4nelle! Se on ihan ok! Siisti\u00e4, kun ihmisill\u00e4 on erilaisia maailmankuvia ja uskomuksia.<\/strong><\/h1>\n<h1><strong>Mik\u00e4li joku olisi aikoinaan tarjonnut minulle t\u00e4t\u00e4 edell\u00e4 mainittua kirjaa, olisin sen vahvasti luokitellut pahimman luokan &#8221;huuhaaksi&#8221;! Viime kes\u00e4n\u00e4 <\/strong><strong>&#8221;Rakkaus on lopullinen vastaus&#8221; kirjaa lukiessani aistin niit\u00e4 tunteita, mit\u00e4 se minussa her\u00e4tti. V\u00e4lill\u00e4 ilonkyyneleeni kertoivat kirjoitetun olevan totta minulle. Voi olla, ett\u00e4 se on sinulle jotain aivan muuta, &#8221;h\u00f6rh\u00f6\u00e4&#8221; matskua. Tied\u00e4n varsin hyvin el\u00e4v\u00e4ni omien uskomukseni kuplassa, mutten pid\u00e4 nykyisi\u00e4 asetuksia ollenkaan pahana. T\u00e4m\u00e4n kuplan sis\u00e4lt\u00e4 tuntuu l\u00f6ytyv\u00e4n niin paljon huumorin marinoimaa iloa, rakkautta ja kiitollisuutta. T\u00e4\u00e4ll\u00e4 on ihana atmosf\u00e4\u00e4ri, kun e<\/strong><strong style=\"color: inherit; font-family: inherit; font-size: 1.5rem; background-color: transparent;\">l\u00e4m\u00e4 n\u00e4iss\u00e4 koordinaateissa on yll\u00e4tyksi\u00e4 t\u00e4ynn\u00e4. Weissin kirjan inspiroimana l\u00f6ysin sanat runooni: &#8221;Unohduksen verho&#8221; <\/strong><span class=\"sce_emoji-heart\" title=\"heart\"><\/span><\/h1>\n<h1><strong>Kirjassa oli my\u00f6s Emersonin teksti: <\/strong><\/h1>\n<h1><strong>&#8221;<\/strong><em>Maailman salaisuus on, ett\u00e4 kaikki s\u00e4ilyy hengiss\u00e4 eik\u00e4 mik\u00e4\u00e4n kuole, vaan ainoastaan et\u00e4ytyy hieman n\u00e4kym\u00e4tt\u00f6miin ja palaa sitten takaisin. Mik\u00e4\u00e4n ei kuole: ihmiset tekeytyv\u00e4t kuolleiksi ja kest\u00e4v\u00e4t valehautajaisia ja surullisia muistokirjoituksia, ja sitten he seisovat ikkunan edess\u00e4 ja katsovat ulos, tervein\u00e4 ja hyvinvoivina, jossain toisessa hahmossa.&#8221;<\/em><strong> &#8211; Ralph Waldo Emerson.<\/strong><\/h1>\n<p><img loading=\"lazy\" decoding=\"async\" src=\"https:\/\/bonis-avibus.fi\/bonis-avibus\/wp-content\/uploads\/2021\/08\/juuret-..-wood-1350175_960_720-Jeon-Sang-\u2013-kopio.jpg\" sizes=\"auto, (max-width: 960px) 100vw, 960px\" srcset=\"https:\/\/bonis-avibus.fi\/bonis-avibus\/wp-content\/uploads\/2021\/08\/juuret-..-wood-1350175_960_720-Jeon-Sang-\u2013-kopio.jpg 960w, https:\/\/bonis-avibus.fi\/bonis-avibus\/wp-content\/uploads\/2021\/08\/juuret-..-wood-1350175_960_720-Jeon-Sang-\u2013-kopio-300x40.jpg 300w, https:\/\/bonis-avibus.fi\/bonis-avibus\/wp-content\/uploads\/2021\/08\/juuret-..-wood-1350175_960_720-Jeon-Sang-\u2013-kopio-768x102.jpg 768w, https:\/\/bonis-avibus.fi\/bonis-avibus\/wp-content\/uploads\/2021\/08\/juuret-..-wood-1350175_960_720-Jeon-Sang-\u2013-kopio-800x107.jpg 800w\" alt=\"\" width=\"960\" height=\"128\" \/><\/p>\n<h1><strong>Menneisiin el\u00e4miin liittyen kokosin aiheesta kiinnostuneille t\u00e4nne videoita ja mm. Esko Rintalan mielenkiintoisen luennon aikaisempien el\u00e4mien terapiasta. Itse olen l\u00e4hes nelj\u00e4kymment\u00e4 vuotta perehtynyt t\u00e4m\u00e4n parhaillaan elett\u00e4v\u00e4n el\u00e4m\u00e4n traumoihin ja terapioihin. On ollut suorastaan h\u00e4mment\u00e4v\u00e4\u00e4 oivaltaa, ett\u00e4 osa traumoista saattaakin tulla kauempaa, vuosisatojen, kenties tuhansien takaa, niinkuin psykiatri Brian Weissin asiakkaalla.<\/strong><\/h1>\n<h1><strong>T\u00e4m\u00e4 alla oleva linkki vie kolmeen vaikuttavaan tarinaan, joissa lapset ovat kertoneet edellisist\u00e4 el\u00e4mist\u00e4\u00e4n. Videolla on kaikkiaan viisi tarinaa. Linkitin niist\u00e4 kolmeen kiinnostavimpaan.<\/strong><\/h1>\n<h1><strong>Ks.\u00a0<a href=\"https:\/\/youtu.be\/mSrXhFRjFXk?t=321\" target=\"_blank\" rel=\"noopener\">Lasten edellisi\u00e4 el\u00e4mi\u00e4<\/a>.<\/strong><\/h1>\n<h1><strong>T\u00e4ss\u00e4 alla pieni ote kotisivuiltani:\u00a0<\/strong><\/h1>\n<h1><strong>&#8221;<em>T\u00e4m\u00e4 Ericin tapaus on t\u00e4rke\u00e4 my\u00f6s siin\u00e4 mieless\u00e4, ett\u00e4 se avaa siirtyvien traumojen mekanismia, eli miten lapsella voi ilmet\u00e4 juuri sellaisissa asioissa pelkoa, johon h\u00e4n on menneess\u00e4 el\u00e4m\u00e4ss\u00e4\u00e4n kuollut!<\/em><\/strong><\/h1>\n<h1><strong><em>Tapauksen tutkijana on lastenpsykiatri Jim Tucker. Videolla kerrotaan my\u00f6s j\u00e4lleensyntymistutkimuksista, joita tehd\u00e4\u00e4n Virginian yliopistolla.<\/em>&#8221;<\/strong><\/h1>\n<h1><strong>Katso klippi: &#8221;<a href=\"https:\/\/youtu.be\/qVCh_4tBRa8?t=1729\" target=\"_blank\" rel=\"noopener noreferrer\">Mielen salattu voima videosta<\/a>&#8221;<\/strong><\/h1>\n<h1><strong>N\u00e4ilt\u00e4 sivuiltani l\u00f6ytyy menneist\u00e4 el\u00e4mist\u00e4 lis\u00e4\u00e4 pureskeltavaa: <a href=\"https:\/\/bonis-avibus.fi\/bonis-avibus\/reinkarnaatio\/\" target=\"_blank\" rel=\"noopener\">Bonis-Avibuksen reinkarnaatiosivut<\/a>.\u00a0<\/strong><\/h1>\n<h1><strong>T\u00e4ss\u00e4 linkki Esko Rintalan <\/strong><strong>Luonnonfilosofian seuran kokouksessa 18.9.2003 pit\u00e4m\u00e4\u00e4n <\/strong><strong>esitelm\u00e4\u00e4n <em><a href=\"http:\/\/www.protsv.fi\/lfs\/verkko\/Rintala2.htm\" target=\"_blank\" rel=\"noopener\">Aikaisempien el\u00e4mien terapiasta<\/a><\/em>. <\/strong><\/h1>\n<h1><strong>L\u00e4mmin suositukseni esitelm\u00e4n lukemiselle.<\/strong><strong> Siin\u00e4 minua kosketti vahvasti maailmankuulun psykiatrin, <\/strong><strong>Stanislav Groffin <\/strong><strong>kertomus h\u00e4nen edellisest\u00e4 el\u00e4m\u00e4st\u00e4\u00e4n. Groff l\u00f6ysi muumioituneen ruumiinsa vuoren sis\u00e4\u00e4n louhitusta katakombista. H\u00e4n oli aikoinaan el\u00e4nyt munkkina Kiovan l\u00e4hell\u00e4 sijaitsevassa Pet\u0161orskaja Lavra nimisess\u00e4 luolaluostarissa. Stanislav kehitti 1970 -luvun alussa\u00a0 yhdess\u00e4 psykoterapeutti puolisonsa Christinan kanssa <\/strong><strong style=\"color: inherit; font-family: inherit; font-size: 1.5rem; background-color: transparent;\"><a href=\"https:\/\/fi.holotropic.fi\/holotropicbreathwork\" target=\"_blank\" rel=\"noopener\">holotrooppisen hengitysty\u00f6skentelyn<\/a>\u00a0vaihtoehdoksi kielletylle psykedeeliterapialle.<\/strong><\/h1>\n<h1><strong>Klikkaa <\/strong><strong>transpersoonallisen psykologian pioneerista,\u00a0<\/strong><strong>Christinasta kertova ihana artikkeli: &#8221;<a href=\"https:\/\/mielenihmeet.fi\/christina-grof-ihmisluonnon-hengellinen-puoli\/\" target=\"_blank\" rel=\"noopener\">Ihmisluonnon hengellinen puoli<\/a>&#8221;.<\/strong><\/h1>\n<h1><strong>T\u00e4ss\u00e4 linkki lasten edellisten el\u00e4mien muistoista tehtyihin tutkimuksiin.<\/strong><\/h1>\n<h1><strong>Ks. <a href=\"https:\/\/www.youtube.com\/watch?v=LIBfq1SsCag\" target=\"_blank\" rel=\"noopener\">Jim Tucker ja Erlendur Haraldsson<\/a>\u00a0<\/strong><\/h1>\n<h1>\u00a0 \u00a0 \u00a0*****<\/h1>\n<h1 style=\"text-align: left;\"><strong>Ja ruokosokerina pohjalla viel\u00e4 suomalainen, todella mielenkiintoinen tapaus.<\/strong><\/h1>\n<h1 style=\"text-align: left;\"><strong>Hyv\u00e4 yst\u00e4v\u00e4ni, Ollikaisen Jouko, koki el\u00e4m\u00e4ss\u00e4\u00e4n erikoisen prosessin. Se avasi h\u00e4nelle &#8221;ikkunan&#8221; menneeseen el\u00e4m\u00e4\u00e4n.<\/strong><\/h1>\n<h1 style=\"text-align: left;\"><strong>Jouko tuli tietoiseksi siit\u00e4, ett\u00e4 oli edellisess\u00e4 inkarnaatiossaan kuollut 1956 <a href=\"https:\/\/fi.wikipedia.org\/wiki\/Algerian_sota\" target=\"_blank\" rel=\"noopener noreferrer\">Algerian sodan aikana<\/a>.<\/strong><\/h1>\n<h1 style=\"text-align: left;\"><strong>H\u00e4n (s. 1959) sai mahdollisuuden k\u00e4yd\u00e4 &#8221;entisen el\u00e4m\u00e4ns\u00e4&#8221; haudallakin.<\/strong><\/h1>\n<h1 style=\"text-align: left;\"><strong>Suosittelen l\u00e4mpim\u00e4sti l\u00e4htem\u00e4\u00e4n huimalle &#8221;matkalle&#8221; Candaceen.<\/strong><\/h1>\n<h1 style=\"text-align: left;\"><strong>Katso t\u00e4st\u00e4\u00a0<a href=\"https:\/\/youtu.be\/ilx2F2Z2814?t=2542\" target=\"_blank\" rel=\"noopener noreferrer\">Joukon haastattelu<\/a>.<\/strong><\/h1>\n<p><img loading=\"lazy\" decoding=\"async\" src=\"https:\/\/bonis-avibus.fi\/bonis-avibus\/wp-content\/uploads\/2020\/07\/Verho-6.jpg\" sizes=\"auto, (max-width: 960px) 100vw, 960px\" srcset=\"https:\/\/bonis-avibus.fi\/bonis-avibus\/wp-content\/uploads\/2020\/07\/Verho-6.jpg 960w, https:\/\/bonis-avibus.fi\/bonis-avibus\/wp-content\/uploads\/2020\/07\/Verho-6-300x200.jpg 300w, https:\/\/bonis-avibus.fi\/bonis-avibus\/wp-content\/uploads\/2020\/07\/Verho-6-768x511.jpg 768w, https:\/\/bonis-avibus.fi\/bonis-avibus\/wp-content\/uploads\/2020\/07\/Verho-6-800x533.jpg 800w, https:\/\/bonis-avibus.fi\/bonis-avibus\/wp-content\/uploads\/2020\/07\/Verho-6-272x182.jpg 272w\" alt=\"\" width=\"960\" height=\"639\" \/><\/p>","protected":false},"excerpt":{"rendered":"<p>Joskus vain&nbsp;tapahtuu&nbsp;niin , ett\u00e4 jokin pys\u00e4hdyksiss\u00e4 ollut liikahtaa, kuin sattumalta.&nbsp; Viime viikolla, aivan kes\u00e4kuun lopulla, vuotena 2020, koin sellaisen &#8221;sattuman&#8221;. Ensin l\u00f6ysin yhdest\u00e4 kirjasta viittauksen toiseen kirjaan. Sitten pyysin sen j\u00e4lkimm\u00e4isen l\u00e4himp\u00e4\u00e4n kirjastoon. En osannut aavistaa, miten syv\u00e4sti kirja vaikuttaisi minuun? Sit\u00e4k\u00e4\u00e4n en tiennyt, ett\u00e4 syntyisi runo kirjan tarinoiden her\u00e4tt\u00e4mist\u00e4 ajatuksista? T\u00e4m\u00e4 teksti on yksi merkillisimmist\u00e4, mit\u00e4 olen kirjoittanut? Ehk\u00e4<\/p>\n<p><a class=\"more-link\" href=\"https:\/\/bonis-avibus.fi\/bonis-avibus\/unohduksen-verho\/\">Read More<\/a><\/p>\n","protected":false},"author":1,"featured_media":0,"parent":0,"menu_order":0,"comment_status":"closed","ping_status":"closed","template":"","meta":{"footnotes":""},"class_list":["post-7488","page","type-page","status-publish","hentry"],"_links":{"self":[{"href":"https:\/\/bonis-avibus.fi\/bonis-avibus\/wp-json\/wp\/v2\/pages\/7488","targetHints":{"allow":["GET"]}}],"collection":[{"href":"https:\/\/bonis-avibus.fi\/bonis-avibus\/wp-json\/wp\/v2\/pages"}],"about":[{"href":"https:\/\/bonis-avibus.fi\/bonis-avibus\/wp-json\/wp\/v2\/types\/page"}],"author":[{"embeddable":true,"href":"https:\/\/bonis-avibus.fi\/bonis-avibus\/wp-json\/wp\/v2\/users\/1"}],"replies":[{"embeddable":true,"href":"https:\/\/bonis-avibus.fi\/bonis-avibus\/wp-json\/wp\/v2\/comments?post=7488"}],"version-history":[{"count":57,"href":"https:\/\/bonis-avibus.fi\/bonis-avibus\/wp-json\/wp\/v2\/pages\/7488\/revisions"}],"predecessor-version":[{"id":18929,"href":"https:\/\/bonis-avibus.fi\/bonis-avibus\/wp-json\/wp\/v2\/pages\/7488\/revisions\/18929"}],"wp:attachment":[{"href":"https:\/\/bonis-avibus.fi\/bonis-avibus\/wp-json\/wp\/v2\/media?parent=7488"}],"curies":[{"name":"wp","href":"https:\/\/api.w.org\/{rel}","templated":true}]}}