{"id":7784,"date":"2021-01-03T19:48:52","date_gmt":"2021-01-03T17:48:52","guid":{"rendered":"https:\/\/bonis-avibus.fi\/bonis-avibus\/?page_id=7784"},"modified":"2024-11-28T13:53:46","modified_gmt":"2024-11-28T11:53:46","slug":"vuoden-2021-ensimmaisiksi-runoiksi-tulivat-nama-kaksi","status":"publish","type":"page","link":"https:\/\/bonis-avibus.fi\/bonis-avibus\/vuoden-2021-ensimmaisiksi-runoiksi-tulivat-nama-kaksi\/","title":{"rendered":"Vuoden 2021 ensimm\u00e4isiksi runoiksi tulivat n\u00e4m\u00e4 kaksi.."},"content":{"rendered":"<p><img loading=\"lazy\" decoding=\"async\" width=\"720\" height=\"720\" src=\"https:\/\/bonis-avibus.fi\/bonis-avibus\/wp-content\/uploads\/2021\/01\/syd\u00e4n-...-heart-2881734_960_720-Kathleen-Bergmann.jpg\" alt=\"\" srcset=\"https:\/\/bonis-avibus.fi\/bonis-avibus\/wp-content\/uploads\/2021\/01\/syd\u00e4n-...-heart-2881734_960_720-Kathleen-Bergmann.jpg 720w, https:\/\/bonis-avibus.fi\/bonis-avibus\/wp-content\/uploads\/2021\/01\/syd\u00e4n-...-heart-2881734_960_720-Kathleen-Bergmann-300x300.jpg 300w, https:\/\/bonis-avibus.fi\/bonis-avibus\/wp-content\/uploads\/2021\/01\/syd\u00e4n-...-heart-2881734_960_720-Kathleen-Bergmann-150x150.jpg 150w\" sizes=\"auto, (max-width: 720px) 100vw, 720px\" \/>\t\t\t\t\t\t\t\t\t\t\t\t\t<\/p>\n<h1><strong>Me olemme, Inkeri ja Ukko, jo vuosia avanneet aamuisin runokirjan. V\u00e4lill\u00e4 olemme tehneet niin joka aamu, sitten on taas ollut aikoja ilman runoja. Silloin, kun on ollut runoaamu, olemme ensin silm\u00e4t kiinni sekoittaneet kirjapinon ja sitten valinneet yhden Ulrich Schafferin runokirjoista. <\/strong><strong>Sen j\u00e4lkeen olemme, taaskin silm\u00e4t kiinni, sattumaotantana avanneet kirjan. L\u00f6yt\u00e4m\u00e4mme runon olemme sitten lukeneet molemmat \u00e4\u00e4neen, jotta saisimme my\u00f6s vain kuunnella meille avautuneen runon. Sitten on toinen omalla vuorollaan sekoittanut kirjat, valinnut yhden ja sattumaotantana avannut lukien ensin runonsa.<\/strong><\/h1>\n<h1><strong>T\u00e4m\u00e4n vuoden 2021 aloitusrunoiksi avautui meille Ulrich Schafferin tuotannosta runot, jotka haluamme jakaa teid\u00e4n kaikkien kanssa.<\/strong><\/h1>\n<h1><strong>Luemme ne teille \u00e4\u00e4neen. Kummassakin runossa on oma musiikkitaustansa. Klikkaa ensin musiikki soimaan ja sitten runoesitys. Kuuntele silm\u00e4t suljettuna ja anna vaikuttaa ihan t\u00e4nne asti <span class=\"sce_emoji-heart\" title=\"heart\"><\/span><\/strong><\/h1>\n<h1><strong>T\u00e4ss\u00e4 alla kuva meill\u00e4 t\u00e4ll\u00e4 hetkell\u00e4 olevista kirjoista. Sarjasta puuttuu &#8221;Luotan&#8221;. Valitettavasti\u00a0 Ulrich Schafferin upeaa runoutta ei en\u00e4\u00e4 l\u00f6ydy juuri mist\u00e4\u00e4n. Onneksi yst\u00e4v\u00e4mme skannasi sen puuttuvan kirjan meille. Siit\u00e4 tuli Ukon valinta. Kun kuuntelet tulkintamme runosta, niin anna viel\u00e4 \u00e4\u00e4nemme j\u00e4lkeen musiikin hoitaa sinua kappaleen loppuun saakka. Sitten voit lukea itse runon \u00e4\u00e4neen tai ilman.<\/strong><\/h1>\n<p>\t\t\t\t\t\t\t\t\t\t\t\t\t<img loading=\"lazy\" decoding=\"async\" width=\"1024\" height=\"959\" src=\"https:\/\/bonis-avibus.fi\/bonis-avibus\/wp-content\/uploads\/2021\/01\/Ulric-Schafferin-kirjoja-1024x959.jpg\" alt=\"\" srcset=\"https:\/\/bonis-avibus.fi\/bonis-avibus\/wp-content\/uploads\/2021\/01\/Ulric-Schafferin-kirjoja-1024x959.jpg 1024w, https:\/\/bonis-avibus.fi\/bonis-avibus\/wp-content\/uploads\/2021\/01\/Ulric-Schafferin-kirjoja-300x281.jpg 300w, https:\/\/bonis-avibus.fi\/bonis-avibus\/wp-content\/uploads\/2021\/01\/Ulric-Schafferin-kirjoja-768x719.jpg 768w, https:\/\/bonis-avibus.fi\/bonis-avibus\/wp-content\/uploads\/2021\/01\/Ulric-Schafferin-kirjoja-800x749.jpg 800w, https:\/\/bonis-avibus.fi\/bonis-avibus\/wp-content\/uploads\/2021\/01\/Ulric-Schafferin-kirjoja.jpg 1498w\" sizes=\"auto, (max-width: 1024px) 100vw, 1024px\" \/><br \/>\n\t\t\t\t\t\t\t\t\t\t\t\t\t<img loading=\"lazy\" decoding=\"async\" width=\"465\" height=\"625\" src=\"https:\/\/bonis-avibus.fi\/bonis-avibus\/wp-content\/uploads\/2021\/01\/Luottamus-Kansi.jpg\" alt=\"\" srcset=\"https:\/\/bonis-avibus.fi\/bonis-avibus\/wp-content\/uploads\/2021\/01\/Luottamus-Kansi.jpg 465w, https:\/\/bonis-avibus.fi\/bonis-avibus\/wp-content\/uploads\/2021\/01\/Luottamus-Kansi-223x300.jpg 223w\" sizes=\"auto, (max-width: 465px) 100vw, 465px\" \/><br \/>\n\t\thttps:\/\/www.youtube.com\/watch?v=0stfT89demM<\/p>\n<h1><strong><div class=\"compact_audio_player_wrapper\"><div class=\"sc_player_container1\"><input type=\"button\" id=\"btnplay_69eb8d98c111b5.85300000\" class=\"myButton_play\" onClick=\"play_mp3('play','69eb8d98c111b5.85300000','https:\/\/bonis-avibus.fi\/bonis-avibus\/wp-content\/uploads\/2021\/01\/Luottamus-2x-kompres-Ukko-ja-Inkeri.mp3','80','false');show_hide('play','69eb8d98c111b5.85300000');\" \/><input type=\"button\"  id=\"btnstop_69eb8d98c111b5.85300000\" style=\"display:none\" class=\"myButton_stop\" onClick=\"play_mp3('stop','69eb8d98c111b5.85300000','','80','false');show_hide('stop','69eb8d98c111b5.85300000');\" \/><div id=\"sm2-container\"><!-- flash movie ends up here --><\/div><\/div><\/div> T\u00e4st\u00e4 voit kuunnella ensin Ukon ja sitten Inkerin tulkinnan runosta.<\/strong><\/h1>\n<p>\t\t\t\t\t\t\t\t\t\t\t\t\t<img loading=\"lazy\" decoding=\"async\" width=\"362\" height=\"413\" src=\"https:\/\/bonis-avibus.fi\/bonis-avibus\/wp-content\/uploads\/2021\/01\/Vuoden-2020-ensimm\u00e4inen-runo-s.-58.jpg\" alt=\"\" srcset=\"https:\/\/bonis-avibus.fi\/bonis-avibus\/wp-content\/uploads\/2021\/01\/Vuoden-2020-ensimm\u00e4inen-runo-s.-58.jpg 362w, https:\/\/bonis-avibus.fi\/bonis-avibus\/wp-content\/uploads\/2021\/01\/Vuoden-2020-ensimm\u00e4inen-runo-s.-58-263x300.jpg 263w\" sizes=\"auto, (max-width: 362px) 100vw, 362px\" \/>\t\t\t\t\t\t\t\t\t\t\t\t\t<\/p>\n<h1><strong>T\u00e4ss\u00e4 alla Inkerille avautunut runo kirjasta &#8221;Ihmettelen&#8221;. Ensin siis musiikki soimaan, sitten runo ja sen j\u00e4lkeen silm\u00e4t kiinni anna vaikuttaa taas<\/strong><strong>\u00a0t\u00e4nne asti <span class=\"sce_emoji-heart\" title=\"heart\"><\/span><\/strong><\/h1>\n<h1><strong>\u00a0<\/strong><\/h1>\n<p>\t\t\t\t\t\t\t\t\t\t\t\t\t<img loading=\"lazy\" decoding=\"async\" width=\"575\" height=\"714\" src=\"https:\/\/bonis-avibus.fi\/bonis-avibus\/wp-content\/uploads\/2021\/01\/Ihmettelen-kansi.jpg\" alt=\"\" srcset=\"https:\/\/bonis-avibus.fi\/bonis-avibus\/wp-content\/uploads\/2021\/01\/Ihmettelen-kansi.jpg 575w, https:\/\/bonis-avibus.fi\/bonis-avibus\/wp-content\/uploads\/2021\/01\/Ihmettelen-kansi-242x300.jpg 242w\" sizes=\"auto, (max-width: 575px) 100vw, 575px\" \/><br \/>\n\t\thttps:\/\/www.youtube.com\/watch?v=wYS2vtaYNeI<\/p>\n<h1><div class=\"compact_audio_player_wrapper\"><div class=\"sc_player_container1\"><input type=\"button\" id=\"btnplay_69eb8d98c3cdc5.22126050\" class=\"myButton_play\" onClick=\"play_mp3('play','69eb8d98c3cdc5.22126050','https:\/\/bonis-avibus.fi\/bonis-avibus\/wp-content\/uploads\/2021\/01\/Ihmettelen-2-X-kompres-Inkeri-ja-Ukko.mp3','80','false');show_hide('play','69eb8d98c3cdc5.22126050');\" \/><input type=\"button\"  id=\"btnstop_69eb8d98c3cdc5.22126050\" style=\"display:none\" class=\"myButton_stop\" onClick=\"play_mp3('stop','69eb8d98c3cdc5.22126050','','80','false');show_hide('stop','69eb8d98c3cdc5.22126050');\" \/><div id=\"sm2-container\"><!-- flash movie ends up here --><\/div><\/div><\/div> T\u00e4st\u00e4 voit kuunnella ensin Inkerin ja sitten Ukon tulkinnan runosta.<\/h1>\n<p>\t\t\t\t\t\t\t\t\t\t\t\t\t<img loading=\"lazy\" decoding=\"async\" width=\"744\" height=\"689\" src=\"https:\/\/bonis-avibus.fi\/bonis-avibus\/wp-content\/uploads\/2021\/01\/Inkerille-vuoden-ensimm\u00e4inen-runo-Schaffer-Ihmettelen-.jpg\" alt=\"\" srcset=\"https:\/\/bonis-avibus.fi\/bonis-avibus\/wp-content\/uploads\/2021\/01\/Inkerille-vuoden-ensimm\u00e4inen-runo-Schaffer-Ihmettelen-.jpg 744w, https:\/\/bonis-avibus.fi\/bonis-avibus\/wp-content\/uploads\/2021\/01\/Inkerille-vuoden-ensimm\u00e4inen-runo-Schaffer-Ihmettelen--300x278.jpg 300w\" sizes=\"auto, (max-width: 744px) 100vw, 744px\" \/><br \/>\n\t\t\t\t\t\t\t\t\t\t\t\t\t<img loading=\"lazy\" decoding=\"async\" width=\"792\" height=\"720\" src=\"https:\/\/bonis-avibus.fi\/bonis-avibus\/wp-content\/uploads\/2021\/01\/Syd\u00e4mi\u00e4-tuohesta....jpg\" alt=\"\" srcset=\"https:\/\/bonis-avibus.fi\/bonis-avibus\/wp-content\/uploads\/2021\/01\/Syd\u00e4mi\u00e4-tuohesta....jpg 792w, https:\/\/bonis-avibus.fi\/bonis-avibus\/wp-content\/uploads\/2021\/01\/Syd\u00e4mi\u00e4-tuohesta...-300x273.jpg 300w, https:\/\/bonis-avibus.fi\/bonis-avibus\/wp-content\/uploads\/2021\/01\/Syd\u00e4mi\u00e4-tuohesta...-768x698.jpg 768w\" sizes=\"auto, (max-width: 792px) 100vw, 792px\" \/><\/p>\n","protected":false},"excerpt":{"rendered":"<p>Me olemme, Inkeri ja Ukko, jo vuosia avanneet aamuisin runokirjan. V\u00e4lill\u00e4 olemme tehneet niin joka aamu, sitten on taas ollut aikoja ilman runoja. Silloin, kun on ollut runoaamu, olemme ensin silm\u00e4t kiinni sekoittaneet kirjapinon ja sitten valinneet yhden Ulrich Schafferin runokirjoista. Sen j\u00e4lkeen olemme, taaskin silm\u00e4t kiinni, sattumaotantana avanneet kirjan. L\u00f6yt\u00e4m\u00e4mme runon olemme sitten lukeneet molemmat \u00e4\u00e4neen, jotta saisimme my\u00f6s<\/p>\n<p><a class=\"more-link\" href=\"https:\/\/bonis-avibus.fi\/bonis-avibus\/vuoden-2021-ensimmaisiksi-runoiksi-tulivat-nama-kaksi\/\">Read More<\/a><\/p>\n","protected":false},"author":1,"featured_media":0,"parent":0,"menu_order":0,"comment_status":"closed","ping_status":"closed","template":"","meta":{"footnotes":""},"class_list":["post-7784","page","type-page","status-publish","hentry"],"_links":{"self":[{"href":"https:\/\/bonis-avibus.fi\/bonis-avibus\/wp-json\/wp\/v2\/pages\/7784","targetHints":{"allow":["GET"]}}],"collection":[{"href":"https:\/\/bonis-avibus.fi\/bonis-avibus\/wp-json\/wp\/v2\/pages"}],"about":[{"href":"https:\/\/bonis-avibus.fi\/bonis-avibus\/wp-json\/wp\/v2\/types\/page"}],"author":[{"embeddable":true,"href":"https:\/\/bonis-avibus.fi\/bonis-avibus\/wp-json\/wp\/v2\/users\/1"}],"replies":[{"embeddable":true,"href":"https:\/\/bonis-avibus.fi\/bonis-avibus\/wp-json\/wp\/v2\/comments?post=7784"}],"version-history":[{"count":11,"href":"https:\/\/bonis-avibus.fi\/bonis-avibus\/wp-json\/wp\/v2\/pages\/7784\/revisions"}],"predecessor-version":[{"id":15005,"href":"https:\/\/bonis-avibus.fi\/bonis-avibus\/wp-json\/wp\/v2\/pages\/7784\/revisions\/15005"}],"wp:attachment":[{"href":"https:\/\/bonis-avibus.fi\/bonis-avibus\/wp-json\/wp\/v2\/media?parent=7784"}],"curies":[{"name":"wp","href":"https:\/\/api.w.org\/{rel}","templated":true}]}}