{"id":11,"date":"2017-08-09T10:12:23","date_gmt":"2017-08-09T07:12:23","guid":{"rendered":"http:\/\/bonis-avibus.fi\/inkerikarkkainen\/?page_id=11"},"modified":"2017-09-11T14:08:42","modified_gmt":"2017-09-11T11:08:42","slug":"minusta-taiteilijana","status":"publish","type":"page","link":"https:\/\/bonis-avibus.fi\/inkerikarkkainen\/?page_id=11","title":{"rendered":"Minusta taiteilijana"},"content":{"rendered":"<h2>Minusta taiteilijana<\/h2>\n<p>\t\t<img loading=\"lazy\" width=\"640\" height=\"480\" src=\"http:\/\/bonis-avibus.fi\/inkerikarkkainen\/wp-content\/uploads\/2017\/08\/inni-008-1024x768.jpg\" alt=\"\" srcset=\"http:\/\/bonis-avibus.fi\/inkerikarkkainen\/wp-content\/uploads\/2017\/08\/inni-008.jpg 1024w, http:\/\/bonis-avibus.fi\/inkerikarkkainen\/wp-content\/uploads\/2017\/08\/inni-008-300x225.jpg 300w, http:\/\/bonis-avibus.fi\/inkerikarkkainen\/wp-content\/uploads\/2017\/08\/inni-008-768x576.jpg 768w\" sizes=\"(max-width: 640px) 100vw, 640px\" \/>\t\t<\/p>\n<p style=\"text-align: left;\">Olen saanut monipuolisen k\u00e4si-ja taideteollisen koulutuksen, p\u00e4\u00e4aineena kankaankudonta ja<br \/> tekstiilisuunittelu.<\/p>\n<p style=\"text-align: left;\"> Lapsuudessani asuessani maaseudulla kaikki tarvittava leikkeihin l\u00f6ytyi luonnosta ja<br \/> ymp\u00e4r\u00f6iv\u00e4st\u00e4 milj\u00f6\u00f6st\u00e4. Minulle onkin edelleen ominaista k\u00e4ytt\u00e4\u00e4 sit\u00e4 materiaalia mit\u00e4 n\u00e4en ja on<br \/> saatavilla ymp\u00e4rist\u00f6st\u00e4.<\/p>\n<p>Luovuuteni kyvyll\u00e4 ja ennakkoluulottomuudella l\u00e4hden uusille poluille. Opin<br \/> yrityksen ja erehdyksen kautta.<\/p>\n<p style=\"text-align: center;\"><em>Kokeilen, hyv\u00e4ksyn ja hylk\u00e4\u00e4n. <\/em><\/p>\n<p>Haluan ilmaista el\u00e4m\u00e4n vastakohtaisuutta &#8211; katoavuus ja ikiaikaisuus, hauraus ja sinnikkyys, valo ja pimeys, tasapaino ja<br \/> rauhattomuus. Tutkin juuriani, mist\u00e4 tulen ja mit\u00e4 matkani varrelta sain.<\/p>\n","protected":false},"excerpt":{"rendered":"<p>Minusta taiteilijana Olen saanut monipuolisen k\u00e4si-ja taideteollisen koulutuksen, p\u00e4\u00e4aineena kankaankudonta ja tekstiilisuunittelu. Lapsuudessani asuessani maaseudulla kaikki tarvittava leikkeihin l\u00f6ytyi luonnosta ja ymp\u00e4r\u00f6iv\u00e4st\u00e4 milj\u00f6\u00f6st\u00e4. Minulle onkin edelleen ominaista k\u00e4ytt\u00e4\u00e4&#8230;<\/p>\n","protected":false},"author":1,"featured_media":0,"parent":0,"menu_order":0,"comment_status":"closed","ping_status":"closed","template":"","meta":[],"_links":{"self":[{"href":"https:\/\/bonis-avibus.fi\/inkerikarkkainen\/index.php?rest_route=\/wp\/v2\/pages\/11"}],"collection":[{"href":"https:\/\/bonis-avibus.fi\/inkerikarkkainen\/index.php?rest_route=\/wp\/v2\/pages"}],"about":[{"href":"https:\/\/bonis-avibus.fi\/inkerikarkkainen\/index.php?rest_route=\/wp\/v2\/types\/page"}],"author":[{"embeddable":true,"href":"https:\/\/bonis-avibus.fi\/inkerikarkkainen\/index.php?rest_route=\/wp\/v2\/users\/1"}],"replies":[{"embeddable":true,"href":"https:\/\/bonis-avibus.fi\/inkerikarkkainen\/index.php?rest_route=%2Fwp%2Fv2%2Fcomments&post=11"}],"version-history":[{"count":16,"href":"https:\/\/bonis-avibus.fi\/inkerikarkkainen\/index.php?rest_route=\/wp\/v2\/pages\/11\/revisions"}],"predecessor-version":[{"id":184,"href":"https:\/\/bonis-avibus.fi\/inkerikarkkainen\/index.php?rest_route=\/wp\/v2\/pages\/11\/revisions\/184"}],"wp:attachment":[{"href":"https:\/\/bonis-avibus.fi\/inkerikarkkainen\/index.php?rest_route=%2Fwp%2Fv2%2Fmedia&parent=11"}],"curies":[{"name":"wp","href":"https:\/\/api.w.org\/{rel}","templated":true}]}}