{"id":15,"date":"2017-08-09T10:14:22","date_gmt":"2017-08-09T07:14:22","guid":{"rendered":"http:\/\/bonis-avibus.fi\/inkerikarkkainen\/?page_id=15"},"modified":"2017-11-19T23:08:31","modified_gmt":"2017-11-19T21:08:31","slug":"tekstiilitaide","status":"publish","type":"page","link":"https:\/\/bonis-avibus.fi\/inkerikarkkainen\/?page_id=15","title":{"rendered":"Julkiset teokset"},"content":{"rendered":"<p>Olen toiminut suunnittelija-taiteilijana ja projektin vet\u00e4j\u00e4n\u00e4 useissa tekstiilihankkeissa julkisiin tiloihin. Alle on j\u00e4sennelty n\u00e4it\u00e4 tiloja. Valitettavasti minulta l\u00f6ytyy laadukkaita kuvia vain Meltauksen kappelista. Niit\u00e4 voit katsella alempana.<\/p>\n<p>Taidekokoelmat<\/p>\n<p>\u00a0&#8211; &#8221;Veden valtiaat&#8221;- teos, Varkauden kaupungin taidekokoelma<\/p>\n<p>Kirkolliset tilat<\/p>\n<p>\u00a0&#8211; Keljon kirkko, Jyv\u00e4skyl\u00e4n seurakunta (yhteisty\u00f6ss\u00e4 Raili Rupan kanssa)<br \/>\u00a0 <br \/>\u00a0&#8211; Meltauksen Kappeli, Rovaniemen seurakunta\u00a0<br \/>\u00a0\u00a0<br \/>\u00a0&#8211; J\u00e4ms\u00e4n kr.kansanopisto (yhteisty\u00f6ss\u00e4 Annukka Mikkolan kanssa)<\/p>\n<p>Oppilaitokset<\/p>\n<p>\u00a0&#8211; Kempeleen ammattioppilaitos<\/p>\n<p>\u00a0&#8211; Maunulan yhteiskoulu, Helsinki<\/p>\n<p>Ravintolatilat<\/p>\n<p>\u00a0&#8211; Kaks Ruusua, Varkaus<\/p>\n<p>Seurasalit<\/p>\n<p>\u00a0&#8211; Lepp\u00e4virran rauhanyhdistys, (kirjaliina &#8221;El\u00e4m\u00e4n viljaa&#8221; ja taideteos &#8221;Lapsen tie&#8221;)<\/p>\n<p>\u00a0&#8211; Puolangan rauhanyhdistys, (taideteokset: &#8221;Hiillos&#8221; ja &#8221;Viisi leip\u00e4\u00e4 ja kaksi kalaa&#8221; ja k\u00e4sinmaalatut verhot )<\/p>\n<p>Laitostilat<\/p>\n<p>\u00a0&#8211; Hoivakoti Leivola, Lepp\u00e4virta<\/p>\n<p>\u00a0&#8211; Vehkaper\u00e4n hoivakoti, Lepp\u00e4virta, nykyisin nimell\u00e4 Unnukoti<\/p>\n<p>\u00a0&#8211; Meri-karina, Lounais-Suomen sy\u00f6p\u00e4yhdistys, Turku<\/p>\n<p>\u00a0&#8211; Hammasklinikka Harjunhammas, verhot ja mattomalli<\/p>\n<p>Ty\u00f6tilat<\/p>\n<p>\u00a0&#8211; Lakiasiantoimisto Mikkola, Lepp\u00e4virta, Teossarja &#8221;Salainen puutarha&#8221;<\/p>\n<p>Lis\u00e4ksi olen tehnyt mittavan verhoprojektin Taidekeskus J\u00e4rvilinnaan, Laukaaseen<\/p>\n<p>\u00a0<\/p>\n<h2>Meltauksen kappeli 1987<\/h2>\n<h4>Enkeleit\u00e4-alttarisein\u00e4vaate<\/h4>\n<p>\t\t\t\t\t\t<a href=\"http:\/\/bonis-avibus.fi\/inkerikarkkainen\/wp-content\/uploads\/2017\/09\/Enkeleit\u00e4-1987.jpg\" data-elementor-open-lightbox=\"yes\"><br \/>\n\t\t<img loading=\"lazy\" width=\"600\" height=\"600\" src=\"http:\/\/bonis-avibus.fi\/inkerikarkkainen\/wp-content\/uploads\/2017\/09\/Enkeleit\u00e4-1987-600x600.jpg\" alt=\"\" srcset=\"http:\/\/bonis-avibus.fi\/inkerikarkkainen\/wp-content\/uploads\/2017\/09\/Enkeleit\u00e4-1987-600x600.jpg 600w, http:\/\/bonis-avibus.fi\/inkerikarkkainen\/wp-content\/uploads\/2017\/09\/Enkeleit\u00e4-1987-150x150.jpg 150w\" sizes=\"(max-width: 600px) 100vw, 600px\" \/>\t\t\t\t<\/a><br \/>\n\t\t\t\t\t\t<a href=\"http:\/\/bonis-avibus.fi\/inkerikarkkainen\/wp-content\/uploads\/2017\/09\/Enkeleit\u00e4-1987_Inkeri-K\u00e4rkk\u00e4inen.jpg\" data-elementor-open-lightbox=\"yes\"><br \/>\n\t\t<img loading=\"lazy\" width=\"640\" height=\"853\" src=\"http:\/\/bonis-avibus.fi\/inkerikarkkainen\/wp-content\/uploads\/2017\/09\/Enkeleit\u00e4-1987_Inkeri-K\u00e4rkk\u00e4inen-768x1024.jpg\" alt=\"\" srcset=\"http:\/\/bonis-avibus.fi\/inkerikarkkainen\/wp-content\/uploads\/2017\/09\/Enkeleit\u00e4-1987_Inkeri-K\u00e4rkk\u00e4inen.jpg 768w, http:\/\/bonis-avibus.fi\/inkerikarkkainen\/wp-content\/uploads\/2017\/09\/Enkeleit\u00e4-1987_Inkeri-K\u00e4rkk\u00e4inen-225x300.jpg 225w\" sizes=\"(max-width: 640px) 100vw, 640px\" \/>\t\t\t\t<\/a><br \/>\n\t\t\t\t\t\t<a href=\"http:\/\/bonis-avibus.fi\/inkerikarkkainen\/wp-content\/uploads\/2017\/09\/Enkeleit\u00e42-1987_Inkeri-K\u00e4rkk\u00e4inen.jpg\" data-elementor-open-lightbox=\"yes\"><br \/>\n\t\t<img loading=\"lazy\" width=\"600\" height=\"600\" src=\"http:\/\/bonis-avibus.fi\/inkerikarkkainen\/wp-content\/uploads\/2017\/09\/Enkeleit\u00e42-1987_Inkeri-K\u00e4rkk\u00e4inen-600x600.jpg\" alt=\"\" srcset=\"http:\/\/bonis-avibus.fi\/inkerikarkkainen\/wp-content\/uploads\/2017\/09\/Enkeleit\u00e42-1987_Inkeri-K\u00e4rkk\u00e4inen-600x600.jpg 600w, http:\/\/bonis-avibus.fi\/inkerikarkkainen\/wp-content\/uploads\/2017\/09\/Enkeleit\u00e42-1987_Inkeri-K\u00e4rkk\u00e4inen-150x150.jpg 150w\" sizes=\"(max-width: 600px) 100vw, 600px\" \/>\t\t\t\t<\/a><\/p>\n<h4>Liturgiset tekstiilisarjat<\/h4>\n<p>\t\t\t\t\t\t<a href=\"http:\/\/bonis-avibus.fi\/inkerikarkkainen\/wp-content\/uploads\/2017\/09\/Valkoinen-sarja-1987.jpg\" data-elementor-open-lightbox=\"yes\"><br \/>\n\t\t<img loading=\"lazy\" width=\"300\" height=\"225\" src=\"http:\/\/bonis-avibus.fi\/inkerikarkkainen\/wp-content\/uploads\/2017\/09\/Valkoinen-sarja-1987-300x225.jpg\" alt=\"\" srcset=\"http:\/\/bonis-avibus.fi\/inkerikarkkainen\/wp-content\/uploads\/2017\/09\/Valkoinen-sarja-1987-300x225.jpg 300w, http:\/\/bonis-avibus.fi\/inkerikarkkainen\/wp-content\/uploads\/2017\/09\/Valkoinen-sarja-1987-768x576.jpg 768w, http:\/\/bonis-avibus.fi\/inkerikarkkainen\/wp-content\/uploads\/2017\/09\/Valkoinen-sarja-1987-1024x768.jpg 1024w\" sizes=\"(max-width: 300px) 100vw, 300px\" \/>\t\t\t\t<\/a><\/p>\n<p>Valkoinen sarja:<\/p>\n<p>Antependium, kirjaliina, stoola ja kalkkiliina<\/p>\n<p>\t\t\t\t\t\t<a href=\"http:\/\/bonis-avibus.fi\/inkerikarkkainen\/wp-content\/uploads\/2017\/09\/Vihre\u00e4-sarja-1987_Inkeri-K\u00e4rkk\u00e4inen.jpg\" data-elementor-open-lightbox=\"yes\"><br \/>\n\t\t<img loading=\"lazy\" width=\"300\" height=\"225\" src=\"http:\/\/bonis-avibus.fi\/inkerikarkkainen\/wp-content\/uploads\/2017\/09\/Vihre\u00e4-sarja-1987_Inkeri-K\u00e4rkk\u00e4inen-300x225.jpg\" alt=\"\" srcset=\"http:\/\/bonis-avibus.fi\/inkerikarkkainen\/wp-content\/uploads\/2017\/09\/Vihre\u00e4-sarja-1987_Inkeri-K\u00e4rkk\u00e4inen-300x225.jpg 300w, http:\/\/bonis-avibus.fi\/inkerikarkkainen\/wp-content\/uploads\/2017\/09\/Vihre\u00e4-sarja-1987_Inkeri-K\u00e4rkk\u00e4inen-768x576.jpg 768w, http:\/\/bonis-avibus.fi\/inkerikarkkainen\/wp-content\/uploads\/2017\/09\/Vihre\u00e4-sarja-1987_Inkeri-K\u00e4rkk\u00e4inen-1024x768.jpg 1024w\" sizes=\"(max-width: 300px) 100vw, 300px\" \/>\t\t\t\t<\/a><\/p>\n<p>Vihre\u00e4 sarja:\u00a0<\/p>\n<p>Antependium, kirjaliina, stoola ja kalkkiliina<\/p>\n<p>\t\t\t\t\t\t<a href=\"http:\/\/bonis-avibus.fi\/inkerikarkkainen\/wp-content\/uploads\/2017\/09\/Musta-sarja-1987_Inkeri-K\u00e4rkk\u00e4inen.jpg\" data-elementor-open-lightbox=\"yes\"><br \/>\n\t\t<img loading=\"lazy\" width=\"300\" height=\"225\" src=\"http:\/\/bonis-avibus.fi\/inkerikarkkainen\/wp-content\/uploads\/2017\/09\/Musta-sarja-1987_Inkeri-K\u00e4rkk\u00e4inen-300x225.jpg\" alt=\"\" srcset=\"http:\/\/bonis-avibus.fi\/inkerikarkkainen\/wp-content\/uploads\/2017\/09\/Musta-sarja-1987_Inkeri-K\u00e4rkk\u00e4inen-300x225.jpg 300w, http:\/\/bonis-avibus.fi\/inkerikarkkainen\/wp-content\/uploads\/2017\/09\/Musta-sarja-1987_Inkeri-K\u00e4rkk\u00e4inen-768x576.jpg 768w, http:\/\/bonis-avibus.fi\/inkerikarkkainen\/wp-content\/uploads\/2017\/09\/Musta-sarja-1987_Inkeri-K\u00e4rkk\u00e4inen-1024x768.jpg 1024w\" sizes=\"(max-width: 300px) 100vw, 300px\" \/>\t\t\t\t<\/a><\/p>\n<p>Musta sarja:<\/p>\n<p>Antependium, kirjaliina ja stoola<\/p>\n<p>\t\t\t\t\t\t<a href=\"http:\/\/bonis-avibus.fi\/inkerikarkkainen\/wp-content\/uploads\/2017\/09\/Punainen-sarja-1987.jpg\" data-elementor-open-lightbox=\"yes\"><br \/>\n\t\t<img loading=\"lazy\" width=\"300\" height=\"225\" src=\"http:\/\/bonis-avibus.fi\/inkerikarkkainen\/wp-content\/uploads\/2017\/09\/Punainen-sarja-1987-300x225.jpg\" alt=\"\" srcset=\"http:\/\/bonis-avibus.fi\/inkerikarkkainen\/wp-content\/uploads\/2017\/09\/Punainen-sarja-1987-300x225.jpg 300w, http:\/\/bonis-avibus.fi\/inkerikarkkainen\/wp-content\/uploads\/2017\/09\/Punainen-sarja-1987-768x576.jpg 768w, http:\/\/bonis-avibus.fi\/inkerikarkkainen\/wp-content\/uploads\/2017\/09\/Punainen-sarja-1987-1024x768.jpg 1024w\" sizes=\"(max-width: 300px) 100vw, 300px\" \/>\t\t\t\t<\/a><\/p>\n<p>Punainen sarja:<\/p>\n<p>Antependium, kirjaliina, stoola ja kalkkiliina<\/p>\n<p>\t\t\t\t\t\t<a href=\"http:\/\/bonis-avibus.fi\/inkerikarkkainen\/wp-content\/uploads\/2017\/09\/Violetti-sarja-1987.jpg\" data-elementor-open-lightbox=\"yes\"><br \/>\n\t\t<img loading=\"lazy\" width=\"300\" height=\"225\" src=\"http:\/\/bonis-avibus.fi\/inkerikarkkainen\/wp-content\/uploads\/2017\/09\/Violetti-sarja-1987-300x225.jpg\" alt=\"\" srcset=\"http:\/\/bonis-avibus.fi\/inkerikarkkainen\/wp-content\/uploads\/2017\/09\/Violetti-sarja-1987-300x225.jpg 300w, http:\/\/bonis-avibus.fi\/inkerikarkkainen\/wp-content\/uploads\/2017\/09\/Violetti-sarja-1987-768x576.jpg 768w, http:\/\/bonis-avibus.fi\/inkerikarkkainen\/wp-content\/uploads\/2017\/09\/Violetti-sarja-1987-1024x768.jpg 1024w\" sizes=\"(max-width: 300px) 100vw, 300px\" \/>\t\t\t\t<\/a><\/p>\n<p>Violetti sarja:<\/p>\n<p>Antependium, kirjaliina, stoola ja kalkkiliina<\/p>\n<p>\t\t\t\t\t\t<a href=\"http:\/\/bonis-avibus.fi\/inkerikarkkainen\/wp-content\/uploads\/2017\/09\/Polvistumisryijy-ja-vihre\u00e4-antipendium-1987_Inkeri-K\u00e4rkk\u00e4inen.jpg\" data-elementor-open-lightbox=\"yes\"><br \/>\n\t\t<img loading=\"lazy\" width=\"300\" height=\"225\" src=\"http:\/\/bonis-avibus.fi\/inkerikarkkainen\/wp-content\/uploads\/2017\/09\/Polvistumisryijy-ja-vihre\u00e4-antipendium-1987_Inkeri-K\u00e4rkk\u00e4inen-300x225.jpg\" alt=\"\" srcset=\"http:\/\/bonis-avibus.fi\/inkerikarkkainen\/wp-content\/uploads\/2017\/09\/Polvistumisryijy-ja-vihre\u00e4-antipendium-1987_Inkeri-K\u00e4rkk\u00e4inen-300x225.jpg 300w, http:\/\/bonis-avibus.fi\/inkerikarkkainen\/wp-content\/uploads\/2017\/09\/Polvistumisryijy-ja-vihre\u00e4-antipendium-1987_Inkeri-K\u00e4rkk\u00e4inen-768x576.jpg 768w, http:\/\/bonis-avibus.fi\/inkerikarkkainen\/wp-content\/uploads\/2017\/09\/Polvistumisryijy-ja-vihre\u00e4-antipendium-1987_Inkeri-K\u00e4rkk\u00e4inen-1024x768.jpg 1024w\" sizes=\"(max-width: 300px) 100vw, 300px\" \/>\t\t\t\t<\/a><\/p>\n<p>Polvistumisryijy ja vihre\u00e4 antependium\u00a0<\/p>\n","protected":false},"excerpt":{"rendered":"<p>Olen toiminut suunnittelija-taiteilijana ja projektin vet\u00e4j\u00e4n\u00e4 useissa tekstiilihankkeissa julkisiin tiloihin. Alle on j\u00e4sennelty n\u00e4it\u00e4 tiloja. Valitettavasti minulta l\u00f6ytyy laadukkaita kuvia vain Meltauksen kappelista. Niit\u00e4 voit katsella alempana. Taidekokoelmat&#8230;<\/p>\n","protected":false},"author":1,"featured_media":0,"parent":0,"menu_order":0,"comment_status":"closed","ping_status":"closed","template":"","meta":[],"_links":{"self":[{"href":"https:\/\/bonis-avibus.fi\/inkerikarkkainen\/index.php?rest_route=\/wp\/v2\/pages\/15"}],"collection":[{"href":"https:\/\/bonis-avibus.fi\/inkerikarkkainen\/index.php?rest_route=\/wp\/v2\/pages"}],"about":[{"href":"https:\/\/bonis-avibus.fi\/inkerikarkkainen\/index.php?rest_route=\/wp\/v2\/types\/page"}],"author":[{"embeddable":true,"href":"https:\/\/bonis-avibus.fi\/inkerikarkkainen\/index.php?rest_route=\/wp\/v2\/users\/1"}],"replies":[{"embeddable":true,"href":"https:\/\/bonis-avibus.fi\/inkerikarkkainen\/index.php?rest_route=%2Fwp%2Fv2%2Fcomments&post=15"}],"version-history":[{"count":35,"href":"https:\/\/bonis-avibus.fi\/inkerikarkkainen\/index.php?rest_route=\/wp\/v2\/pages\/15\/revisions"}],"predecessor-version":[{"id":597,"href":"https:\/\/bonis-avibus.fi\/inkerikarkkainen\/index.php?rest_route=\/wp\/v2\/pages\/15\/revisions\/597"}],"wp:attachment":[{"href":"https:\/\/bonis-avibus.fi\/inkerikarkkainen\/index.php?rest_route=%2Fwp%2Fv2%2Fmedia&parent=15"}],"curies":[{"name":"wp","href":"https:\/\/api.w.org\/{rel}","templated":true}]}}