{"id":17,"date":"2017-08-09T10:14:42","date_gmt":"2017-08-09T07:14:42","guid":{"rendered":"http:\/\/bonis-avibus.fi\/inkerikarkkainen\/?page_id=17"},"modified":"2017-11-08T18:04:14","modified_gmt":"2017-11-08T16:04:14","slug":"maalaustaide","status":"publish","type":"page","link":"https:\/\/bonis-avibus.fi\/inkerikarkkainen\/?page_id=17","title":{"rendered":"Uniikit kankaat"},"content":{"rendered":"<h4>Maalaamillani uniikkikankailla olen halunnut tuoda kauneutta arkeen.\u00a0<\/h4>\n<figure>\n\t\t\t\t\t\t<a href=\"http:\/\/bonis-avibus.fi\/inkerikarkkainen\/wp-content\/uploads\/2017\/09\/Unensiipien-laulut-parilakanasetti...-Inkeri-K\u00e4rkk\u00e4inen.jpg\" data-elementor-open-lightbox=\"default\"><br \/>\n\t\t<img loading=\"lazy\" width=\"640\" height=\"656\" src=\"http:\/\/bonis-avibus.fi\/inkerikarkkainen\/wp-content\/uploads\/2017\/09\/Unensiipien-laulut-parilakanasetti...-Inkeri-K\u00e4rkk\u00e4inen.jpg\" alt=\"\" srcset=\"http:\/\/bonis-avibus.fi\/inkerikarkkainen\/wp-content\/uploads\/2017\/09\/Unensiipien-laulut-parilakanasetti...-Inkeri-K\u00e4rkk\u00e4inen.jpg 900w, http:\/\/bonis-avibus.fi\/inkerikarkkainen\/wp-content\/uploads\/2017\/09\/Unensiipien-laulut-parilakanasetti...-Inkeri-K\u00e4rkk\u00e4inen-293x300.jpg 293w, http:\/\/bonis-avibus.fi\/inkerikarkkainen\/wp-content\/uploads\/2017\/09\/Unensiipien-laulut-parilakanasetti...-Inkeri-K\u00e4rkk\u00e4inen-768x788.jpg 768w\" sizes=\"(max-width: 640px) 100vw, 640px\" \/>\t\t\t\t<\/a><figcaption>&#8221;Unensiipien laulut&#8221;-parilakanasetti (myyty).<\/figcaption><\/figure>\n<p>\t\t\t\t\t\t<a href=\"http:\/\/bonis-avibus.fi\/inkerikarkkainen\/wp-content\/uploads\/2017\/09\/H\u00e4\u00e4lahja-yst\u00e4ville_Inkeri-K\u00e4rkk\u00e4inen.jpg\" data-elementor-open-lightbox=\"default\"><br \/>\n\t\t<img loading=\"lazy\" width=\"640\" height=\"480\" src=\"http:\/\/bonis-avibus.fi\/inkerikarkkainen\/wp-content\/uploads\/2017\/09\/H\u00e4\u00e4lahja-yst\u00e4ville_Inkeri-K\u00e4rkk\u00e4inen-1024x768.jpg\" alt=\"\" srcset=\"http:\/\/bonis-avibus.fi\/inkerikarkkainen\/wp-content\/uploads\/2017\/09\/H\u00e4\u00e4lahja-yst\u00e4ville_Inkeri-K\u00e4rkk\u00e4inen.jpg 1024w, http:\/\/bonis-avibus.fi\/inkerikarkkainen\/wp-content\/uploads\/2017\/09\/H\u00e4\u00e4lahja-yst\u00e4ville_Inkeri-K\u00e4rkk\u00e4inen-300x225.jpg 300w, http:\/\/bonis-avibus.fi\/inkerikarkkainen\/wp-content\/uploads\/2017\/09\/H\u00e4\u00e4lahja-yst\u00e4ville_Inkeri-K\u00e4rkk\u00e4inen-768x576.jpg 768w\" sizes=\"(max-width: 640px) 100vw, 640px\" \/>\t\t\t\t<\/a><\/p>\n<p>Lakanasetti <strong><em>Uskolliset<\/em><\/strong>, h\u00e4\u00e4lahja yst\u00e4ville<\/p>\n<figure>\n\t\t\t\t\t\t<a href=\"http:\/\/bonis-avibus.fi\/inkerikarkkainen\/wp-content\/uploads\/2017\/09\/Auringonkukka-1_Inkeri-K\u00e4rkk\u00e4inen.jpg\" data-elementor-open-lightbox=\"yes\"><br \/>\n\t\t<img loading=\"lazy\" width=\"640\" height=\"962\" src=\"http:\/\/bonis-avibus.fi\/inkerikarkkainen\/wp-content\/uploads\/2017\/09\/Auringonkukka-1_Inkeri-K\u00e4rkk\u00e4inen-681x1024.jpg\" alt=\"\" srcset=\"http:\/\/bonis-avibus.fi\/inkerikarkkainen\/wp-content\/uploads\/2017\/09\/Auringonkukka-1_Inkeri-K\u00e4rkk\u00e4inen-681x1024.jpg 681w, http:\/\/bonis-avibus.fi\/inkerikarkkainen\/wp-content\/uploads\/2017\/09\/Auringonkukka-1_Inkeri-K\u00e4rkk\u00e4inen-199x300.jpg 199w, http:\/\/bonis-avibus.fi\/inkerikarkkainen\/wp-content\/uploads\/2017\/09\/Auringonkukka-1_Inkeri-K\u00e4rkk\u00e4inen-768x1155.jpg 768w\" sizes=\"(max-width: 640px) 100vw, 640px\" \/>\t\t\t\t<\/a><figcaption>Auringonkukka, 2005<\/figcaption><\/figure>\n<figure>\n\t\t\t\t\t\t<a href=\"http:\/\/bonis-avibus.fi\/inkerikarkkainen\/wp-content\/uploads\/2017\/09\/Vihre\u00e4t-lehdet-p\u00f6yt\u00e4liina_Inkeri-K\u00e4rkk\u00e4inen.jpg\" data-elementor-open-lightbox=\"yes\"><br \/>\n\t\t<img loading=\"lazy\" width=\"640\" height=\"962\" src=\"http:\/\/bonis-avibus.fi\/inkerikarkkainen\/wp-content\/uploads\/2017\/09\/Vihre\u00e4t-lehdet-p\u00f6yt\u00e4liina_Inkeri-K\u00e4rkk\u00e4inen-681x1024.jpg\" alt=\"\" srcset=\"http:\/\/bonis-avibus.fi\/inkerikarkkainen\/wp-content\/uploads\/2017\/09\/Vihre\u00e4t-lehdet-p\u00f6yt\u00e4liina_Inkeri-K\u00e4rkk\u00e4inen-681x1024.jpg 681w, http:\/\/bonis-avibus.fi\/inkerikarkkainen\/wp-content\/uploads\/2017\/09\/Vihre\u00e4t-lehdet-p\u00f6yt\u00e4liina_Inkeri-K\u00e4rkk\u00e4inen-199x300.jpg 199w, http:\/\/bonis-avibus.fi\/inkerikarkkainen\/wp-content\/uploads\/2017\/09\/Vihre\u00e4t-lehdet-p\u00f6yt\u00e4liina_Inkeri-K\u00e4rkk\u00e4inen-768x1155.jpg 768w\" sizes=\"(max-width: 640px) 100vw, 640px\" \/>\t\t\t\t<\/a><figcaption>&#8221;Vihre\u00e4t lehdet&#8221;-p\u00f6yt\u00e4liina, 2005<\/figcaption><\/figure>\n<figure>\n\t\t\t\t\t\t<a href=\"http:\/\/bonis-avibus.fi\/inkerikarkkainen\/wp-content\/uploads\/2017\/09\/Aitan-ovi-p\u00f6yt\u00e4liina_Inkeri-K\u00e4rkk\u00e4inen.jpg\" data-elementor-open-lightbox=\"yes\"><br \/>\n\t\t<img loading=\"lazy\" width=\"640\" height=\"962\" src=\"http:\/\/bonis-avibus.fi\/inkerikarkkainen\/wp-content\/uploads\/2017\/09\/Aitan-ovi-p\u00f6yt\u00e4liina_Inkeri-K\u00e4rkk\u00e4inen-681x1024.jpg\" alt=\"\" srcset=\"http:\/\/bonis-avibus.fi\/inkerikarkkainen\/wp-content\/uploads\/2017\/09\/Aitan-ovi-p\u00f6yt\u00e4liina_Inkeri-K\u00e4rkk\u00e4inen-681x1024.jpg 681w, http:\/\/bonis-avibus.fi\/inkerikarkkainen\/wp-content\/uploads\/2017\/09\/Aitan-ovi-p\u00f6yt\u00e4liina_Inkeri-K\u00e4rkk\u00e4inen-199x300.jpg 199w, http:\/\/bonis-avibus.fi\/inkerikarkkainen\/wp-content\/uploads\/2017\/09\/Aitan-ovi-p\u00f6yt\u00e4liina_Inkeri-K\u00e4rkk\u00e4inen-768x1155.jpg 768w\" sizes=\"(max-width: 640px) 100vw, 640px\" \/>\t\t\t\t<\/a><figcaption>&#8221;Aitan ovi&#8221; &#8211; p\u00f6yt\u00e4liina, 2005<\/figcaption><\/figure>\n<figure>\n\t\t\t\t\t\t<a href=\"http:\/\/bonis-avibus.fi\/inkerikarkkainen\/wp-content\/uploads\/2017\/09\/Inkerin-maalattuja-tekstiilej\u00e4-12.jpg\" data-elementor-open-lightbox=\"yes\"><br \/>\n\t\t<img loading=\"lazy\" width=\"640\" height=\"962\" src=\"http:\/\/bonis-avibus.fi\/inkerikarkkainen\/wp-content\/uploads\/2017\/09\/Palapeli-s\u00e4nkypeitto_Inkeri-K\u00e4rkk\u00e4inen-681x1024.jpg\" alt=\"\" srcset=\"http:\/\/bonis-avibus.fi\/inkerikarkkainen\/wp-content\/uploads\/2017\/09\/Palapeli-s\u00e4nkypeitto_Inkeri-K\u00e4rkk\u00e4inen-681x1024.jpg 681w, http:\/\/bonis-avibus.fi\/inkerikarkkainen\/wp-content\/uploads\/2017\/09\/Palapeli-s\u00e4nkypeitto_Inkeri-K\u00e4rkk\u00e4inen-199x300.jpg 199w, http:\/\/bonis-avibus.fi\/inkerikarkkainen\/wp-content\/uploads\/2017\/09\/Palapeli-s\u00e4nkypeitto_Inkeri-K\u00e4rkk\u00e4inen-768x1155.jpg 768w\" sizes=\"(max-width: 640px) 100vw, 640px\" \/>\t\t\t\t<\/a><figcaption>&#8221;Palapeli&#8221;-s\u00e4nkypeitto, 2005<\/figcaption><\/figure>\n<figure>\n\t\t\t\t\t\t<a href=\"http:\/\/bonis-avibus.fi\/inkerikarkkainen\/wp-content\/uploads\/2017\/09\/Hahtuvasade-sein\u00e4vaate_Inkeri-K\u00e4rkk\u00e4inen.jpg\" data-elementor-open-lightbox=\"yes\"><br \/>\n\t\t<img loading=\"lazy\" width=\"640\" height=\"962\" src=\"http:\/\/bonis-avibus.fi\/inkerikarkkainen\/wp-content\/uploads\/2017\/09\/Hahtuvasade-sein\u00e4vaate_Inkeri-K\u00e4rkk\u00e4inen-681x1024.jpg\" alt=\"\" srcset=\"http:\/\/bonis-avibus.fi\/inkerikarkkainen\/wp-content\/uploads\/2017\/09\/Hahtuvasade-sein\u00e4vaate_Inkeri-K\u00e4rkk\u00e4inen-681x1024.jpg 681w, http:\/\/bonis-avibus.fi\/inkerikarkkainen\/wp-content\/uploads\/2017\/09\/Hahtuvasade-sein\u00e4vaate_Inkeri-K\u00e4rkk\u00e4inen-199x300.jpg 199w, http:\/\/bonis-avibus.fi\/inkerikarkkainen\/wp-content\/uploads\/2017\/09\/Hahtuvasade-sein\u00e4vaate_Inkeri-K\u00e4rkk\u00e4inen-768x1155.jpg 768w\" sizes=\"(max-width: 640px) 100vw, 640px\" \/>\t\t\t\t<\/a><figcaption>&#8221;Hahtuvasade&#8221;-sein\u00e4vaate, 2005<\/figcaption><\/figure>\n<p>Alla olevat verhot ovat varhaistuotantoa vuodelta 1978<\/p>\n<p>\t\t\t\t\t\t<a href=\"http:\/\/bonis-avibus.fi\/inkerikarkkainen\/wp-content\/uploads\/2017\/09\/Mikon-ja-Ellin-verhot-1978_Inkeri-K\u00e4rkk\u00e4inen.jpg\" data-elementor-open-lightbox=\"default\"><br \/>\n\t\t<img loading=\"lazy\" width=\"640\" height=\"480\" src=\"http:\/\/bonis-avibus.fi\/inkerikarkkainen\/wp-content\/uploads\/2017\/09\/Mikon-ja-Ellin-verhot-1978_Inkeri-K\u00e4rkk\u00e4inen-1024x768.jpg\" alt=\"\" srcset=\"http:\/\/bonis-avibus.fi\/inkerikarkkainen\/wp-content\/uploads\/2017\/09\/Mikon-ja-Ellin-verhot-1978_Inkeri-K\u00e4rkk\u00e4inen.jpg 1024w, http:\/\/bonis-avibus.fi\/inkerikarkkainen\/wp-content\/uploads\/2017\/09\/Mikon-ja-Ellin-verhot-1978_Inkeri-K\u00e4rkk\u00e4inen-300x225.jpg 300w, http:\/\/bonis-avibus.fi\/inkerikarkkainen\/wp-content\/uploads\/2017\/09\/Mikon-ja-Ellin-verhot-1978_Inkeri-K\u00e4rkk\u00e4inen-768x576.jpg 768w\" sizes=\"(max-width: 640px) 100vw, 640px\" \/>\t\t\t\t<\/a><br \/>\n\t\t\t\t\t\t<a href=\"http:\/\/bonis-avibus.fi\/inkerikarkkainen\/wp-content\/uploads\/2017\/09\/Rakastaa-sade-1977_Inkeri-K\u00e4rkk\u00e4inen.jpg\" data-elementor-open-lightbox=\"default\"><br \/>\n\t\t<img loading=\"lazy\" width=\"640\" height=\"480\" src=\"http:\/\/bonis-avibus.fi\/inkerikarkkainen\/wp-content\/uploads\/2017\/09\/Rakastaa-sade-1977_Inkeri-K\u00e4rkk\u00e4inen-1024x768.jpg\" alt=\"\" srcset=\"http:\/\/bonis-avibus.fi\/inkerikarkkainen\/wp-content\/uploads\/2017\/09\/Rakastaa-sade-1977_Inkeri-K\u00e4rkk\u00e4inen.jpg 1024w, http:\/\/bonis-avibus.fi\/inkerikarkkainen\/wp-content\/uploads\/2017\/09\/Rakastaa-sade-1977_Inkeri-K\u00e4rkk\u00e4inen-300x225.jpg 300w, http:\/\/bonis-avibus.fi\/inkerikarkkainen\/wp-content\/uploads\/2017\/09\/Rakastaa-sade-1977_Inkeri-K\u00e4rkk\u00e4inen-768x576.jpg 768w\" sizes=\"(max-width: 640px) 100vw, 640px\" \/>\t\t\t\t<\/a><\/p>\n<figure>\n\t\t\t\t\t\t<a href=\"http:\/\/bonis-avibus.fi\/inkerikarkkainen\/wp-content\/uploads\/2017\/09\/Inkerin-maalattuja-tekstiilej\u00e4-4_1.jpg\" data-elementor-open-lightbox=\"default\"><br \/>\n\t\t<img loading=\"lazy\" width=\"600\" height=\"600\" src=\"http:\/\/bonis-avibus.fi\/inkerikarkkainen\/wp-content\/uploads\/2017\/09\/Inkerin-maalattuja-tekstiilej\u00e4-4_1-600x600.jpg\" alt=\"\" srcset=\"http:\/\/bonis-avibus.fi\/inkerikarkkainen\/wp-content\/uploads\/2017\/09\/Inkerin-maalattuja-tekstiilej\u00e4-4_1-600x600.jpg 600w, http:\/\/bonis-avibus.fi\/inkerikarkkainen\/wp-content\/uploads\/2017\/09\/Inkerin-maalattuja-tekstiilej\u00e4-4_1-150x150.jpg 150w\" sizes=\"(max-width: 600px) 100vw, 600px\" \/>\t\t\t\t<\/a><figcaption>Tulppaanit, 2005<\/figcaption><\/figure>\n<figure>\n\t\t\t\t\t\t<a href=\"http:\/\/bonis-avibus.fi\/inkerikarkkainen\/wp-content\/uploads\/2017\/09\/Kissankellojen-aikaan-1981_Inkeri-K\u00e4rkk\u00e4inen.jpg\" data-elementor-open-lightbox=\"yes\"><br \/>\n\t\t<img loading=\"lazy\" width=\"600\" height=\"600\" src=\"http:\/\/bonis-avibus.fi\/inkerikarkkainen\/wp-content\/uploads\/2017\/09\/Kissankellojen-aikaan-1981_Inkeri-K\u00e4rkk\u00e4inen-600x600.jpg\" alt=\"\" srcset=\"http:\/\/bonis-avibus.fi\/inkerikarkkainen\/wp-content\/uploads\/2017\/09\/Kissankellojen-aikaan-1981_Inkeri-K\u00e4rkk\u00e4inen-600x600.jpg 600w, http:\/\/bonis-avibus.fi\/inkerikarkkainen\/wp-content\/uploads\/2017\/09\/Kissankellojen-aikaan-1981_Inkeri-K\u00e4rkk\u00e4inen-150x150.jpg 150w\" sizes=\"(max-width: 600px) 100vw, 600px\" \/>\t\t\t\t<\/a><figcaption>Kissankellojen aikaan, 1981<\/figcaption><\/figure>\n<figure>\n\t\t\t\t\t\t<a href=\"http:\/\/bonis-avibus.fi\/inkerikarkkainen\/wp-content\/uploads\/2017\/09\/Kuutamoinen-2005_Inkeri-K\u00e4rkk\u00e4inen.jpg\" data-elementor-open-lightbox=\"yes\"><br \/>\n\t\t<img loading=\"lazy\" width=\"600\" height=\"600\" src=\"http:\/\/bonis-avibus.fi\/inkerikarkkainen\/wp-content\/uploads\/2017\/09\/Kuutamoinen-2005_Inkeri-K\u00e4rkk\u00e4inen-600x600.jpg\" alt=\"\" srcset=\"http:\/\/bonis-avibus.fi\/inkerikarkkainen\/wp-content\/uploads\/2017\/09\/Kuutamoinen-2005_Inkeri-K\u00e4rkk\u00e4inen-600x600.jpg 600w, http:\/\/bonis-avibus.fi\/inkerikarkkainen\/wp-content\/uploads\/2017\/09\/Kuutamoinen-2005_Inkeri-K\u00e4rkk\u00e4inen-150x150.jpg 150w\" sizes=\"(max-width: 600px) 100vw, 600px\" \/>\t\t\t\t<\/a><figcaption>Kuutamoinen, 2005<\/figcaption><\/figure>\n<figure>\n\t\t\t\t\t\t<a href=\"http:\/\/bonis-avibus.fi\/inkerikarkkainen\/wp-content\/uploads\/2017\/09\/Inkerin-maalattuja-tekstiilej\u00e4-3.jpg\" data-elementor-open-lightbox=\"default\"><br \/>\n\t\t<img loading=\"lazy\" width=\"640\" height=\"426\" src=\"http:\/\/bonis-avibus.fi\/inkerikarkkainen\/wp-content\/uploads\/2017\/09\/Inkerin-maalattuja-tekstiilej\u00e4-3-1024x681.jpg\" alt=\"\" srcset=\"http:\/\/bonis-avibus.fi\/inkerikarkkainen\/wp-content\/uploads\/2017\/09\/Inkerin-maalattuja-tekstiilej\u00e4-3-1024x681.jpg 1024w, http:\/\/bonis-avibus.fi\/inkerikarkkainen\/wp-content\/uploads\/2017\/09\/Inkerin-maalattuja-tekstiilej\u00e4-3-300x199.jpg 300w, http:\/\/bonis-avibus.fi\/inkerikarkkainen\/wp-content\/uploads\/2017\/09\/Inkerin-maalattuja-tekstiilej\u00e4-3-768x511.jpg 768w\" sizes=\"(max-width: 640px) 100vw, 640px\" \/>\t\t\t\t<\/a><figcaption>T\u00e4ss\u00e4 n\u00e4yte tyypillisest\u00e4 viivan aaltoilusta kankaissani<\/figcaption><\/figure>\n<figure>\n\t\t\t\t\t\t<a href=\"http:\/\/bonis-avibus.fi\/inkerikarkkainen\/wp-content\/uploads\/2017\/09\/Pihlajan-marjat-verho_Inkeri-K\u00e4rkk\u00e4inen.jpg\" data-elementor-open-lightbox=\"default\"><br \/>\n\t\t<img loading=\"lazy\" width=\"640\" height=\"426\" src=\"http:\/\/bonis-avibus.fi\/inkerikarkkainen\/wp-content\/uploads\/2017\/09\/Pihlajan-marjat-verho_Inkeri-K\u00e4rkk\u00e4inen-1024x681.jpg\" alt=\"\" srcset=\"http:\/\/bonis-avibus.fi\/inkerikarkkainen\/wp-content\/uploads\/2017\/09\/Pihlajan-marjat-verho_Inkeri-K\u00e4rkk\u00e4inen-1024x681.jpg 1024w, http:\/\/bonis-avibus.fi\/inkerikarkkainen\/wp-content\/uploads\/2017\/09\/Pihlajan-marjat-verho_Inkeri-K\u00e4rkk\u00e4inen-300x199.jpg 300w, http:\/\/bonis-avibus.fi\/inkerikarkkainen\/wp-content\/uploads\/2017\/09\/Pihlajan-marjat-verho_Inkeri-K\u00e4rkk\u00e4inen-768x511.jpg 768w\" sizes=\"(max-width: 640px) 100vw, 640px\" \/>\t\t\t\t<\/a><figcaption>T\u00e4ss\u00e4 seulanpainantaa<\/figcaption><\/figure>\n<figure>\n\t\t\t\t\t\t<a href=\"http:\/\/bonis-avibus.fi\/inkerikarkkainen\/wp-content\/uploads\/2017\/09\/Maalattu-kangas.jpg\" data-elementor-open-lightbox=\"default\"><br \/>\n\t\t<img loading=\"lazy\" width=\"640\" height=\"426\" src=\"http:\/\/bonis-avibus.fi\/inkerikarkkainen\/wp-content\/uploads\/2017\/09\/Maalattu-kangas-1024x681.jpg\" alt=\"\" srcset=\"http:\/\/bonis-avibus.fi\/inkerikarkkainen\/wp-content\/uploads\/2017\/09\/Maalattu-kangas-1024x681.jpg 1024w, http:\/\/bonis-avibus.fi\/inkerikarkkainen\/wp-content\/uploads\/2017\/09\/Maalattu-kangas-300x199.jpg 300w, http:\/\/bonis-avibus.fi\/inkerikarkkainen\/wp-content\/uploads\/2017\/09\/Maalattu-kangas-768x511.jpg 768w\" sizes=\"(max-width: 640px) 100vw, 640px\" \/>\t\t\t\t<\/a><figcaption>Tulppaaniaihekin on toistunut kankaissani usein<\/figcaption><\/figure>\n","protected":false},"excerpt":{"rendered":"<p>Maalaamillani uniikkikankailla olen halunnut tuoda kauneutta arkeen.\u00a0 &#8221;Unensiipien laulut&#8221;-parilakanasetti (myyty). Lakanasetti Uskolliset, h\u00e4\u00e4lahja yst\u00e4ville Auringonkukka, 2005 &#8221;Vihre\u00e4t lehdet&#8221;-p\u00f6yt\u00e4liina, 2005 &#8221;Aitan ovi&#8221; &#8211; p\u00f6yt\u00e4liina, 2005 &#8221;Palapeli&#8221;-s\u00e4nkypeitto, 2005 &#8221;Hahtuvasade&#8221;-sein\u00e4vaate, 2005&#8230;<\/p>\n","protected":false},"author":1,"featured_media":0,"parent":0,"menu_order":0,"comment_status":"closed","ping_status":"closed","template":"","meta":[],"_links":{"self":[{"href":"https:\/\/bonis-avibus.fi\/inkerikarkkainen\/index.php?rest_route=\/wp\/v2\/pages\/17"}],"collection":[{"href":"https:\/\/bonis-avibus.fi\/inkerikarkkainen\/index.php?rest_route=\/wp\/v2\/pages"}],"about":[{"href":"https:\/\/bonis-avibus.fi\/inkerikarkkainen\/index.php?rest_route=\/wp\/v2\/types\/page"}],"author":[{"embeddable":true,"href":"https:\/\/bonis-avibus.fi\/inkerikarkkainen\/index.php?rest_route=\/wp\/v2\/users\/1"}],"replies":[{"embeddable":true,"href":"https:\/\/bonis-avibus.fi\/inkerikarkkainen\/index.php?rest_route=%2Fwp%2Fv2%2Fcomments&post=17"}],"version-history":[{"count":21,"href":"https:\/\/bonis-avibus.fi\/inkerikarkkainen\/index.php?rest_route=\/wp\/v2\/pages\/17\/revisions"}],"predecessor-version":[{"id":587,"href":"https:\/\/bonis-avibus.fi\/inkerikarkkainen\/index.php?rest_route=\/wp\/v2\/pages\/17\/revisions\/587"}],"wp:attachment":[{"href":"https:\/\/bonis-avibus.fi\/inkerikarkkainen\/index.php?rest_route=%2Fwp%2Fv2%2Fmedia&parent=17"}],"curies":[{"name":"wp","href":"https:\/\/api.w.org\/{rel}","templated":true}]}}