{"id":418,"date":"2017-09-23T20:15:42","date_gmt":"2017-09-23T17:15:42","guid":{"rendered":"http:\/\/bonis-avibus.fi\/inkerikarkkainen\/?page_id=418"},"modified":"2022-02-25T15:31:30","modified_gmt":"2022-02-25T13:31:30","slug":"teoksiani","status":"publish","type":"page","link":"https:\/\/bonis-avibus.fi\/inkerikarkkainen\/","title":{"rendered":"Teoksiani"},"content":{"rendered":"<h1>Hei!\u00a0<\/h1>\n<p>Olen saanut monipuolisen k\u00e4si-ja taideteollisen koulutuksen, p\u00e4\u00e4aineena kankaankudonta ja<br \/>tekstiilisuunittelu.<\/p>\n<p>Lapsuudessani asuessani maaseudulla kaikki tarvittava leikkeihin l\u00f6ytyi luonnosta ja<br \/>ymp\u00e4r\u00f6iv\u00e4st\u00e4 milj\u00f6\u00f6st\u00e4. Minulle onkin edelleen ominaista k\u00e4ytt\u00e4\u00e4 sit\u00e4 materiaalia mit\u00e4 n\u00e4en ja on<br \/>saatavilla ymp\u00e4rist\u00f6st\u00e4.<\/p>\n<p>Luovuuteni kyvyll\u00e4 ja ennakkoluulottomuudella l\u00e4hden uusille poluille.\u00a0<\/p>\n<p><em>Rakastan luonnossa liikkumista, aistin, tunnen ja koen el\u00e4m\u00e4\u00e4 vahvasti.<\/em><\/p>\n<p>Haluan ilmaista el\u00e4m\u00e4n vastakohtaisuutta &#8211; katoavuus ja ikiaikaisuus, hauraus ja sinnikkyys, pimeys ja valo, rauhattomuus ja tasapaino. Tutkin juuriani vaikkapa m\u00e4nnynjuurien avulla, mist\u00e4 tulen ja mit\u00e4 matkani varrelta sain.<\/p>\n<p>P\u00e4\u00e4set katsomaan taidettani ja muita teoksiani klikkaamalla haluamallesi osa-alueelle alta olevista kuvista. Sielt\u00e4 l\u00f6ytyy esimerkkej\u00e4 teoksista vuosikymmenten varrelta ja kangasmaalarin k\u00e4denj\u00e4lke\u00e4.<\/p>\n<p>Jos olet kiinnostunut hankkimaan teoksiani, k\u00e4y katsomassa kohta <a href=\"http:\/\/bonis-avibus.fi\/inkerikarkkainen\/?page_id=494\">&#8221;Myyt\u00e4v\u00e4t teokset ja kankaat&#8221;<\/a>. T\u00e4nne tulen p\u00e4ivitt\u00e4m\u00e4\u00e4n uusimmista teoksistani ja upeista uniikki tyynyist\u00e4 kuvia. Teen tilaust\u00f6it\u00e4 ja olen k\u00e4ytett\u00e4viss\u00e4 my\u00f6s opetus- ja ohjausteht\u00e4viin. Ansioluetteloni voit ladata <a href=\"http:\/\/bonis-avibus.fi\/inkerikarkkainen\/wp-content\/uploads\/2017\/11\/Curriculum-Vitae_Inkeri-K\u00e4rkk\u00e4inen.pdf\" target=\"_blank\" rel=\"noopener\">t\u00e4st\u00e4<\/a>.<\/p>\n<p>Kauneutta ymp\u00e4rillesi kaivatessa, ota yhteytt\u00e4 minuun!<\/p>\n<p>Inkeri K\u00e4rkk\u00e4inen<br \/>inkeri.karkkainen (at) gmail.com<br \/>050 368 3000<\/p>\n<p style=\"text-align: center;\">On ollut aivan ihanaa synnytt\u00e4\u00e4 teoksia Vihdin kirjastolle nyt maaliskuun alussa avattavaan n\u00e4yttelyyni. Tule k\u00e4ym\u00e4\u00e4n ja katsomaan. Kuuntele syd\u00e4nt\u00e4si, mik\u00e4 teoksistani koskettaa herkkyydell\u00e4\u00e4n sinua [sce emoji=&#8221;heart&#8221;\/]<\/p>\n<p>\t\t<img width=\"640\" height=\"480\" src=\"http:\/\/bonis-avibus.fi\/inkerikarkkainen\/wp-content\/uploads\/2022\/02\/kuva-1-1024x768.jpg\" alt=\"\" loading=\"lazy\" srcset=\"https:\/\/bonis-avibus.fi\/inkerikarkkainen\/wp-content\/uploads\/2022\/02\/kuva-1-1024x768.jpg 1024w, https:\/\/bonis-avibus.fi\/inkerikarkkainen\/wp-content\/uploads\/2022\/02\/kuva-1-300x225.jpg 300w, https:\/\/bonis-avibus.fi\/inkerikarkkainen\/wp-content\/uploads\/2022\/02\/kuva-1-768x576.jpg 768w, https:\/\/bonis-avibus.fi\/inkerikarkkainen\/wp-content\/uploads\/2022\/02\/kuva-1.jpg 1156w\" sizes=\"(max-width: 640px) 100vw, 640px\" \/><br \/>\n\t\t<img width=\"640\" height=\"480\" src=\"http:\/\/bonis-avibus.fi\/inkerikarkkainen\/wp-content\/uploads\/2022\/02\/kuva-3-1024x768.jpg\" alt=\"\" loading=\"lazy\" srcset=\"https:\/\/bonis-avibus.fi\/inkerikarkkainen\/wp-content\/uploads\/2022\/02\/kuva-3-1024x768.jpg 1024w, https:\/\/bonis-avibus.fi\/inkerikarkkainen\/wp-content\/uploads\/2022\/02\/kuva-3-300x225.jpg 300w, https:\/\/bonis-avibus.fi\/inkerikarkkainen\/wp-content\/uploads\/2022\/02\/kuva-3-768x576.jpg 768w, https:\/\/bonis-avibus.fi\/inkerikarkkainen\/wp-content\/uploads\/2022\/02\/kuva-3.jpg 1156w\" sizes=\"(max-width: 640px) 100vw, 640px\" \/><br \/>\n\t\t<img width=\"640\" height=\"480\" src=\"http:\/\/bonis-avibus.fi\/inkerikarkkainen\/wp-content\/uploads\/2022\/02\/Inkerin-teos-1-Pieni-1024x768.jpg\" alt=\"\" loading=\"lazy\" srcset=\"https:\/\/bonis-avibus.fi\/inkerikarkkainen\/wp-content\/uploads\/2022\/02\/Inkerin-teos-1-Pieni-1024x768.jpg 1024w, https:\/\/bonis-avibus.fi\/inkerikarkkainen\/wp-content\/uploads\/2022\/02\/Inkerin-teos-1-Pieni-300x225.jpg 300w, https:\/\/bonis-avibus.fi\/inkerikarkkainen\/wp-content\/uploads\/2022\/02\/Inkerin-teos-1-Pieni-768x576.jpg 768w, https:\/\/bonis-avibus.fi\/inkerikarkkainen\/wp-content\/uploads\/2022\/02\/Inkerin-teos-1-Pieni.jpg 1156w\" sizes=\"(max-width: 640px) 100vw, 640px\" \/><br \/>\n\t\t<img width=\"640\" height=\"905\" src=\"http:\/\/bonis-avibus.fi\/inkerikarkkainen\/wp-content\/uploads\/2022\/02\/Inkeri_Karkkainen_Rihmastoja_Vihti_web_juliste-kompess-724x1024.jpg\" alt=\"\" loading=\"lazy\" srcset=\"https:\/\/bonis-avibus.fi\/inkerikarkkainen\/wp-content\/uploads\/2022\/02\/Inkeri_Karkkainen_Rihmastoja_Vihti_web_juliste-kompess-724x1024.jpg 724w, https:\/\/bonis-avibus.fi\/inkerikarkkainen\/wp-content\/uploads\/2022\/02\/Inkeri_Karkkainen_Rihmastoja_Vihti_web_juliste-kompess-212x300.jpg 212w, https:\/\/bonis-avibus.fi\/inkerikarkkainen\/wp-content\/uploads\/2022\/02\/Inkeri_Karkkainen_Rihmastoja_Vihti_web_juliste-kompess-768x1086.jpg 768w, https:\/\/bonis-avibus.fi\/inkerikarkkainen\/wp-content\/uploads\/2022\/02\/Inkeri_Karkkainen_Rihmastoja_Vihti_web_juliste-kompess-1086x1536.jpg 1086w, https:\/\/bonis-avibus.fi\/inkerikarkkainen\/wp-content\/uploads\/2022\/02\/Inkeri_Karkkainen_Rihmastoja_Vihti_web_juliste-kompess-1448x2048.jpg 1448w, https:\/\/bonis-avibus.fi\/inkerikarkkainen\/wp-content\/uploads\/2022\/02\/Inkeri_Karkkainen_Rihmastoja_Vihti_web_juliste-kompess.jpg 1754w\" sizes=\"(max-width: 640px) 100vw, 640px\" \/>\t\t<\/p>\n<h2><a href=\"http:\/\/bonis-avibus.fi\/inkerikarkkainen\/?page_id=19\">Taide- ja ominaistekstiiliteoksia<\/a><\/h2>\n<p>\t\t\t\t\t\t<a href=\"http:\/\/bonis-avibus.fi\/inkerikarkkainen\/?page_id=19\" data-elementor-open-lightbox=\"default\"><br \/>\n\t\t<img width=\"640\" height=\"480\" src=\"http:\/\/bonis-avibus.fi\/inkerikarkkainen\/wp-content\/uploads\/2017\/09\/Aurinkoinen-1994_Inkeri-K\u00e4rkk\u00e4inen-1-1024x768.jpg\" alt=\"\" loading=\"lazy\" srcset=\"https:\/\/bonis-avibus.fi\/inkerikarkkainen\/wp-content\/uploads\/2017\/09\/Aurinkoinen-1994_Inkeri-K\u00e4rkk\u00e4inen-1.jpg 1024w, https:\/\/bonis-avibus.fi\/inkerikarkkainen\/wp-content\/uploads\/2017\/09\/Aurinkoinen-1994_Inkeri-K\u00e4rkk\u00e4inen-1-300x225.jpg 300w, https:\/\/bonis-avibus.fi\/inkerikarkkainen\/wp-content\/uploads\/2017\/09\/Aurinkoinen-1994_Inkeri-K\u00e4rkk\u00e4inen-1-768x576.jpg 768w\" sizes=\"(max-width: 640px) 100vw, 640px\" \/>\t\t\t\t<\/a><\/p>\n<p>T\u00e4\u00e4lt\u00e4 l\u00f6yd\u00e4t vuosien varrella eri n\u00e4yttelyihin valmistettuja teoksiani.\u00a0<\/p>\n<h2><a href=\"http:\/\/bonis-avibus.fi\/inkerikarkkainen\/?page_id=17\">Uniikkeja kankaita<\/a><\/h2>\n<p>\t\t\t\t\t\t<a href=\"http:\/\/bonis-avibus.fi\/inkerikarkkainen\/?page_id=17\" data-elementor-open-lightbox=\"default\"><br \/>\n\t\t<img width=\"640\" height=\"656\" src=\"http:\/\/bonis-avibus.fi\/inkerikarkkainen\/wp-content\/uploads\/2017\/09\/Unensiipien-laulut-parilakanasetti...-Inkeri-K\u00e4rkk\u00e4inen.jpg\" alt=\"\" loading=\"lazy\" srcset=\"https:\/\/bonis-avibus.fi\/inkerikarkkainen\/wp-content\/uploads\/2017\/09\/Unensiipien-laulut-parilakanasetti...-Inkeri-K\u00e4rkk\u00e4inen.jpg 900w, https:\/\/bonis-avibus.fi\/inkerikarkkainen\/wp-content\/uploads\/2017\/09\/Unensiipien-laulut-parilakanasetti...-Inkeri-K\u00e4rkk\u00e4inen-293x300.jpg 293w, https:\/\/bonis-avibus.fi\/inkerikarkkainen\/wp-content\/uploads\/2017\/09\/Unensiipien-laulut-parilakanasetti...-Inkeri-K\u00e4rkk\u00e4inen-768x788.jpg 768w\" sizes=\"(max-width: 640px) 100vw, 640px\" \/>\t\t\t\t<\/a><\/p>\n<p>T\u00e4\u00e4ll\u00e4 joitakin esimerkkej\u00e4 maalatuista ja k\u00e4sinpainetuista kankaistani.\u00a0<\/p>\n<h2><a href=\"http:\/\/bonis-avibus.fi\/inkerikarkkainen\/?page_id=15\">Julkisia teoksia<\/a><\/h2>\n<p>\t\t\t\t\t\t<a href=\"http:\/\/bonis-avibus.fi\/inkerikarkkainen\/?page_id=15\" data-elementor-open-lightbox=\"default\"><br \/>\n\t\t<img width=\"640\" height=\"480\" src=\"http:\/\/bonis-avibus.fi\/inkerikarkkainen\/wp-content\/uploads\/2017\/09\/Enkeleit\u00e4-1987-1024x768.jpg\" alt=\"\" loading=\"lazy\" srcset=\"https:\/\/bonis-avibus.fi\/inkerikarkkainen\/wp-content\/uploads\/2017\/09\/Enkeleit\u00e4-1987-1024x768.jpg 1024w, https:\/\/bonis-avibus.fi\/inkerikarkkainen\/wp-content\/uploads\/2017\/09\/Enkeleit\u00e4-1987-300x225.jpg 300w, https:\/\/bonis-avibus.fi\/inkerikarkkainen\/wp-content\/uploads\/2017\/09\/Enkeleit\u00e4-1987-768x576.jpg 768w\" sizes=\"(max-width: 640px) 100vw, 640px\" \/>\t\t\t\t<\/a><\/p>\n<p>Kirkolliset ja julkiset teokset syntyv\u00e4t useimmiten tilauksesta.\u00a0<\/p>\n","protected":false},"excerpt":{"rendered":"<p>Hei!\u00a0 Olen saanut monipuolisen k\u00e4si-ja taideteollisen koulutuksen, p\u00e4\u00e4aineena kankaankudonta jatekstiilisuunittelu. Lapsuudessani asuessani maaseudulla kaikki tarvittava leikkeihin l\u00f6ytyi luonnosta jaymp\u00e4r\u00f6iv\u00e4st\u00e4 milj\u00f6\u00f6st\u00e4. Minulle onkin edelleen ominaista k\u00e4ytt\u00e4\u00e4 sit\u00e4 materiaalia mit\u00e4&#8230;<\/p>\n","protected":false},"author":1,"featured_media":0,"parent":0,"menu_order":0,"comment_status":"closed","ping_status":"closed","template":"","meta":[],"_links":{"self":[{"href":"https:\/\/bonis-avibus.fi\/inkerikarkkainen\/index.php?rest_route=\/wp\/v2\/pages\/418"}],"collection":[{"href":"https:\/\/bonis-avibus.fi\/inkerikarkkainen\/index.php?rest_route=\/wp\/v2\/pages"}],"about":[{"href":"https:\/\/bonis-avibus.fi\/inkerikarkkainen\/index.php?rest_route=\/wp\/v2\/types\/page"}],"author":[{"embeddable":true,"href":"https:\/\/bonis-avibus.fi\/inkerikarkkainen\/index.php?rest_route=\/wp\/v2\/users\/1"}],"replies":[{"embeddable":true,"href":"https:\/\/bonis-avibus.fi\/inkerikarkkainen\/index.php?rest_route=%2Fwp%2Fv2%2Fcomments&post=418"}],"version-history":[{"count":30,"href":"https:\/\/bonis-avibus.fi\/inkerikarkkainen\/index.php?rest_route=\/wp\/v2\/pages\/418\/revisions"}],"predecessor-version":[{"id":624,"href":"https:\/\/bonis-avibus.fi\/inkerikarkkainen\/index.php?rest_route=\/wp\/v2\/pages\/418\/revisions\/624"}],"wp:attachment":[{"href":"https:\/\/bonis-avibus.fi\/inkerikarkkainen\/index.php?rest_route=%2Fwp%2Fv2%2Fmedia&parent=418"}],"curies":[{"name":"wp","href":"https:\/\/api.w.org\/{rel}","templated":true}]}}