{"id":443,"date":"2017-10-08T13:54:24","date_gmt":"2017-10-08T10:54:24","guid":{"rendered":"http:\/\/bonis-avibus.fi\/inkerikarkkainen\/?page_id=443"},"modified":"2017-11-08T18:20:02","modified_gmt":"2017-11-08T16:20:02","slug":"ajankohtaista","status":"publish","type":"page","link":"https:\/\/bonis-avibus.fi\/inkerikarkkainen\/?page_id=443","title":{"rendered":"Ajankohtaista"},"content":{"rendered":"<p>Voit halutessasi ilmoittautua s\u00e4hk\u00f6postilistalle, jota kautta saat tiedon uusista n\u00e4yttelyist\u00e4, koulutuksista ja muista ajankohtaisista asioista, jotka saattavat sinulta muuten j\u00e4\u00e4d\u00e4 huomaamatta. Anna halutessasi nimesi s\u00e4hk\u00f6postisi lis\u00e4ksi.\u00a0<\/p>\n<p><div class=\"tnp tnp-subscription\">\n<form method=\"post\" action=\"https:\/\/bonis-avibus.fi\/inkerikarkkainen\/?na=s\">\n\n<input type=\"hidden\" name=\"nr\" value=\"page\"><input type=\"hidden\" name=\"nlang\" value=\"\"><div class=\"tnp-field tnp-field-firstname\"><label for=\"tnp-1\">Nimesi<\/label>\n<input class=\"tnp-name\" type=\"text\" name=\"nn\" id=\"tnp-1\" value=\"\"><\/div>\n<div class=\"tnp-field tnp-field-email\"><label for=\"tnp-2\">S\u00e4hk\u00f6posti<\/label>\n<input class=\"tnp-email\" type=\"email\" name=\"ne\" id=\"tnp-2\" value=\"\" required><\/div>\n<div class=\"tnp-field tnp-field-button\"><input class=\"tnp-submit\" type=\"submit\" value=\"Liity t\u00e4st\u00e4\" >\n<\/div>\n<\/form>\n<\/div>\n<\/p>\n","protected":false},"excerpt":{"rendered":"<p>Voit halutessasi ilmoittautua s\u00e4hk\u00f6postilistalle, jota kautta saat tiedon uusista n\u00e4yttelyist\u00e4, koulutuksista ja muista ajankohtaisista asioista, jotka saattavat sinulta muuten j\u00e4\u00e4d\u00e4 huomaamatta. Anna halutessasi nimesi s\u00e4hk\u00f6postisi lis\u00e4ksi.\u00a0<\/p>\n","protected":false},"author":1,"featured_media":0,"parent":0,"menu_order":0,"comment_status":"closed","ping_status":"closed","template":"","meta":[],"_links":{"self":[{"href":"https:\/\/bonis-avibus.fi\/inkerikarkkainen\/index.php?rest_route=\/wp\/v2\/pages\/443"}],"collection":[{"href":"https:\/\/bonis-avibus.fi\/inkerikarkkainen\/index.php?rest_route=\/wp\/v2\/pages"}],"about":[{"href":"https:\/\/bonis-avibus.fi\/inkerikarkkainen\/index.php?rest_route=\/wp\/v2\/types\/page"}],"author":[{"embeddable":true,"href":"https:\/\/bonis-avibus.fi\/inkerikarkkainen\/index.php?rest_route=\/wp\/v2\/users\/1"}],"replies":[{"embeddable":true,"href":"https:\/\/bonis-avibus.fi\/inkerikarkkainen\/index.php?rest_route=%2Fwp%2Fv2%2Fcomments&post=443"}],"version-history":[{"count":6,"href":"https:\/\/bonis-avibus.fi\/inkerikarkkainen\/index.php?rest_route=\/wp\/v2\/pages\/443\/revisions"}],"predecessor-version":[{"id":595,"href":"https:\/\/bonis-avibus.fi\/inkerikarkkainen\/index.php?rest_route=\/wp\/v2\/pages\/443\/revisions\/595"}],"wp:attachment":[{"href":"https:\/\/bonis-avibus.fi\/inkerikarkkainen\/index.php?rest_route=%2Fwp%2Fv2%2Fmedia&parent=443"}],"curies":[{"name":"wp","href":"https:\/\/api.w.org\/{rel}","templated":true}]}}