{"id":494,"date":"2017-11-07T18:54:30","date_gmt":"2017-11-07T16:54:30","guid":{"rendered":"http:\/\/bonis-avibus.fi\/inkerikarkkainen\/?page_id=494"},"modified":"2022-02-24T19:36:04","modified_gmt":"2022-02-24T17:36:04","slug":"myytavat-teokset-ja-kankaat","status":"publish","type":"page","link":"https:\/\/bonis-avibus.fi\/inkerikarkkainen\/?page_id=494","title":{"rendered":"Myyt\u00e4v\u00e4t teokset ja kankaat"},"content":{"rendered":"<p>\u00a0Minulla on valmiita taideteoksia, jotka ovat syntyneet eri n\u00e4yttelyihin, joista osa on t\u00e4ss\u00e4 n\u00e4ht\u00e4vill\u00e4 ja joista osa tulee viel\u00e4 t\u00e4nne n\u00e4ht\u00e4viksi. T\u00e4\u00e4ll\u00e4 n\u00e4ht\u00e4vill\u00e4 olevat taideteokset ovat myyt\u00e4v\u00e4n\u00e4 kodin-, ty\u00f6- tai julkisen tilan kaunistukseksi &#8211; vaikkapa sisustuksen luovaksi l\u00e4ht\u00f6kohdaksi. Teen my\u00f6s taideteoksia ja sisustuksellisia kankaita tilauksesta. Tilaust\u00f6iden l\u00e4ht\u00f6kohdaksi voit antaa kuvan tilasta, johon teos tulee tai toivoa v\u00e4ri- ja aihemaailmaa &#8211; kuitenkin niin, ett\u00e4 tekemisen taiteellinen vapaus s\u00e4ilyy.\u00a0\t\t<\/p>\n<h2>Sarjasta &#8221;Rihmastoja&#8221; teokset Viherrys, Punainen ja Sininen<\/h2>\n<p>\t\t\t\t\t\t<a href=\"http:\/\/bonis-avibus.fi\/inkerikarkkainen\/wp-content\/uploads\/2017\/09\/Rihmastoja-Viherrys-Punainen-Sininen-2015-2017_Inkeri-K\u00e4rkk\u00e4inen.jpg\" data-elementor-open-lightbox=\"default\"><br \/>\n\t\t<img loading=\"lazy\" width=\"480\" height=\"640\" src=\"http:\/\/bonis-avibus.fi\/inkerikarkkainen\/wp-content\/uploads\/2017\/09\/Rihmastoja-Viherrys-Punainen-Sininen-2015-2017_Inkeri-K\u00e4rkk\u00e4inen.jpg\" alt=\"\" srcset=\"http:\/\/bonis-avibus.fi\/inkerikarkkainen\/wp-content\/uploads\/2017\/09\/Rihmastoja-Viherrys-Punainen-Sininen-2015-2017_Inkeri-K\u00e4rkk\u00e4inen.jpg 480w, http:\/\/bonis-avibus.fi\/inkerikarkkainen\/wp-content\/uploads\/2017\/09\/Rihmastoja-Viherrys-Punainen-Sininen-2015-2017_Inkeri-K\u00e4rkk\u00e4inen-225x300.jpg 225w\" sizes=\"(max-width: 480px) 100vw, 480px\" \/>\t\t\t\t<\/a><\/p>\n<p><strong>Viherrys<\/strong>: pellavalanka, puuhelmet, pigmentti ja kovete; 235x40cm; 2017<br \/><strong>Punainen<\/strong>: pellavalanka, puuvillakangas, pigmentti ja kovete; 235x60cm; 2015<br \/><strong>Sininen<\/strong>: pellavalanka, pigmentti ja kovete; 225x40cm; 2015<\/p>\n<p>Kuvan kaarik\u00e4\u00e4r\u00f6 eli teos &#8221;Kamppailu&#8221; ei ole myyt\u00e4v\u00e4n\u00e4.<\/p>\n<p>\t\t\t\t\t\t<a href=\"http:\/\/bonis-avibus.fi\/inkerikarkkainen\/wp-content\/uploads\/2017\/11\/Rihmastoja-Viherrys-Punainen-Sininen-2015-2017_Juuria-ja-rihmastoja_Inkeri-K\u00e4rkk\u00e4inen.jpg\" data-elementor-open-lightbox=\"default\"><br \/>\n\t\t<img loading=\"lazy\" width=\"640\" height=\"803\" src=\"http:\/\/bonis-avibus.fi\/inkerikarkkainen\/wp-content\/uploads\/2017\/11\/Rihmastoja-Viherrys-Punainen-Sininen-2015-2017_Juuria-ja-rihmastoja_Inkeri-K\u00e4rkk\u00e4inen-768x964.jpg\" alt=\"\" srcset=\"http:\/\/bonis-avibus.fi\/inkerikarkkainen\/wp-content\/uploads\/2017\/11\/Rihmastoja-Viherrys-Punainen-Sininen-2015-2017_Juuria-ja-rihmastoja_Inkeri-K\u00e4rkk\u00e4inen-768x964.jpg 768w, http:\/\/bonis-avibus.fi\/inkerikarkkainen\/wp-content\/uploads\/2017\/11\/Rihmastoja-Viherrys-Punainen-Sininen-2015-2017_Juuria-ja-rihmastoja_Inkeri-K\u00e4rkk\u00e4inen-239x300.jpg 239w, http:\/\/bonis-avibus.fi\/inkerikarkkainen\/wp-content\/uploads\/2017\/11\/Rihmastoja-Viherrys-Punainen-Sininen-2015-2017_Juuria-ja-rihmastoja_Inkeri-K\u00e4rkk\u00e4inen-815x1024.jpg 815w\" sizes=\"(max-width: 640px) 100vw, 640px\" \/>\t\t\t\t<\/a><br \/>\n\t\t\t\t\t\t<a href=\"http:\/\/bonis-avibus.fi\/inkerikarkkainen\/wp-content\/uploads\/2017\/09\/Tyrskyn-syliss\u00e4-1997-2012_Inkeri-K\u00e4rkk\u00e4inen.jpg\" data-elementor-open-lightbox=\"yes\"><br \/>\n\t\t<img loading=\"lazy\" width=\"640\" height=\"426\" src=\"http:\/\/bonis-avibus.fi\/inkerikarkkainen\/wp-content\/uploads\/2017\/09\/Tyrskyn-syliss\u00e4-1997-2012_Inkeri-K\u00e4rkk\u00e4inen-1024x681.jpg\" alt=\"\" srcset=\"http:\/\/bonis-avibus.fi\/inkerikarkkainen\/wp-content\/uploads\/2017\/09\/Tyrskyn-syliss\u00e4-1997-2012_Inkeri-K\u00e4rkk\u00e4inen.jpg 1024w, http:\/\/bonis-avibus.fi\/inkerikarkkainen\/wp-content\/uploads\/2017\/09\/Tyrskyn-syliss\u00e4-1997-2012_Inkeri-K\u00e4rkk\u00e4inen-300x200.jpg 300w, http:\/\/bonis-avibus.fi\/inkerikarkkainen\/wp-content\/uploads\/2017\/09\/Tyrskyn-syliss\u00e4-1997-2012_Inkeri-K\u00e4rkk\u00e4inen-768x511.jpg 768w\" sizes=\"(max-width: 640px) 100vw, 640px\" \/>\t\t\t\t<\/a><\/p>\n<p><strong>Tyrskyn syli<\/strong>\u00a01997-2012<\/p>\n<p>Mitat: 127x90x30<\/p>\n<p>Materiaalit: puuvilla, kaapelilanka, lasihelmet ja metallirunko<\/p>\n<p>\t\t\t\t\t\t<a href=\"http:\/\/bonis-avibus.fi\/inkerikarkkainen\/wp-content\/uploads\/2017\/11\/Vesi-ja-j\u00e4\u00e4-kukkaset-ei-rakkaus-h\u00e4vi\u00e4.jpg\" data-elementor-open-lightbox=\"default\"><br \/>\n\t\t<img loading=\"lazy\" width=\"640\" height=\"480\" src=\"http:\/\/bonis-avibus.fi\/inkerikarkkainen\/wp-content\/uploads\/2017\/11\/Vesi-ja-j\u00e4\u00e4-kukkaset-ei-rakkaus-h\u00e4vi\u00e4-1024x768.jpg\" alt=\"\" srcset=\"http:\/\/bonis-avibus.fi\/inkerikarkkainen\/wp-content\/uploads\/2017\/11\/Vesi-ja-j\u00e4\u00e4-kukkaset-ei-rakkaus-h\u00e4vi\u00e4-1024x768.jpg 1024w, http:\/\/bonis-avibus.fi\/inkerikarkkainen\/wp-content\/uploads\/2017\/11\/Vesi-ja-j\u00e4\u00e4-kukkaset-ei-rakkaus-h\u00e4vi\u00e4-300x225.jpg 300w, http:\/\/bonis-avibus.fi\/inkerikarkkainen\/wp-content\/uploads\/2017\/11\/Vesi-ja-j\u00e4\u00e4-kukkaset-ei-rakkaus-h\u00e4vi\u00e4-768x576.jpg 768w\" sizes=\"(max-width: 640px) 100vw, 640px\" \/>\t\t\t\t<\/a><\/p>\n<p><strong>Vesi ja j\u00e4\u00e4<\/strong>: korallikanukka, pellavalanka, paperinaru, pigmentti ja kovete; 76x50cm; 2017<\/p>\n<p><strong>Kukkaset<\/strong>: m\u00e4nnynjuuri, pellavalanka, paperinaru, pigmentti ja kovete; 95x67cm; 2017<\/p>\n<p><strong>Ei rakkaus h\u00e4vi\u00e4<\/strong>: korallikanukka, pellava- ja puuvillalanka, puuvillakangas, pigmentti ja kovete; 120x104cm; 2017<\/p>\n<p>\u00a0<\/p>\n<p>\t\t\t\t\t\t<a href=\"http:\/\/bonis-avibus.fi\/inkerikarkkainen\/wp-content\/uploads\/2017\/11\/Uni-2014_Inkeri-K\u00e4rkk\u00e4inen.jpg\" data-elementor-open-lightbox=\"default\"><br \/>\n\t\t<img loading=\"lazy\" width=\"640\" height=\"853\" src=\"http:\/\/bonis-avibus.fi\/inkerikarkkainen\/wp-content\/uploads\/2017\/11\/Uni-2014_Inkeri-K\u00e4rkk\u00e4inen-768x1024.jpg\" alt=\"\" srcset=\"http:\/\/bonis-avibus.fi\/inkerikarkkainen\/wp-content\/uploads\/2017\/11\/Uni-2014_Inkeri-K\u00e4rkk\u00e4inen-768x1024.jpg 768w, http:\/\/bonis-avibus.fi\/inkerikarkkainen\/wp-content\/uploads\/2017\/11\/Uni-2014_Inkeri-K\u00e4rkk\u00e4inen-225x300.jpg 225w\" sizes=\"(max-width: 640px) 100vw, 640px\" \/>\t\t\t\t<\/a><\/p>\n<p><strong>Uni<\/strong>: poron sarvet, paperimassa, dynamolanka, metallirengas; 75x45x23cm; 2012-2014<\/p>\n<p>(MYYTY)<\/p>\n<p>\u00a0<\/p>\n<p>\t\t\t\t\t\t<a href=\"http:\/\/bonis-avibus.fi\/inkerikarkkainen\/wp-content\/uploads\/2017\/11\/Usvakeijukaiset_2017_Inkeri-K\u00e4rkk\u00e4inen.jpg\" data-elementor-open-lightbox=\"default\"><br \/>\n\t\t<img loading=\"lazy\" width=\"640\" height=\"871\" src=\"http:\/\/bonis-avibus.fi\/inkerikarkkainen\/wp-content\/uploads\/2017\/11\/Usvakeijukaiset_2017_Inkeri-K\u00e4rkk\u00e4inen-752x1024.jpg\" alt=\"\" srcset=\"http:\/\/bonis-avibus.fi\/inkerikarkkainen\/wp-content\/uploads\/2017\/11\/Usvakeijukaiset_2017_Inkeri-K\u00e4rkk\u00e4inen-752x1024.jpg 752w, http:\/\/bonis-avibus.fi\/inkerikarkkainen\/wp-content\/uploads\/2017\/11\/Usvakeijukaiset_2017_Inkeri-K\u00e4rkk\u00e4inen-220x300.jpg 220w, http:\/\/bonis-avibus.fi\/inkerikarkkainen\/wp-content\/uploads\/2017\/11\/Usvakeijukaiset_2017_Inkeri-K\u00e4rkk\u00e4inen-768x1045.jpg 768w\" sizes=\"(max-width: 640px) 100vw, 640px\" \/>\t\t\t\t<\/a><\/p>\n<p><strong>Usvakeijukaiset<\/strong>: pellavalanka, hyttysverkko, pigmentti ja kovete; 240x88cm; 2017<\/p>\n<p>(MYYTY)<\/p>\n<h2>Sarjasta pikarij\u00e4k\u00e4l\u00e4<\/h2>\n<p>\t\t\t\t\t\t<a href=\"http:\/\/bonis-avibus.fi\/inkerikarkkainen\/wp-content\/uploads\/2017\/11\/Pikarij\u00e4k\u00e4l\u00e4-2014_3_-Inkeri-K\u00e4rkk\u00e4inen.jpg\" data-elementor-open-lightbox=\"default\"><br \/>\n\t\t<img loading=\"lazy\" width=\"640\" height=\"853\" src=\"http:\/\/bonis-avibus.fi\/inkerikarkkainen\/wp-content\/uploads\/2017\/11\/Pikarij\u00e4k\u00e4l\u00e4-2014_3_-Inkeri-K\u00e4rkk\u00e4inen-768x1024.jpg\" alt=\"\" srcset=\"http:\/\/bonis-avibus.fi\/inkerikarkkainen\/wp-content\/uploads\/2017\/11\/Pikarij\u00e4k\u00e4l\u00e4-2014_3_-Inkeri-K\u00e4rkk\u00e4inen-768x1024.jpg 768w, http:\/\/bonis-avibus.fi\/inkerikarkkainen\/wp-content\/uploads\/2017\/11\/Pikarij\u00e4k\u00e4l\u00e4-2014_3_-Inkeri-K\u00e4rkk\u00e4inen-225x300.jpg 225w\" sizes=\"(max-width: 640px) 100vw, 640px\" \/>\t\t\t\t<\/a><\/p>\n<p><strong>Sarjasta pikarij\u00e4k\u00e4l\u00e4<\/strong>: m\u00e4nnynjuuri ja kuparilanka; koko noin 60x50x60cm; 2014<\/p>\n<p>\t\t\t\t\t\t<a href=\"http:\/\/bonis-avibus.fi\/inkerikarkkainen\/wp-content\/uploads\/2017\/11\/Pikarij\u00e4k\u00e4l\u00e4-2014_-Inkeri-K\u00e4rkk\u00e4inen.jpg\" data-elementor-open-lightbox=\"default\"><br \/>\n\t\t<img loading=\"lazy\" width=\"640\" height=\"853\" src=\"http:\/\/bonis-avibus.fi\/inkerikarkkainen\/wp-content\/uploads\/2017\/11\/Pikarij\u00e4k\u00e4l\u00e4-2014_-Inkeri-K\u00e4rkk\u00e4inen-768x1024.jpg\" alt=\"\" srcset=\"http:\/\/bonis-avibus.fi\/inkerikarkkainen\/wp-content\/uploads\/2017\/11\/Pikarij\u00e4k\u00e4l\u00e4-2014_-Inkeri-K\u00e4rkk\u00e4inen-768x1024.jpg 768w, http:\/\/bonis-avibus.fi\/inkerikarkkainen\/wp-content\/uploads\/2017\/11\/Pikarij\u00e4k\u00e4l\u00e4-2014_-Inkeri-K\u00e4rkk\u00e4inen-225x300.jpg 225w\" sizes=\"(max-width: 640px) 100vw, 640px\" \/>\t\t\t\t<\/a><\/p>\n<p><strong>Sarjasta pikarij\u00e4k\u00e4l\u00e4<\/strong>: m\u00e4nnynjuuri ja kuparilanka; koko noin 66x42x22cm; 2014<\/p>\n<p>\t\t<img loading=\"lazy\" width=\"640\" height=\"480\" src=\"http:\/\/bonis-avibus.fi\/inkerikarkkainen\/wp-content\/uploads\/2017\/09\/Pikarij\u00e4k\u00e4l\u00e4-2014_Inkeri-K\u00e4rkk\u00e4inen.jpg\" alt=\"\" srcset=\"http:\/\/bonis-avibus.fi\/inkerikarkkainen\/wp-content\/uploads\/2017\/09\/Pikarij\u00e4k\u00e4l\u00e4-2014_Inkeri-K\u00e4rkk\u00e4inen.jpg 640w, http:\/\/bonis-avibus.fi\/inkerikarkkainen\/wp-content\/uploads\/2017\/09\/Pikarij\u00e4k\u00e4l\u00e4-2014_Inkeri-K\u00e4rkk\u00e4inen-300x225.jpg 300w\" sizes=\"(max-width: 640px) 100vw, 640px\" \/>\t\t<\/p>\n<p><strong>Sarjasta pikarij\u00e4k\u00e4l\u00e4<\/strong>: m\u00e4nnynjuuri ja kuparilanka; 47x47x22cm; 2014\u00a0<\/p>\n<p>\t\t<img loading=\"lazy\" width=\"640\" height=\"480\" src=\"http:\/\/bonis-avibus.fi\/inkerikarkkainen\/wp-content\/uploads\/2017\/11\/Juuria-ja-Rihmastoja_3-1024x768.jpg\" alt=\"\" srcset=\"http:\/\/bonis-avibus.fi\/inkerikarkkainen\/wp-content\/uploads\/2017\/11\/Juuria-ja-Rihmastoja_3-1024x768.jpg 1024w, http:\/\/bonis-avibus.fi\/inkerikarkkainen\/wp-content\/uploads\/2017\/11\/Juuria-ja-Rihmastoja_3-300x225.jpg 300w, http:\/\/bonis-avibus.fi\/inkerikarkkainen\/wp-content\/uploads\/2017\/11\/Juuria-ja-Rihmastoja_3-768x576.jpg 768w\" sizes=\"(max-width: 640px) 100vw, 640px\" \/>\t\t<\/p>\n<h2>Leip\u00e4korvon menty\u00e4<\/h2>\n<p>\t\t\t\t\t\t<a href=\"http:\/\/bonis-avibus.fi\/inkerikarkkainen\/wp-content\/uploads\/2017\/09\/Leip\u00e4korvon-Menty\u00e41-2014_Inkeri-K\u00e4rkk\u00e4inen.jpg\" data-elementor-open-lightbox=\"default\"><br \/>\n\t\t<img loading=\"lazy\" width=\"640\" height=\"640\" src=\"http:\/\/bonis-avibus.fi\/inkerikarkkainen\/wp-content\/uploads\/2017\/09\/Leip\u00e4korvon-Menty\u00e41-2014_Inkeri-K\u00e4rkk\u00e4inen.jpg\" alt=\"\" srcset=\"http:\/\/bonis-avibus.fi\/inkerikarkkainen\/wp-content\/uploads\/2017\/09\/Leip\u00e4korvon-Menty\u00e41-2014_Inkeri-K\u00e4rkk\u00e4inen.jpg 640w, http:\/\/bonis-avibus.fi\/inkerikarkkainen\/wp-content\/uploads\/2017\/09\/Leip\u00e4korvon-Menty\u00e41-2014_Inkeri-K\u00e4rkk\u00e4inen-150x150.jpg 150w, http:\/\/bonis-avibus.fi\/inkerikarkkainen\/wp-content\/uploads\/2017\/09\/Leip\u00e4korvon-Menty\u00e41-2014_Inkeri-K\u00e4rkk\u00e4inen-300x300.jpg 300w, http:\/\/bonis-avibus.fi\/inkerikarkkainen\/wp-content\/uploads\/2017\/09\/Leip\u00e4korvon-Menty\u00e41-2014_Inkeri-K\u00e4rkk\u00e4inen-600x600.jpg 600w\" sizes=\"(max-width: 640px) 100vw, 640px\" \/>\t\t\t\t<\/a><\/p>\n<p><strong>Leip\u00e4korvon menty\u00e4<\/strong>: vanha kimpiastian rengas, rannanjuuria, kuparilanka; 50x50x15cm; 2014<\/p>\n<p>\t\t\t\t\t\t<a href=\"http:\/\/bonis-avibus.fi\/inkerikarkkainen\/wp-content\/uploads\/2017\/09\/Leip\u00e4korvon-Menty\u00e42-2014_Inkeri-K\u00e4rkk\u00e4inen.jpg\" data-elementor-open-lightbox=\"default\"><br \/>\n\t\t<img loading=\"lazy\" width=\"640\" height=\"640\" src=\"http:\/\/bonis-avibus.fi\/inkerikarkkainen\/wp-content\/uploads\/2017\/09\/Leip\u00e4korvon-Menty\u00e42-2014_Inkeri-K\u00e4rkk\u00e4inen.jpg\" alt=\"\" srcset=\"http:\/\/bonis-avibus.fi\/inkerikarkkainen\/wp-content\/uploads\/2017\/09\/Leip\u00e4korvon-Menty\u00e42-2014_Inkeri-K\u00e4rkk\u00e4inen.jpg 640w, http:\/\/bonis-avibus.fi\/inkerikarkkainen\/wp-content\/uploads\/2017\/09\/Leip\u00e4korvon-Menty\u00e42-2014_Inkeri-K\u00e4rkk\u00e4inen-150x150.jpg 150w, http:\/\/bonis-avibus.fi\/inkerikarkkainen\/wp-content\/uploads\/2017\/09\/Leip\u00e4korvon-Menty\u00e42-2014_Inkeri-K\u00e4rkk\u00e4inen-300x300.jpg 300w, http:\/\/bonis-avibus.fi\/inkerikarkkainen\/wp-content\/uploads\/2017\/09\/Leip\u00e4korvon-Menty\u00e42-2014_Inkeri-K\u00e4rkk\u00e4inen-600x600.jpg 600w\" sizes=\"(max-width: 640px) 100vw, 640px\" \/>\t\t\t\t<\/a><\/p>\n<p><strong>Leip\u00e4korvon menty\u00e4<\/strong>: vanha kimpiastian rengas, rannanjuuria, kuparilanka, dynamo- ja puuvilallanka; 53x53x13cm; 2014<\/p>\n<p>\t\t\t\t\t\t<a href=\"http:\/\/bonis-avibus.fi\/inkerikarkkainen\/wp-content\/uploads\/2017\/11\/Leikkien-virtaa-2017.jpg\" data-elementor-open-lightbox=\"default\"><br \/>\n\t\t<img loading=\"lazy\" width=\"640\" height=\"853\" src=\"http:\/\/bonis-avibus.fi\/inkerikarkkainen\/wp-content\/uploads\/2017\/11\/Leikkien-virtaa-2017-768x1024.jpg\" alt=\"\" srcset=\"http:\/\/bonis-avibus.fi\/inkerikarkkainen\/wp-content\/uploads\/2017\/11\/Leikkien-virtaa-2017-768x1024.jpg 768w, http:\/\/bonis-avibus.fi\/inkerikarkkainen\/wp-content\/uploads\/2017\/11\/Leikkien-virtaa-2017-225x300.jpg 225w\" sizes=\"(max-width: 640px) 100vw, 640px\" \/>\t\t\t\t<\/a><\/p>\n<p><strong>Leikkien virtaa<\/strong>: veden hiomat juuret, kuparilanka, nuotiosta pelastettu puup\u00f6tikk\u00e4; 180x54x20cm; 2017<\/p>\n<p>\t\t\t\t\t\t<a href=\"http:\/\/bonis-avibus.fi\/inkerikarkkainen\/wp-content\/uploads\/2017\/11\/Turvaverkko-ja-Pikarij\u00e4k\u00e4l\u00e4t-2017.jpg\" data-elementor-open-lightbox=\"default\"><br \/>\n\t\t<img loading=\"lazy\" width=\"640\" height=\"853\" src=\"http:\/\/bonis-avibus.fi\/inkerikarkkainen\/wp-content\/uploads\/2017\/11\/Turvaverkko-ja-Pikarij\u00e4k\u00e4l\u00e4t-2017-768x1024.jpg\" alt=\"\" srcset=\"http:\/\/bonis-avibus.fi\/inkerikarkkainen\/wp-content\/uploads\/2017\/11\/Turvaverkko-ja-Pikarij\u00e4k\u00e4l\u00e4t-2017-768x1024.jpg 768w, http:\/\/bonis-avibus.fi\/inkerikarkkainen\/wp-content\/uploads\/2017\/11\/Turvaverkko-ja-Pikarij\u00e4k\u00e4l\u00e4t-2017-225x300.jpg 225w\" sizes=\"(max-width: 640px) 100vw, 640px\" \/>\t\t\t\t<\/a><\/p>\n<p>Kuvassa p\u00e4\u00e4osassa teos\u00a0<strong>Turvaverkko<\/strong>: kuparilanka, puuvillalanka, hyttysverkko; 240x160cm; 2012<\/p>\n","protected":false},"excerpt":{"rendered":"<p>\u00a0Minulla on valmiita taideteoksia, jotka ovat syntyneet eri n\u00e4yttelyihin, joista osa on t\u00e4ss\u00e4 n\u00e4ht\u00e4vill\u00e4 ja joista osa tulee viel\u00e4 t\u00e4nne n\u00e4ht\u00e4viksi. T\u00e4\u00e4ll\u00e4 n\u00e4ht\u00e4vill\u00e4 olevat taideteokset ovat myyt\u00e4v\u00e4n\u00e4 kodin-,&#8230;<\/p>\n","protected":false},"author":1,"featured_media":0,"parent":0,"menu_order":0,"comment_status":"closed","ping_status":"closed","template":"","meta":[],"_links":{"self":[{"href":"https:\/\/bonis-avibus.fi\/inkerikarkkainen\/index.php?rest_route=\/wp\/v2\/pages\/494"}],"collection":[{"href":"https:\/\/bonis-avibus.fi\/inkerikarkkainen\/index.php?rest_route=\/wp\/v2\/pages"}],"about":[{"href":"https:\/\/bonis-avibus.fi\/inkerikarkkainen\/index.php?rest_route=\/wp\/v2\/types\/page"}],"author":[{"embeddable":true,"href":"https:\/\/bonis-avibus.fi\/inkerikarkkainen\/index.php?rest_route=\/wp\/v2\/users\/1"}],"replies":[{"embeddable":true,"href":"https:\/\/bonis-avibus.fi\/inkerikarkkainen\/index.php?rest_route=%2Fwp%2Fv2%2Fcomments&post=494"}],"version-history":[{"count":23,"href":"https:\/\/bonis-avibus.fi\/inkerikarkkainen\/index.php?rest_route=\/wp\/v2\/pages\/494\/revisions"}],"predecessor-version":[{"id":608,"href":"https:\/\/bonis-avibus.fi\/inkerikarkkainen\/index.php?rest_route=\/wp\/v2\/pages\/494\/revisions\/608"}],"wp:attachment":[{"href":"https:\/\/bonis-avibus.fi\/inkerikarkkainen\/index.php?rest_route=%2Fwp%2Fv2%2Fmedia&parent=494"}],"curies":[{"name":"wp","href":"https:\/\/api.w.org\/{rel}","templated":true}]}}