{"id":523,"date":"2017-11-07T18:55:38","date_gmt":"2017-11-07T16:55:38","guid":{"rendered":"http:\/\/bonis-avibus.fi\/inkerikarkkainen\/?page_id=523"},"modified":"2017-11-19T23:10:55","modified_gmt":"2017-11-19T21:10:55","slug":"nayttelyita","status":"publish","type":"page","link":"https:\/\/bonis-avibus.fi\/inkerikarkkainen\/?page_id=523","title":{"rendered":"N\u00e4yttelyit\u00e4"},"content":{"rendered":"<h2>Juuria ja Rihmastoja<\/h2>\n<p>\t\t<img loading=\"lazy\" width=\"640\" height=\"906\" src=\"http:\/\/bonis-avibus.fi\/inkerikarkkainen\/wp-content\/uploads\/2017\/10\/Juuria-ja-Rihmastoja_2017-723x1024.jpg\" alt=\"\" srcset=\"http:\/\/bonis-avibus.fi\/inkerikarkkainen\/wp-content\/uploads\/2017\/10\/Juuria-ja-Rihmastoja_2017-723x1024.jpg 723w, http:\/\/bonis-avibus.fi\/inkerikarkkainen\/wp-content\/uploads\/2017\/10\/Juuria-ja-Rihmastoja_2017-212x300.jpg 212w, http:\/\/bonis-avibus.fi\/inkerikarkkainen\/wp-content\/uploads\/2017\/10\/Juuria-ja-Rihmastoja_2017-768x1087.jpg 768w, http:\/\/bonis-avibus.fi\/inkerikarkkainen\/wp-content\/uploads\/2017\/10\/Juuria-ja-Rihmastoja_2017.jpg 1130w\" sizes=\"(max-width: 640px) 100vw, 640px\" \/><br \/>\n\t\t\t\t\t\t<a href=\"http:\/\/bonis-avibus.fi\/inkerikarkkainen\/wp-content\/uploads\/2017\/11\/Pikarij\u00e4k\u00e4l\u00e4-2014_-Inkeri-K\u00e4rkk\u00e4inen.jpg\" data-elementor-open-lightbox=\"default\"><br \/>\n\t\t<img loading=\"lazy\" width=\"640\" height=\"853\" src=\"http:\/\/bonis-avibus.fi\/inkerikarkkainen\/wp-content\/uploads\/2017\/11\/Pikarij\u00e4k\u00e4l\u00e4-2014_-Inkeri-K\u00e4rkk\u00e4inen-768x1024.jpg\" alt=\"\" srcset=\"http:\/\/bonis-avibus.fi\/inkerikarkkainen\/wp-content\/uploads\/2017\/11\/Pikarij\u00e4k\u00e4l\u00e4-2014_-Inkeri-K\u00e4rkk\u00e4inen-768x1024.jpg 768w, http:\/\/bonis-avibus.fi\/inkerikarkkainen\/wp-content\/uploads\/2017\/11\/Pikarij\u00e4k\u00e4l\u00e4-2014_-Inkeri-K\u00e4rkk\u00e4inen-225x300.jpg 225w\" sizes=\"(max-width: 640px) 100vw, 640px\" \/>\t\t\t\t<\/a><br \/>\n\t\t\t\t\t\t<a href=\"http:\/\/bonis-avibus.fi\/inkerikarkkainen\/wp-content\/uploads\/2017\/11\/Pikarij\u00e4k\u00e4l\u00e4-2014_4_-Inkeri-K\u00e4rkk\u00e4inen.jpg\" data-elementor-open-lightbox=\"default\"><br \/>\n\t\t<img loading=\"lazy\" width=\"640\" height=\"853\" src=\"http:\/\/bonis-avibus.fi\/inkerikarkkainen\/wp-content\/uploads\/2017\/11\/Pikarij\u00e4k\u00e4l\u00e4-2014_4_-Inkeri-K\u00e4rkk\u00e4inen-768x1024.jpg\" alt=\"\" srcset=\"http:\/\/bonis-avibus.fi\/inkerikarkkainen\/wp-content\/uploads\/2017\/11\/Pikarij\u00e4k\u00e4l\u00e4-2014_4_-Inkeri-K\u00e4rkk\u00e4inen-768x1024.jpg 768w, http:\/\/bonis-avibus.fi\/inkerikarkkainen\/wp-content\/uploads\/2017\/11\/Pikarij\u00e4k\u00e4l\u00e4-2014_4_-Inkeri-K\u00e4rkk\u00e4inen-225x300.jpg 225w\" sizes=\"(max-width: 640px) 100vw, 640px\" \/>\t\t\t\t<\/a><br \/>\n\t\t\t\t\t\t<a href=\"http:\/\/bonis-avibus.fi\/inkerikarkkainen\/wp-content\/uploads\/2017\/10\/Juuria-ja-Rihmastoja_1.jpg\" data-elementor-open-lightbox=\"default\"><br \/>\n\t\t<img loading=\"lazy\" width=\"640\" height=\"480\" src=\"http:\/\/bonis-avibus.fi\/inkerikarkkainen\/wp-content\/uploads\/2017\/10\/Juuria-ja-Rihmastoja_1-1024x768.jpg\" alt=\"\" srcset=\"http:\/\/bonis-avibus.fi\/inkerikarkkainen\/wp-content\/uploads\/2017\/10\/Juuria-ja-Rihmastoja_1-1024x768.jpg 1024w, http:\/\/bonis-avibus.fi\/inkerikarkkainen\/wp-content\/uploads\/2017\/10\/Juuria-ja-Rihmastoja_1-300x225.jpg 300w, http:\/\/bonis-avibus.fi\/inkerikarkkainen\/wp-content\/uploads\/2017\/10\/Juuria-ja-Rihmastoja_1-768x576.jpg 768w\" sizes=\"(max-width: 640px) 100vw, 640px\" \/>\t\t\t\t<\/a><br \/>\n\t\t\t\t\t\t<a href=\"http:\/\/bonis-avibus.fi\/inkerikarkkainen\/wp-content\/uploads\/2017\/11\/Juuria-ja-Rihmastoja_3.jpg\" data-elementor-open-lightbox=\"default\"><br \/>\n\t\t<img loading=\"lazy\" width=\"640\" height=\"480\" src=\"http:\/\/bonis-avibus.fi\/inkerikarkkainen\/wp-content\/uploads\/2017\/11\/Juuria-ja-Rihmastoja_3-1024x768.jpg\" alt=\"\" srcset=\"http:\/\/bonis-avibus.fi\/inkerikarkkainen\/wp-content\/uploads\/2017\/11\/Juuria-ja-Rihmastoja_3-1024x768.jpg 1024w, http:\/\/bonis-avibus.fi\/inkerikarkkainen\/wp-content\/uploads\/2017\/11\/Juuria-ja-Rihmastoja_3-300x225.jpg 300w, http:\/\/bonis-avibus.fi\/inkerikarkkainen\/wp-content\/uploads\/2017\/11\/Juuria-ja-Rihmastoja_3-768x576.jpg 768w\" sizes=\"(max-width: 640px) 100vw, 640px\" \/>\t\t\t\t<\/a><\/p>\n<p>Alhaalla teokseni\u00a0<em>Rihmastoja: Viherrys, Punainen, Sininen<\/em> 2015-2017\u00a0<\/p>\n<p>\t\t\t\t\t\t<a href=\"http:\/\/bonis-avibus.fi\/inkerikarkkainen\/wp-content\/uploads\/2017\/11\/Rihmastoja-Viherrys-Punainen-Sininen-2015-2017_Juuria-ja-rihmastoja_Inkeri-K\u00e4rkk\u00e4inen.jpg\" data-elementor-open-lightbox=\"default\"><br \/>\n\t\t<img loading=\"lazy\" width=\"640\" height=\"803\" src=\"http:\/\/bonis-avibus.fi\/inkerikarkkainen\/wp-content\/uploads\/2017\/11\/Rihmastoja-Viherrys-Punainen-Sininen-2015-2017_Juuria-ja-rihmastoja_Inkeri-K\u00e4rkk\u00e4inen-768x964.jpg\" alt=\"\" srcset=\"http:\/\/bonis-avibus.fi\/inkerikarkkainen\/wp-content\/uploads\/2017\/11\/Rihmastoja-Viherrys-Punainen-Sininen-2015-2017_Juuria-ja-rihmastoja_Inkeri-K\u00e4rkk\u00e4inen-768x964.jpg 768w, http:\/\/bonis-avibus.fi\/inkerikarkkainen\/wp-content\/uploads\/2017\/11\/Rihmastoja-Viherrys-Punainen-Sininen-2015-2017_Juuria-ja-rihmastoja_Inkeri-K\u00e4rkk\u00e4inen-239x300.jpg 239w, http:\/\/bonis-avibus.fi\/inkerikarkkainen\/wp-content\/uploads\/2017\/11\/Rihmastoja-Viherrys-Punainen-Sininen-2015-2017_Juuria-ja-rihmastoja_Inkeri-K\u00e4rkk\u00e4inen-815x1024.jpg 815w\" sizes=\"(max-width: 640px) 100vw, 640px\" \/>\t\t\t\t<\/a><br \/>\n\t\t\t\t\t\t<a href=\"http:\/\/bonis-avibus.fi\/inkerikarkkainen\/wp-content\/uploads\/2017\/11\/Vesi-ja-j\u00e4\u00e4-kukkaset-ei-rakkaus-h\u00e4vi\u00e4.jpg\" data-elementor-open-lightbox=\"default\"><br \/>\n\t\t<img loading=\"lazy\" width=\"640\" height=\"480\" src=\"http:\/\/bonis-avibus.fi\/inkerikarkkainen\/wp-content\/uploads\/2017\/11\/Vesi-ja-j\u00e4\u00e4-kukkaset-ei-rakkaus-h\u00e4vi\u00e4-1024x768.jpg\" alt=\"\" srcset=\"http:\/\/bonis-avibus.fi\/inkerikarkkainen\/wp-content\/uploads\/2017\/11\/Vesi-ja-j\u00e4\u00e4-kukkaset-ei-rakkaus-h\u00e4vi\u00e4-1024x768.jpg 1024w, http:\/\/bonis-avibus.fi\/inkerikarkkainen\/wp-content\/uploads\/2017\/11\/Vesi-ja-j\u00e4\u00e4-kukkaset-ei-rakkaus-h\u00e4vi\u00e4-300x225.jpg 300w, http:\/\/bonis-avibus.fi\/inkerikarkkainen\/wp-content\/uploads\/2017\/11\/Vesi-ja-j\u00e4\u00e4-kukkaset-ei-rakkaus-h\u00e4vi\u00e4-768x576.jpg 768w\" sizes=\"(max-width: 640px) 100vw, 640px\" \/>\t\t\t\t<\/a><\/p>\n<h2>Intuitiolla Inkereilt\u00e4<\/h2>\n<p>J\u00e4rjestimme <em>Sirpa-Leena Inkeri Toikan<\/em> kanssa yhteisn\u00e4yttelyn Laukaan kirjastoon hein\u00e4kuussa 2017<\/p>\n<p>\t\t<img loading=\"lazy\" width=\"480\" height=\"640\" src=\"http:\/\/bonis-avibus.fi\/inkerikarkkainen\/wp-content\/uploads\/2017\/09\/Rihmastoja-Viherrys-Punainen-Sininen-2015-2017_Inkeri-K\u00e4rkk\u00e4inen.jpg\" alt=\"\" srcset=\"http:\/\/bonis-avibus.fi\/inkerikarkkainen\/wp-content\/uploads\/2017\/09\/Rihmastoja-Viherrys-Punainen-Sininen-2015-2017_Inkeri-K\u00e4rkk\u00e4inen.jpg 480w, http:\/\/bonis-avibus.fi\/inkerikarkkainen\/wp-content\/uploads\/2017\/09\/Rihmastoja-Viherrys-Punainen-Sininen-2015-2017_Inkeri-K\u00e4rkk\u00e4inen-225x300.jpg 225w\" sizes=\"(max-width: 480px) 100vw, 480px\" \/>\t\t<\/p>\n<p>Rihmastoja: <strong>Viherrys, Punainen ja Sininen<\/strong><\/p>\n<p>\t\t<img loading=\"lazy\" width=\"640\" height=\"853\" src=\"http:\/\/bonis-avibus.fi\/inkerikarkkainen\/wp-content\/uploads\/2017\/11\/Turvaverkko-ja-Pikarij\u00e4k\u00e4l\u00e4t-2017-768x1024.jpg\" alt=\"\" srcset=\"http:\/\/bonis-avibus.fi\/inkerikarkkainen\/wp-content\/uploads\/2017\/11\/Turvaverkko-ja-Pikarij\u00e4k\u00e4l\u00e4t-2017-768x1024.jpg 768w, http:\/\/bonis-avibus.fi\/inkerikarkkainen\/wp-content\/uploads\/2017\/11\/Turvaverkko-ja-Pikarij\u00e4k\u00e4l\u00e4t-2017-225x300.jpg 225w\" sizes=\"(max-width: 640px) 100vw, 640px\" \/>\t\t<\/p>\n<p><strong><em>Turvaverkko<\/em><\/strong> ja kaksi <strong><em>pikaria <\/em><\/strong>sarjasta Pikarij\u00e4k\u00e4l\u00e4<\/p>\n<p>\t\t<img loading=\"lazy\" width=\"640\" height=\"853\" src=\"http:\/\/bonis-avibus.fi\/inkerikarkkainen\/wp-content\/uploads\/2017\/11\/Leikkien-virtaa-2017-768x1024.jpg\" alt=\"\" srcset=\"http:\/\/bonis-avibus.fi\/inkerikarkkainen\/wp-content\/uploads\/2017\/11\/Leikkien-virtaa-2017-768x1024.jpg 768w, http:\/\/bonis-avibus.fi\/inkerikarkkainen\/wp-content\/uploads\/2017\/11\/Leikkien-virtaa-2017-225x300.jpg 225w\" sizes=\"(max-width: 640px) 100vw, 640px\" \/>\t\t<\/p>\n<p><strong>Leikkien virtaa<\/strong><\/p>\n<p>\t\t<img loading=\"lazy\" width=\"640\" height=\"640\" src=\"http:\/\/bonis-avibus.fi\/inkerikarkkainen\/wp-content\/uploads\/2017\/11\/Nuoruus-hymyilee-2017-1024x1024.jpg\" alt=\"\" srcset=\"http:\/\/bonis-avibus.fi\/inkerikarkkainen\/wp-content\/uploads\/2017\/11\/Nuoruus-hymyilee-2017-1024x1024.jpg 1024w, http:\/\/bonis-avibus.fi\/inkerikarkkainen\/wp-content\/uploads\/2017\/11\/Nuoruus-hymyilee-2017-150x150.jpg 150w, http:\/\/bonis-avibus.fi\/inkerikarkkainen\/wp-content\/uploads\/2017\/11\/Nuoruus-hymyilee-2017-300x300.jpg 300w, http:\/\/bonis-avibus.fi\/inkerikarkkainen\/wp-content\/uploads\/2017\/11\/Nuoruus-hymyilee-2017-768x768.jpg 768w, http:\/\/bonis-avibus.fi\/inkerikarkkainen\/wp-content\/uploads\/2017\/11\/Nuoruus-hymyilee-2017-600x600.jpg 600w\" sizes=\"(max-width: 640px) 100vw, 640px\" \/>\t\t<\/p>\n<p>Teos: <strong>Nuoruus hymyilee<\/strong><\/p>\n<p>\t\t<img loading=\"lazy\" width=\"640\" height=\"480\" src=\"http:\/\/bonis-avibus.fi\/inkerikarkkainen\/wp-content\/uploads\/2017\/11\/Kaksi-Inkeri\u00e4-2017-1024x768.jpg\" alt=\"\" srcset=\"http:\/\/bonis-avibus.fi\/inkerikarkkainen\/wp-content\/uploads\/2017\/11\/Kaksi-Inkeri\u00e4-2017-1024x768.jpg 1024w, http:\/\/bonis-avibus.fi\/inkerikarkkainen\/wp-content\/uploads\/2017\/11\/Kaksi-Inkeri\u00e4-2017-300x225.jpg 300w, http:\/\/bonis-avibus.fi\/inkerikarkkainen\/wp-content\/uploads\/2017\/11\/Kaksi-Inkeri\u00e4-2017-768x576.jpg 768w\" sizes=\"(max-width: 640px) 100vw, 640px\" \/>\t\t<\/p>\n<p>Kuuskymppisetkin hymyilee viel\u00e4!<\/p>\n","protected":false},"excerpt":{"rendered":"<p>Juuria ja Rihmastoja Alhaalla teokseni\u00a0Rihmastoja: Viherrys, Punainen, Sininen 2015-2017\u00a0 Intuitiolla Inkereilt\u00e4 J\u00e4rjestimme Sirpa-Leena Inkeri Toikan kanssa yhteisn\u00e4yttelyn Laukaan kirjastoon hein\u00e4kuussa 2017 Rihmastoja: Viherrys, Punainen ja Sininen Turvaverkko ja&#8230;<\/p>\n","protected":false},"author":1,"featured_media":0,"parent":0,"menu_order":0,"comment_status":"closed","ping_status":"closed","template":"","meta":[],"_links":{"self":[{"href":"https:\/\/bonis-avibus.fi\/inkerikarkkainen\/index.php?rest_route=\/wp\/v2\/pages\/523"}],"collection":[{"href":"https:\/\/bonis-avibus.fi\/inkerikarkkainen\/index.php?rest_route=\/wp\/v2\/pages"}],"about":[{"href":"https:\/\/bonis-avibus.fi\/inkerikarkkainen\/index.php?rest_route=\/wp\/v2\/types\/page"}],"author":[{"embeddable":true,"href":"https:\/\/bonis-avibus.fi\/inkerikarkkainen\/index.php?rest_route=\/wp\/v2\/users\/1"}],"replies":[{"embeddable":true,"href":"https:\/\/bonis-avibus.fi\/inkerikarkkainen\/index.php?rest_route=%2Fwp%2Fv2%2Fcomments&post=523"}],"version-history":[{"count":12,"href":"https:\/\/bonis-avibus.fi\/inkerikarkkainen\/index.php?rest_route=\/wp\/v2\/pages\/523\/revisions"}],"predecessor-version":[{"id":598,"href":"https:\/\/bonis-avibus.fi\/inkerikarkkainen\/index.php?rest_route=\/wp\/v2\/pages\/523\/revisions\/598"}],"wp:attachment":[{"href":"https:\/\/bonis-avibus.fi\/inkerikarkkainen\/index.php?rest_route=%2Fwp%2Fv2%2Fmedia&parent=523"}],"curies":[{"name":"wp","href":"https:\/\/api.w.org\/{rel}","templated":true}]}}