{"id":626,"date":"2022-12-15T14:45:14","date_gmt":"2022-12-15T12:45:14","guid":{"rendered":"http:\/\/bonis-avibus.fi\/inkerikarkkainen\/?page_id=626"},"modified":"2022-12-15T15:11:15","modified_gmt":"2022-12-15T13:11:15","slug":"jouluinen-taidetapahtuma-17-18-12-2022","status":"publish","type":"page","link":"https:\/\/bonis-avibus.fi\/inkerikarkkainen\/?page_id=626","title":{"rendered":"Jouluinen taidetapahtuma 17.-18.12.2022"},"content":{"rendered":"\n<figure class=\"wp-block-image size-large\"><img loading=\"lazy\" width=\"1024\" height=\"768\" src=\"http:\/\/bonis-avibus.fi\/inkerikarkkainen\/wp-content\/uploads\/2022\/12\/Joulumyyntiesite-ver-i-1024x768.jpg\" alt=\"\" class=\"wp-image-629\" srcset=\"https:\/\/bonis-avibus.fi\/inkerikarkkainen\/wp-content\/uploads\/2022\/12\/Joulumyyntiesite-ver-i-1024x768.jpg 1024w, https:\/\/bonis-avibus.fi\/inkerikarkkainen\/wp-content\/uploads\/2022\/12\/Joulumyyntiesite-ver-i-300x225.jpg 300w, https:\/\/bonis-avibus.fi\/inkerikarkkainen\/wp-content\/uploads\/2022\/12\/Joulumyyntiesite-ver-i-768x576.jpg 768w, https:\/\/bonis-avibus.fi\/inkerikarkkainen\/wp-content\/uploads\/2022\/12\/Joulumyyntiesite-ver-i.jpg 1156w\" sizes=\"(max-width: 1024px) 100vw, 1024px\" \/><\/figure>\n\n\n\n<p style=\"font-style:normal;font-weight:500\">L\u00e4mpim\u00e4sti tervetuloa Inkerin ja Ukon Jouluiseen taiteen myyntitapahtumaan tulevana viikonloppuna<br>17.-18.12.2022 klo 12-16.<\/p>\n\n\n\n<p style=\"font-style:normal;font-weight:500\">Inkeri esittelee teoksiaan ja kertoo taiteensa luomisesta. Lahjaksi tai kodin kaunistukseksi l\u00f6ytyy mm. taideteoksia, k\u00e4sinmaalattuja ja painettuja uniikkeja sisustustyynyj\u00e4, p\u00f6yt\u00e4liinoja, lakanasettej\u00e4 ja pieni\u00e4 akvarelleja.&#8221;Joulukukkasina&#8221; l\u00f6ytyy persoonallisia kransseja.<\/p>\n\n\n\n<p style=\"font-style:normal;font-weight:500\">Viikonloppuna kuulet my\u00f6s Ukon el\u00e4v\u00e4\u00e4 runoutta.<\/p>\n\n\n\n<p style=\"font-style:normal;font-weight:500\">Ateljeekodin osoite:<br>Inkeri ja Ukko K\u00e4rkk\u00e4inen<br>Junnolantie 25, 03250 Ojakkala<br>Inkerin puh. 0503683000<br>Ukon puh. 0505990435<\/p>\n\n\n\n<p><\/p>\n\n\n\n<p><strong>Inkerin taiteen aarrearkku<\/strong><\/p>\n\n\n\n<figure class=\"wp-block-image size-full\"><img loading=\"lazy\" width=\"989\" height=\"801\" src=\"http:\/\/bonis-avibus.fi\/inkerikarkkainen\/wp-content\/uploads\/2022\/12\/Poytaliinoja-yms..jpg\" alt=\"\" class=\"wp-image-632\" srcset=\"https:\/\/bonis-avibus.fi\/inkerikarkkainen\/wp-content\/uploads\/2022\/12\/Poytaliinoja-yms..jpg 989w, https:\/\/bonis-avibus.fi\/inkerikarkkainen\/wp-content\/uploads\/2022\/12\/Poytaliinoja-yms.-300x243.jpg 300w, https:\/\/bonis-avibus.fi\/inkerikarkkainen\/wp-content\/uploads\/2022\/12\/Poytaliinoja-yms.-768x622.jpg 768w\" sizes=\"(max-width: 989px) 100vw, 989px\" \/><\/figure>\n\n\n\n<p><strong>Alla kuvassa uniikkeja sisustustyynyj\u00e4. Niiden yll\u00e4 on teos &#8221;Turvaverkko&#8221;.<\/strong><\/p>\n\n\n\n<figure class=\"wp-block-image size-large\"><img loading=\"lazy\" width=\"768\" height=\"1024\" src=\"http:\/\/bonis-avibus.fi\/inkerikarkkainen\/wp-content\/uploads\/2022\/12\/20221213_134401-768x1024.jpg\" alt=\"\" class=\"wp-image-627\" srcset=\"https:\/\/bonis-avibus.fi\/inkerikarkkainen\/wp-content\/uploads\/2022\/12\/20221213_134401-768x1024.jpg 768w, https:\/\/bonis-avibus.fi\/inkerikarkkainen\/wp-content\/uploads\/2022\/12\/20221213_134401-225x300.jpg 225w, https:\/\/bonis-avibus.fi\/inkerikarkkainen\/wp-content\/uploads\/2022\/12\/20221213_134401-1152x1536.jpg 1152w, https:\/\/bonis-avibus.fi\/inkerikarkkainen\/wp-content\/uploads\/2022\/12\/20221213_134401-1536x2048.jpg 1536w, https:\/\/bonis-avibus.fi\/inkerikarkkainen\/wp-content\/uploads\/2022\/12\/20221213_134401-scaled.jpg 1920w\" sizes=\"(max-width: 768px) 100vw, 768px\" \/><\/figure>\n\n\n\n<p><strong>Alla olevan kuvan krassit ovat syntyneet Inkerin k\u00e4siss\u00e4.<\/strong> <\/p>\n\n\n\n<figure class=\"wp-block-image size-large\"><img loading=\"lazy\" width=\"1024\" height=\"384\" src=\"http:\/\/bonis-avibus.fi\/inkerikarkkainen\/wp-content\/uploads\/2022\/12\/Krasseja-1024x384.jpg\" alt=\"\" class=\"wp-image-631\" srcset=\"https:\/\/bonis-avibus.fi\/inkerikarkkainen\/wp-content\/uploads\/2022\/12\/Krasseja-1024x384.jpg 1024w, https:\/\/bonis-avibus.fi\/inkerikarkkainen\/wp-content\/uploads\/2022\/12\/Krasseja-300x112.jpg 300w, https:\/\/bonis-avibus.fi\/inkerikarkkainen\/wp-content\/uploads\/2022\/12\/Krasseja-768x288.jpg 768w, https:\/\/bonis-avibus.fi\/inkerikarkkainen\/wp-content\/uploads\/2022\/12\/Krasseja.jpg 1153w\" sizes=\"(max-width: 1024px) 100vw, 1024px\" \/><\/figure>\n\n\n\n<p><strong>Olet l\u00e4mpim\u00e4sti tervetullut taidemyyntitapahtumaan. Iltap\u00e4iv\u00e4n aikana Ukko avaa omien runojen aarteita<\/strong>.<\/p>\n\n\n\n<figure class=\"wp-block-image size-large\"><img loading=\"lazy\" width=\"1024\" height=\"768\" src=\"http:\/\/bonis-avibus.fi\/inkerikarkkainen\/wp-content\/uploads\/2022\/12\/Kokonaisuuskuva-1024x768.jpg\" alt=\"\" class=\"wp-image-630\" srcset=\"https:\/\/bonis-avibus.fi\/inkerikarkkainen\/wp-content\/uploads\/2022\/12\/Kokonaisuuskuva-1024x768.jpg 1024w, https:\/\/bonis-avibus.fi\/inkerikarkkainen\/wp-content\/uploads\/2022\/12\/Kokonaisuuskuva-300x225.jpg 300w, https:\/\/bonis-avibus.fi\/inkerikarkkainen\/wp-content\/uploads\/2022\/12\/Kokonaisuuskuva-768x576.jpg 768w, https:\/\/bonis-avibus.fi\/inkerikarkkainen\/wp-content\/uploads\/2022\/12\/Kokonaisuuskuva.jpg 1156w\" sizes=\"(max-width: 1024px) 100vw, 1024px\" \/><\/figure>\n","protected":false},"excerpt":{"rendered":"<p>L\u00e4mpim\u00e4sti tervetuloa Inkerin ja Ukon Jouluiseen taiteen myyntitapahtumaan tulevana viikonloppuna17.-18.12.2022 klo 12-16. Inkeri esittelee teoksiaan ja kertoo taiteensa luomisesta. Lahjaksi tai kodin kaunistukseksi l\u00f6ytyy mm. taideteoksia, k\u00e4sinmaalattuja ja&#8230;<\/p>\n","protected":false},"author":1,"featured_media":0,"parent":0,"menu_order":0,"comment_status":"closed","ping_status":"closed","template":"","meta":[],"_links":{"self":[{"href":"https:\/\/bonis-avibus.fi\/inkerikarkkainen\/index.php?rest_route=\/wp\/v2\/pages\/626"}],"collection":[{"href":"https:\/\/bonis-avibus.fi\/inkerikarkkainen\/index.php?rest_route=\/wp\/v2\/pages"}],"about":[{"href":"https:\/\/bonis-avibus.fi\/inkerikarkkainen\/index.php?rest_route=\/wp\/v2\/types\/page"}],"author":[{"embeddable":true,"href":"https:\/\/bonis-avibus.fi\/inkerikarkkainen\/index.php?rest_route=\/wp\/v2\/users\/1"}],"replies":[{"embeddable":true,"href":"https:\/\/bonis-avibus.fi\/inkerikarkkainen\/index.php?rest_route=%2Fwp%2Fv2%2Fcomments&post=626"}],"version-history":[{"count":11,"href":"https:\/\/bonis-avibus.fi\/inkerikarkkainen\/index.php?rest_route=\/wp\/v2\/pages\/626\/revisions"}],"predecessor-version":[{"id":644,"href":"https:\/\/bonis-avibus.fi\/inkerikarkkainen\/index.php?rest_route=\/wp\/v2\/pages\/626\/revisions\/644"}],"wp:attachment":[{"href":"https:\/\/bonis-avibus.fi\/inkerikarkkainen\/index.php?rest_route=%2Fwp%2Fv2%2Fmedia&parent=626"}],"curies":[{"name":"wp","href":"https:\/\/api.w.org\/{rel}","templated":true}]}}