{"id":90,"date":"2017-08-23T19:21:41","date_gmt":"2017-08-23T16:21:41","guid":{"rendered":"http:\/\/bonis-avibus.fi\/inkerikarkkainen\/?page_id=90"},"modified":"2017-09-23T17:18:38","modified_gmt":"2017-09-23T14:18:38","slug":"koulutukset","status":"publish","type":"page","link":"https:\/\/bonis-avibus.fi\/inkerikarkkainen\/?page_id=90","title":{"rendered":"Koulutukset"},"content":{"rendered":"<p><img loading=\"lazy\" src=\"http:\/\/bonis-avibus.fi\/inkerikarkkainen\/wp-content\/uploads\/2017\/09\/Kemijokivarressa-kasviv\u00e4rj\u00e4yst\u00e4-1983-1024x768.jpg\" sizes=\"(max-width: 640px) 100vw, 640px\" srcset=\"http:\/\/bonis-avibus.fi\/inkerikarkkainen\/wp-content\/uploads\/2017\/09\/Kemijokivarressa-kasviv\u00e4rj\u00e4yst\u00e4-1983.jpg 1024w, http:\/\/bonis-avibus.fi\/inkerikarkkainen\/wp-content\/uploads\/2017\/09\/Kemijokivarressa-kasviv\u00e4rj\u00e4yst\u00e4-1983-300x225.jpg 300w, http:\/\/bonis-avibus.fi\/inkerikarkkainen\/wp-content\/uploads\/2017\/09\/Kemijokivarressa-kasviv\u00e4rj\u00e4yst\u00e4-1983-768x576.jpg 768w\" alt=\"\" width=\"640\" height=\"480\" \/><\/p>\n<h3>Kasviv\u00e4rj\u00e4ykset<\/h3>\n<h3>Intuitiiviset Siepparit!<\/h3>\n<h3>Tekstiilimaalaus<\/h3>\n<p>&#8217;<\/p>\n<h3>Nauhapirtaty\u00f6skentely<\/h3>\n<p><img loading=\"lazy\" src=\"http:\/\/bonis-avibus.fi\/inkerikarkkainen\/wp-content\/uploads\/2017\/09\/inni-038-1024x768.jpg\" sizes=\"(max-width: 640px) 100vw, 640px\" srcset=\"http:\/\/bonis-avibus.fi\/inkerikarkkainen\/wp-content\/uploads\/2017\/09\/inni-038.jpg 1024w, http:\/\/bonis-avibus.fi\/inkerikarkkainen\/wp-content\/uploads\/2017\/09\/inni-038-300x225.jpg 300w, http:\/\/bonis-avibus.fi\/inkerikarkkainen\/wp-content\/uploads\/2017\/09\/inni-038-768x576.jpg 768w\" alt=\"\" width=\"640\" height=\"480\" \/><\/p>\n","protected":false},"excerpt":{"rendered":"<p>Kasviv\u00e4rj\u00e4ykset Intuitiiviset Siepparit! Tekstiilimaalaus &#8217; Nauhapirtaty\u00f6skentely<\/p>\n","protected":false},"author":1,"featured_media":0,"parent":0,"menu_order":0,"comment_status":"closed","ping_status":"closed","template":"","meta":[],"_links":{"self":[{"href":"https:\/\/bonis-avibus.fi\/inkerikarkkainen\/index.php?rest_route=\/wp\/v2\/pages\/90"}],"collection":[{"href":"https:\/\/bonis-avibus.fi\/inkerikarkkainen\/index.php?rest_route=\/wp\/v2\/pages"}],"about":[{"href":"https:\/\/bonis-avibus.fi\/inkerikarkkainen\/index.php?rest_route=\/wp\/v2\/types\/page"}],"author":[{"embeddable":true,"href":"https:\/\/bonis-avibus.fi\/inkerikarkkainen\/index.php?rest_route=\/wp\/v2\/users\/1"}],"replies":[{"embeddable":true,"href":"https:\/\/bonis-avibus.fi\/inkerikarkkainen\/index.php?rest_route=%2Fwp%2Fv2%2Fcomments&post=90"}],"version-history":[{"count":6,"href":"https:\/\/bonis-avibus.fi\/inkerikarkkainen\/index.php?rest_route=\/wp\/v2\/pages\/90\/revisions"}],"predecessor-version":[{"id":401,"href":"https:\/\/bonis-avibus.fi\/inkerikarkkainen\/index.php?rest_route=\/wp\/v2\/pages\/90\/revisions\/401"}],"wp:attachment":[{"href":"https:\/\/bonis-avibus.fi\/inkerikarkkainen\/index.php?rest_route=%2Fwp%2Fv2%2Fmedia&parent=90"}],"curies":[{"name":"wp","href":"https:\/\/api.w.org\/{rel}","templated":true}]}}